{"id":2430,"date":"2025-02-05T17:30:00","date_gmt":"2025-02-05T22:30:00","guid":{"rendered":"https:\/\/www.acluaz.org\/derechos-de-los-inmigrantes\/"},"modified":"2025-08-15T16:53:10","modified_gmt":"2025-08-15T20:53:10","slug":"derechos-de-los-inmigrantes","status":"publish","type":"page","link":"https:\/\/www.acluaz.org\/es\/derechos-de-los-inmigrantes\/","title":{"rendered":"Recursos sobre los Derechos de los Inmigrantes"},"content":{"rendered":"<p class=\"alt\">Acceda a la informaci\u00f3n sobre \u201cConozca sus Derechos\u201d y los recursos que le ayudar\u00e1n a estar preparado y a compartirlos con su comunidad.&nbsp;<\/p>\n<p>Las personas inmigrantes forman parte integral de nuestras familias, comunidades, lugares de trabajo y centros de culto. Al igual que muchos de nosotros, han llegado siguiendo la larga tradici\u00f3n de Arizona en la b\u00fasqueda de una vida mejor, aprovechando la libertad y las oportunidades que se ofrecen en el estado. Sin importar su apariencia, c\u00f3mo hablan o cu\u00e1l sea su estatus migratorio, todos merecen sentirse seguros en sus propias comunidades.&nbsp;<\/p>\n<p>El gobierno de Trump, as\u00ed como varios funcionarios electos de Arizona, est\u00e1n socavando nuestros valores compartidos y amenazando con vulnerar nuestros derechos civiles y constitucionales. La ACLU de Arizona siempre defender\u00e1 los derechos y la dignidad de los inmigrantes y sus familias, y necesitamos contar con usted. A continuaci\u00f3n, encontrar\u00e1 informaci\u00f3n y recursos dirigidos a los inmigrantes, sus familias y miembros comprometidos de la comunidad que deseen involucrarse.&nbsp;<\/p>\n<p><a class=\"cta-style-arrow-button\" href=\"https:\/\/www.acluaz.org\/es\/derechos-de-los-inmigrantes\/\" target=\"_blank\">Conozca sus derechos ante la Polic\u00eda, ICE y la Patrulla Fronteriza<\/a><\/p>\n<p><a class=\"cta-style-arrow-button\" href=\"https:\/\/www.acluaz.org\/es\/know-your-rights\/conozca-sus-derechos-antes-durante-y-despues-de-una-redada-en-el-lugar-de-trabajo\" target=\"_blank\">Conozca sus derechos durante una redada en el lugar de trabajo<\/a><\/p>\n<p><a class=\"cta-style-arrow-button\" href=\"https:\/\/www.acluaz.org\/es\/know-your-rights\/conozca-sus-derechos-en-la-corte-de-imnigracion\" target=\"_blank\">Conozca Sus Derechos En La Corte De Inmigraci\u00f3n<\/a><\/p>\n","protected":false},"excerpt":{"rendered":"<p>Acceda a la informaci\u00f3n sobre \u201cConozca sus Derechos\u201d y los recursos que le ayudar\u00e1n a estar preparado y a compartirlos con su comunidad.&nbsp; Las personas inmigrantes forman parte integral de nuestras familias, comunidades, lugares de trabajo y centros de culto. Al igual que muchos de nosotros, han llegado siguiendo la larga tradici\u00f3n de Arizona en [&hellip;]<\/p>\n","protected":false},"author":7,"featured_media":2423,"parent":0,"menu_order":0,"comment_status":"closed","ping_status":"closed","template":"","meta":{"_acf_changed":false,"_relevanssi_hide_post":"","_relevanssi_hide_content":"","_relevanssi_pin_for_all":"","_relevanssi_pin_keywords":"","_relevanssi_unpin_keywords":"","_relevanssi_related_keywords":"","_relevanssi_related_include_ids":"","_relevanssi_related_exclude_ids":"","_relevanssi_related_no_append":"","_relevanssi_related_not_related":"","_relevanssi_related_posts":"","_relevanssi_noindex_reason":"","footnotes":""},"class_list":["post-2430","page","type-page","status-publish","has-post-thumbnail","hentry"],"acf":{"layout":"default","header-group":{"header-description":"","show-subnav":false,"hide-from-subnav":false},"components":[{"acf_fc_layout":"single-image","single-image":{"":null,"image-group":{"image":2423,"":null,"caption":"","credit":"","link-settings":"none","url":""},"width":"wide","alignment":"right"}},{"acf_fc_layout":"text","text":{"text":"Acceda a la informaci\u00f3n sobre \u201cConozca sus Derechos\u201d y los recursos que le ayudar\u00e1n a estar preparado y a compartirlos con su comunidad.\r\n\r\nLas personas inmigrantes forman parte integral de nuestras familias, comunidades, lugares de trabajo y centros de culto. Al igual que muchos de nosotros, han llegado siguiendo la larga tradici\u00f3n de Arizona en la b\u00fasqueda de una vida mejor, aprovechando la libertad y las oportunidades que se ofrecen en el estado. Sin importar su apariencia, c\u00f3mo hablan o cu\u00e1l sea su estatus migratorio, todos merecen sentirse seguros en sus propias comunidades.\r\n\r\nEl gobierno de Trump, as\u00ed como varios funcionarios electos de Arizona, est\u00e1n socavando nuestros valores compartidos y amenazando con vulnerar nuestros derechos civiles y constitucionales. La ACLU de Arizona siempre defender\u00e1 los derechos y la dignidad de los inmigrantes y sus familias, y necesitamos contar con usted. A continuaci\u00f3n, encontrar\u00e1 informaci\u00f3n y recursos dirigidos a los inmigrantes, sus familias y miembros comprometidos de la comunidad que deseen involucrarse.\r\n\r\n<a class=\"cta-style-arrow-button\" href=\"https:\/\/www.acluaz.org\/es\/know-your-rights\/derechos-de-los-inmigrantes\" target=\"_blank\" rel=\"noopener\">Conozca sus derechos ante la Polic\u00eda, ICE y la Patrulla Fronteriza<\/a>\r\n\r\n<a class=\"cta-style-arrow-button\" href=\"https:\/\/www.acluaz.org\/es\/know-your-rights\/conozca-sus-derechos-antes-durante-y-despues-de-una-redada-en-el-lugar-de-trabajo\" target=\"_blank\" rel=\"noopener\">Conozca sus derechos durante una redada en el lugar de trabajo<\/a>\r\n\r\n<a class=\"cta-style-arrow-button\" href=\"https:\/\/www.acluaz.org\/es\/know-your-rights\/conozca-sus-derechos-en-la-corte-de-imnigracion\" target=\"_blank\" rel=\"noopener\">Conozca Sus Derechos En La Corte De Inmigraci\u00f3n<\/a>"}},{"acf_fc_layout":"text","text":{"text":"Acceda a la informaci\u00f3n sobre \u201cConozca sus Derechos\u201d y los recursos que le ayudar\u00e1n a estar preparado y a compartirlos con su comunidad.\r\n\r\nLas personas inmigrantes forman parte integral de nuestras familias, comunidades, lugares de trabajo y centros de culto. Al igual que muchos de nosotros, han llegado siguiendo la larga tradici\u00f3n de Arizona en la b\u00fasqueda de una vida mejor, aprovechando la libertad y las oportunidades que se ofrecen en el estado. Sin importar su apariencia, c\u00f3mo hablan o cu\u00e1l sea su estatus migratorio, todos merecen sentirse seguros en sus propias comunidades.\r\n\r\nEl gobierno de Trump, as\u00ed como varios funcionarios electos de Arizona, est\u00e1n socavando nuestros valores compartidos y amenazando con vulnerar nuestros derechos civiles y constitucionales. La ACLU de Arizona siempre defender\u00e1 los derechos y la dignidad de los inmigrantes y sus familias, y necesitamos contar con usted. A continuaci\u00f3n, encontrar\u00e1 informaci\u00f3n y recursos dirigidos a los inmigrantes, sus familias y miembros comprometidos de la comunidad que deseen involucrarse.\r\n\r\n<a class=\"cta-style-arrow-button\" href=\"https:\/\/www.acluaz.org\/es\/know-your-rights\/derechos-de-los-inmigrantes\" target=\"_blank\" rel=\"noopener\">Conozca sus derechos ante la Polic\u00eda, ICE y la Patrulla Fronteriza<\/a>\r\n\r\n<a class=\"cta-style-arrow-button\" href=\"https:\/\/www.acluaz.org\/es\/know-your-rights\/conozca-sus-derechos-antes-durante-y-despues-de-una-redada-en-el-lugar-de-trabajo\" target=\"_blank\" rel=\"noopener\">Conozca sus derechos durante una redada en el lugar de trabajo<\/a>\r\n\r\n<a class=\"cta-style-arrow-button\" href=\"https:\/\/www.acluaz.org\/es\/know-your-rights\/conozca-sus-derechos-en-la-corte-de-imnigracion\" target=\"_blank\" rel=\"noopener\">Conozca Sus Derechos En La Corte De Inmigraci\u00f3n<\/a>"}},{"acf_fc_layout":"heading","heading":{"":null,"text":"RECURSOS ","anchor":"","sub-heading":"","type":"h2","heading-style":"standard"}},{"acf_fc_layout":"shared-expandable-card","shared-expandable-card":{"":null,"title":"Conozca sus Derechos y mucho m\u00e1s","description":"A continuaci\u00f3n, encuentre todos los recursos sobre \u201cConozca sus Derechos\u201d de la ACLU de Arizona y respuestas a las preguntas frecuentes sobre la aplicaci\u00f3n de la ley de inmigraci\u00f3n.","content":"<ul>\r\n \t<li><a href=\"https:\/\/www.acluaz.org\/es\/know-your-rights\/derechos-de-los-inmigrantes\" target=\"_blank\" rel=\"noopener\">Conozca sus derechos ante la Polic\u00eda, ICE y la Patrulla Fronteriza<\/a><\/li>\r\n \t<li><a href=\"https:\/\/www.acluaz.org\/es\/know-your-rights\/conozca-sus-derechos-antes-durante-y-despues-de-una-redada-en-el-lugar-de-trabajo\" target=\"_blank\" rel=\"noopener\">Conozca sus derechos durante una redada en el lugar de trabajo<\/a><\/li>\r\n \t<li><a href=\"https:\/\/www.acluaz.org\/es\/know-your-rights\/conozca-sus-derechos-en-la-corte-de-imnigracion\" target=\"_blank\" rel=\"noopener\">Conozca sus Derechos en la corte de inmigraci\u00f3n<\/a><\/li>\r\n \t<li><a href=\"https:\/\/www.acluaz.org\/es\/know-your-rights\/derechos-de-los-inmigrantes\" target=\"_blank\" rel=\"noopener\">Conozca sus derechos bajo la Propuesta 314<\/a><\/li>\r\n \t<li><a href=\"https:\/\/www.acluaz.org\/es\/frequently-asked-questions-citizenship-under-14th-amendment\/\" target=\"_blank\" rel=\"noopener\">Ciudadan\u00eda por nacimiento: Preguntas frecuentes sobre la Enmienda 14<\/a><\/li>\r\n<\/ul>","link":"","link_button_text":"","image":2425,"width":"full"}},{"acf_fc_layout":"shared-expandable-card","shared-expandable-card":{"":null,"title":"Materiales impresos ","description":"Encuentre las versiones imprimibles de nuestros recursos \u201cConozca sus Derechos\u201d y las Tarjetas Rojas.","content":"<ul>\r\n \t<li><a href=\"https:\/\/www.acluaz.org\/news\/how-make-know-your-rights-zine\/\" target=\"_blank\" rel=\"noopener\">Zine DIY: Conozca sus Derechos ante la Polic\u00eda, CBP y la Patrulla Fronteriza<\/a><\/li>\r\n \t<li><a href=\"https:\/\/www.acluaz.org\/app\/uploads\/drupal\/sites\/default\/files\/aclu-az_immigration_court_kyr_2025-06-08.pdf\" target=\"_blank\" rel=\"noopener\">Folleto imprimible: Conozca sus Derechos en la corte de inmigraci\u00f3n (en ingl\u00e9s y espa\u00f1ol)<\/a><\/li>\r\n \t<li><a href=\"https:\/\/www.acluaz.org\/app\/uploads\/drupal\/sites\/default\/files\/01-2025_aclu-az_immigrants-kyr.pdf\" target=\"_blank\" rel=\"noopener\">Folleto imprimible (en ingl\u00e9s): Conozca sus Derechos ante la Polic\u00eda, CBP y la Patrulla Fronteriza<\/a><\/li>\r\n \t<li><a href=\"https:\/\/www.acluaz.org\/app\/uploads\/drupal\/sites\/default\/files\/01-2025_aclu-az_esp-derechos-imnigrantes.pdf\" target=\"_blank\" rel=\"noopener\">Folleto imprimible (en espa\u00f1ol): Conozca sus Derechos ante la Polic\u00eda, CBP y la Patrulla Fronteriza <\/a><\/li>\r\n \t<li><a href=\"https:\/\/www.ilrc.org\/red-cards-tarjetas-rojas#espa%C3%B1ol\" target=\"_blank\" rel=\"noopener\">Tarjetas Rojas (del Centro de Recursos Legales para Inmigrantes) <\/a><\/li>\r\n<\/ul>","link":"","link_button_text":"","image":2427,"width":"full"}},{"acf_fc_layout":"shared-expandable-card","shared-expandable-card":{"":null,"title":"Recursos de agencias asociadas","description":"A continuaci\u00f3n, le presentamos m\u00e1s recursos ofrecidos por agencias asociadas confiables y organizaciones defensoras de los derechos de los inmigrantes.","content":"<ul>\r\n \t<li><a href=\"https:\/\/www.immigrationadvocates.org\/legaldirectory\/search?state=AZ\" target=\"_blank\" rel=\"noopener\">Directorio de Servicios Legales de Arizona<\/a><\/li>\r\n \t<li><a href=\"https:\/\/firrp.org\/es\/resources\/prose\/parentalrights\/\" target=\"_blank\" rel=\"noopener\">\u00bfQu\u00e9 pasa si ICE me detiene en Arizona?: Elaborando un Plan Familiar<\/a> | Proyecto Florence para los Derechos de los Inmigrantes y Refugiados (FIRRP por sus siglas en ingl\u00e9s)<\/li>\r\n \t<li><a href=\"https:\/\/www.nilc.org\/resources\/warrants-and-subpoenas-facts\/\" target=\"_blank\" rel=\"noopener\">Gu\u00eda sobre \u00f3rdenes de arresto y citatorios judiciales<\/a> | Centro Nacional de Derecho Migratorio (NILC por sus siglas en ingl\u00e9s)<\/li>\r\n \t<li><a href=\"https:\/\/www.aila.org\/library\/know-your-rights-handouts-if-ice-visits-public\" target=\"_blank\" rel=\"noopener\">Folletos \u201cConozca sus Derechos\u201d (en otros idiomas)<\/a> | Asociaci\u00f3n Americana de Abogados de Inmigraci\u00f3n<\/li>\r\n \t<li><a href=\"https:\/\/connect.law.columbia.edu\/get_file?pid=d76d5d1224be9a31496e4017c34834798ba33e8c8596d6eaa17c4ba919f2c315\" target=\"_blank\" rel=\"noopener\">Presentaci\u00f3n: Conozca sus Derechos<\/a> | Escuela de Derecho de Columbia<\/li>\r\n<\/ul>","link":"","link_button_text":"","image":2429,"width":"full"}}],"section":null,"issues":[3508,3520],"related_content":[3641,9698,10328],"documents":null},"yoast_head":"<!-- This site is optimized with the Yoast SEO plugin v24.9 - https:\/\/yoast.com\/wordpress\/plugins\/seo\/ -->\n<title>Recursos sobre los Derechos de los Inmigrantes - ACLU of Arizona<\/title>\n<meta name=\"robots\" content=\"index, follow, max-snippet:-1, max-image-preview:large, max-video-preview:-1\" \/>\n<link rel=\"canonical\" href=\"http:\/\/www.acluaz.org\/es\/derechos-de-los-inmigrantes\/\" \/>\n<meta property=\"og:locale\" content=\"es_ES\" \/>\n<meta property=\"og:type\" content=\"article\" \/>\n<meta property=\"og:title\" content=\"Recursos sobre los Derechos de los Inmigrantes - ACLU of Arizona\" \/>\n<meta property=\"og:description\" content=\"Acceda a la informaci\u00f3n sobre \u201cConozca sus Derechos\u201d y los recursos que le ayudar\u00e1n a estar preparado y a compartirlos con su comunidad.&nbsp; Las personas inmigrantes forman parte integral de nuestras familias, comunidades, lugares de trabajo y centros de culto. Al igual que muchos de nosotros, han llegado siguiendo la larga tradici\u00f3n de Arizona en [&hellip;]\" \/>\n<meta property=\"og:url\" content=\"https:\/\/www.acluaz.org\/es\/derechos-de-los-inmigrantes\/\" \/>\n<meta property=\"og:site_name\" content=\"ACLU of Arizona\" \/>\n<meta property=\"article:modified_time\" content=\"2025-08-15T20:53:10+00:00\" \/>\n<meta property=\"og:image\" content=\"http:\/\/www.acluaz.org\/app\/uploads\/2025\/02\/ir_header_graphic.png\" \/>\n\t<meta property=\"og:image:width\" content=\"2400\" \/>\n\t<meta property=\"og:image:height\" content=\"1060\" \/>\n\t<meta property=\"og:image:type\" content=\"image\/png\" \/>\n<meta name=\"twitter:card\" content=\"summary_large_image\" \/>\n<script type=\"application\/ld+json\" class=\"yoast-schema-graph\">{\"@context\":\"https:\/\/schema.org\",\"@graph\":[{\"@type\":\"WebPage\",\"@id\":\"http:\/\/www.acluaz.org\/es\/derechos-de-los-inmigrantes\/\",\"url\":\"http:\/\/www.acluaz.org\/es\/derechos-de-los-inmigrantes\/\",\"name\":\"Recursos sobre los Derechos de los Inmigrantes - ACLU of Arizona\",\"isPartOf\":{\"@id\":\"https:\/\/www.acluaz.org\/#website\"},\"primaryImageOfPage\":{\"@id\":\"http:\/\/www.acluaz.org\/es\/derechos-de-los-inmigrantes\/#primaryimage\"},\"image\":{\"@id\":\"http:\/\/www.acluaz.org\/es\/derechos-de-los-inmigrantes\/#primaryimage\"},\"thumbnailUrl\":\"https:\/\/www.acluaz.org\/app\/uploads\/2025\/02\/ir_header_graphic.png\",\"datePublished\":\"2025-02-05T22:30:00+00:00\",\"dateModified\":\"2025-08-15T20:53:10+00:00\",\"inLanguage\":\"es-ES\",\"potentialAction\":[{\"@type\":\"ReadAction\",\"target\":[\"http:\/\/www.acluaz.org\/es\/derechos-de-los-inmigrantes\/\"]}]},{\"@type\":\"ImageObject\",\"inLanguage\":\"es-ES\",\"@id\":\"http:\/\/www.acluaz.org\/es\/derechos-de-los-inmigrantes\/#primaryimage\",\"url\":\"https:\/\/www.acluaz.org\/app\/uploads\/2025\/02\/ir_header_graphic.png\",\"contentUrl\":\"https:\/\/www.acluaz.org\/app\/uploads\/2025\/02\/ir_header_graphic.png\",\"width\":2400,\"height\":1060,\"caption\":\"Photo of family and CBP badge\"},{\"@type\":\"WebSite\",\"@id\":\"https:\/\/www.acluaz.org\/#website\",\"url\":\"https:\/\/www.acluaz.org\/\",\"name\":\"ACLU of Arizona\",\"description\":\"\",\"publisher\":{\"@id\":\"https:\/\/www.acluaz.org\/#organization\"},\"potentialAction\":[{\"@type\":\"SearchAction\",\"target\":{\"@type\":\"EntryPoint\",\"urlTemplate\":\"https:\/\/www.acluaz.org\/?s={search_term_string}\"},\"query-input\":{\"@type\":\"PropertyValueSpecification\",\"valueRequired\":true,\"valueName\":\"search_term_string\"}}],\"inLanguage\":\"es-ES\"},{\"@type\":\"Organization\",\"@id\":\"https:\/\/www.acluaz.org\/#organization\",\"name\":\"ACLU of Arizona\",\"url\":\"https:\/\/www.acluaz.org\/\",\"logo\":{\"@type\":\"ImageObject\",\"inLanguage\":\"es-ES\",\"@id\":\"https:\/\/www.acluaz.org\/#\/schema\/logo\/image\/\",\"url\":\"https:\/\/www.acluaz.org\/app\/uploads\/2025\/09\/ACLU_Arizona_Moblie-Web_Color_RGB.png\",\"contentUrl\":\"https:\/\/www.acluaz.org\/app\/uploads\/2025\/09\/ACLU_Arizona_Moblie-Web_Color_RGB.png\",\"width\":2084,\"height\":2084,\"caption\":\"ACLU of Arizona\"},\"image\":{\"@id\":\"https:\/\/www.acluaz.org\/#\/schema\/logo\/image\/\"}}]}<\/script>\n<!-- \/ Yoast SEO plugin. -->","yoast_head_json":{"title":"Recursos sobre los Derechos de los Inmigrantes - ACLU of Arizona","robots":{"index":"index","follow":"follow","max-snippet":"max-snippet:-1","max-image-preview":"max-image-preview:large","max-video-preview":"max-video-preview:-1"},"canonical":"http:\/\/www.acluaz.org\/es\/derechos-de-los-inmigrantes\/","og_locale":"es_ES","og_type":"article","og_title":"Recursos sobre los Derechos de los Inmigrantes - ACLU of Arizona","og_description":"Acceda a la informaci\u00f3n sobre \u201cConozca sus Derechos\u201d y los recursos que le ayudar\u00e1n a estar preparado y a compartirlos con su comunidad.&nbsp; Las personas inmigrantes forman parte integral de nuestras familias, comunidades, lugares de trabajo y centros de culto. Al igual que muchos de nosotros, han llegado siguiendo la larga tradici\u00f3n de Arizona en [&hellip;]","og_url":"https:\/\/www.acluaz.org\/es\/derechos-de-los-inmigrantes\/","og_site_name":"ACLU of Arizona","article_modified_time":"2025-08-15T20:53:10+00:00","og_image":[{"width":2400,"height":1060,"url":"http:\/\/www.acluaz.org\/app\/uploads\/2025\/02\/ir_header_graphic.png","type":"image\/png"}],"twitter_card":"summary_large_image","schema":{"@context":"https:\/\/schema.org","@graph":[{"@type":"WebPage","@id":"http:\/\/www.acluaz.org\/es\/derechos-de-los-inmigrantes\/","url":"http:\/\/www.acluaz.org\/es\/derechos-de-los-inmigrantes\/","name":"Recursos sobre los Derechos de los Inmigrantes - ACLU of Arizona","isPartOf":{"@id":"https:\/\/www.acluaz.org\/#website"},"primaryImageOfPage":{"@id":"http:\/\/www.acluaz.org\/es\/derechos-de-los-inmigrantes\/#primaryimage"},"image":{"@id":"http:\/\/www.acluaz.org\/es\/derechos-de-los-inmigrantes\/#primaryimage"},"thumbnailUrl":"https:\/\/www.acluaz.org\/app\/uploads\/2025\/02\/ir_header_graphic.png","datePublished":"2025-02-05T22:30:00+00:00","dateModified":"2025-08-15T20:53:10+00:00","inLanguage":"es-ES","potentialAction":[{"@type":"ReadAction","target":["http:\/\/www.acluaz.org\/es\/derechos-de-los-inmigrantes\/"]}]},{"@type":"ImageObject","inLanguage":"es-ES","@id":"http:\/\/www.acluaz.org\/es\/derechos-de-los-inmigrantes\/#primaryimage","url":"https:\/\/www.acluaz.org\/app\/uploads\/2025\/02\/ir_header_graphic.png","contentUrl":"https:\/\/www.acluaz.org\/app\/uploads\/2025\/02\/ir_header_graphic.png","width":2400,"height":1060,"caption":"Photo of family and CBP badge"},{"@type":"WebSite","@id":"https:\/\/www.acluaz.org\/#website","url":"https:\/\/www.acluaz.org\/","name":"ACLU of Arizona","description":"","publisher":{"@id":"https:\/\/www.acluaz.org\/#organization"},"potentialAction":[{"@type":"SearchAction","target":{"@type":"EntryPoint","urlTemplate":"https:\/\/www.acluaz.org\/?s={search_term_string}"},"query-input":{"@type":"PropertyValueSpecification","valueRequired":true,"valueName":"search_term_string"}}],"inLanguage":"es-ES"},{"@type":"Organization","@id":"https:\/\/www.acluaz.org\/#organization","name":"ACLU of Arizona","url":"https:\/\/www.acluaz.org\/","logo":{"@type":"ImageObject","inLanguage":"es-ES","@id":"https:\/\/www.acluaz.org\/#\/schema\/logo\/image\/","url":"https:\/\/www.acluaz.org\/app\/uploads\/2025\/09\/ACLU_Arizona_Moblie-Web_Color_RGB.png","contentUrl":"https:\/\/www.acluaz.org\/app\/uploads\/2025\/09\/ACLU_Arizona_Moblie-Web_Color_RGB.png","width":2084,"height":2084,"caption":"ACLU of Arizona"},"image":{"@id":"https:\/\/www.acluaz.org\/#\/schema\/logo\/image\/"}}]}},"distributor_meta":false,"distributor_terms":false,"distributor_media":false,"distributor_original_site_name":"ACLU of Arizona","distributor_original_site_url":"https:\/\/www.acluaz.org\/es\/","push-errors":false,"_links":{"self":[{"href":"https:\/\/www.acluaz.org\/es\/wp-json\/wp\/v2\/pages\/2430","targetHints":{"allow":["GET"]}}],"collection":[{"href":"https:\/\/www.acluaz.org\/es\/wp-json\/wp\/v2\/pages"}],"about":[{"href":"https:\/\/www.acluaz.org\/es\/wp-json\/wp\/v2\/types\/page"}],"author":[{"embeddable":true,"href":"https:\/\/www.acluaz.org\/es\/wp-json\/wp\/v2\/users\/7"}],"replies":[{"embeddable":true,"href":"https:\/\/www.acluaz.org\/es\/wp-json\/wp\/v2\/comments?post=2430"}],"version-history":[{"count":1,"href":"https:\/\/www.acluaz.org\/es\/wp-json\/wp\/v2\/pages\/2430\/revisions"}],"predecessor-version":[{"id":5161,"href":"https:\/\/www.acluaz.org\/es\/wp-json\/wp\/v2\/pages\/2430\/revisions\/5161"}],"acf:post":[{"embeddable":true,"href":"https:\/\/www.acluaz.org\/es\/wp-json\/wp\/v2\/posts\/10328"},{"embeddable":true,"href":"https:\/\/www.acluaz.org\/es\/wp-json\/wp\/v2\/posts\/9698"},{"embeddable":true,"href":"https:\/\/www.acluaz.org\/es\/wp-json\/wp\/v2\/kyr\/3641"},{"embeddable":true,"href":"https:\/\/www.acluaz.org\/es\/wp-json\/wp\/v2\/issue\/3520"},{"embeddable":true,"href":"https:\/\/www.acluaz.org\/es\/wp-json\/wp\/v2\/issue\/3508"}],"wp:featuredmedia":[{"embeddable":true,"href":"https:\/\/www.acluaz.org\/es\/wp-json\/wp\/v2\/media\/2423"}],"wp:attachment":[{"href":"https:\/\/www.acluaz.org\/es\/wp-json\/wp\/v2\/media?parent=2430"}],"curies":[{"name":"wp","href":"https:\/\/api.w.org\/{rel}","templated":true}]}}