{"id":2290,"date":"2020-03-24T19:15:00","date_gmt":"2020-03-24T23:15:00","guid":{"rendered":"https:\/\/www.acluaz.org\/advocacy-home\/"},"modified":"2020-03-24T19:15:00","modified_gmt":"2020-03-24T23:15:00","slug":"advocacy-home","status":"publish","type":"page","link":"https:\/\/www.acluaz.org\/es\/advocacy-home\/","title":{"rendered":"Advocacy at Home"},"content":{"rendered":"<p style=\"margin:0in 0in 8pt\"><span style=\"font-size:11pt\"><span style=\"line-height:107%\"><span style=\"font-family:Calibri,sans-serif\">En este momento, estamos viviendo en tiempos bastante inciertos. Las noticias diarias llegan a comunidades y los lugares de trabajo (con algunos de nosotros ahora trabajando desde casa) trayendo preocupaci\u00f3n y muchas preguntas sin respuesta. Entonces, \u00bfahora qu\u00e9?<\/span><\/span><\/span><\/p>\n<p style=\"margin:0in 0in 8pt\"><span style=\"font-size:11pt\"><span style=\"line-height:107%\"><span style=\"font-family:Calibri,sans-serif\">Una cosa de la que todos debemos estar seguros es la realidad de que nuestras comunidades necesitan sanar y reconstruir fuera de COVID-19. Debemos continuar fortaleciendo a nuestros compa\u00f1eros y cambiando la composici\u00f3n pol\u00edtica de hoy. El trabajo hacia la igualdad y la equidad no puede cesar simplemente porque nuestras vidas, en su mayor parte, se lleva cabo en nuestros hogares. <\/span><\/span><\/span><\/p>\n<p style=\"margin:0in 0in 8pt\"><span style=\"font-size:11pt\"><span style=\"line-height:107%\"><span style=\"font-family:Calibri,sans-serif\">Cada uno de nosotros que sea capaz debe permanecer alerta para cualquier problema que m\u00e1s nos importe y adaptarnos para tomar acci\u00f3n desde casa.<\/span><\/span><\/span><\/p>\n<h3 style=\"margin: 0in 0in 8pt;\"><span style=\"font-size:11pt\"><span style=\"line-height:107%\"><span style=\"font-family:Calibri,sans-serif\">Aqu\u00ed hay algunas maneras que podemos abogar desde casa:<br \/>Actualice su registro de votante<\/span><\/span><\/span><\/h3>\n<p style=\"margin:0in 0in 8pt\"><span style=\"font-size:11pt\"><span style=\"line-height:107%\"><span style=\"font-family:Calibri,sans-serif\">Si tiene una licencia de conducir de Arizona emitida por la Divisi\u00f3n de Veh\u00edculos Motorizados (MVD) puede actualizar su registro de votante en l\u00ednea.<\/span><\/span><\/span><\/p>\n<ul>\n<li style=\"margin: 0in 0in 8pt;\"><span style=\"font-size:11pt\"><span style=\"line-height:107%\"><span style=\"font-family:Calibri,sans-serif\"><a href=\"https:\/\/servicearizona.com\/voterRegistration?popularclick\" target=\"_blank\">Inicie sesi\u00f3n en Service Arizona <\/a>(el enlace es externo)<\/span><\/span><\/span><\/li>\n<li style=\"margin: 0in 0in 8pt;\"><span style=\"font-size:11pt\"><span style=\"line-height:107%\"><span style=\"font-family:Calibri,sans-serif\">Seleccione su idioma de preferencia, luego haga clic en \"Comenzar \/ Actualizar el registro de votantes\" <\/span><\/span><\/span><\/li>\n<li style=\"margin: 0in 0in 8pt;\"><span style=\"font-size:11pt\"><span style=\"line-height:107%\"><span style=\"font-family:Calibri,sans-serif\">Verifique su elegibilidad para votar<\/span><\/span><\/span><\/li>\n<li style=\"margin: 0in 0in 8pt;\"><span style=\"font-size:11pt\"><span style=\"line-height:107%\"><span style=\"font-family:Calibri,sans-serif\">Ingrese su informaci\u00f3n en los campos requeridos<\/span><\/span><\/span><\/li>\n<li style=\"margin: 0in 0in 8pt;\"><span style=\"font-size:11pt\"><span style=\"line-height:107%\"><span style=\"font-family:Calibri,sans-serif\">Actualice su direcci\u00f3n si se mud\u00f3; de lo contrario, seleccione No en la pregunta A y B y haga clic en continuar.<\/span><\/span><\/span><\/li>\n<li style=\"margin: 0in 0in 8pt;\"><span style=\"font-size:11pt\"><span style=\"line-height:107%\"><span style=\"font-family:Calibri,sans-serif\">Ahora puede actualizar cualquier otra informaci\u00f3n que haya cambiado, incluido su nombre o preferencia de grupo<\/span><\/span><\/span><\/li>\n<\/ul>\n<p style=\"margin:0in 0in 8pt\"><span style=\"font-size:11pt\"><span style=\"line-height:107%\"><span style=\"font-family:Calibri,sans-serif\">Si tiene problemas para iniciar sesi\u00f3n en el sitio web de Service Arizona, puede imprimir un Formulario de registro de votante (PDF) y completarlo con su nueva informaci\u00f3n. Una vez que termine, env\u00ede el formulario completo a la oficina del Registrador de su condado y se actualizar\u00e1 su informaci\u00f3n. Para obtener m\u00e1s informaci\u00f3n, <a href=\"https:\/\/azsos.gov\/elections\/voting-election\/register-vote-or-update-your-current-voter-information\" target=\"_blank\">visite el sitio web del Secretario de Estado de Arizona<\/a>.<\/span><\/span><\/span><\/p>\n<h3 style=\"margin: 0in 0in 8pt;\"><span style=\"font-size:11pt\"><span style=\"line-height:107%\"><span style=\"font-family:Calibri,sans-serif\">Complete su formulario de censo<\/span><\/span><\/span><\/h3>\n<p style=\"margin:0in 0in 8pt\"><span style=\"font-size:11pt\"><span style=\"line-height:107%\"><span style=\"font-family:Calibri,sans-serif\"><a href=\"https:\/\/2020census.gov\/?cid=20002:%2Bcensus:sem.ga:p:dm:en:&amp;utm_source=sem.ga&amp;utm_medium=p&amp;utm_campaign=dm:en&amp;utm_content=20002&amp;utm_term=%2Bcensus\" target=\"_blank\">La participaci\u00f3n de todos en el Censo <\/a>contribuye a una democracia m\u00e1s saludable. Si no se cuenta a las personas, sus comunidades recibir\u00e1n menos representaci\u00f3n en el gobierno y menos recursos.<\/span><\/span><\/span><\/p>\n<p style=\"margin:0in 0in 8pt\"><span style=\"font-size:11pt\"><span style=\"line-height:107%\"><span style=\"font-family:Calibri,sans-serif\">Los datos del censo informan las decisiones m\u00e1s importantes de nuestra naci\u00f3n, incluyendo la forma en que el gobierno federal gasta $ 900 mil millones en servicios cr\u00edticos como la construcci\u00f3n de carreteras, la provisi\u00f3n de seguros de salud y el apoyo a la educaci\u00f3n. <a href=\"https:\/\/www.aclu.org\/issues\/voting-rights\/census-2020\" target=\"_blank\">M\u00e1s informaci\u00f3n aqu\u00ed<\/a>.<\/span><\/span><\/span><\/p>\n<h3 style=\"margin: 0in 0in 8pt;\"><span style=\"font-size:11pt\"><span style=\"line-height:107%\"><span style=\"font-family:Calibri,sans-serif\">Escriba a sus representantes y senador<\/span><\/span><\/span><\/h3>\n<p style=\"margin:0in 0in 8pt\"><span style=\"font-size:11pt\"><span style=\"line-height:107%\"><span style=\"font-family:Calibri,sans-serif\">Aunque la sesi\u00f3n legislativa est\u00e1 actualmente suspendida hasta el 13 de abril, esta sesi\u00f3n comenz\u00f3 con una multitud de proyectos de ley terribles. Desde prohibir que las ni\u00f1as trans jueguen en equipos deportivos de ni\u00f1as hasta criminalizar el discurso pol\u00edtico, nuestras libertades civiles est\u00e1n bajo ataque.<\/span><\/span><\/span><\/p>\n<p style=\"margin:0in 0in 8pt\"><span style=\"font-size:11pt\"><span style=\"line-height:107%\"><span style=\"font-family:Calibri,sans-serif\">Si est\u00e1 cansado de ver proyectos de ley como este, env\u00ede un correo electr\u00f3nico a sus legisladores en este momento y recu\u00e9rdeles que ir\u00e1 a las urnas con su historial de votaci\u00f3n en mente. Solo aseg\u00farese de investigar c\u00f3mo sus legisladores votaron primero. <a href=\"https:\/\/www.azleg.gov\/findmylegislator\/\" target=\"_blank\">Descubra c\u00f3mo contactar a sus representantes aqu\u00ed<\/a>.<\/span><\/span><\/span><\/p>\n<h3 style=\"margin: 0in 0in 8pt;\"><span style=\"font-size:11pt\"><span style=\"line-height:107%\"><span style=\"font-family:Calibri,sans-serif\">Configure llamadas telef\u00f3nicas o chats de Zoom con personas de su comunidad para prepararse para lo que viene<\/span><\/span><\/span><\/h3>\n<p style=\"margin:0in 0in 8pt\"><span style=\"font-size:11pt\"><span style=\"line-height:107%\"><span style=\"font-family:Calibri,sans-serif\">En este momento, todos podr\u00edan ser secuestrados en sus casas, pero eso no significa que la planificaci\u00f3n para el futuro est\u00e9 fuera de discusi\u00f3n. Establezca un momento para conversar con sus amigos, vecinos o colegas y formule un plan de ataque para cuando sea m\u00e1s seguro congregarse p\u00fablicamente para abordar sus planes de defensa. <a href=\"https:\/\/zoom.us\/signup\" target=\"_blank\">Reg\u00edstrese para obtener una cuenta gratuita aqu\u00ed<\/a>.<\/span><\/span><\/span><\/p>\n<h3 style=\"margin: 0in 0in 8pt;\"><span style=\"font-size:11pt\"><span style=\"line-height:107%\"><span style=\"font-family:Calibri,sans-serif\">Si puedes, mira las noticias<\/span><\/span><\/span><\/h3>\n<p style=\"margin:0in 0in 8pt\"><span style=\"font-size:11pt\"><span style=\"line-height:107%\"><span style=\"font-family:Calibri,sans-serif\">Mant\u00e9ngase informado sobre lo que est\u00e1 sucediendo en el mundo para poder adelantarse a los problemas en su comunidad y saber cu\u00e1ndo actuar. Solo aseg\u00farese de que sus fuentes sean cre\u00edbles.<\/span><\/span><\/span><\/p>\n<h3 style=\"margin: 0in 0in 8pt;\"><span style=\"font-size:11pt\"><span style=\"line-height:107%\"><span style=\"font-family:Calibri,sans-serif\">Involucre a su familia donde sea apropiado<\/span><\/span><\/span><\/h3>\n<p style=\"margin:0in 0in 8pt\"><span style=\"font-size:11pt\"><span style=\"line-height:107%\"><span style=\"font-family:Calibri,sans-serif\">Sabemos que la defensa se presenta en todas sus formas y, francamente, es apropiada para casi cualquier edad. Independientemente del trabajo que haga, aseg\u00farese de involucrar a su familia, \u00a1incluso los m\u00e1s peque\u00f1os! Echa un vistazo a nuestras p\u00e1ginas para colorear de ACLU a continuaci\u00f3n que se pueden imprimir a pedido. Son la decoraci\u00f3n perfecta para su refrigerador u oficina dom\u00e9stica.<\/span><\/span><\/span><\/p>\n<p style=\"margin:0in 0in 8pt\"><span style=\"font-size:11pt\"><span style=\"line-height:107%\"><span style=\"font-family:Calibri,sans-serif\">Una vez coloreado, publique una foto y etiquete <a href=\"https:\/\/www.facebook.com\/ACLUaz\" target=\"_blank\">nuestra p\u00e1gina de Facebook<\/a> y anime a sus amigos a hacer lo mismo.<\/span><\/span><\/span><\/p>\n<p style=\"margin:0in 0in 8pt\"><em><span style=\"font-size:11pt\"><span style=\"line-height:107%\"><span style=\"font-family:Calibri,sans-serif\">Superaremos esto, Arizona.<\/span><\/span><\/span><\/em><\/p>\n<p style=\"margin:0in 0in 0.0001pt\">&nbsp;<\/p>\n","protected":false},"excerpt":{"rendered":"<p>En este momento, estamos viviendo en tiempos bastante inciertos. Las noticias diarias llegan a comunidades y los lugares de trabajo (con algunos de nosotros ahora trabajando desde casa) trayendo preocupaci\u00f3n y muchas preguntas sin respuesta. Entonces, \u00bfahora qu\u00e9? Una cosa de la que todos debemos estar seguros es la realidad de que nuestras comunidades necesitan [&hellip;]<\/p>\n","protected":false},"author":0,"featured_media":0,"parent":0,"menu_order":0,"comment_status":"closed","ping_status":"closed","template":"","meta":{"_acf_changed":false,"_relevanssi_hide_post":"","_relevanssi_hide_content":"","_relevanssi_pin_for_all":"","_relevanssi_pin_keywords":"","_relevanssi_unpin_keywords":"","_relevanssi_related_keywords":"","_relevanssi_related_include_ids":"","_relevanssi_related_exclude_ids":"","_relevanssi_related_no_append":"","_relevanssi_related_not_related":"","_relevanssi_related_posts":"","_relevanssi_noindex_reason":"","footnotes":""},"class_list":["post-2290","page","type-page","status-publish","hentry"],"acf":{"layout":"default","header-group":{"header-description":"","show-subnav":false,"hide-from-subnav":false},"components":[{"acf_fc_layout":"text","text":{"text":"En este momento, estamos viviendo en tiempos bastante inciertos. Las noticias diarias llegan a comunidades y los lugares de trabajo (con algunos de nosotros ahora trabajando desde casa) trayendo preocupaci\u00f3n y muchas preguntas sin respuesta. Entonces, \u00bfahora qu\u00e9?\n\nUna cosa de la que todos debemos estar seguros es la realidad de que nuestras comunidades necesitan sanar y reconstruir fuera de COVID-19. Debemos continuar fortaleciendo a nuestros compa\u00f1eros y cambiando la composici\u00f3n pol\u00edtica de hoy. El trabajo hacia la igualdad y la equidad no puede cesar simplemente porque nuestras vidas, en su mayor parte, se lleva cabo en nuestros hogares. \n\nCada uno de nosotros que sea capaz debe permanecer alerta para cualquier problema que m\u00e1s nos importe y adaptarnos para tomar acci\u00f3n desde casa."}},{"acf_fc_layout":"heading","heading":{"":null,"text":"Aqu\u00ed hay algunas maneras que podemos abogar desde casa:Actualice su registro de votante","anchor":"","sub-heading":"","type":"h3","heading-style":"standard"}},{"acf_fc_layout":"text","text":{"text":"Si tiene una licencia de conducir de Arizona emitida por la Divisi\u00f3n de Veh\u00edculos Motorizados (MVD) puede actualizar su registro de votante en l\u00ednea.\n\n<ul><li><a href=\"https:\/\/servicearizona.com\/voterRegistration?popularclick\" target=\"_blank\">Inicie sesi\u00f3n en Service Arizona <\/a>(el enlace es externo)<\/li><li>Seleccione su idioma de preferencia, luego haga clic en \"Comenzar \/ Actualizar el registro de votantes\" <\/li><li>Verifique su elegibilidad para votar<\/li><li>Ingrese su informaci\u00f3n en los campos requeridos<\/li><li>Actualice su direcci\u00f3n si se mud\u00f3; de lo contrario, seleccione No en la pregunta A y B y haga clic en continuar.<\/li><li>Ahora puede actualizar cualquier otra informaci\u00f3n que haya cambiado, incluido su nombre o preferencia de grupo<\/li><\/ul>\n\nSi tiene problemas para iniciar sesi\u00f3n en el sitio web de Service Arizona, puede imprimir un Formulario de registro de votante (PDF) y completarlo con su nueva informaci\u00f3n. Una vez que termine, env\u00ede el formulario completo a la oficina del Registrador de su condado y se actualizar\u00e1 su informaci\u00f3n. Para obtener m\u00e1s informaci\u00f3n, <a href=\"https:\/\/azsos.gov\/elections\/voting-election\/register-vote-or-update-your-current-voter-information\" target=\"_blank\">visite el sitio web del Secretario de Estado de Arizona<\/a>."}},{"acf_fc_layout":"heading","heading":{"":null,"text":"Complete su formulario de censo","anchor":"","sub-heading":"","type":"h3","heading-style":"standard"}},{"acf_fc_layout":"text","text":{"text":"<a href=\"https:\/\/2020census.gov\/?cid=20002:%2Bcensus:sem.ga:p:dm:en:&amp;utm_source=sem.ga&amp;utm_medium=p&amp;utm_campaign=dm:en&amp;utm_content=20002&amp;utm_term=%2Bcensus\" target=\"_blank\">La participaci\u00f3n de todos en el Censo <\/a>contribuye a una democracia m\u00e1s saludable. Si no se cuenta a las personas, sus comunidades recibir\u00e1n menos representaci\u00f3n en el gobierno y menos recursos.\n\nLos datos del censo informan las decisiones m\u00e1s importantes de nuestra naci\u00f3n, incluyendo la forma en que el gobierno federal gasta $ 900 mil millones en servicios cr\u00edticos como la construcci\u00f3n de carreteras, la provisi\u00f3n de seguros de salud y el apoyo a la educaci\u00f3n. <a href=\"https:\/\/www.aclu.org\/issues\/voting-rights\/census-2020\" target=\"_blank\">M\u00e1s informaci\u00f3n aqu\u00ed<\/a>."}},{"acf_fc_layout":"heading","heading":{"":null,"text":"Escriba a sus representantes y senador","anchor":"","sub-heading":"","type":"h3","heading-style":"standard"}},{"acf_fc_layout":"text","text":{"text":"Aunque la sesi\u00f3n legislativa est\u00e1 actualmente suspendida hasta el 13 de abril, esta sesi\u00f3n comenz\u00f3 con una multitud de proyectos de ley terribles. Desde prohibir que las ni\u00f1as trans jueguen en equipos deportivos de ni\u00f1as hasta criminalizar el discurso pol\u00edtico, nuestras libertades civiles est\u00e1n bajo ataque.\n\nSi est\u00e1 cansado de ver proyectos de ley como este, env\u00ede un correo electr\u00f3nico a sus legisladores en este momento y recu\u00e9rdeles que ir\u00e1 a las urnas con su historial de votaci\u00f3n en mente. Solo aseg\u00farese de investigar c\u00f3mo sus legisladores votaron primero. <a href=\"https:\/\/www.azleg.gov\/findmylegislator\/\" target=\"_blank\">Descubra c\u00f3mo contactar a sus representantes aqu\u00ed<\/a>."}},{"acf_fc_layout":"heading","heading":{"":null,"text":"Configure llamadas telef\u00f3nicas o chats de Zoom con personas de su comunidad para prepararse para lo que viene","anchor":"","sub-heading":"","type":"h3","heading-style":"standard"}},{"acf_fc_layout":"text","text":{"text":"En este momento, todos podr\u00edan ser secuestrados en sus casas, pero eso no significa que la planificaci\u00f3n para el futuro est\u00e9 fuera de discusi\u00f3n. Establezca un momento para conversar con sus amigos, vecinos o colegas y formule un plan de ataque para cuando sea m\u00e1s seguro congregarse p\u00fablicamente para abordar sus planes de defensa. <a href=\"https:\/\/zoom.us\/signup\" target=\"_blank\">Reg\u00edstrese para obtener una cuenta gratuita aqu\u00ed<\/a>."}},{"acf_fc_layout":"heading","heading":{"":null,"text":"Si puedes, mira las noticias","anchor":"","sub-heading":"","type":"h3","heading-style":"standard"}},{"acf_fc_layout":"text","text":{"text":"Mant\u00e9ngase informado sobre lo que est\u00e1 sucediendo en el mundo para poder adelantarse a los problemas en su comunidad y saber cu\u00e1ndo actuar. Solo aseg\u00farese de que sus fuentes sean cre\u00edbles."}},{"acf_fc_layout":"heading","heading":{"":null,"text":"Involucre a su familia donde sea apropiado","anchor":"","sub-heading":"","type":"h3","heading-style":"standard"}},{"acf_fc_layout":"text","text":{"text":"Sabemos que la defensa se presenta en todas sus formas y, francamente, es apropiada para casi cualquier edad. Independientemente del trabajo que haga, aseg\u00farese de involucrar a su familia, \u00a1incluso los m\u00e1s peque\u00f1os! Echa un vistazo a nuestras p\u00e1ginas para colorear de ACLU a continuaci\u00f3n que se pueden imprimir a pedido. Son la decoraci\u00f3n perfecta para su refrigerador u oficina dom\u00e9stica.\n\nUna vez coloreado, publique una foto y etiquete <a href=\"https:\/\/www.facebook.com\/ACLUaz\" target=\"_blank\">nuestra p\u00e1gina de Facebook<\/a> y anime a sus amigos a hacer lo mismo.\n\n<em>Superaremos esto, Arizona.<\/em>\n\n "}}],"section":null,"issues":null,"related_content":[],"documents":null},"yoast_head":"<!-- This site is optimized with the Yoast SEO plugin v24.9 - https:\/\/yoast.com\/wordpress\/plugins\/seo\/ -->\n<title>Advocacy at Home - ACLU of Arizona<\/title>\n<meta name=\"robots\" content=\"index, follow, max-snippet:-1, max-image-preview:large, max-video-preview:-1\" \/>\n<link rel=\"canonical\" href=\"https:\/\/www.acluaz.org\/es\/advocacy-home\/\" \/>\n<meta property=\"og:locale\" content=\"es_ES\" \/>\n<meta property=\"og:type\" content=\"article\" \/>\n<meta property=\"og:title\" content=\"Advocacy at Home - ACLU of Arizona\" \/>\n<meta property=\"og:description\" content=\"En este momento, estamos viviendo en tiempos bastante inciertos. Las noticias diarias llegan a comunidades y los lugares de trabajo (con algunos de nosotros ahora trabajando desde casa) trayendo preocupaci\u00f3n y muchas preguntas sin respuesta. Entonces, \u00bfahora qu\u00e9? Una cosa de la que todos debemos estar seguros es la realidad de que nuestras comunidades necesitan [&hellip;]\" \/>\n<meta property=\"og:url\" content=\"https:\/\/www.acluaz.org\/es\/advocacy-home\/\" \/>\n<meta property=\"og:site_name\" content=\"ACLU of Arizona\" \/>\n<meta property=\"og:image\" content=\"https:\/\/www.acluaz.org\/app\/uploads\/2020\/03\/adobestock_198103371.jpeg\" \/>\n\t<meta property=\"og:image:width\" content=\"1024\" \/>\n\t<meta property=\"og:image:height\" content=\"683\" \/>\n\t<meta property=\"og:image:type\" content=\"image\/jpeg\" \/>\n<meta name=\"twitter:card\" content=\"summary_large_image\" \/>\n<script type=\"application\/ld+json\" class=\"yoast-schema-graph\">{\"@context\":\"https:\/\/schema.org\",\"@graph\":[{\"@type\":\"WebPage\",\"@id\":\"https:\/\/www.acluaz.org\/es\/advocacy-home\/\",\"url\":\"https:\/\/www.acluaz.org\/es\/advocacy-home\/\",\"name\":\"Advocacy at Home - ACLU of Arizona\",\"isPartOf\":{\"@id\":\"https:\/\/www.acluaz.org\/#website\"},\"datePublished\":\"2020-03-24T23:15:00+00:00\",\"inLanguage\":\"es-ES\",\"potentialAction\":[{\"@type\":\"ReadAction\",\"target\":[\"https:\/\/www.acluaz.org\/es\/advocacy-home\/\"]}]},{\"@type\":\"WebSite\",\"@id\":\"https:\/\/www.acluaz.org\/#website\",\"url\":\"https:\/\/www.acluaz.org\/\",\"name\":\"ACLU of Arizona\",\"description\":\"\",\"publisher\":{\"@id\":\"https:\/\/www.acluaz.org\/#organization\"},\"potentialAction\":[{\"@type\":\"SearchAction\",\"target\":{\"@type\":\"EntryPoint\",\"urlTemplate\":\"https:\/\/www.acluaz.org\/?s={search_term_string}\"},\"query-input\":{\"@type\":\"PropertyValueSpecification\",\"valueRequired\":true,\"valueName\":\"search_term_string\"}}],\"inLanguage\":\"es-ES\"},{\"@type\":\"Organization\",\"@id\":\"https:\/\/www.acluaz.org\/#organization\",\"name\":\"ACLU of Arizona\",\"url\":\"https:\/\/www.acluaz.org\/\",\"logo\":{\"@type\":\"ImageObject\",\"inLanguage\":\"es-ES\",\"@id\":\"https:\/\/www.acluaz.org\/#\/schema\/logo\/image\/\",\"url\":\"https:\/\/www.acluaz.org\/app\/uploads\/2025\/09\/ACLU_Arizona_Moblie-Web_Color_RGB.png\",\"contentUrl\":\"https:\/\/www.acluaz.org\/app\/uploads\/2025\/09\/ACLU_Arizona_Moblie-Web_Color_RGB.png\",\"width\":2084,\"height\":2084,\"caption\":\"ACLU of Arizona\"},\"image\":{\"@id\":\"https:\/\/www.acluaz.org\/#\/schema\/logo\/image\/\"}}]}<\/script>\n<!-- \/ Yoast SEO plugin. -->","yoast_head_json":{"title":"Advocacy at Home - ACLU of Arizona","robots":{"index":"index","follow":"follow","max-snippet":"max-snippet:-1","max-image-preview":"max-image-preview:large","max-video-preview":"max-video-preview:-1"},"canonical":"https:\/\/www.acluaz.org\/es\/advocacy-home\/","og_locale":"es_ES","og_type":"article","og_title":"Advocacy at Home - ACLU of Arizona","og_description":"En este momento, estamos viviendo en tiempos bastante inciertos. Las noticias diarias llegan a comunidades y los lugares de trabajo (con algunos de nosotros ahora trabajando desde casa) trayendo preocupaci\u00f3n y muchas preguntas sin respuesta. Entonces, \u00bfahora qu\u00e9? Una cosa de la que todos debemos estar seguros es la realidad de que nuestras comunidades necesitan [&hellip;]","og_url":"https:\/\/www.acluaz.org\/es\/advocacy-home\/","og_site_name":"ACLU of Arizona","og_image":[{"url":"https:\/\/www.acluaz.org\/app\/uploads\/2020\/03\/adobestock_198103371.jpeg","width":1024,"height":683,"type":"image\/jpeg"}],"twitter_card":"summary_large_image","schema":{"@context":"https:\/\/schema.org","@graph":[{"@type":"WebPage","@id":"https:\/\/www.acluaz.org\/es\/advocacy-home\/","url":"https:\/\/www.acluaz.org\/es\/advocacy-home\/","name":"Advocacy at Home - ACLU of Arizona","isPartOf":{"@id":"https:\/\/www.acluaz.org\/#website"},"datePublished":"2020-03-24T23:15:00+00:00","inLanguage":"es-ES","potentialAction":[{"@type":"ReadAction","target":["https:\/\/www.acluaz.org\/es\/advocacy-home\/"]}]},{"@type":"WebSite","@id":"https:\/\/www.acluaz.org\/#website","url":"https:\/\/www.acluaz.org\/","name":"ACLU of Arizona","description":"","publisher":{"@id":"https:\/\/www.acluaz.org\/#organization"},"potentialAction":[{"@type":"SearchAction","target":{"@type":"EntryPoint","urlTemplate":"https:\/\/www.acluaz.org\/?s={search_term_string}"},"query-input":{"@type":"PropertyValueSpecification","valueRequired":true,"valueName":"search_term_string"}}],"inLanguage":"es-ES"},{"@type":"Organization","@id":"https:\/\/www.acluaz.org\/#organization","name":"ACLU of Arizona","url":"https:\/\/www.acluaz.org\/","logo":{"@type":"ImageObject","inLanguage":"es-ES","@id":"https:\/\/www.acluaz.org\/#\/schema\/logo\/image\/","url":"https:\/\/www.acluaz.org\/app\/uploads\/2025\/09\/ACLU_Arizona_Moblie-Web_Color_RGB.png","contentUrl":"https:\/\/www.acluaz.org\/app\/uploads\/2025\/09\/ACLU_Arizona_Moblie-Web_Color_RGB.png","width":2084,"height":2084,"caption":"ACLU of Arizona"},"image":{"@id":"https:\/\/www.acluaz.org\/#\/schema\/logo\/image\/"}}]}},"distributor_meta":false,"distributor_terms":false,"distributor_media":false,"distributor_original_site_name":"ACLU of Arizona","distributor_original_site_url":"https:\/\/www.acluaz.org\/es\/","push-errors":false,"_links":{"self":[{"href":"https:\/\/www.acluaz.org\/es\/wp-json\/wp\/v2\/pages\/2290","targetHints":{"allow":["GET"]}}],"collection":[{"href":"https:\/\/www.acluaz.org\/es\/wp-json\/wp\/v2\/pages"}],"about":[{"href":"https:\/\/www.acluaz.org\/es\/wp-json\/wp\/v2\/types\/page"}],"replies":[{"embeddable":true,"href":"https:\/\/www.acluaz.org\/es\/wp-json\/wp\/v2\/comments?post=2290"}],"version-history":[{"count":0,"href":"https:\/\/www.acluaz.org\/es\/wp-json\/wp\/v2\/pages\/2290\/revisions"}],"wp:attachment":[{"href":"https:\/\/www.acluaz.org\/es\/wp-json\/wp\/v2\/media?parent=2290"}],"curies":[{"name":"wp","href":"https:\/\/api.w.org\/{rel}","templated":true}]}}