{"id":2192,"date":"2017-12-13T20:45:00","date_gmt":"2017-12-14T01:45:00","guid":{"rendered":"https:\/\/www.acluaz.org\/quejas-de-padres-de-familia-la-junta-estatal-de-arizona-para-escuelas-charter\/"},"modified":"2017-12-13T20:45:00","modified_gmt":"2017-12-14T01:45:00","slug":"quejas-de-padres-de-familia-la-junta-estatal-de-arizona-para-escuelas-charter","status":"publish","type":"page","link":"https:\/\/www.acluaz.org\/es\/quejas-de-padres-de-familia-la-junta-estatal-de-arizona-para-escuelas-charter\/","title":{"rendered":"Quejas de padres de familia a la Junta Estatal de Arizona para Escuelas Ch\u00e1rter"},"content":{"rendered":"<p>Hasta marzo de 2017, se hab\u00edan presentado y procesado casi 120 quejas.<br \/>\n<!--more--><\/p>\n<h2>Quejas de padres de familia a la Junta Estatal de Arizona para Escuelas Ch\u00e1rter<\/h2>\n<div>Los padres de familia pueden presentar quejas ante la Junta Estatal de Arizona para Escuelas Ch\u00e1rter a trav\u00e9s de un sistema en l\u00ednea que se dio a conocer en 2015. Seg\u00fan un portavoz de la Junta, \"Todas las quejas recibidas se revisan para determinar si la queja est\u00e1 dentro de la jurisdicci\u00f3n de la Junta\". De ser as\u00ed, la Junta reenv\u00eda la informaci\u00f3n al titular de la escuela ch\u00e1rter, y le da al titular de la misma un plazo breve para responder. Posteriormente, el personal de la junta revisa la respuesta y decide si justifica m\u00e1s acciones de parte de la Junta. Hasta marzo de 2017, se hab\u00edan presentado y procesado casi 120 quejas. Aqu\u00ed hay algunas que tratan sobre los problemas de inscripci\u00f3n:<\/div>\n<div>&nbsp;<\/div>\n<div><strong>Escuela Bright Beginnings<\/strong><\/div>\n<div>\n<p>Un padre de familia present\u00f3 una queja ante la Junta Estatal de Arizona para Escuelas Ch\u00e1rter en junio de 2016. En su queja, el padre dijo que \u00e9l y su esposa recibieron un correo electr\u00f3nico en enero de 2016 notific\u00e1ndoles que su hijo fue seleccionado en un sorteo para asistir al programa de kindergarten de jornada completa en la Escuela Bright Beginnings durante el a\u00f1o escolar 2016-17.<\/p>\n<p>El padre dijo que \"puntualmente\" acept\u00f3 la propuesta y le pag\u00f3 a la escuela $400, que cubr\u00eda una tarifa de actividad estudiantil y el primer mes de matr\u00edcula. La escuela cobra matr\u00edcula por la segunda mitad de su programa de k\u00ednder de jornada completa, lo cual est\u00e1 permitido, ya que la Legislatura Estatal de Arizona s\u00f3lo proporciona fondos para la primera mitad del k\u00ednder de jornada completa en las escuelas p\u00fablicas.<\/p>\n<p>El padre dijo que a \u00e9l y a su esposa tambi\u00e9n les dijeron que su hijo ten\u00eda que realizar una prueba obligatoria de \"preparaci\u00f3n para el k\u00ednder\" para determinar en qu\u00e9 forma podr\u00eda prepararse el ni\u00f1o durante el verano. Pero dijo que nunca les dijeron que la prueba \"dificultar\u00eda la aceptaci\u00f3n\". Dijo que la escuela \"reneg\u00f3\" de la aceptaci\u00f3n de su hijo en el programa de k\u00ednder, y se qued\u00f3 con los $400. La familia present\u00f3 una demanda, alegando que la escuela retuvo el dinero por un servicio que prometi\u00f3 sin entregar tal servicio.<\/p>\n<p>Respondiendo a la queja, la Escuela Bright Beginnings dijo que a pesar de que la escuela ten\u00eda una p\u00f3liza no reembolsable, reembols\u00f3 a los padres los $400 completos. Sin embargo, la escuela no admiti\u00f3 haber cometido ninguna irregularidad.<\/p>\n<\/div>\n<div>\n<div>&nbsp;<\/div>\n<div><strong>Academia Heritage Gateway<\/strong><\/div>\n<div>\n<p>Un padre de familia present\u00f3 una queja ante la Junta Estatal de Arizona para Escuelas Ch\u00e1rter en junio de 2016. La madre trat\u00f3 de inscribir a su hija, que ingresaba al 7\u00b0 grado, para el a\u00f1o escolar 2016-17. La escuela requiri\u00f3 que tomara una prueba de nivel como parte del proceso de inscripci\u00f3n.<\/p>\n<p>Unos d\u00edas despu\u00e9s de que su hija completara la prueba de nivel, la madre dijo que recibi\u00f3 una llamada de la oficina de inscripciones de la escuela. \"Me llam\u00f3 para decirme que la escuela no ser\u00eda una buena opci\u00f3n para [mi hija] porque no obtuvo el puntaje lo suficiente alto\", escribi\u00f3 el padre en su queja.<\/p>\n<p>Ella dijo que pregunt\u00f3 si su hija pod\u00eda participar en una clase de organizaci\u00f3n y liderazgo que la escuela ofrec\u00eda para ayudar a los estudiantes con necesidad de instrucci\u00f3n adicional. Ella dijo que el secretario de admisiones le dijo que la clase era s\u00f3lo para estudiantes que cuentan un Programa de Educaci\u00f3n Individualizado (IEP por sus siglas en ingl\u00e9s). Luego, el padre pregunt\u00f3 si pod\u00eda acordar una junta con la escuela para crear un IEP para su hija. El secretario de admisiones, sin embargo, declin\u00f3 \"y nuevamente dijo que no cre\u00eda que la escuela ser\u00eda una buena opci\u00f3n\", seg\u00fan la queja presentada.<\/p>\n<p>Eventualmente, ella dijo que el secretario de admisiones le dijo que si a\u00fan deseaba inscribir a su hija, primero tendr\u00eda que asistir a la escuela de verano.<\/p>\n<p>La escuela respondi\u00f3 a la queja, diciendo que nunca neg\u00f3 la admisi\u00f3n al estudiante. La escuela declar\u00f3 que requiere que los estudiantes potenciales realicen una prueba de nivel y utilicen los resultados de la prueba para determinar si los estudiantes deben asistir a la escuela de verano. La escuela dijo que las clases de verano ayudan a los estudiantes a prepararse para el riguroso plan de estudios de la escuela, pero que no es obligatorio.<\/p>\n<p>Adem\u00e1s, la escuela neg\u00f3 haber informado a los padres que su hija no pod\u00eda participar en la clase de organizaci\u00f3n y liderazgo. La escuela dijo que los estudiantes que deseen tomar parte en la clase, primero deben ser evaluados para la elegibilidad de educaci\u00f3n especial. Sin embargo, la escuela no abord\u00f3 las acusaciones de que el secretario de admisiones declar\u00f3 que la escuela no era \"adecuada\" para la hija del demandante.<\/p>\n<\/div>\n<div>\n<div>&nbsp;<\/div>\n<div><strong>Academia Preparatoria Veritas<\/strong><\/div>\n<div>\n<p>En una queja presentada en septiembre de 2016 ante la Junta Estatal de Arizona para Escuelas Ch\u00e1rter, una madre afirma que inscribi\u00f3 a su hijo en la Academia Preparatoria Veritas y pag\u00f3 las cuotas requeridas, incluyendo un dep\u00f3sito de $175 por el uso de libros, $130 para comprar 19 libros y $45 para un paseo a un campamento.<\/p>\n<p>Ella dijo que tres semanas despu\u00e9s de inscribir a su hijo, el director de informaci\u00f3n acad\u00e9mica de la escuela le inform\u00f3 que su hijo ser\u00eda asignado en el octavo grado en lugar del noveno grado, donde pertenec\u00eda, debido a su nivel de dominio del ingl\u00e9s. Ella dijo que tambi\u00e9n le dijeron que la escuela no ten\u00eda un programa para alumnos de ingl\u00e9s, lo cual, seg\u00fan ella, la sorprendi\u00f3 \"por el nivel de educaci\u00f3n que la escuela indica que tienen\".<\/p>\n<p>Ella dio de baja a su hijo, quien dijo que sent\u00eda que no era bien aceptado en la escuela, y lo llev\u00f3 a otra escuela. Agreg\u00f3 que se sinti\u00f3 \"discriminada\" porque la escuela tom\u00f3 la decisi\u00f3n de llevar a su hijo a un nivel inferior antes de evaluar las habilidades de ingl\u00e9s de su hijo.<\/p>\n<p>En su respuesta a la queja, la Academia Preparatoria Veritas declar\u00f3 que tres maestros le hab\u00edan dicho al director de informaci\u00f3n acad\u00e9mica de la escuela, al final de la primera semana del nuevo a\u00f1o escolar, que el hijo del demandante carec\u00eda de preparaci\u00f3n acad\u00e9mica para el noveno grado. Como resultado, el director de acad\u00e9micos habl\u00f3 con la madre sobre la posibilidad de trasladarlo al octavo grado.<\/p>\n<p>La escuela tambi\u00e9n indic\u00f3 que s\u00ed ten\u00eda un programa para estudiantes que est\u00e1n aprendiendo ingl\u00e9s, y que el hijo de la demandante ten\u00eda programado tomar una prueba el 25 de agosto de 2016 para ver si era elegible. Pero, seg\u00fan la escuela, \u00e9l nunca tom\u00f3 el examen porque su madre lo retir\u00f3 de la escuela un d\u00eda antes de que fuera programado para tomarlo. La escuela agreg\u00f3: \"El problema no era su ingl\u00e9s, sino que era m\u00e1s probable que disfrutara de \u00e9xito acad\u00e9mico en octavo grado\".<\/p>\n<\/div>\n<div>&nbsp;<\/div>\n<\/div>\n<\/div>\n<h3><a href=\"https:\/\/www.acluaz.org\/es\/node\/1071\" target=\"_blank\">Siguente: Metodolog\u00eda \u2192<\/a><\/h3>\n<h3><a href=\"https:\/\/www.acluaz.org\/es\/node\/1058\" target=\"_blank\">\u2190 Regresar a Tabla de Contenidos&nbsp;<\/a><\/h3>\n","protected":false},"excerpt":{"rendered":"<p>Hasta marzo de 2017, se hab\u00edan presentado y procesado casi 120 quejas.<\/p>\n","protected":false},"author":0,"featured_media":0,"parent":0,"menu_order":0,"comment_status":"closed","ping_status":"closed","template":"","meta":{"_acf_changed":false,"_relevanssi_hide_post":"","_relevanssi_hide_content":"","_relevanssi_pin_for_all":"","_relevanssi_pin_keywords":"","_relevanssi_unpin_keywords":"","_relevanssi_related_keywords":"","_relevanssi_related_include_ids":"","_relevanssi_related_exclude_ids":"","_relevanssi_related_no_append":"","_relevanssi_related_not_related":"","_relevanssi_related_posts":"","_relevanssi_noindex_reason":"","footnotes":""},"class_list":["post-2192","page","type-page","status-publish","hentry"],"acf":{"layout":"default","header-group":{"header-description":"Hasta marzo de 2017, se hab\u00edan presentado y procesado casi 120 quejas. \n","show-subnav":false,"hide-from-subnav":false},"components":[{"acf_fc_layout":"heading","heading":{"":null,"text":"Quejas de padres de familia a la Junta Estatal de Arizona para Escuelas Ch\u00e1rter","anchor":"","sub-heading":"","type":"h2","heading-style":"standard"}},{"acf_fc_layout":"migrated","migrated":{"migrated":"<div>Los padres de familia pueden presentar quejas ante la Junta Estatal de Arizona para Escuelas Ch\u00e1rter a trav\u00e9s de un sistema en l\u00ednea que se dio a conocer en 2015. Seg\u00fan un portavoz de la Junta, \"Todas las quejas recibidas se revisan para determinar si la queja est\u00e1 dentro de la jurisdicci\u00f3n de la Junta\". De ser as\u00ed, la Junta reenv\u00eda la informaci\u00f3n al titular de la escuela ch\u00e1rter, y le da al titular de la misma un plazo breve para responder. Posteriormente, el personal de la junta revisa la respuesta y decide si justifica m\u00e1s acciones de parte de la Junta. Hasta marzo de 2017, se hab\u00edan presentado y procesado casi 120 quejas. Aqu\u00ed hay algunas que tratan sobre los problemas de inscripci\u00f3n:<\/div><div>\u00a0<\/div><div><strong>Escuela Bright Beginnings<\/strong><\/div><div><p>Un padre de familia present\u00f3 una queja ante la Junta Estatal de Arizona para Escuelas Ch\u00e1rter en junio de 2016. En su queja, el padre dijo que \u00e9l y su esposa recibieron un correo electr\u00f3nico en enero de 2016 notific\u00e1ndoles que su hijo fue seleccionado en un sorteo para asistir al programa de kindergarten de jornada completa en la Escuela Bright Beginnings durante el a\u00f1o escolar 2016-17.<\/p><p>El padre dijo que \"puntualmente\" acept\u00f3 la propuesta y le pag\u00f3 a la escuela $400, que cubr\u00eda una tarifa de actividad estudiantil y el primer mes de matr\u00edcula. La escuela cobra matr\u00edcula por la segunda mitad de su programa de k\u00ednder de jornada completa, lo cual est\u00e1 permitido, ya que la Legislatura Estatal de Arizona s\u00f3lo proporciona fondos para la primera mitad del k\u00ednder de jornada completa en las escuelas p\u00fablicas.<\/p><p>El padre dijo que a \u00e9l y a su esposa tambi\u00e9n les dijeron que su hijo ten\u00eda que realizar una prueba obligatoria de \"preparaci\u00f3n para el k\u00ednder\" para determinar en qu\u00e9 forma podr\u00eda prepararse el ni\u00f1o durante el verano. Pero dijo que nunca les dijeron que la prueba \"dificultar\u00eda la aceptaci\u00f3n\". Dijo que la escuela \"reneg\u00f3\" de la aceptaci\u00f3n de su hijo en el programa de k\u00ednder, y se qued\u00f3 con los $400. La familia present\u00f3 una demanda, alegando que la escuela retuvo el dinero por un servicio que prometi\u00f3 sin entregar tal servicio.<\/p><p>Respondiendo a la queja, la Escuela Bright Beginnings dijo que a pesar de que la escuela ten\u00eda una p\u00f3liza no reembolsable, reembols\u00f3 a los padres los $400 completos. Sin embargo, la escuela no admiti\u00f3 haber cometido ninguna irregularidad.<\/p><\/div><div><div>\u00a0<\/div><div><strong>Academia Heritage Gateway<\/strong><\/div><div><p>Un padre de familia present\u00f3 una queja ante la Junta Estatal de Arizona para Escuelas Ch\u00e1rter en junio de 2016. La madre trat\u00f3 de inscribir a su hija, que ingresaba al 7\u00b0 grado, para el a\u00f1o escolar 2016-17. La escuela requiri\u00f3 que tomara una prueba de nivel como parte del proceso de inscripci\u00f3n.<\/p><p>Unos d\u00edas despu\u00e9s de que su hija completara la prueba de nivel, la madre dijo que recibi\u00f3 una llamada de la oficina de inscripciones de la escuela. \"Me llam\u00f3 para decirme que la escuela no ser\u00eda una buena opci\u00f3n para [mi hija] porque no obtuvo el puntaje lo suficiente alto\", escribi\u00f3 el padre en su queja.<\/p><p>Ella dijo que pregunt\u00f3 si su hija pod\u00eda participar en una clase de organizaci\u00f3n y liderazgo que la escuela ofrec\u00eda para ayudar a los estudiantes con necesidad de instrucci\u00f3n adicional. Ella dijo que el secretario de admisiones le dijo que la clase era s\u00f3lo para estudiantes que cuentan un Programa de Educaci\u00f3n Individualizado (IEP por sus siglas en ingl\u00e9s). Luego, el padre pregunt\u00f3 si pod\u00eda acordar una junta con la escuela para crear un IEP para su hija. El secretario de admisiones, sin embargo, declin\u00f3 \"y nuevamente dijo que no cre\u00eda que la escuela ser\u00eda una buena opci\u00f3n\", seg\u00fan la queja presentada.<\/p><p>Eventualmente, ella dijo que el secretario de admisiones le dijo que si a\u00fan deseaba inscribir a su hija, primero tendr\u00eda que asistir a la escuela de verano.<\/p><p>La escuela respondi\u00f3 a la queja, diciendo que nunca neg\u00f3 la admisi\u00f3n al estudiante. La escuela declar\u00f3 que requiere que los estudiantes potenciales realicen una prueba de nivel y utilicen los resultados de la prueba para determinar si los estudiantes deben asistir a la escuela de verano. La escuela dijo que las clases de verano ayudan a los estudiantes a prepararse para el riguroso plan de estudios de la escuela, pero que no es obligatorio.<\/p><p>Adem\u00e1s, la escuela neg\u00f3 haber informado a los padres que su hija no pod\u00eda participar en la clase de organizaci\u00f3n y liderazgo. La escuela dijo que los estudiantes que deseen tomar parte en la clase, primero deben ser evaluados para la elegibilidad de educaci\u00f3n especial. Sin embargo, la escuela no abord\u00f3 las acusaciones de que el secretario de admisiones declar\u00f3 que la escuela no era \"adecuada\" para la hija del demandante.<\/p><\/div><div><div>\u00a0<\/div><div><strong>Academia Preparatoria Veritas<\/strong><\/div><div><p>En una queja presentada en septiembre de 2016 ante la Junta Estatal de Arizona para Escuelas Ch\u00e1rter, una madre afirma que inscribi\u00f3 a su hijo en la Academia Preparatoria Veritas y pag\u00f3 las cuotas requeridas, incluyendo un dep\u00f3sito de $175 por el uso de libros, $130 para comprar 19 libros y $45 para un paseo a un campamento.<\/p><p>Ella dijo que tres semanas despu\u00e9s de inscribir a su hijo, el director de informaci\u00f3n acad\u00e9mica de la escuela le inform\u00f3 que su hijo ser\u00eda asignado en el octavo grado en lugar del noveno grado, donde pertenec\u00eda, debido a su nivel de dominio del ingl\u00e9s. Ella dijo que tambi\u00e9n le dijeron que la escuela no ten\u00eda un programa para alumnos de ingl\u00e9s, lo cual, seg\u00fan ella, la sorprendi\u00f3 \"por el nivel de educaci\u00f3n que la escuela indica que tienen\".<\/p><p>Ella dio de baja a su hijo, quien dijo que sent\u00eda que no era bien aceptado en la escuela, y lo llev\u00f3 a otra escuela. Agreg\u00f3 que se sinti\u00f3 \"discriminada\" porque la escuela tom\u00f3 la decisi\u00f3n de llevar a su hijo a un nivel inferior antes de evaluar las habilidades de ingl\u00e9s de su hijo.<\/p><p>En su respuesta a la queja, la Academia Preparatoria Veritas declar\u00f3 que tres maestros le hab\u00edan dicho al director de informaci\u00f3n acad\u00e9mica de la escuela, al final de la primera semana del nuevo a\u00f1o escolar, que el hijo del demandante carec\u00eda de preparaci\u00f3n acad\u00e9mica para el noveno grado. Como resultado, el director de acad\u00e9micos habl\u00f3 con la madre sobre la posibilidad de trasladarlo al octavo grado.<\/p><p>La escuela tambi\u00e9n indic\u00f3 que s\u00ed ten\u00eda un programa para estudiantes que est\u00e1n aprendiendo ingl\u00e9s, y que el hijo de la demandante ten\u00eda programado tomar una prueba el 25 de agosto de 2016 para ver si era elegible. Pero, seg\u00fan la escuela, \u00e9l nunca tom\u00f3 el examen porque su madre lo retir\u00f3 de la escuela un d\u00eda antes de que fuera programado para tomarlo. La escuela agreg\u00f3: \"El problema no era su ingl\u00e9s, sino que era m\u00e1s probable que disfrutara de \u00e9xito acad\u00e9mico en octavo grado\".<\/p><\/div><div>\u00a0<\/div><\/div><\/div>"}},{"acf_fc_layout":"heading","heading":{"":null,"text":"Siguente: Metodolog\u00eda \u2192","anchor":"","sub-heading":"<a href=\"https:\/\/www.acluaz.org\/es\/node\/1071\" target=\"_blank\">View<\/a>","type":"h3","heading-style":"standard"}},{"acf_fc_layout":"heading","heading":{"":null,"text":"\u2190 Regresar a Tabla de Contenidos\u00a0","anchor":"","sub-heading":"<a href=\"https:\/\/www.acluaz.org\/es\/node\/1058\" target=\"_blank\">View<\/a>","type":"h3","heading-style":"standard"}}],"section":null,"issues":null,"related_content":[],"documents":null},"yoast_head":"<!-- This site is optimized with the Yoast SEO plugin v24.9 - https:\/\/yoast.com\/wordpress\/plugins\/seo\/ -->\n<title>Quejas de padres de familia a la Junta Estatal de Arizona para Escuelas Ch\u00e1rter - ACLU of Arizona<\/title>\n<meta name=\"robots\" content=\"index, follow, max-snippet:-1, max-image-preview:large, max-video-preview:-1\" \/>\n<link rel=\"canonical\" href=\"https:\/\/www.acluaz.org\/es\/quejas-de-padres-de-familia-la-junta-estatal-de-arizona-para-escuelas-charter\/\" \/>\n<meta property=\"og:locale\" content=\"es_ES\" \/>\n<meta property=\"og:type\" content=\"article\" \/>\n<meta property=\"og:title\" content=\"Quejas de padres de familia a la Junta Estatal de Arizona para Escuelas Ch\u00e1rter - ACLU of Arizona\" \/>\n<meta property=\"og:description\" content=\"Hasta marzo de 2017, se hab\u00edan presentado y procesado casi 120 quejas.\" \/>\n<meta property=\"og:url\" content=\"https:\/\/www.acluaz.org\/es\/quejas-de-padres-de-familia-la-junta-estatal-de-arizona-para-escuelas-charter\/\" \/>\n<meta property=\"og:site_name\" content=\"ACLU of Arizona\" \/>\n<meta property=\"og:image\" content=\"https:\/\/www.acluaz.org\/app\/themes\/aclu-parent\/img\/default_fb_share.jpg\" \/>\n<meta name=\"twitter:card\" content=\"summary_large_image\" \/>\n<script type=\"application\/ld+json\" class=\"yoast-schema-graph\">{\"@context\":\"https:\/\/schema.org\",\"@graph\":[{\"@type\":\"WebPage\",\"@id\":\"https:\/\/www.acluaz.org\/es\/quejas-de-padres-de-familia-la-junta-estatal-de-arizona-para-escuelas-charter\/\",\"url\":\"https:\/\/www.acluaz.org\/es\/quejas-de-padres-de-familia-la-junta-estatal-de-arizona-para-escuelas-charter\/\",\"name\":\"Quejas de padres de familia a la Junta Estatal de Arizona para Escuelas Ch\u00e1rter - ACLU of Arizona\",\"isPartOf\":{\"@id\":\"https:\/\/www.acluaz.org\/#website\"},\"datePublished\":\"2017-12-14T01:45:00+00:00\",\"inLanguage\":\"es-ES\",\"potentialAction\":[{\"@type\":\"ReadAction\",\"target\":[\"https:\/\/www.acluaz.org\/es\/quejas-de-padres-de-familia-la-junta-estatal-de-arizona-para-escuelas-charter\/\"]}]},{\"@type\":\"WebSite\",\"@id\":\"https:\/\/www.acluaz.org\/#website\",\"url\":\"https:\/\/www.acluaz.org\/\",\"name\":\"ACLU of Arizona\",\"description\":\"\",\"publisher\":{\"@id\":\"https:\/\/www.acluaz.org\/#organization\"},\"potentialAction\":[{\"@type\":\"SearchAction\",\"target\":{\"@type\":\"EntryPoint\",\"urlTemplate\":\"https:\/\/www.acluaz.org\/?s={search_term_string}\"},\"query-input\":{\"@type\":\"PropertyValueSpecification\",\"valueRequired\":true,\"valueName\":\"search_term_string\"}}],\"inLanguage\":\"es-ES\"},{\"@type\":\"Organization\",\"@id\":\"https:\/\/www.acluaz.org\/#organization\",\"name\":\"ACLU of Arizona\",\"url\":\"https:\/\/www.acluaz.org\/\",\"logo\":{\"@type\":\"ImageObject\",\"inLanguage\":\"es-ES\",\"@id\":\"https:\/\/www.acluaz.org\/#\/schema\/logo\/image\/\",\"url\":\"https:\/\/www.acluaz.org\/app\/uploads\/2025\/09\/ACLU_Arizona_Moblie-Web_Color_RGB.png\",\"contentUrl\":\"https:\/\/www.acluaz.org\/app\/uploads\/2025\/09\/ACLU_Arizona_Moblie-Web_Color_RGB.png\",\"width\":2084,\"height\":2084,\"caption\":\"ACLU of Arizona\"},\"image\":{\"@id\":\"https:\/\/www.acluaz.org\/#\/schema\/logo\/image\/\"}}]}<\/script>\n<!-- \/ Yoast SEO plugin. -->","yoast_head_json":{"title":"Quejas de padres de familia a la Junta Estatal de Arizona para Escuelas Ch\u00e1rter - ACLU of Arizona","robots":{"index":"index","follow":"follow","max-snippet":"max-snippet:-1","max-image-preview":"max-image-preview:large","max-video-preview":"max-video-preview:-1"},"canonical":"https:\/\/www.acluaz.org\/es\/quejas-de-padres-de-familia-la-junta-estatal-de-arizona-para-escuelas-charter\/","og_locale":"es_ES","og_type":"article","og_title":"Quejas de padres de familia a la Junta Estatal de Arizona para Escuelas Ch\u00e1rter - ACLU of Arizona","og_description":"Hasta marzo de 2017, se hab\u00edan presentado y procesado casi 120 quejas.","og_url":"https:\/\/www.acluaz.org\/es\/quejas-de-padres-de-familia-la-junta-estatal-de-arizona-para-escuelas-charter\/","og_site_name":"ACLU of Arizona","og_image":[{"url":"https:\/\/www.acluaz.org\/app\/themes\/aclu-parent\/img\/default_fb_share.jpg","type":"","width":"","height":""}],"twitter_card":"summary_large_image","schema":{"@context":"https:\/\/schema.org","@graph":[{"@type":"WebPage","@id":"https:\/\/www.acluaz.org\/es\/quejas-de-padres-de-familia-la-junta-estatal-de-arizona-para-escuelas-charter\/","url":"https:\/\/www.acluaz.org\/es\/quejas-de-padres-de-familia-la-junta-estatal-de-arizona-para-escuelas-charter\/","name":"Quejas de padres de familia a la Junta Estatal de Arizona para Escuelas Ch\u00e1rter - ACLU of Arizona","isPartOf":{"@id":"https:\/\/www.acluaz.org\/#website"},"datePublished":"2017-12-14T01:45:00+00:00","inLanguage":"es-ES","potentialAction":[{"@type":"ReadAction","target":["https:\/\/www.acluaz.org\/es\/quejas-de-padres-de-familia-la-junta-estatal-de-arizona-para-escuelas-charter\/"]}]},{"@type":"WebSite","@id":"https:\/\/www.acluaz.org\/#website","url":"https:\/\/www.acluaz.org\/","name":"ACLU of Arizona","description":"","publisher":{"@id":"https:\/\/www.acluaz.org\/#organization"},"potentialAction":[{"@type":"SearchAction","target":{"@type":"EntryPoint","urlTemplate":"https:\/\/www.acluaz.org\/?s={search_term_string}"},"query-input":{"@type":"PropertyValueSpecification","valueRequired":true,"valueName":"search_term_string"}}],"inLanguage":"es-ES"},{"@type":"Organization","@id":"https:\/\/www.acluaz.org\/#organization","name":"ACLU of Arizona","url":"https:\/\/www.acluaz.org\/","logo":{"@type":"ImageObject","inLanguage":"es-ES","@id":"https:\/\/www.acluaz.org\/#\/schema\/logo\/image\/","url":"https:\/\/www.acluaz.org\/app\/uploads\/2025\/09\/ACLU_Arizona_Moblie-Web_Color_RGB.png","contentUrl":"https:\/\/www.acluaz.org\/app\/uploads\/2025\/09\/ACLU_Arizona_Moblie-Web_Color_RGB.png","width":2084,"height":2084,"caption":"ACLU of Arizona"},"image":{"@id":"https:\/\/www.acluaz.org\/#\/schema\/logo\/image\/"}}]}},"distributor_meta":false,"distributor_terms":false,"distributor_media":false,"distributor_original_site_name":"ACLU of Arizona","distributor_original_site_url":"https:\/\/www.acluaz.org\/es\/","push-errors":false,"_links":{"self":[{"href":"https:\/\/www.acluaz.org\/es\/wp-json\/wp\/v2\/pages\/2192","targetHints":{"allow":["GET"]}}],"collection":[{"href":"https:\/\/www.acluaz.org\/es\/wp-json\/wp\/v2\/pages"}],"about":[{"href":"https:\/\/www.acluaz.org\/es\/wp-json\/wp\/v2\/types\/page"}],"replies":[{"embeddable":true,"href":"https:\/\/www.acluaz.org\/es\/wp-json\/wp\/v2\/comments?post=2192"}],"version-history":[{"count":0,"href":"https:\/\/www.acluaz.org\/es\/wp-json\/wp\/v2\/pages\/2192\/revisions"}],"wp:attachment":[{"href":"https:\/\/www.acluaz.org\/es\/wp-json\/wp\/v2\/media?parent=2192"}],"curies":[{"name":"wp","href":"https:\/\/api.w.org\/{rel}","templated":true}]}}