{"id":2188,"date":"2017-12-13T19:45:00","date_gmt":"2017-12-14T00:45:00","guid":{"rendered":"https:\/\/www.acluaz.org\/discriminando-estudiantes-con-discapacidades\/"},"modified":"2017-12-13T19:45:00","modified_gmt":"2017-12-14T00:45:00","slug":"discriminando-estudiantes-con-discapacidades","status":"publish","type":"page","link":"https:\/\/www.acluaz.org\/es\/discriminando-estudiantes-con-discapacidades\/","title":{"rendered":"Discriminando a estudiantes con discapacidades"},"content":{"rendered":"<p>Como madre de estudiantes con discapacidades, sent\u00ed que ten\u00eda el deber de defender a mis hijos, y me alegro de haberlo hecho.<br \/>\n<!--more--><\/p>\n<h2>Discriminando a Estudiantes con Discapacidades<\/h2>\n<div>Por Jacque Salomon<\/div>\n<div>&nbsp;<\/div>\n<div>\n<p>Me emocion\u00e9 cuando recib\u00ed una llamada del plantel de la Academia Preparatoria de ASU, inform\u00e1ndome que mis hijos hab\u00edan sido seleccionados mediante un sorteo y ahora me invitaban a inscribirlos. Inmediatamente los di de baja de la escuela ch\u00e1rter a la que asist\u00edan, y fui a la Academia Preparatoria de ASU para comenzar el proceso de inscripci\u00f3n.<\/p>\n<p>Mientras estaba all\u00ed, les dej\u00e9 el Programa de Educaci\u00f3n Individualizada de mis hijos, que detallaba sus necesidades de educaci\u00f3n especial y los servicios que la escuela deb\u00eda proporcionar. Cuando llegu\u00e9 a casa, hab\u00eda un mensaje en mi contestador autom\u00e1tico. Era de alguien de Academia Preparatoria de ASU que me llam\u00f3 para avisarme que no pod\u00eda inscribir a mis hijos despu\u00e9s de todo porque la escuela ya no ten\u00eda cupo para estudiantes con necesidades educativas especiales.<\/p>\n<p>Llam\u00e9 a la escuela, pensando que se trataba de alg\u00fan tipo de malentendido. Pero ellos siguieron dici\u00e9ndome lo mismo. Su \u00fanica soluci\u00f3n fue volver a colocar a mis hijos en la lista de espera y llamarme cuando la escuela tuviera espacio para mis hijos. Sent\u00ed que la escuela discriminaba a mis hijos debido a sus necesidades educativas especiales, por lo que present\u00e9 una queja ante la Oficina de Derechos Civiles (OCR por sus siglas en ingl\u00e9s) del Departamento de Educaci\u00f3n de EE.UU. en enero de 2012.<\/p>\n<p>Argument\u00e9 en mi queja que la Academia Preparatoria de ASU discrimin\u00f3 a mis hijos por discapacidad. Unas semanas m\u00e1s tarde, recib\u00ed una carta de la OCR inform\u00e1ndome que investigar\u00edan si la escuela viol\u00f3 la Secci\u00f3n 504 de la Ley de Rehabilitaci\u00f3n federal de 1973, que protege los derechos de los estudiantes con discapacidades en programas y actividades que reciben ayuda financiera federal del Departamento de Educaci\u00f3n de Estados Unidos.<\/p>\n<p>No fue hasta aproximadamente ocho meses despu\u00e9s que la escuela voluntariamente firm\u00f3 un acuerdo de resoluci\u00f3n. Para entonces, ya hab\u00eda inscrito a mis hijos en su escuela anterior. Aunque la Academia Preparatoria de ASU no admiti\u00f3 fallas, acord\u00f3 realizar los cambios recomendados por la OCR para corregir el problema.<\/p>\n<p>La escuela acord\u00f3 dar seguimiento a los estudiantes que se salen a mitad del a\u00f1o escolar, as\u00ed como documentar si tienen discapacidades y si recibieron educaci\u00f3n y servicios especiales. La escuela tambi\u00e9n acord\u00f3 documentar las necesidades acad\u00e9micas de los posibles estudiantes que est\u00e1n en la lista de espera para su admisi\u00f3n a mitad de a\u00f1o, y si finalmente asistieron a la escuela. Si los futuros estudiantes no asistieron, se le pidi\u00f3 a la escuela que explicara la raz\u00f3n. Esto permite que la OCR supervise los procedimientos de la escuela para garantizar que la escuela no discrimine a los estudiantes con discapacidades.<\/p>\n<p>Como madre de estudiantes con discapacidades, sent\u00ed que ten\u00eda el deber de defender a mis hijos, y me alegro de haberlo hecho.<\/p>\n<\/div>\n<div>&nbsp;<\/div>\n<h3><a href=\"https:\/\/www.acluaz.org\/es\/node\/1062\" target=\"_blank\">Siguente: Requisitos de Conducta \u2192<\/a><\/h3>\n<h3><a href=\"https:\/\/www.acluaz.org\/es\/node\/1058\" target=\"_blank\">\u2190 Regresar a Tabla de Contenidos&nbsp;<\/a><\/h3>\n","protected":false},"excerpt":{"rendered":"<p>Como madre de estudiantes con discapacidades, sent\u00ed que ten\u00eda el deber de defender a mis hijos, y me alegro de haberlo hecho.<\/p>\n","protected":false},"author":0,"featured_media":0,"parent":0,"menu_order":0,"comment_status":"closed","ping_status":"closed","template":"","meta":{"_acf_changed":false,"_relevanssi_hide_post":"","_relevanssi_hide_content":"","_relevanssi_pin_for_all":"","_relevanssi_pin_keywords":"","_relevanssi_unpin_keywords":"","_relevanssi_related_keywords":"","_relevanssi_related_include_ids":"","_relevanssi_related_exclude_ids":"","_relevanssi_related_no_append":"","_relevanssi_related_not_related":"","_relevanssi_related_posts":"","_relevanssi_noindex_reason":"","footnotes":""},"class_list":["post-2188","page","type-page","status-publish","hentry"],"acf":{"layout":"default","header-group":{"header-description":"Como madre de estudiantes con discapacidades, sent\u00ed que ten\u00eda el deber de defender a mis hijos, y me alegro de haberlo hecho.\n","show-subnav":false,"hide-from-subnav":false},"components":[{"acf_fc_layout":"heading","heading":{"":null,"text":"Discriminando a Estudiantes con Discapacidades","anchor":"","sub-heading":"","type":"h2","heading-style":"standard"}},{"acf_fc_layout":"migrated","migrated":{"migrated":"<div>Por Jacque Salomon<\/div><div>\u00a0<\/div><div><p>Me emocion\u00e9 cuando recib\u00ed una llamada del plantel de la Academia Preparatoria de ASU, inform\u00e1ndome que mis hijos hab\u00edan sido seleccionados mediante un sorteo y ahora me invitaban a inscribirlos. Inmediatamente los di de baja de la escuela ch\u00e1rter a la que asist\u00edan, y fui a la Academia Preparatoria de ASU para comenzar el proceso de inscripci\u00f3n.<\/p><p>Mientras estaba all\u00ed, les dej\u00e9 el Programa de Educaci\u00f3n Individualizada de mis hijos, que detallaba sus necesidades de educaci\u00f3n especial y los servicios que la escuela deb\u00eda proporcionar. Cuando llegu\u00e9 a casa, hab\u00eda un mensaje en mi contestador autom\u00e1tico. Era de alguien de Academia Preparatoria de ASU que me llam\u00f3 para avisarme que no pod\u00eda inscribir a mis hijos despu\u00e9s de todo porque la escuela ya no ten\u00eda cupo para estudiantes con necesidades educativas especiales.<\/p><p>Llam\u00e9 a la escuela, pensando que se trataba de alg\u00fan tipo de malentendido. Pero ellos siguieron dici\u00e9ndome lo mismo. Su \u00fanica soluci\u00f3n fue volver a colocar a mis hijos en la lista de espera y llamarme cuando la escuela tuviera espacio para mis hijos. Sent\u00ed que la escuela discriminaba a mis hijos debido a sus necesidades educativas especiales, por lo que present\u00e9 una queja ante la Oficina de Derechos Civiles (OCR por sus siglas en ingl\u00e9s) del Departamento de Educaci\u00f3n de EE.UU. en enero de 2012.<\/p><p>Argument\u00e9 en mi queja que la Academia Preparatoria de ASU discrimin\u00f3 a mis hijos por discapacidad. Unas semanas m\u00e1s tarde, recib\u00ed una carta de la OCR inform\u00e1ndome que investigar\u00edan si la escuela viol\u00f3 la Secci\u00f3n 504 de la Ley de Rehabilitaci\u00f3n federal de 1973, que protege los derechos de los estudiantes con discapacidades en programas y actividades que reciben ayuda financiera federal del Departamento de Educaci\u00f3n de Estados Unidos.<\/p><p>No fue hasta aproximadamente ocho meses despu\u00e9s que la escuela voluntariamente firm\u00f3 un acuerdo de resoluci\u00f3n. Para entonces, ya hab\u00eda inscrito a mis hijos en su escuela anterior. Aunque la Academia Preparatoria de ASU no admiti\u00f3 fallas, acord\u00f3 realizar los cambios recomendados por la OCR para corregir el problema.<\/p><p>La escuela acord\u00f3 dar seguimiento a los estudiantes que se salen a mitad del a\u00f1o escolar, as\u00ed como documentar si tienen discapacidades y si recibieron educaci\u00f3n y servicios especiales. La escuela tambi\u00e9n acord\u00f3 documentar las necesidades acad\u00e9micas de los posibles estudiantes que est\u00e1n en la lista de espera para su admisi\u00f3n a mitad de a\u00f1o, y si finalmente asistieron a la escuela. Si los futuros estudiantes no asistieron, se le pidi\u00f3 a la escuela que explicara la raz\u00f3n. Esto permite que la OCR supervise los procedimientos de la escuela para garantizar que la escuela no discrimine a los estudiantes con discapacidades.<\/p><p>Como madre de estudiantes con discapacidades, sent\u00ed que ten\u00eda el deber de defender a mis hijos, y me alegro de haberlo hecho.<\/p><\/div><div>\u00a0<\/div>"}},{"acf_fc_layout":"heading","heading":{"":null,"text":"Siguente: Requisitos de Conducta \u2192","anchor":"","sub-heading":"<a href=\"https:\/\/www.acluaz.org\/es\/node\/1062\" target=\"_blank\">View<\/a>","type":"h3","heading-style":"standard"}},{"acf_fc_layout":"heading","heading":{"":null,"text":"\u2190 Regresar a Tabla de Contenidos\u00a0","anchor":"","sub-heading":"<a href=\"https:\/\/www.acluaz.org\/es\/node\/1058\" target=\"_blank\">View<\/a>","type":"h3","heading-style":"standard"}}],"section":null,"issues":null,"related_content":[],"documents":null},"yoast_head":"<!-- This site is optimized with the Yoast SEO plugin v24.9 - https:\/\/yoast.com\/wordpress\/plugins\/seo\/ -->\n<title>Discriminando a estudiantes con discapacidades - ACLU of Arizona<\/title>\n<meta name=\"robots\" content=\"index, follow, max-snippet:-1, max-image-preview:large, max-video-preview:-1\" \/>\n<link rel=\"canonical\" href=\"http:\/\/www.acluaz.org\/es\/discriminando-estudiantes-con-discapacidades\/\" \/>\n<meta property=\"og:locale\" content=\"es_ES\" \/>\n<meta property=\"og:type\" content=\"article\" \/>\n<meta property=\"og:title\" content=\"Discriminando a estudiantes con discapacidades - ACLU of Arizona\" \/>\n<meta property=\"og:description\" content=\"Como madre de estudiantes con discapacidades, sent\u00ed que ten\u00eda el deber de defender a mis hijos, y me alegro de haberlo hecho.\" \/>\n<meta property=\"og:url\" content=\"https:\/\/www.acluaz.org\/es\/discriminando-estudiantes-con-discapacidades\/\" \/>\n<meta property=\"og:site_name\" content=\"ACLU of Arizona\" \/>\n<meta property=\"og:image\" content=\"https:\/\/www.acluaz.org\/app\/themes\/aclu-parent\/img\/default_fb_share.jpg\" \/>\n<meta name=\"twitter:card\" content=\"summary_large_image\" \/>\n<script type=\"application\/ld+json\" class=\"yoast-schema-graph\">{\"@context\":\"https:\/\/schema.org\",\"@graph\":[{\"@type\":\"WebPage\",\"@id\":\"http:\/\/www.acluaz.org\/es\/discriminando-estudiantes-con-discapacidades\/\",\"url\":\"http:\/\/www.acluaz.org\/es\/discriminando-estudiantes-con-discapacidades\/\",\"name\":\"Discriminando a estudiantes con discapacidades - ACLU of Arizona\",\"isPartOf\":{\"@id\":\"https:\/\/www.acluaz.org\/#website\"},\"datePublished\":\"2017-12-14T00:45:00+00:00\",\"inLanguage\":\"es-ES\",\"potentialAction\":[{\"@type\":\"ReadAction\",\"target\":[\"http:\/\/www.acluaz.org\/es\/discriminando-estudiantes-con-discapacidades\/\"]}]},{\"@type\":\"WebSite\",\"@id\":\"https:\/\/www.acluaz.org\/#website\",\"url\":\"https:\/\/www.acluaz.org\/\",\"name\":\"ACLU of Arizona\",\"description\":\"\",\"publisher\":{\"@id\":\"https:\/\/www.acluaz.org\/#organization\"},\"potentialAction\":[{\"@type\":\"SearchAction\",\"target\":{\"@type\":\"EntryPoint\",\"urlTemplate\":\"https:\/\/www.acluaz.org\/?s={search_term_string}\"},\"query-input\":{\"@type\":\"PropertyValueSpecification\",\"valueRequired\":true,\"valueName\":\"search_term_string\"}}],\"inLanguage\":\"es-ES\"},{\"@type\":\"Organization\",\"@id\":\"https:\/\/www.acluaz.org\/#organization\",\"name\":\"ACLU of Arizona\",\"url\":\"https:\/\/www.acluaz.org\/\",\"logo\":{\"@type\":\"ImageObject\",\"inLanguage\":\"es-ES\",\"@id\":\"https:\/\/www.acluaz.org\/#\/schema\/logo\/image\/\",\"url\":\"https:\/\/www.acluaz.org\/app\/uploads\/2025\/09\/ACLU_Arizona_Moblie-Web_Color_RGB.png\",\"contentUrl\":\"https:\/\/www.acluaz.org\/app\/uploads\/2025\/09\/ACLU_Arizona_Moblie-Web_Color_RGB.png\",\"width\":2084,\"height\":2084,\"caption\":\"ACLU of Arizona\"},\"image\":{\"@id\":\"https:\/\/www.acluaz.org\/#\/schema\/logo\/image\/\"}}]}<\/script>\n<!-- \/ Yoast SEO plugin. -->","yoast_head_json":{"title":"Discriminando a estudiantes con discapacidades - ACLU of Arizona","robots":{"index":"index","follow":"follow","max-snippet":"max-snippet:-1","max-image-preview":"max-image-preview:large","max-video-preview":"max-video-preview:-1"},"canonical":"http:\/\/www.acluaz.org\/es\/discriminando-estudiantes-con-discapacidades\/","og_locale":"es_ES","og_type":"article","og_title":"Discriminando a estudiantes con discapacidades - ACLU of Arizona","og_description":"Como madre de estudiantes con discapacidades, sent\u00ed que ten\u00eda el deber de defender a mis hijos, y me alegro de haberlo hecho.","og_url":"https:\/\/www.acluaz.org\/es\/discriminando-estudiantes-con-discapacidades\/","og_site_name":"ACLU of Arizona","og_image":[{"url":"https:\/\/www.acluaz.org\/app\/themes\/aclu-parent\/img\/default_fb_share.jpg","type":"","width":"","height":""}],"twitter_card":"summary_large_image","schema":{"@context":"https:\/\/schema.org","@graph":[{"@type":"WebPage","@id":"http:\/\/www.acluaz.org\/es\/discriminando-estudiantes-con-discapacidades\/","url":"http:\/\/www.acluaz.org\/es\/discriminando-estudiantes-con-discapacidades\/","name":"Discriminando a estudiantes con discapacidades - ACLU of Arizona","isPartOf":{"@id":"https:\/\/www.acluaz.org\/#website"},"datePublished":"2017-12-14T00:45:00+00:00","inLanguage":"es-ES","potentialAction":[{"@type":"ReadAction","target":["http:\/\/www.acluaz.org\/es\/discriminando-estudiantes-con-discapacidades\/"]}]},{"@type":"WebSite","@id":"https:\/\/www.acluaz.org\/#website","url":"https:\/\/www.acluaz.org\/","name":"ACLU of Arizona","description":"","publisher":{"@id":"https:\/\/www.acluaz.org\/#organization"},"potentialAction":[{"@type":"SearchAction","target":{"@type":"EntryPoint","urlTemplate":"https:\/\/www.acluaz.org\/?s={search_term_string}"},"query-input":{"@type":"PropertyValueSpecification","valueRequired":true,"valueName":"search_term_string"}}],"inLanguage":"es-ES"},{"@type":"Organization","@id":"https:\/\/www.acluaz.org\/#organization","name":"ACLU of Arizona","url":"https:\/\/www.acluaz.org\/","logo":{"@type":"ImageObject","inLanguage":"es-ES","@id":"https:\/\/www.acluaz.org\/#\/schema\/logo\/image\/","url":"https:\/\/www.acluaz.org\/app\/uploads\/2025\/09\/ACLU_Arizona_Moblie-Web_Color_RGB.png","contentUrl":"https:\/\/www.acluaz.org\/app\/uploads\/2025\/09\/ACLU_Arizona_Moblie-Web_Color_RGB.png","width":2084,"height":2084,"caption":"ACLU of Arizona"},"image":{"@id":"https:\/\/www.acluaz.org\/#\/schema\/logo\/image\/"}}]}},"distributor_meta":false,"distributor_terms":false,"distributor_media":false,"distributor_original_site_name":"ACLU of Arizona","distributor_original_site_url":"https:\/\/www.acluaz.org\/es\/","push-errors":false,"_links":{"self":[{"href":"https:\/\/www.acluaz.org\/es\/wp-json\/wp\/v2\/pages\/2188","targetHints":{"allow":["GET"]}}],"collection":[{"href":"https:\/\/www.acluaz.org\/es\/wp-json\/wp\/v2\/pages"}],"about":[{"href":"https:\/\/www.acluaz.org\/es\/wp-json\/wp\/v2\/types\/page"}],"replies":[{"embeddable":true,"href":"https:\/\/www.acluaz.org\/es\/wp-json\/wp\/v2\/comments?post=2188"}],"version-history":[{"count":0,"href":"https:\/\/www.acluaz.org\/es\/wp-json\/wp\/v2\/pages\/2188\/revisions"}],"wp:attachment":[{"href":"https:\/\/www.acluaz.org\/es\/wp-json\/wp\/v2\/media?parent=2188"}],"curies":[{"name":"wp","href":"https:\/\/api.w.org\/{rel}","templated":true}]}}