{"id":2184,"date":"2017-12-13T19:45:00","date_gmt":"2017-12-14T00:45:00","guid":{"rendered":"https:\/\/www.acluaz.org\/menospreciando-estudiantes-que-no-encajan-en-el-molde\/"},"modified":"2017-12-13T19:45:00","modified_gmt":"2017-12-14T00:45:00","slug":"menospreciando-estudiantes-que-no-encajan-en-el-molde","status":"publish","type":"page","link":"https:\/\/www.acluaz.org\/es\/menospreciando-estudiantes-que-no-encajan-en-el-molde\/","title":{"rendered":"Menospreciando a estudiantes que no encajan en el molde"},"content":{"rendered":"<p>Danielle Kayfesh sol\u00eda pensar que estas escuelas aceptaban a todos los estudiantes, independientemente de su formaci\u00f3n acad\u00e9mica, y que les proporcionaba una educaci\u00f3n excepcional. Ahora, las ve como escuelas que escogen y eligen qu\u00e9 estudiantes quieren en sus clases.<br \/>\n<!--more--><\/p>\n<h2>Menospreciando a&nbsp;Estudiantes Que No Encajan en el Molde<\/h2>\n<p>Por Danielle Kayfesh&nbsp;<\/p>\n<p>Cuando mi familia y yo nos mudamos a Arizona en 2008, inscrib\u00ed a mi hijo en una escuela de distrito. \u00c9l estaba bien all\u00ed. En un momento dado, ocup\u00f3 la lista de honor por obtener buenas calificaciones. Despu\u00e9s de escuchar que las escuelas ch\u00e1rter eran mucho mejores que las escuelas de distrito, decid\u00ed inscribirlo en la Escuela Tradicional Legacy en Queen Creek. Comenz\u00f3 como un alumno de quinto grado en agosto de 2010.<\/p>\n<p>Una vez que mi hijo estaba en s\u00e9ptimo grado, tuve una junta con la subdirectora de la escuela. Ella me dijo que estaba preocupada por las bajas calificaciones de mi hijo, y me dijo que la escuela podr\u00eda no ser una buena opci\u00f3n para \u00e9l. Pero ignor\u00e9 su sugerencia de buscar otra escuela.<\/p>\n<p>Mi hijo continu\u00f3 hasta el 8\u00ba grado en Escuela Tradicional Legacy, pero sus calificaciones no mejoraron mucho. Nuevamente me llamaron para una junta con el subdirector. Aunque este era un subdirector nuevo, me dijo lo mismo que la anterior: que la Escuela Tradicional Legacy no era la escuela adecuada para mi hijo. Escuchar el mismo mensaje de dos subdirectores diferentes dej\u00f3 en claro que mi hijo no era bienvenido, as\u00ed que busqu\u00e9 una nueva escuela ch\u00e1rter.<\/p>\n<p>Encontr\u00e9 la Academia American Leadership en Queen Creek. La escuela requiri\u00f3 una junta con mi esposo y conmigo para completar el proceso de inscripci\u00f3n. Durante la junta, un miembro del personal de la escuela revis\u00f3 los registros escolares oficiales de nuestro hijo. Despu\u00e9s de ver que ten\u00eda dos calificaciones F y varias materias perdidas, nos dijeron que la escuela no era una buena opci\u00f3n para \u00e9l. En esencia, se rehusaban a inscribirlo debido a sus bajas calificaciones. Me sorprendi\u00f3 que no estuvieran dispuestos a darle una oportunidad. Lo rechazaban porque, en su opini\u00f3n, no era lo suficientemente bueno para esa escuela. Nos levantamos de nuestro asiento y nos retiramos.<\/p>\n<p>Sintiendo que ninguna otra escuela ch\u00e1rter lo recibir\u00eda, lo inscrib\u00ed en una escuela en l\u00ednea. \u00c9l ha estado tomando clases en l\u00ednea durante aproximadamente tres a\u00f1os.<\/p>\n<p>Toda esta experiencia corrompi\u00f3 mi opini\u00f3n de las escuelas ch\u00e1rter. Yo sol\u00eda pensar que estas escuelas aceptaban a todos los estudiantes, independientemente de su formaci\u00f3n acad\u00e9mica, y que les proporcionaba una educaci\u00f3n excepcional. Ahora, las veo como escuelas que escogen y eligen qu\u00e9 estudiantes quieren en sus clases.<\/p>\n<p><em>En una declaraci\u00f3n, Matthew Benson, portavoz de Escuela Tradicional Legacy, dijo: \"Si bien las leyes de privacidad de los estudiantes proh\u00edben la divulgaci\u00f3n de informaci\u00f3n personal sobre estudiantes actuales y antiguos, la Escuela Tradicional Legacy est\u00e1 y siempre se ha dedicado a proporcionar una cultura de inclusi\u00f3n y respeto para todos nuestros estudiantes y maestros. Creemos que todos los ni\u00f1os merecen el beneficio de una educaci\u00f3n de calidad, y es por eso que todos los estudiantes son bienvenidos en la Escuela Tradicional Legacy\".<\/em><\/p>\n<p><em>En una declaraci\u00f3n, la Academia American Leadership dijo que no ten\u00eda conocimiento del presunto incidente. Tambi\u00e9n dijo que la escuela siempre ha sido \"una escuela ch\u00e1rter p\u00fablica de inscripci\u00f3n abierta, y que cumple con todas las pautas estatales y federales relativas a la admisi\u00f3n de estudiantes\". La escuela agreg\u00f3 que \"no limita la admisi\u00f3n por raza, origen \u00e9tnico, origen nacional, religi\u00f3n, g\u00e9nero, nivel de ingresos, condici\u00f3n incapacitante, dominio del idioma ingl\u00e9s, habilidad acad\u00e9mica, art\u00edstica o atl\u00e9tica\".<\/em><\/p>\n<h3><a href=\"https:\/\/www.acluaz.org\/es\/node\/1070\" target=\"_blank\">Siguente:&nbsp;Responsabilidades&nbsp;\u2192<\/a><\/h3>\n<h3><a href=\"https:\/\/www.acluaz.org\/es\/node\/1058\" target=\"_blank\">\u2190 Regresar a Tabla de Contenidos<\/a><\/h3>\n","protected":false},"excerpt":{"rendered":"<p>Danielle Kayfesh sol\u00eda pensar que estas escuelas aceptaban a todos los estudiantes, independientemente de su formaci\u00f3n acad\u00e9mica, y que les proporcionaba una educaci\u00f3n excepcional. Ahora, las ve como escuelas que escogen y eligen qu\u00e9 estudiantes quieren en sus clases.<\/p>\n","protected":false},"author":0,"featured_media":0,"parent":0,"menu_order":0,"comment_status":"closed","ping_status":"closed","template":"","meta":{"_acf_changed":false,"_relevanssi_hide_post":"","_relevanssi_hide_content":"","_relevanssi_pin_for_all":"","_relevanssi_pin_keywords":"","_relevanssi_unpin_keywords":"","_relevanssi_related_keywords":"","_relevanssi_related_include_ids":"","_relevanssi_related_exclude_ids":"","_relevanssi_related_no_append":"","_relevanssi_related_not_related":"","_relevanssi_related_posts":"","_relevanssi_noindex_reason":"","footnotes":""},"class_list":["post-2184","page","type-page","status-publish","hentry"],"acf":{"layout":"default","header-group":{"header-description":"Danielle Kayfesh sol\u00eda pensar que estas escuelas aceptaban a todos los estudiantes, independientemente de su formaci\u00f3n acad\u00e9mica, y que les proporcionaba una educaci\u00f3n excepcional. Ahora, las ve como escuelas que escogen y eligen qu\u00e9 estudiantes quieren en sus clases.\n","show-subnav":false,"hide-from-subnav":false},"components":[{"acf_fc_layout":"heading","heading":{"":null,"text":"Menospreciando a\u00a0Estudiantes Que No Encajan en el Molde","anchor":"","sub-heading":"","type":"h2","heading-style":"standard"}},{"acf_fc_layout":"text","text":{"text":"Por Danielle Kayfesh \n\nCuando mi familia y yo nos mudamos a Arizona en 2008, inscrib\u00ed a mi hijo en una escuela de distrito. \u00c9l estaba bien all\u00ed. En un momento dado, ocup\u00f3 la lista de honor por obtener buenas calificaciones. Despu\u00e9s de escuchar que las escuelas ch\u00e1rter eran mucho mejores que las escuelas de distrito, decid\u00ed inscribirlo en la Escuela Tradicional Legacy en Queen Creek. Comenz\u00f3 como un alumno de quinto grado en agosto de 2010.\n\nUna vez que mi hijo estaba en s\u00e9ptimo grado, tuve una junta con la subdirectora de la escuela. Ella me dijo que estaba preocupada por las bajas calificaciones de mi hijo, y me dijo que la escuela podr\u00eda no ser una buena opci\u00f3n para \u00e9l. Pero ignor\u00e9 su sugerencia de buscar otra escuela.\n\nMi hijo continu\u00f3 hasta el 8\u00ba grado en Escuela Tradicional Legacy, pero sus calificaciones no mejoraron mucho. Nuevamente me llamaron para una junta con el subdirector. Aunque este era un subdirector nuevo, me dijo lo mismo que la anterior: que la Escuela Tradicional Legacy no era la escuela adecuada para mi hijo. Escuchar el mismo mensaje de dos subdirectores diferentes dej\u00f3 en claro que mi hijo no era bienvenido, as\u00ed que busqu\u00e9 una nueva escuela ch\u00e1rter.\n\nEncontr\u00e9 la Academia American Leadership en Queen Creek. La escuela requiri\u00f3 una junta con mi esposo y conmigo para completar el proceso de inscripci\u00f3n. Durante la junta, un miembro del personal de la escuela revis\u00f3 los registros escolares oficiales de nuestro hijo. Despu\u00e9s de ver que ten\u00eda dos calificaciones F y varias materias perdidas, nos dijeron que la escuela no era una buena opci\u00f3n para \u00e9l. En esencia, se rehusaban a inscribirlo debido a sus bajas calificaciones. Me sorprendi\u00f3 que no estuvieran dispuestos a darle una oportunidad. Lo rechazaban porque, en su opini\u00f3n, no era lo suficientemente bueno para esa escuela. Nos levantamos de nuestro asiento y nos retiramos.\n\nSintiendo que ninguna otra escuela ch\u00e1rter lo recibir\u00eda, lo inscrib\u00ed en una escuela en l\u00ednea. \u00c9l ha estado tomando clases en l\u00ednea durante aproximadamente tres a\u00f1os.\n\nToda esta experiencia corrompi\u00f3 mi opini\u00f3n de las escuelas ch\u00e1rter. Yo sol\u00eda pensar que estas escuelas aceptaban a todos los estudiantes, independientemente de su formaci\u00f3n acad\u00e9mica, y que les proporcionaba una educaci\u00f3n excepcional. Ahora, las veo como escuelas que escogen y eligen qu\u00e9 estudiantes quieren en sus clases.\n\n<em>En una declaraci\u00f3n, Matthew Benson, portavoz de Escuela Tradicional Legacy, dijo: \"Si bien las leyes de privacidad de los estudiantes proh\u00edben la divulgaci\u00f3n de informaci\u00f3n personal sobre estudiantes actuales y antiguos, la Escuela Tradicional Legacy est\u00e1 y siempre se ha dedicado a proporcionar una cultura de inclusi\u00f3n y respeto para todos nuestros estudiantes y maestros. Creemos que todos los ni\u00f1os merecen el beneficio de una educaci\u00f3n de calidad, y es por eso que todos los estudiantes son bienvenidos en la Escuela Tradicional Legacy\".<\/em>\n\n<em>En una declaraci\u00f3n, la Academia American Leadership dijo que no ten\u00eda conocimiento del presunto incidente. Tambi\u00e9n dijo que la escuela siempre ha sido \"una escuela ch\u00e1rter p\u00fablica de inscripci\u00f3n abierta, y que cumple con todas las pautas estatales y federales relativas a la admisi\u00f3n de estudiantes\". La escuela agreg\u00f3 que \"no limita la admisi\u00f3n por raza, origen \u00e9tnico, origen nacional, religi\u00f3n, g\u00e9nero, nivel de ingresos, condici\u00f3n incapacitante, dominio del idioma ingl\u00e9s, habilidad acad\u00e9mica, art\u00edstica o atl\u00e9tica\".<\/em>"}},{"acf_fc_layout":"heading","heading":{"":null,"text":"Siguente:\u00a0Responsabilidades\u00a0\u2192","anchor":"","sub-heading":"<a href=\"https:\/\/www.acluaz.org\/es\/node\/1070\" target=\"_blank\">View<\/a>","type":"h3","heading-style":"standard"}},{"acf_fc_layout":"heading","heading":{"":null,"text":"\u2190 Regresar a Tabla de Contenidos","anchor":"","sub-heading":"<a href=\"https:\/\/www.acluaz.org\/es\/node\/1058\" target=\"_blank\">View<\/a>","type":"h3","heading-style":"standard"}}],"section":null,"issues":null,"related_content":[],"documents":null},"yoast_head":"<!-- This site is optimized with the Yoast SEO plugin v24.9 - https:\/\/yoast.com\/wordpress\/plugins\/seo\/ -->\n<title>Menospreciando a estudiantes que no encajan en el molde - ACLU of Arizona<\/title>\n<meta name=\"robots\" content=\"index, follow, max-snippet:-1, max-image-preview:large, max-video-preview:-1\" \/>\n<link rel=\"canonical\" href=\"http:\/\/www.acluaz.org\/es\/menospreciando-estudiantes-que-no-encajan-en-el-molde\/\" \/>\n<meta property=\"og:locale\" content=\"es_ES\" \/>\n<meta property=\"og:type\" content=\"article\" \/>\n<meta property=\"og:title\" content=\"Menospreciando a estudiantes que no encajan en el molde - ACLU of Arizona\" \/>\n<meta property=\"og:description\" content=\"Danielle Kayfesh sol\u00eda pensar que estas escuelas aceptaban a todos los estudiantes, independientemente de su formaci\u00f3n acad\u00e9mica, y que les proporcionaba una educaci\u00f3n excepcional. Ahora, las ve como escuelas que escogen y eligen qu\u00e9 estudiantes quieren en sus clases.\" \/>\n<meta property=\"og:url\" content=\"https:\/\/www.acluaz.org\/es\/menospreciando-estudiantes-que-no-encajan-en-el-molde\/\" \/>\n<meta property=\"og:site_name\" content=\"ACLU of Arizona\" \/>\n<meta property=\"og:image\" content=\"https:\/\/www.acluaz.org\/app\/themes\/aclu-parent\/img\/default_fb_share.jpg\" \/>\n<meta name=\"twitter:card\" content=\"summary_large_image\" \/>\n<script type=\"application\/ld+json\" class=\"yoast-schema-graph\">{\"@context\":\"https:\/\/schema.org\",\"@graph\":[{\"@type\":\"WebPage\",\"@id\":\"http:\/\/www.acluaz.org\/es\/menospreciando-estudiantes-que-no-encajan-en-el-molde\/\",\"url\":\"http:\/\/www.acluaz.org\/es\/menospreciando-estudiantes-que-no-encajan-en-el-molde\/\",\"name\":\"Menospreciando a estudiantes que no encajan en el molde - ACLU of Arizona\",\"isPartOf\":{\"@id\":\"https:\/\/www.acluaz.org\/#website\"},\"datePublished\":\"2017-12-14T00:45:00+00:00\",\"inLanguage\":\"es-ES\",\"potentialAction\":[{\"@type\":\"ReadAction\",\"target\":[\"http:\/\/www.acluaz.org\/es\/menospreciando-estudiantes-que-no-encajan-en-el-molde\/\"]}]},{\"@type\":\"WebSite\",\"@id\":\"https:\/\/www.acluaz.org\/#website\",\"url\":\"https:\/\/www.acluaz.org\/\",\"name\":\"ACLU of Arizona\",\"description\":\"\",\"publisher\":{\"@id\":\"https:\/\/www.acluaz.org\/#organization\"},\"potentialAction\":[{\"@type\":\"SearchAction\",\"target\":{\"@type\":\"EntryPoint\",\"urlTemplate\":\"https:\/\/www.acluaz.org\/?s={search_term_string}\"},\"query-input\":{\"@type\":\"PropertyValueSpecification\",\"valueRequired\":true,\"valueName\":\"search_term_string\"}}],\"inLanguage\":\"es-ES\"},{\"@type\":\"Organization\",\"@id\":\"https:\/\/www.acluaz.org\/#organization\",\"name\":\"ACLU of Arizona\",\"url\":\"https:\/\/www.acluaz.org\/\",\"logo\":{\"@type\":\"ImageObject\",\"inLanguage\":\"es-ES\",\"@id\":\"https:\/\/www.acluaz.org\/#\/schema\/logo\/image\/\",\"url\":\"https:\/\/www.acluaz.org\/app\/uploads\/2025\/09\/ACLU_Arizona_Moblie-Web_Color_RGB.png\",\"contentUrl\":\"https:\/\/www.acluaz.org\/app\/uploads\/2025\/09\/ACLU_Arizona_Moblie-Web_Color_RGB.png\",\"width\":2084,\"height\":2084,\"caption\":\"ACLU of Arizona\"},\"image\":{\"@id\":\"https:\/\/www.acluaz.org\/#\/schema\/logo\/image\/\"}}]}<\/script>\n<!-- \/ Yoast SEO plugin. -->","yoast_head_json":{"title":"Menospreciando a estudiantes que no encajan en el molde - ACLU of Arizona","robots":{"index":"index","follow":"follow","max-snippet":"max-snippet:-1","max-image-preview":"max-image-preview:large","max-video-preview":"max-video-preview:-1"},"canonical":"http:\/\/www.acluaz.org\/es\/menospreciando-estudiantes-que-no-encajan-en-el-molde\/","og_locale":"es_ES","og_type":"article","og_title":"Menospreciando a estudiantes que no encajan en el molde - ACLU of Arizona","og_description":"Danielle Kayfesh sol\u00eda pensar que estas escuelas aceptaban a todos los estudiantes, independientemente de su formaci\u00f3n acad\u00e9mica, y que les proporcionaba una educaci\u00f3n excepcional. Ahora, las ve como escuelas que escogen y eligen qu\u00e9 estudiantes quieren en sus clases.","og_url":"https:\/\/www.acluaz.org\/es\/menospreciando-estudiantes-que-no-encajan-en-el-molde\/","og_site_name":"ACLU of Arizona","og_image":[{"url":"https:\/\/www.acluaz.org\/app\/themes\/aclu-parent\/img\/default_fb_share.jpg","type":"","width":"","height":""}],"twitter_card":"summary_large_image","schema":{"@context":"https:\/\/schema.org","@graph":[{"@type":"WebPage","@id":"http:\/\/www.acluaz.org\/es\/menospreciando-estudiantes-que-no-encajan-en-el-molde\/","url":"http:\/\/www.acluaz.org\/es\/menospreciando-estudiantes-que-no-encajan-en-el-molde\/","name":"Menospreciando a estudiantes que no encajan en el molde - ACLU of Arizona","isPartOf":{"@id":"https:\/\/www.acluaz.org\/#website"},"datePublished":"2017-12-14T00:45:00+00:00","inLanguage":"es-ES","potentialAction":[{"@type":"ReadAction","target":["http:\/\/www.acluaz.org\/es\/menospreciando-estudiantes-que-no-encajan-en-el-molde\/"]}]},{"@type":"WebSite","@id":"https:\/\/www.acluaz.org\/#website","url":"https:\/\/www.acluaz.org\/","name":"ACLU of Arizona","description":"","publisher":{"@id":"https:\/\/www.acluaz.org\/#organization"},"potentialAction":[{"@type":"SearchAction","target":{"@type":"EntryPoint","urlTemplate":"https:\/\/www.acluaz.org\/?s={search_term_string}"},"query-input":{"@type":"PropertyValueSpecification","valueRequired":true,"valueName":"search_term_string"}}],"inLanguage":"es-ES"},{"@type":"Organization","@id":"https:\/\/www.acluaz.org\/#organization","name":"ACLU of Arizona","url":"https:\/\/www.acluaz.org\/","logo":{"@type":"ImageObject","inLanguage":"es-ES","@id":"https:\/\/www.acluaz.org\/#\/schema\/logo\/image\/","url":"https:\/\/www.acluaz.org\/app\/uploads\/2025\/09\/ACLU_Arizona_Moblie-Web_Color_RGB.png","contentUrl":"https:\/\/www.acluaz.org\/app\/uploads\/2025\/09\/ACLU_Arizona_Moblie-Web_Color_RGB.png","width":2084,"height":2084,"caption":"ACLU of Arizona"},"image":{"@id":"https:\/\/www.acluaz.org\/#\/schema\/logo\/image\/"}}]}},"distributor_meta":false,"distributor_terms":false,"distributor_media":false,"distributor_original_site_name":"ACLU of Arizona","distributor_original_site_url":"https:\/\/www.acluaz.org\/es\/","push-errors":false,"_links":{"self":[{"href":"https:\/\/www.acluaz.org\/es\/wp-json\/wp\/v2\/pages\/2184","targetHints":{"allow":["GET"]}}],"collection":[{"href":"https:\/\/www.acluaz.org\/es\/wp-json\/wp\/v2\/pages"}],"about":[{"href":"https:\/\/www.acluaz.org\/es\/wp-json\/wp\/v2\/types\/page"}],"replies":[{"embeddable":true,"href":"https:\/\/www.acluaz.org\/es\/wp-json\/wp\/v2\/comments?post=2184"}],"version-history":[{"count":0,"href":"https:\/\/www.acluaz.org\/es\/wp-json\/wp\/v2\/pages\/2184\/revisions"}],"wp:attachment":[{"href":"https:\/\/www.acluaz.org\/es\/wp-json\/wp\/v2\/media?parent=2184"}],"curies":[{"name":"wp","href":"https:\/\/api.w.org\/{rel}","templated":true}]}}