{"id":2180,"date":"2017-12-13T19:45:00","date_gmt":"2017-12-14T00:45:00","guid":{"rendered":"https:\/\/www.acluaz.org\/falta-de-asistencia-academica\/"},"modified":"2017-12-13T19:45:00","modified_gmt":"2017-12-14T00:45:00","slug":"falta-de-asistencia-academica","status":"publish","type":"page","link":"https:\/\/www.acluaz.org\/es\/falta-de-asistencia-academica\/","title":{"rendered":"Falta de asistencia acad\u00e9mica"},"content":{"rendered":"<p>Onida Perkel penso que su hija iba a obtener una excelente educaci\u00f3n, pero fue decepcionada.<br \/>\n<!--more--><\/p>\n<h2>Falta de Asistencia&nbsp;Acad\u00e9mica<\/h2>\n<p>Por Onida Perkel<\/p>\n<p>Hab\u00eda escuchado muchas cosas maravillosas sobre las escuelas BASIS, tales como que ten\u00edan un plan de estudios de alto rendimiento y que son unas de las mejores escuelas de la naci\u00f3n. Quer\u00eda que mi hija obtuviera la mejor educaci\u00f3n posible, as\u00ed que la inscrib\u00ed, primero en BASIS de Phoenix Central, y luego en la Escuela Primaria BASIS de Scottsdale.<\/p>\n<p>Ella comenz\u00f3 el a\u00f1o escolar 2015-2016 como estudiante de cuarto grado. En unas pocas semanas, comenz\u00f3 a tener dificultades con las matem\u00e1ticas. Ella ten\u00eda un plan 504, que es un plan que describe c\u00f3mo la escuela abordar\u00e1 las necesidades individuales de mi hija. Seg\u00fan el plan, se supon\u00eda que la maestra de mi hija le dar\u00eda m\u00e1s tiempo y ayuda con sus tareas de matem\u00e1ticas. Para diciembre, estaba muy atrasada y estaba reprobando en la clase de matem\u00e1ticas. Habl\u00e9 con la escuela sobre el desarrollo de un Programa de Educaci\u00f3n Individualizado (IEP), que es un plan que describe los programas y servicios especiales que un estudiante requiere para tener \u00e9xito en la escuela. Se program\u00f3 una junta para el 3 de marzo.<\/p>\n<p>Durante la junta, elaboramos un plan para satisfacer las necesidades de mi hija. La escuela trajo un abogado a la junta, lo que me pareci\u00f3 intimidante. Decidimos que un maestro de educaci\u00f3n especial la ayudar\u00eda con las matem\u00e1ticas. Tambi\u00e9n acordamos que recibir\u00eda ayuda para desarrollar sus habilidades organizativas. Sin embargo, la escuela nunca me inform\u00f3 que ten\u00eda que firmar un formulario de autorizaci\u00f3n para que mi hija pudiera comenzar a recibir estos servicios. No fue hasta el 13 de mayo, que fue el \u00faltimo d\u00eda de clases, que la escuela finalmente me inform\u00f3 sobre el formulario de autorizaci\u00f3n. Para entonces, ya era demasiado tarde en el a\u00f1o escolar para que mi hija comenzara a recibir sus servicios del IEP.<\/p>\n<p>Ese mismo d\u00eda, present\u00e9 una queja ante el Departamento de Educaci\u00f3n de Arizona. El investigador de la queja concluy\u00f3 que, aunque la escuela intent\u00f3 que firmara el formulario de autorizaci\u00f3n en m\u00faltiples ocasiones, la escuela no me inform\u00f3 completamente de la actividad para la cual se solicitaba la autorizaci\u00f3n. Estoy de acuerdo con esta conclusi\u00f3n. El personal de la escuela se dirigi\u00f3 a m\u00ed varias veces, pero nunca tuvieron claro por qu\u00e9 necesitaban mi firma. Como resultado, mi hija perdi\u00f3 1,000 minutos de instrucci\u00f3n en matem\u00e1ticas, y 450 minutos de instrucci\u00f3n en habilidades de organizaci\u00f3n.<\/p>\n<p>El siguiente a\u00f1o escolar, inscrib\u00ed a mi hija en una escuela del distrito, que le proporcion\u00f3 a mi hija los servicios que la Escuela Primaria BASIS de Scottsdale no le proporcion\u00f3. Me alej\u00e9 de la escuela BASIS sinti\u00e9ndome decepcionada. Pens\u00e9 que mi hija iba a obtener una excelente educaci\u00f3n dado lo prestigiosas que se dice que son las escuelas BASIS. En cambio, la escuela nos apart\u00f3 al no brindarle los servicios que necesitaba, y creo que todo se debe a que mi hija no cumpli\u00f3 con sus est\u00e1ndares.<\/p>\n<h3><a href=\"https:\/\/www.acluaz.org\/es\/node\/1068\" target=\"_blank\">Siguente: Otras Resultados&nbsp; \u2192<\/a><\/h3>\n<h3><a href=\"https:\/\/www.acluaz.org\/es\/node\/1058\" target=\"_blank\">\u2190 Regresar a Table de Contenidos&nbsp;<\/a><\/h3>\n","protected":false},"excerpt":{"rendered":"<p>Onida Perkel penso que su hija iba a obtener una excelente educaci\u00f3n, pero fue decepcionada.<\/p>\n","protected":false},"author":0,"featured_media":0,"parent":0,"menu_order":0,"comment_status":"closed","ping_status":"closed","template":"","meta":{"_acf_changed":false,"_relevanssi_hide_post":"","_relevanssi_hide_content":"","_relevanssi_pin_for_all":"","_relevanssi_pin_keywords":"","_relevanssi_unpin_keywords":"","_relevanssi_related_keywords":"","_relevanssi_related_include_ids":"","_relevanssi_related_exclude_ids":"","_relevanssi_related_no_append":"","_relevanssi_related_not_related":"","_relevanssi_related_posts":"","_relevanssi_noindex_reason":"","footnotes":""},"class_list":["post-2180","page","type-page","status-publish","hentry"],"acf":{"layout":"default","header-group":{"header-description":"Onida Perkel penso que su hija iba a obtener una excelente educaci\u00f3n, pero fue decepcionada. \n","show-subnav":false,"hide-from-subnav":false},"components":[{"acf_fc_layout":"heading","heading":{"":null,"text":"Falta de Asistencia\u00a0Acad\u00e9mica","anchor":"","sub-heading":"","type":"h2","heading-style":"standard"}},{"acf_fc_layout":"text","text":{"text":"Por Onida Perkel\n\nHab\u00eda escuchado muchas cosas maravillosas sobre las escuelas BASIS, tales como que ten\u00edan un plan de estudios de alto rendimiento y que son unas de las mejores escuelas de la naci\u00f3n. Quer\u00eda que mi hija obtuviera la mejor educaci\u00f3n posible, as\u00ed que la inscrib\u00ed, primero en BASIS de Phoenix Central, y luego en la Escuela Primaria BASIS de Scottsdale.\n\nElla comenz\u00f3 el a\u00f1o escolar 2015-2016 como estudiante de cuarto grado. En unas pocas semanas, comenz\u00f3 a tener dificultades con las matem\u00e1ticas. Ella ten\u00eda un plan 504, que es un plan que describe c\u00f3mo la escuela abordar\u00e1 las necesidades individuales de mi hija. Seg\u00fan el plan, se supon\u00eda que la maestra de mi hija le dar\u00eda m\u00e1s tiempo y ayuda con sus tareas de matem\u00e1ticas. Para diciembre, estaba muy atrasada y estaba reprobando en la clase de matem\u00e1ticas. Habl\u00e9 con la escuela sobre el desarrollo de un Programa de Educaci\u00f3n Individualizado (IEP), que es un plan que describe los programas y servicios especiales que un estudiante requiere para tener \u00e9xito en la escuela. Se program\u00f3 una junta para el 3 de marzo.\n\nDurante la junta, elaboramos un plan para satisfacer las necesidades de mi hija. La escuela trajo un abogado a la junta, lo que me pareci\u00f3 intimidante. Decidimos que un maestro de educaci\u00f3n especial la ayudar\u00eda con las matem\u00e1ticas. Tambi\u00e9n acordamos que recibir\u00eda ayuda para desarrollar sus habilidades organizativas. Sin embargo, la escuela nunca me inform\u00f3 que ten\u00eda que firmar un formulario de autorizaci\u00f3n para que mi hija pudiera comenzar a recibir estos servicios. No fue hasta el 13 de mayo, que fue el \u00faltimo d\u00eda de clases, que la escuela finalmente me inform\u00f3 sobre el formulario de autorizaci\u00f3n. Para entonces, ya era demasiado tarde en el a\u00f1o escolar para que mi hija comenzara a recibir sus servicios del IEP.\n\nEse mismo d\u00eda, present\u00e9 una queja ante el Departamento de Educaci\u00f3n de Arizona. El investigador de la queja concluy\u00f3 que, aunque la escuela intent\u00f3 que firmara el formulario de autorizaci\u00f3n en m\u00faltiples ocasiones, la escuela no me inform\u00f3 completamente de la actividad para la cual se solicitaba la autorizaci\u00f3n. Estoy de acuerdo con esta conclusi\u00f3n. El personal de la escuela se dirigi\u00f3 a m\u00ed varias veces, pero nunca tuvieron claro por qu\u00e9 necesitaban mi firma. Como resultado, mi hija perdi\u00f3 1,000 minutos de instrucci\u00f3n en matem\u00e1ticas, y 450 minutos de instrucci\u00f3n en habilidades de organizaci\u00f3n.\n\nEl siguiente a\u00f1o escolar, inscrib\u00ed a mi hija en una escuela del distrito, que le proporcion\u00f3 a mi hija los servicios que la Escuela Primaria BASIS de Scottsdale no le proporcion\u00f3. Me alej\u00e9 de la escuela BASIS sinti\u00e9ndome decepcionada. Pens\u00e9 que mi hija iba a obtener una excelente educaci\u00f3n dado lo prestigiosas que se dice que son las escuelas BASIS. En cambio, la escuela nos apart\u00f3 al no brindarle los servicios que necesitaba, y creo que todo se debe a que mi hija no cumpli\u00f3 con sus est\u00e1ndares."}},{"acf_fc_layout":"heading","heading":{"":null,"text":"Siguente: Otras Resultados\u00a0 \u2192","anchor":"","sub-heading":"<a href=\"https:\/\/www.acluaz.org\/es\/node\/1068\" target=\"_blank\">View<\/a>","type":"h3","heading-style":"standard"}},{"acf_fc_layout":"heading","heading":{"":null,"text":"\u2190 Regresar a Table de Contenidos\u00a0","anchor":"","sub-heading":"<a href=\"https:\/\/www.acluaz.org\/es\/node\/1058\" target=\"_blank\">View<\/a>","type":"h3","heading-style":"standard"}}],"section":null,"issues":null,"related_content":[],"documents":null},"yoast_head":"<!-- This site is optimized with the Yoast SEO plugin v24.9 - https:\/\/yoast.com\/wordpress\/plugins\/seo\/ -->\n<title>Falta de asistencia acad\u00e9mica - ACLU of Arizona<\/title>\n<meta name=\"robots\" content=\"index, follow, max-snippet:-1, max-image-preview:large, max-video-preview:-1\" \/>\n<link rel=\"canonical\" href=\"http:\/\/www.acluaz.org\/es\/falta-de-asistencia-academica\/\" \/>\n<meta property=\"og:locale\" content=\"es_ES\" \/>\n<meta property=\"og:type\" content=\"article\" \/>\n<meta property=\"og:title\" content=\"Falta de asistencia acad\u00e9mica - ACLU of Arizona\" \/>\n<meta property=\"og:description\" content=\"Onida Perkel penso que su hija iba a obtener una excelente educaci\u00f3n, pero fue decepcionada.\" \/>\n<meta property=\"og:url\" content=\"https:\/\/www.acluaz.org\/es\/falta-de-asistencia-academica\/\" \/>\n<meta property=\"og:site_name\" content=\"ACLU of Arizona\" \/>\n<meta property=\"og:image\" content=\"https:\/\/www.acluaz.org\/app\/themes\/aclu-parent\/img\/default_fb_share.jpg\" \/>\n<meta name=\"twitter:card\" content=\"summary_large_image\" \/>\n<script type=\"application\/ld+json\" class=\"yoast-schema-graph\">{\"@context\":\"https:\/\/schema.org\",\"@graph\":[{\"@type\":\"WebPage\",\"@id\":\"http:\/\/www.acluaz.org\/es\/falta-de-asistencia-academica\/\",\"url\":\"http:\/\/www.acluaz.org\/es\/falta-de-asistencia-academica\/\",\"name\":\"Falta de asistencia acad\u00e9mica - ACLU of Arizona\",\"isPartOf\":{\"@id\":\"https:\/\/www.acluaz.org\/#website\"},\"datePublished\":\"2017-12-14T00:45:00+00:00\",\"inLanguage\":\"es-ES\",\"potentialAction\":[{\"@type\":\"ReadAction\",\"target\":[\"http:\/\/www.acluaz.org\/es\/falta-de-asistencia-academica\/\"]}]},{\"@type\":\"WebSite\",\"@id\":\"https:\/\/www.acluaz.org\/#website\",\"url\":\"https:\/\/www.acluaz.org\/\",\"name\":\"ACLU of Arizona\",\"description\":\"\",\"publisher\":{\"@id\":\"https:\/\/www.acluaz.org\/#organization\"},\"potentialAction\":[{\"@type\":\"SearchAction\",\"target\":{\"@type\":\"EntryPoint\",\"urlTemplate\":\"https:\/\/www.acluaz.org\/?s={search_term_string}\"},\"query-input\":{\"@type\":\"PropertyValueSpecification\",\"valueRequired\":true,\"valueName\":\"search_term_string\"}}],\"inLanguage\":\"es-ES\"},{\"@type\":\"Organization\",\"@id\":\"https:\/\/www.acluaz.org\/#organization\",\"name\":\"ACLU of Arizona\",\"url\":\"https:\/\/www.acluaz.org\/\",\"logo\":{\"@type\":\"ImageObject\",\"inLanguage\":\"es-ES\",\"@id\":\"https:\/\/www.acluaz.org\/#\/schema\/logo\/image\/\",\"url\":\"https:\/\/www.acluaz.org\/app\/uploads\/2025\/09\/ACLU_Arizona_Moblie-Web_Color_RGB.png\",\"contentUrl\":\"https:\/\/www.acluaz.org\/app\/uploads\/2025\/09\/ACLU_Arizona_Moblie-Web_Color_RGB.png\",\"width\":2084,\"height\":2084,\"caption\":\"ACLU of Arizona\"},\"image\":{\"@id\":\"https:\/\/www.acluaz.org\/#\/schema\/logo\/image\/\"}}]}<\/script>\n<!-- \/ Yoast SEO plugin. -->","yoast_head_json":{"title":"Falta de asistencia acad\u00e9mica - ACLU of Arizona","robots":{"index":"index","follow":"follow","max-snippet":"max-snippet:-1","max-image-preview":"max-image-preview:large","max-video-preview":"max-video-preview:-1"},"canonical":"http:\/\/www.acluaz.org\/es\/falta-de-asistencia-academica\/","og_locale":"es_ES","og_type":"article","og_title":"Falta de asistencia acad\u00e9mica - ACLU of Arizona","og_description":"Onida Perkel penso que su hija iba a obtener una excelente educaci\u00f3n, pero fue decepcionada.","og_url":"https:\/\/www.acluaz.org\/es\/falta-de-asistencia-academica\/","og_site_name":"ACLU of Arizona","og_image":[{"url":"https:\/\/www.acluaz.org\/app\/themes\/aclu-parent\/img\/default_fb_share.jpg","type":"","width":"","height":""}],"twitter_card":"summary_large_image","schema":{"@context":"https:\/\/schema.org","@graph":[{"@type":"WebPage","@id":"http:\/\/www.acluaz.org\/es\/falta-de-asistencia-academica\/","url":"http:\/\/www.acluaz.org\/es\/falta-de-asistencia-academica\/","name":"Falta de asistencia acad\u00e9mica - ACLU of Arizona","isPartOf":{"@id":"https:\/\/www.acluaz.org\/#website"},"datePublished":"2017-12-14T00:45:00+00:00","inLanguage":"es-ES","potentialAction":[{"@type":"ReadAction","target":["http:\/\/www.acluaz.org\/es\/falta-de-asistencia-academica\/"]}]},{"@type":"WebSite","@id":"https:\/\/www.acluaz.org\/#website","url":"https:\/\/www.acluaz.org\/","name":"ACLU of Arizona","description":"","publisher":{"@id":"https:\/\/www.acluaz.org\/#organization"},"potentialAction":[{"@type":"SearchAction","target":{"@type":"EntryPoint","urlTemplate":"https:\/\/www.acluaz.org\/?s={search_term_string}"},"query-input":{"@type":"PropertyValueSpecification","valueRequired":true,"valueName":"search_term_string"}}],"inLanguage":"es-ES"},{"@type":"Organization","@id":"https:\/\/www.acluaz.org\/#organization","name":"ACLU of Arizona","url":"https:\/\/www.acluaz.org\/","logo":{"@type":"ImageObject","inLanguage":"es-ES","@id":"https:\/\/www.acluaz.org\/#\/schema\/logo\/image\/","url":"https:\/\/www.acluaz.org\/app\/uploads\/2025\/09\/ACLU_Arizona_Moblie-Web_Color_RGB.png","contentUrl":"https:\/\/www.acluaz.org\/app\/uploads\/2025\/09\/ACLU_Arizona_Moblie-Web_Color_RGB.png","width":2084,"height":2084,"caption":"ACLU of Arizona"},"image":{"@id":"https:\/\/www.acluaz.org\/#\/schema\/logo\/image\/"}}]}},"distributor_meta":false,"distributor_terms":false,"distributor_media":false,"distributor_original_site_name":"ACLU of Arizona","distributor_original_site_url":"https:\/\/www.acluaz.org\/es\/","push-errors":false,"_links":{"self":[{"href":"https:\/\/www.acluaz.org\/es\/wp-json\/wp\/v2\/pages\/2180","targetHints":{"allow":["GET"]}}],"collection":[{"href":"https:\/\/www.acluaz.org\/es\/wp-json\/wp\/v2\/pages"}],"about":[{"href":"https:\/\/www.acluaz.org\/es\/wp-json\/wp\/v2\/types\/page"}],"replies":[{"embeddable":true,"href":"https:\/\/www.acluaz.org\/es\/wp-json\/wp\/v2\/comments?post=2180"}],"version-history":[{"count":0,"href":"https:\/\/www.acluaz.org\/es\/wp-json\/wp\/v2\/pages\/2180\/revisions"}],"wp:attachment":[{"href":"https:\/\/www.acluaz.org\/es\/wp-json\/wp\/v2\/media?parent=2180"}],"curies":[{"name":"wp","href":"https:\/\/api.w.org\/{rel}","templated":true}]}}