{"id":2176,"date":"2017-12-13T19:30:00","date_gmt":"2017-12-14T00:30:00","guid":{"rendered":"https:\/\/www.acluaz.org\/rechazando-estudiantes-que-buscan-servicios-de-educacion-especial\/"},"modified":"2017-12-13T19:30:00","modified_gmt":"2017-12-14T00:30:00","slug":"rechazando-estudiantes-que-buscan-servicios-de-educacion-especial","status":"publish","type":"page","link":"https:\/\/www.acluaz.org\/es\/rechazando-estudiantes-que-buscan-servicios-de-educacion-especial\/","title":{"rendered":"Rechazando a estudiantes que buscan servicios de educaci\u00f3n especial"},"content":{"rendered":"<p>La respuesta de la escuela, sin embargo, fue decepcionante. Me dijeron que la escuela no pod\u00eda dar cabida a mi hijo, y que no ten\u00edan los recursos para atender las necesidades de mi hijo.<br \/>\n<!--more--><\/p>\n<h2>Rechazando a Estudiantes que Buscan Servicios de Educaci\u00f3n Especial&nbsp;<\/h2>\n<div>Por Laura Mason&nbsp;<\/div>\n<div>&nbsp;<\/div>\n<div>\n<div>\n<p>Cuando me enter\u00e9 que se estaba abriendo una escuela Great Hearts en nuestro vecindario, aprovech\u00e9 la oportunidad para inscribir a mis hijos gemelos, que estaban a punto de ingresar al kindergarten. Quer\u00eda que obtuvieran una buena educaci\u00f3n, y sab\u00eda que estas escuelas ten\u00edan un alto rendimiento.<\/p>\n<p>La Escuela Great Hearts Archway Arete abri\u00f3 sus puertas cerca de nuestro vecindario en la ciudad de Gilbert en agosto de 2015. Intent\u00e9 inscribir a mis hijos y me asignaron al sistema de sorteo de la escuela. En enero, fuimos seleccionados mediante el sorteo y se nos invit\u00f3 a inscribirlos. Llam\u00e9 a la escuela y ped\u00ed hablar con quien estaba a cargo de los servicios de educaci\u00f3n especial. Quer\u00eda asegurarme de que mi hijo que hab\u00eda sido diagnosticado con autismo recibiera los servicios que necesitaba. En ese momento, ten\u00eda un Programa de Educaci\u00f3n Individualizado (IEP), que detallaba sus necesidades de aprendizaje y los servicios que la escuela deb\u00eda proporcionar.<\/p>\n<p>La respuesta de la escuela, sin embargo, fue decepcionante. Me dijeron que la escuela no pod\u00eda dar cabida a mi hijo, y que no ten\u00edan los recursos para atender las necesidades de mi hijo. En ese momento, no sab\u00eda mucho sobre las escuelas ch\u00e1rter. Pens\u00e9 que operaban de manera similar a las escuelas privadas y, por lo tanto, que la ley estatal y federal no les exig\u00eda que prestaran los mismos servicios de educaci\u00f3n especial que las escuelas de distrito.<\/p>\n<p>Termin\u00e9 no inscribiendo a mis hijos en la escuela Great Hearts Archway Arete. En cambio, los llev\u00e9 a la escuela del distrito cercana. A uno de mis hijos le fue bien ah\u00ed. Pero para mi otro hijo, pens\u00e9 que la escuela no satisfac\u00eda sus necesidades. Lo di de baja unos meses despu\u00e9s de cursar el primer grado y consider\u00e9 cambiarlo a la Escuela Ch\u00e1rter San Tan. La escuela me dijo que le enviara copias de su IEP y que diera un recorrido en la escuela. No se mencion\u00f3 ni una sola palabra en el recorrido sobre los servicios de educaci\u00f3n especial, pero con certeza se habl\u00f3 mucho sobre su programa para estudiantes dotados. Intent\u00e9 dar seguimiento con correos electr\u00f3nicos constantes y llamadas telef\u00f3nicas, pero me ignoraron por completo.<\/p>\n<p>Luego solicit\u00e9 una Cuenta de Becas de Empoderamiento, pensando que me ayudar\u00eda a encontrar la escuela adecuada para mi hijo. Una de las escuelas que consideramos despu\u00e9s de que se nos concedi\u00f3 una beca de la ESA fue la Escuela Ch\u00e1rter Pieceful Solutions en Chandler. Hab\u00eda escuchado que la escuela daba la bienvenida a estudiantes con autismo y que ten\u00eda un programa especialmente para ellos.<\/p>\n<p>Entregu\u00e9 el formulario de inscripci\u00f3n y pasaron las semanas sin recibir una llamada o respuesta por correo electr\u00f3nico de la escuela. Cuando finalmente me llamaron de nuevo, program\u00e9 un recorrido, durante el cual pregunt\u00e9 por qu\u00e9 la escuela estaba ignorando mis llamadas y mis correos electr\u00f3nicos. Su respuesta fue que no era bienvenida all\u00ed. Me dijeron que mi hijo ten\u00eda un funcionamiento demasiado alto para su programa de autismo, y que hab\u00eda otros ni\u00f1os detr\u00e1s de m\u00ed para quienes la escuela se adaptaba mejor. Dej\u00e9 Pieceful Solutions sinti\u00e9ndome rechazada. La escuela cerr\u00f3 unos a\u00f1os despu\u00e9s.<\/p>\n<p>Trat\u00e9 de buscar en otras escuelas, incluyendo algunas privadas, que aceptar\u00edan la beca ESA. Despu\u00e9s de recorrer alrededor de 20 escuelas, no pude encontrar una escuela donde sintiera que mi hijo prosperar\u00eda. Me sent\u00ed bienvenida en algunas de las escuelas que visitamos, pero sent\u00ed que ninguna de ellas era apropiada para su nivel de funcionamiento, y que no habr\u00eda satisfecho sus necesidades.<\/p>\n<p>Despu\u00e9s de pensar que no hab\u00eda opciones para una educaci\u00f3n adecuada para mi hijo, comenc\u00e9 a considerar mudarme a la costa este de EE.UU., donde me enter\u00e9 de varias escuelas dise\u00f1adas para ni\u00f1os con autismo. No fue hasta que me reun\u00ed con la directora de educaci\u00f3n especial de las Escuelas P\u00fablicas de Gilbert que finalmente encontr\u00e9 una buena escuela. Le cont\u00e9 lo que hab\u00eda experimentado y me sugiri\u00f3 que probara en otra escuela del distrito. Siguiendo su consejo, inscrib\u00ed a mi hijo en la escuela del distrito que ella me recomend\u00f3. Ahora est\u00e1 en segundo grado y est\u00e1 prosperando.<\/p>\n<p>&nbsp;<\/p>\n<\/div>\n<h3><a href=\"https:\/\/www.acluaz.org\/es\/entrevista-previa-a-la-inscripcion-y-requisitos-de-ensayos\/\" target=\"_blank\">Siguente:&nbsp;<\/a><a href=\"https:\/\/www.acluaz.org\/es\/node\/1065\" target=\"_blank\">Entrevista Previa a la Inscripci\u00f3n y Requisitos de Ensayos<\/a><a href=\"https:\/\/www.acluaz.org\/es\/entrevista-previa-a-la-inscripcion-y-requisitos-de-ensayos\/\" style=\"font-size: 1rem;\" target=\"_blank\">\u2192<\/a><\/h3>\n<h3><a href=\"https:\/\/www.acluaz.org\/es\/node\/1058\" target=\"_blank\">\u2190 Back to Table of Contents&nbsp;<\/a><\/h3>\n<\/div>\n<p>&nbsp;<\/p>\n","protected":false},"excerpt":{"rendered":"<p>La respuesta de la escuela, sin embargo, fue decepcionante. Me dijeron que la escuela no pod\u00eda dar cabida a mi hijo, y que no ten\u00edan los recursos para atender las necesidades de mi hijo.<\/p>\n","protected":false},"author":0,"featured_media":0,"parent":0,"menu_order":0,"comment_status":"closed","ping_status":"closed","template":"","meta":{"_acf_changed":false,"_relevanssi_hide_post":"","_relevanssi_hide_content":"","_relevanssi_pin_for_all":"","_relevanssi_pin_keywords":"","_relevanssi_unpin_keywords":"","_relevanssi_related_keywords":"","_relevanssi_related_include_ids":"","_relevanssi_related_exclude_ids":"","_relevanssi_related_no_append":"","_relevanssi_related_not_related":"","_relevanssi_related_posts":"","_relevanssi_noindex_reason":"","footnotes":""},"class_list":["post-2176","page","type-page","status-publish","hentry"],"acf":{"layout":"default","header-group":{"header-description":"La respuesta de la escuela, sin embargo, fue decepcionante. Me dijeron que la escuela no pod\u00eda dar cabida a mi hijo, y que no ten\u00edan los recursos para atender las necesidades de mi hijo. \n","show-subnav":false,"hide-from-subnav":false},"components":[{"acf_fc_layout":"heading","heading":{"":null,"text":"Rechazando a Estudiantes que Buscan Servicios de Educaci\u00f3n Especial\u00a0","anchor":"","sub-heading":"","type":"h2","heading-style":"standard"}},{"acf_fc_layout":"migrated","migrated":{"migrated":"<div>Por Laura Mason\u00a0<\/div><div>\u00a0<\/div><div><div><p>Cuando me enter\u00e9 que se estaba abriendo una escuela Great Hearts en nuestro vecindario, aprovech\u00e9 la oportunidad para inscribir a mis hijos gemelos, que estaban a punto de ingresar al kindergarten. Quer\u00eda que obtuvieran una buena educaci\u00f3n, y sab\u00eda que estas escuelas ten\u00edan un alto rendimiento.<\/p><p>La Escuela Great Hearts Archway Arete abri\u00f3 sus puertas cerca de nuestro vecindario en la ciudad de Gilbert en agosto de 2015. Intent\u00e9 inscribir a mis hijos y me asignaron al sistema de sorteo de la escuela. En enero, fuimos seleccionados mediante el sorteo y se nos invit\u00f3 a inscribirlos. Llam\u00e9 a la escuela y ped\u00ed hablar con quien estaba a cargo de los servicios de educaci\u00f3n especial. Quer\u00eda asegurarme de que mi hijo que hab\u00eda sido diagnosticado con autismo recibiera los servicios que necesitaba. En ese momento, ten\u00eda un Programa de Educaci\u00f3n Individualizado (IEP), que detallaba sus necesidades de aprendizaje y los servicios que la escuela deb\u00eda proporcionar.<\/p><p>La respuesta de la escuela, sin embargo, fue decepcionante. Me dijeron que la escuela no pod\u00eda dar cabida a mi hijo, y que no ten\u00edan los recursos para atender las necesidades de mi hijo. En ese momento, no sab\u00eda mucho sobre las escuelas ch\u00e1rter. Pens\u00e9 que operaban de manera similar a las escuelas privadas y, por lo tanto, que la ley estatal y federal no les exig\u00eda que prestaran los mismos servicios de educaci\u00f3n especial que las escuelas de distrito.<\/p><p>Termin\u00e9 no inscribiendo a mis hijos en la escuela Great Hearts Archway Arete. En cambio, los llev\u00e9 a la escuela del distrito cercana. A uno de mis hijos le fue bien ah\u00ed. Pero para mi otro hijo, pens\u00e9 que la escuela no satisfac\u00eda sus necesidades. Lo di de baja unos meses despu\u00e9s de cursar el primer grado y consider\u00e9 cambiarlo a la Escuela Ch\u00e1rter San Tan. La escuela me dijo que le enviara copias de su IEP y que diera un recorrido en la escuela. No se mencion\u00f3 ni una sola palabra en el recorrido sobre los servicios de educaci\u00f3n especial, pero con certeza se habl\u00f3 mucho sobre su programa para estudiantes dotados. Intent\u00e9 dar seguimiento con correos electr\u00f3nicos constantes y llamadas telef\u00f3nicas, pero me ignoraron por completo.<\/p><p>Luego solicit\u00e9 una Cuenta de Becas de Empoderamiento, pensando que me ayudar\u00eda a encontrar la escuela adecuada para mi hijo. Una de las escuelas que consideramos despu\u00e9s de que se nos concedi\u00f3 una beca de la ESA fue la Escuela Ch\u00e1rter Pieceful Solutions en Chandler. Hab\u00eda escuchado que la escuela daba la bienvenida a estudiantes con autismo y que ten\u00eda un programa especialmente para ellos.<\/p><p>Entregu\u00e9 el formulario de inscripci\u00f3n y pasaron las semanas sin recibir una llamada o respuesta por correo electr\u00f3nico de la escuela. Cuando finalmente me llamaron de nuevo, program\u00e9 un recorrido, durante el cual pregunt\u00e9 por qu\u00e9 la escuela estaba ignorando mis llamadas y mis correos electr\u00f3nicos. Su respuesta fue que no era bienvenida all\u00ed. Me dijeron que mi hijo ten\u00eda un funcionamiento demasiado alto para su programa de autismo, y que hab\u00eda otros ni\u00f1os detr\u00e1s de m\u00ed para quienes la escuela se adaptaba mejor. Dej\u00e9 Pieceful Solutions sinti\u00e9ndome rechazada. La escuela cerr\u00f3 unos a\u00f1os despu\u00e9s.<\/p><p>Trat\u00e9 de buscar en otras escuelas, incluyendo algunas privadas, que aceptar\u00edan la beca ESA. Despu\u00e9s de recorrer alrededor de 20 escuelas, no pude encontrar una escuela donde sintiera que mi hijo prosperar\u00eda. Me sent\u00ed bienvenida en algunas de las escuelas que visitamos, pero sent\u00ed que ninguna de ellas era apropiada para su nivel de funcionamiento, y que no habr\u00eda satisfecho sus necesidades.<\/p><p>Despu\u00e9s de pensar que no hab\u00eda opciones para una educaci\u00f3n adecuada para mi hijo, comenc\u00e9 a considerar mudarme a la costa este de EE.UU., donde me enter\u00e9 de varias escuelas dise\u00f1adas para ni\u00f1os con autismo. No fue hasta que me reun\u00ed con la directora de educaci\u00f3n especial de las Escuelas P\u00fablicas de Gilbert que finalmente encontr\u00e9 una buena escuela. Le cont\u00e9 lo que hab\u00eda experimentado y me sugiri\u00f3 que probara en otra escuela del distrito. Siguiendo su consejo, inscrib\u00ed a mi hijo en la escuela del distrito que ella me recomend\u00f3. Ahora est\u00e1 en segundo grado y est\u00e1 prosperando.<\/p><p>\u00a0<\/p><\/div><h3><a href=\"https:\/\/www.acluaz.org\/es\/entrevista-previa-a-la-inscripcion-y-requisitos-de-ensayos\/\" target=\"_blank\">Siguente:\u00a0<\/a><a href=\"https:\/\/www.acluaz.org\/es\/node\/1065\" target=\"_blank\">Entrevista Previa a la Inscripci\u00f3n y Requisitos de Ensayos<\/a><a href=\"https:\/\/www.acluaz.org\/es\/entrevista-previa-a-la-inscripcion-y-requisitos-de-ensayos\/\" style=\"font-size: 1rem;\" target=\"_blank\">\u2192<\/a><\/h3><h3><a href=\"https:\/\/www.acluaz.org\/es\/node\/1058\" target=\"_blank\">\u2190 Back to Table of Contents\u00a0<\/a><\/h3><\/div><p>\u00a0<\/p>"}}],"section":null,"issues":null,"related_content":[],"documents":null},"yoast_head":"<!-- This site is optimized with the Yoast SEO plugin v24.9 - https:\/\/yoast.com\/wordpress\/plugins\/seo\/ -->\n<title>Rechazando a estudiantes que buscan servicios de educaci\u00f3n especial - ACLU of Arizona<\/title>\n<meta name=\"robots\" content=\"index, follow, max-snippet:-1, max-image-preview:large, max-video-preview:-1\" \/>\n<link rel=\"canonical\" href=\"http:\/\/www.acluaz.org\/es\/rechazando-estudiantes-que-buscan-servicios-de-educacion-especial\/\" \/>\n<meta property=\"og:locale\" content=\"es_ES\" \/>\n<meta property=\"og:type\" content=\"article\" \/>\n<meta property=\"og:title\" content=\"Rechazando a estudiantes que buscan servicios de educaci\u00f3n especial - ACLU of Arizona\" \/>\n<meta property=\"og:description\" content=\"La respuesta de la escuela, sin embargo, fue decepcionante. Me dijeron que la escuela no pod\u00eda dar cabida a mi hijo, y que no ten\u00edan los recursos para atender las necesidades de mi hijo.\" \/>\n<meta property=\"og:url\" content=\"https:\/\/www.acluaz.org\/es\/rechazando-estudiantes-que-buscan-servicios-de-educacion-especial\/\" \/>\n<meta property=\"og:site_name\" content=\"ACLU of Arizona\" \/>\n<meta property=\"og:image\" content=\"https:\/\/www.acluaz.org\/app\/themes\/aclu-parent\/img\/default_fb_share.jpg\" \/>\n<meta name=\"twitter:card\" content=\"summary_large_image\" \/>\n<script type=\"application\/ld+json\" class=\"yoast-schema-graph\">{\"@context\":\"https:\/\/schema.org\",\"@graph\":[{\"@type\":\"WebPage\",\"@id\":\"http:\/\/www.acluaz.org\/es\/rechazando-estudiantes-que-buscan-servicios-de-educacion-especial\/\",\"url\":\"http:\/\/www.acluaz.org\/es\/rechazando-estudiantes-que-buscan-servicios-de-educacion-especial\/\",\"name\":\"Rechazando a estudiantes que buscan servicios de educaci\u00f3n especial - ACLU of Arizona\",\"isPartOf\":{\"@id\":\"https:\/\/www.acluaz.org\/#website\"},\"datePublished\":\"2017-12-14T00:30:00+00:00\",\"inLanguage\":\"es-ES\",\"potentialAction\":[{\"@type\":\"ReadAction\",\"target\":[\"http:\/\/www.acluaz.org\/es\/rechazando-estudiantes-que-buscan-servicios-de-educacion-especial\/\"]}]},{\"@type\":\"WebSite\",\"@id\":\"https:\/\/www.acluaz.org\/#website\",\"url\":\"https:\/\/www.acluaz.org\/\",\"name\":\"ACLU of Arizona\",\"description\":\"\",\"publisher\":{\"@id\":\"https:\/\/www.acluaz.org\/#organization\"},\"potentialAction\":[{\"@type\":\"SearchAction\",\"target\":{\"@type\":\"EntryPoint\",\"urlTemplate\":\"https:\/\/www.acluaz.org\/?s={search_term_string}\"},\"query-input\":{\"@type\":\"PropertyValueSpecification\",\"valueRequired\":true,\"valueName\":\"search_term_string\"}}],\"inLanguage\":\"es-ES\"},{\"@type\":\"Organization\",\"@id\":\"https:\/\/www.acluaz.org\/#organization\",\"name\":\"ACLU of Arizona\",\"url\":\"https:\/\/www.acluaz.org\/\",\"logo\":{\"@type\":\"ImageObject\",\"inLanguage\":\"es-ES\",\"@id\":\"https:\/\/www.acluaz.org\/#\/schema\/logo\/image\/\",\"url\":\"https:\/\/www.acluaz.org\/app\/uploads\/2025\/09\/ACLU_Arizona_Moblie-Web_Color_RGB.png\",\"contentUrl\":\"https:\/\/www.acluaz.org\/app\/uploads\/2025\/09\/ACLU_Arizona_Moblie-Web_Color_RGB.png\",\"width\":2084,\"height\":2084,\"caption\":\"ACLU of Arizona\"},\"image\":{\"@id\":\"https:\/\/www.acluaz.org\/#\/schema\/logo\/image\/\"}}]}<\/script>\n<!-- \/ Yoast SEO plugin. -->","yoast_head_json":{"title":"Rechazando a estudiantes que buscan servicios de educaci\u00f3n especial - ACLU of Arizona","robots":{"index":"index","follow":"follow","max-snippet":"max-snippet:-1","max-image-preview":"max-image-preview:large","max-video-preview":"max-video-preview:-1"},"canonical":"http:\/\/www.acluaz.org\/es\/rechazando-estudiantes-que-buscan-servicios-de-educacion-especial\/","og_locale":"es_ES","og_type":"article","og_title":"Rechazando a estudiantes que buscan servicios de educaci\u00f3n especial - ACLU of Arizona","og_description":"La respuesta de la escuela, sin embargo, fue decepcionante. Me dijeron que la escuela no pod\u00eda dar cabida a mi hijo, y que no ten\u00edan los recursos para atender las necesidades de mi hijo.","og_url":"https:\/\/www.acluaz.org\/es\/rechazando-estudiantes-que-buscan-servicios-de-educacion-especial\/","og_site_name":"ACLU of Arizona","og_image":[{"url":"https:\/\/www.acluaz.org\/app\/themes\/aclu-parent\/img\/default_fb_share.jpg","type":"","width":"","height":""}],"twitter_card":"summary_large_image","schema":{"@context":"https:\/\/schema.org","@graph":[{"@type":"WebPage","@id":"http:\/\/www.acluaz.org\/es\/rechazando-estudiantes-que-buscan-servicios-de-educacion-especial\/","url":"http:\/\/www.acluaz.org\/es\/rechazando-estudiantes-que-buscan-servicios-de-educacion-especial\/","name":"Rechazando a estudiantes que buscan servicios de educaci\u00f3n especial - ACLU of Arizona","isPartOf":{"@id":"https:\/\/www.acluaz.org\/#website"},"datePublished":"2017-12-14T00:30:00+00:00","inLanguage":"es-ES","potentialAction":[{"@type":"ReadAction","target":["http:\/\/www.acluaz.org\/es\/rechazando-estudiantes-que-buscan-servicios-de-educacion-especial\/"]}]},{"@type":"WebSite","@id":"https:\/\/www.acluaz.org\/#website","url":"https:\/\/www.acluaz.org\/","name":"ACLU of Arizona","description":"","publisher":{"@id":"https:\/\/www.acluaz.org\/#organization"},"potentialAction":[{"@type":"SearchAction","target":{"@type":"EntryPoint","urlTemplate":"https:\/\/www.acluaz.org\/?s={search_term_string}"},"query-input":{"@type":"PropertyValueSpecification","valueRequired":true,"valueName":"search_term_string"}}],"inLanguage":"es-ES"},{"@type":"Organization","@id":"https:\/\/www.acluaz.org\/#organization","name":"ACLU of Arizona","url":"https:\/\/www.acluaz.org\/","logo":{"@type":"ImageObject","inLanguage":"es-ES","@id":"https:\/\/www.acluaz.org\/#\/schema\/logo\/image\/","url":"https:\/\/www.acluaz.org\/app\/uploads\/2025\/09\/ACLU_Arizona_Moblie-Web_Color_RGB.png","contentUrl":"https:\/\/www.acluaz.org\/app\/uploads\/2025\/09\/ACLU_Arizona_Moblie-Web_Color_RGB.png","width":2084,"height":2084,"caption":"ACLU of Arizona"},"image":{"@id":"https:\/\/www.acluaz.org\/#\/schema\/logo\/image\/"}}]}},"distributor_meta":false,"distributor_terms":false,"distributor_media":false,"distributor_original_site_name":"ACLU of Arizona","distributor_original_site_url":"https:\/\/www.acluaz.org\/es\/","push-errors":false,"_links":{"self":[{"href":"https:\/\/www.acluaz.org\/es\/wp-json\/wp\/v2\/pages\/2176","targetHints":{"allow":["GET"]}}],"collection":[{"href":"https:\/\/www.acluaz.org\/es\/wp-json\/wp\/v2\/pages"}],"about":[{"href":"https:\/\/www.acluaz.org\/es\/wp-json\/wp\/v2\/types\/page"}],"replies":[{"embeddable":true,"href":"https:\/\/www.acluaz.org\/es\/wp-json\/wp\/v2\/comments?post=2176"}],"version-history":[{"count":0,"href":"https:\/\/www.acluaz.org\/es\/wp-json\/wp\/v2\/pages\/2176\/revisions"}],"wp:attachment":[{"href":"https:\/\/www.acluaz.org\/es\/wp-json\/wp\/v2\/media?parent=2176"}],"curies":[{"name":"wp","href":"https:\/\/api.w.org\/{rel}","templated":true}]}}