{"id":2172,"date":"2017-12-13T18:30:00","date_gmt":"2017-12-13T23:30:00","guid":{"rendered":"https:\/\/www.acluaz.org\/recomendaciones-para-el-departamento-de-educacion-de-arizona\/"},"modified":"2017-12-13T18:30:00","modified_gmt":"2017-12-13T23:30:00","slug":"recomendaciones-para-el-departamento-de-educacion-de-arizona","status":"publish","type":"page","link":"https:\/\/www.acluaz.org\/es\/recomendaciones-para-el-departamento-de-educacion-de-arizona\/","title":{"rendered":"Recomendaciones para el Departamento de Educaci\u00f3n de Arizona"},"content":{"rendered":"<p>Recomendaciones incluye crear documentos de inscripci\u00f3n est\u00e1ndar y modificar el formulario PHLOTE.<br \/>\n<!--more--><\/p>\n<h2>Recomendaciones para el Departamento de Educaci\u00f3n de Arizona<\/h2>\n<ul>\n<li>Crear documentos de inscripci\u00f3n est\u00e1ndar para uso de las escuelas ch\u00e1rter en todo el estado que incluyan informaci\u00f3n sobre c\u00f3mo los padres pueden cuestionar las decisiones de inscripci\u00f3n. Esta documentaci\u00f3n debe cumplir con todas las leyes estatales y federales, y no debe incluir lenguaje excluyente, como se describe en este informe.<\/li>\n<li>Modificar el formulario PHLOTE para hacer expl\u00edcita la informaci\u00f3n que recopila, y que no se usar\u00e1 para decidir si un alumno puede inscribirse en una escuela o no.<\/li>\n<li>Educar a los operadores y autorizadores de escuelas ch\u00e1rter sobre sus obligaciones bajo los registros p\u00fablicos de Arizona y las leyes de juntas abiertas al p\u00fablico. El cumplimiento de estas leyes permite una mayor transparencia, responsabilidad y supervisi\u00f3n.<\/li>\n<li>El Departamento de Educaci\u00f3n debe dejar claro a las escuelas que la \u00fanica informaci\u00f3n de lugar de nacimiento que se necesita de los estudiantes inscritos es cuando quien se inscribe es un estudiante de intercambio extranjero.<\/li>\n<li>Emitir una gu\u00eda formal que informe a todas las escuelas ch\u00e1rter y quienes las autorizan en Arizona que las escuelas ch\u00e1rter no pueden: Obstruir la admisi\u00f3n a los estudiantes que no cumplan con los estudios m\u00ednimos; excluir a estudiantes que est\u00e1n aprendiendo ingl\u00e9s; seleccionar estudiantes seg\u00fan su desempe\u00f1o en ensayos de admisi\u00f3n o entrevistas; requerir que los estudiantes o padres env\u00eden sus n\u00fameros de Seguro Social, actas de nacimiento de Estados Unidos u otra informaci\u00f3n de ciudadan\u00eda para inscribirse; o requerir que las familias se den como voluntarias en la escuela o que paguen por no hacerlo.<\/li>\n<li>Tomar las medidas apropiadas, incluyendo los pasos inmediatos y efectivos, para garantizar que las escuelas aut\u00f3nomas identificadas en esta p\u00e1gina: <a href=\"https:\/\/www.acluaz.org\/SchoolsChoosingStudents\">www.acluaz.org\/SchoolsChoosingStudents<\/a> corrijan sus pol\u00edticas ilegales y excluyentes, incluyendo la investigaci\u00f3n de las pol\u00edticas relevantes de las escuelas, el env\u00edo de avisos individualizados a las escuelas que proporcionen orientaci\u00f3n sobre la ley y sus obligaciones, la prestaci\u00f3n de asistencia t\u00e9cnica cuando corresponda, y dar seguimiento para garantizar que las escuelas cumplan con las ley.<\/li>\n<li>Investigar las escuelas ch\u00e1rter en Arizona que no respondieron a las solicitudes de registros de informaci\u00f3n p\u00fablica enviadas por la ACLU de Arizona para determinar si alguna de ellas est\u00e1 involucrada en pol\u00edticas ilegales o de exclusi\u00f3n.<\/li>\n<li>Modificar las pol\u00edticas y procedimientos de inscripci\u00f3n anualmente para evaluar si las escuelas ch\u00e1rter est\u00e1n cumpliendo con la ley. Si ciertas escuelas ch\u00e1rter no cumplen, tomar m\u00e1s medidas con mayores sanciones en ese momento para prohibir el procedimiento ilegal.<\/li>\n<li>Asegurar que los padres de familia y estudiantes tengan una forma f\u00e1cil de presentar una queja sobre pol\u00edticas o procedimientos de inscripci\u00f3n ilegales o excluyentes, y que estas quejas se investiguen y resuelvan.<\/li>\n<li>Exigir una capacitaci\u00f3n anual sobre las leyes de derechos civiles y los mejores procedimientos para los miembros y administradores de la junta escolar de la escuela ch\u00e1rter.<\/li>\n<li>Dejar en claro que los autorizadores de escuelas ch\u00e1rter deben revisar las nuevas solicitudes para que las escuelas ch\u00e1rter cumplan con todas las leyes estatales y federales de derechos civiles.<\/li>\n<li>Exigir que los autorizadores realicen evaluaciones con regularidad de las escuelas ch\u00e1rter para verificar el cumplimiento de las leyes estatales y federales de derechos civiles.<\/li>\n<li>Exigir a los autorizadores y operadores que recopilen datos sobre los solicitantes, incluso si fueron inscritos. Si no se inscribieron, se debe mantener un registro que identifique la raz\u00f3n por la cual no se inscribieron. Estos registros deben auditarse peri\u00f3dicamente para determinar si un autorizador u operador en particular est\u00e1 participando en procedimientos de inscripci\u00f3n que son ilegales o excluyentes.<\/li>\n<\/ul>\n<div>\n<div>\n<p>La ACLU de Arizona est\u00e1 interesada en recibir informaci\u00f3n de las escuelas y los autorizadores de escuelas ch\u00e1rter que realizan cambios en sus pol\u00edticas y procedimientos de inscripci\u00f3n en respuesta a los resultados de este informe. Por favor contacte a la ACLU de Arizona a: <a href=\"mailto:communications@acluaz.org\">communications@acluaz.org<\/a>. Los padres de familia o estudiantes que han enfrentado dificultades de inscripci\u00f3n en las escuelas ch\u00e1rter y de distrito deben enviar un correo electr\u00f3nico a: <a href=\"mailto:demand2learn@acluaz.org\">demand2learn@acluaz.org<\/a>.<\/p>\n<\/div>\n<div>&nbsp;<\/div>\n<h3><a href=\"https:\/\/www.acluaz.org\/es\/node\/1058\" target=\"_blank\">Regresar a Tabla de Contenidos<\/a><\/h3>\n<\/div>\n<p>&nbsp;<\/p>\n","protected":false},"excerpt":{"rendered":"<p>Recomendaciones incluye crear documentos de inscripci\u00f3n est\u00e1ndar y modificar el formulario PHLOTE.<\/p>\n","protected":false},"author":0,"featured_media":0,"parent":0,"menu_order":0,"comment_status":"closed","ping_status":"closed","template":"","meta":{"_acf_changed":false,"_relevanssi_hide_post":"","_relevanssi_hide_content":"","_relevanssi_pin_for_all":"","_relevanssi_pin_keywords":"","_relevanssi_unpin_keywords":"","_relevanssi_related_keywords":"","_relevanssi_related_include_ids":"","_relevanssi_related_exclude_ids":"","_relevanssi_related_no_append":"","_relevanssi_related_not_related":"","_relevanssi_related_posts":"","_relevanssi_noindex_reason":"","footnotes":""},"class_list":["post-2172","page","type-page","status-publish","hentry"],"acf":{"layout":"default","header-group":{"header-description":"Recomendaciones incluye crear documentos de inscripci\u00f3n est\u00e1ndar y modificar el formulario PHLOTE. \n","show-subnav":false,"hide-from-subnav":false},"components":[{"acf_fc_layout":"heading","heading":{"":null,"text":"Recomendaciones para el Departamento de Educaci\u00f3n de Arizona","anchor":"","sub-heading":"","type":"h2","heading-style":"standard"}},{"acf_fc_layout":"text","text":{"text":"<ul><li>Crear documentos de inscripci\u00f3n est\u00e1ndar para uso de las escuelas ch\u00e1rter en todo el estado que incluyan informaci\u00f3n sobre c\u00f3mo los padres pueden cuestionar las decisiones de inscripci\u00f3n. Esta documentaci\u00f3n debe cumplir con todas las leyes estatales y federales, y no debe incluir lenguaje excluyente, como se describe en este informe.<\/li><li>Modificar el formulario PHLOTE para hacer expl\u00edcita la informaci\u00f3n que recopila, y que no se usar\u00e1 para decidir si un alumno puede inscribirse en una escuela o no.<\/li><li>Educar a los operadores y autorizadores de escuelas ch\u00e1rter sobre sus obligaciones bajo los registros p\u00fablicos de Arizona y las leyes de juntas abiertas al p\u00fablico. El cumplimiento de estas leyes permite una mayor transparencia, responsabilidad y supervisi\u00f3n.<\/li><li>El Departamento de Educaci\u00f3n debe dejar claro a las escuelas que la \u00fanica informaci\u00f3n de lugar de nacimiento que se necesita de los estudiantes inscritos es cuando quien se inscribe es un estudiante de intercambio extranjero.<\/li><li>Emitir una gu\u00eda formal que informe a todas las escuelas ch\u00e1rter y quienes las autorizan en Arizona que las escuelas ch\u00e1rter no pueden: Obstruir la admisi\u00f3n a los estudiantes que no cumplan con los estudios m\u00ednimos; excluir a estudiantes que est\u00e1n aprendiendo ingl\u00e9s; seleccionar estudiantes seg\u00fan su desempe\u00f1o en ensayos de admisi\u00f3n o entrevistas; requerir que los estudiantes o padres env\u00eden sus n\u00fameros de Seguro Social, actas de nacimiento de Estados Unidos u otra informaci\u00f3n de ciudadan\u00eda para inscribirse; o requerir que las familias se den como voluntarias en la escuela o que paguen por no hacerlo.<\/li><li>Tomar las medidas apropiadas, incluyendo los pasos inmediatos y efectivos, para garantizar que las escuelas aut\u00f3nomas identificadas en esta p\u00e1gina: <a href=\"https:\/\/www.acluaz.org\/SchoolsChoosingStudents\">www.acluaz.org\/SchoolsChoosingStudents<\/a> corrijan sus pol\u00edticas ilegales y excluyentes, incluyendo la investigaci\u00f3n de las pol\u00edticas relevantes de las escuelas, el env\u00edo de avisos individualizados a las escuelas que proporcionen orientaci\u00f3n sobre la ley y sus obligaciones, la prestaci\u00f3n de asistencia t\u00e9cnica cuando corresponda, y dar seguimiento para garantizar que las escuelas cumplan con las ley.<\/li><li>Investigar las escuelas ch\u00e1rter en Arizona que no respondieron a las solicitudes de registros de informaci\u00f3n p\u00fablica enviadas por la ACLU de Arizona para determinar si alguna de ellas est\u00e1 involucrada en pol\u00edticas ilegales o de exclusi\u00f3n.<\/li><li>Modificar las pol\u00edticas y procedimientos de inscripci\u00f3n anualmente para evaluar si las escuelas ch\u00e1rter est\u00e1n cumpliendo con la ley. Si ciertas escuelas ch\u00e1rter no cumplen, tomar m\u00e1s medidas con mayores sanciones en ese momento para prohibir el procedimiento ilegal.<\/li><li>Asegurar que los padres de familia y estudiantes tengan una forma f\u00e1cil de presentar una queja sobre pol\u00edticas o procedimientos de inscripci\u00f3n ilegales o excluyentes, y que estas quejas se investiguen y resuelvan.<\/li><li>Exigir una capacitaci\u00f3n anual sobre las leyes de derechos civiles y los mejores procedimientos para los miembros y administradores de la junta escolar de la escuela ch\u00e1rter.<\/li><li>Dejar en claro que los autorizadores de escuelas ch\u00e1rter deben revisar las nuevas solicitudes para que las escuelas ch\u00e1rter cumplan con todas las leyes estatales y federales de derechos civiles.<\/li><li>Exigir que los autorizadores realicen evaluaciones con regularidad de las escuelas ch\u00e1rter para verificar el cumplimiento de las leyes estatales y federales de derechos civiles.<\/li><li>Exigir a los autorizadores y operadores que recopilen datos sobre los solicitantes, incluso si fueron inscritos. Si no se inscribieron, se debe mantener un registro que identifique la raz\u00f3n por la cual no se inscribieron. Estos registros deben auditarse peri\u00f3dicamente para determinar si un autorizador u operador en particular est\u00e1 participando en procedimientos de inscripci\u00f3n que son ilegales o excluyentes.<\/li><\/ul>"}},{"acf_fc_layout":"migrated","migrated":{"migrated":"<div><div><p>La ACLU de Arizona est\u00e1 interesada en recibir informaci\u00f3n de las escuelas y los autorizadores de escuelas ch\u00e1rter que realizan cambios en sus pol\u00edticas y procedimientos de inscripci\u00f3n en respuesta a los resultados de este informe. Por favor contacte a la ACLU de Arizona a: <a href=\"mailto:communications@acluaz.org\">communications@acluaz.org<\/a>. Los padres de familia o estudiantes que han enfrentado dificultades de inscripci\u00f3n en las escuelas ch\u00e1rter y de distrito deben enviar un correo electr\u00f3nico a: <a href=\"mailto:demand2learn@acluaz.org\">demand2learn@acluaz.org<\/a>.<\/p><\/div><div>\u00a0<\/div><h3><a href=\"https:\/\/www.acluaz.org\/es\/node\/1058\" target=\"_blank\">Regresar a Tabla de Contenidos<\/a><\/h3><\/div><p>\u00a0<\/p>"}}],"section":null,"issues":null,"related_content":[],"documents":null},"yoast_head":"<!-- This site is optimized with the Yoast SEO plugin v24.9 - https:\/\/yoast.com\/wordpress\/plugins\/seo\/ -->\n<title>Recomendaciones para el Departamento de Educaci\u00f3n de Arizona - ACLU of Arizona<\/title>\n<meta name=\"robots\" content=\"index, follow, max-snippet:-1, max-image-preview:large, max-video-preview:-1\" \/>\n<link rel=\"canonical\" href=\"http:\/\/www.acluaz.org\/es\/recomendaciones-para-el-departamento-de-educacion-de-arizona\/\" \/>\n<meta property=\"og:locale\" content=\"es_ES\" \/>\n<meta property=\"og:type\" content=\"article\" \/>\n<meta property=\"og:title\" content=\"Recomendaciones para el Departamento de Educaci\u00f3n de Arizona - ACLU of Arizona\" \/>\n<meta property=\"og:description\" content=\"Recomendaciones incluye crear documentos de inscripci\u00f3n est\u00e1ndar y modificar el formulario PHLOTE.\" \/>\n<meta property=\"og:url\" content=\"https:\/\/www.acluaz.org\/es\/recomendaciones-para-el-departamento-de-educacion-de-arizona\/\" \/>\n<meta property=\"og:site_name\" content=\"ACLU of Arizona\" \/>\n<meta property=\"og:image\" content=\"https:\/\/www.acluaz.org\/app\/themes\/aclu-parent\/img\/default_fb_share.jpg\" \/>\n<meta name=\"twitter:card\" content=\"summary_large_image\" \/>\n<script type=\"application\/ld+json\" class=\"yoast-schema-graph\">{\"@context\":\"https:\/\/schema.org\",\"@graph\":[{\"@type\":\"WebPage\",\"@id\":\"http:\/\/www.acluaz.org\/es\/recomendaciones-para-el-departamento-de-educacion-de-arizona\/\",\"url\":\"http:\/\/www.acluaz.org\/es\/recomendaciones-para-el-departamento-de-educacion-de-arizona\/\",\"name\":\"Recomendaciones para el Departamento de Educaci\u00f3n de Arizona - ACLU of Arizona\",\"isPartOf\":{\"@id\":\"https:\/\/www.acluaz.org\/#website\"},\"datePublished\":\"2017-12-13T23:30:00+00:00\",\"inLanguage\":\"es-ES\",\"potentialAction\":[{\"@type\":\"ReadAction\",\"target\":[\"http:\/\/www.acluaz.org\/es\/recomendaciones-para-el-departamento-de-educacion-de-arizona\/\"]}]},{\"@type\":\"WebSite\",\"@id\":\"https:\/\/www.acluaz.org\/#website\",\"url\":\"https:\/\/www.acluaz.org\/\",\"name\":\"ACLU of Arizona\",\"description\":\"\",\"publisher\":{\"@id\":\"https:\/\/www.acluaz.org\/#organization\"},\"potentialAction\":[{\"@type\":\"SearchAction\",\"target\":{\"@type\":\"EntryPoint\",\"urlTemplate\":\"https:\/\/www.acluaz.org\/?s={search_term_string}\"},\"query-input\":{\"@type\":\"PropertyValueSpecification\",\"valueRequired\":true,\"valueName\":\"search_term_string\"}}],\"inLanguage\":\"es-ES\"},{\"@type\":\"Organization\",\"@id\":\"https:\/\/www.acluaz.org\/#organization\",\"name\":\"ACLU of Arizona\",\"url\":\"https:\/\/www.acluaz.org\/\",\"logo\":{\"@type\":\"ImageObject\",\"inLanguage\":\"es-ES\",\"@id\":\"https:\/\/www.acluaz.org\/#\/schema\/logo\/image\/\",\"url\":\"https:\/\/www.acluaz.org\/app\/uploads\/2025\/09\/ACLU_Arizona_Moblie-Web_Color_RGB.png\",\"contentUrl\":\"https:\/\/www.acluaz.org\/app\/uploads\/2025\/09\/ACLU_Arizona_Moblie-Web_Color_RGB.png\",\"width\":2084,\"height\":2084,\"caption\":\"ACLU of Arizona\"},\"image\":{\"@id\":\"https:\/\/www.acluaz.org\/#\/schema\/logo\/image\/\"}}]}<\/script>\n<!-- \/ Yoast SEO plugin. -->","yoast_head_json":{"title":"Recomendaciones para el Departamento de Educaci\u00f3n de Arizona - ACLU of Arizona","robots":{"index":"index","follow":"follow","max-snippet":"max-snippet:-1","max-image-preview":"max-image-preview:large","max-video-preview":"max-video-preview:-1"},"canonical":"http:\/\/www.acluaz.org\/es\/recomendaciones-para-el-departamento-de-educacion-de-arizona\/","og_locale":"es_ES","og_type":"article","og_title":"Recomendaciones para el Departamento de Educaci\u00f3n de Arizona - ACLU of Arizona","og_description":"Recomendaciones incluye crear documentos de inscripci\u00f3n est\u00e1ndar y modificar el formulario PHLOTE.","og_url":"https:\/\/www.acluaz.org\/es\/recomendaciones-para-el-departamento-de-educacion-de-arizona\/","og_site_name":"ACLU of Arizona","og_image":[{"url":"https:\/\/www.acluaz.org\/app\/themes\/aclu-parent\/img\/default_fb_share.jpg","type":"","width":"","height":""}],"twitter_card":"summary_large_image","schema":{"@context":"https:\/\/schema.org","@graph":[{"@type":"WebPage","@id":"http:\/\/www.acluaz.org\/es\/recomendaciones-para-el-departamento-de-educacion-de-arizona\/","url":"http:\/\/www.acluaz.org\/es\/recomendaciones-para-el-departamento-de-educacion-de-arizona\/","name":"Recomendaciones para el Departamento de Educaci\u00f3n de Arizona - ACLU of Arizona","isPartOf":{"@id":"https:\/\/www.acluaz.org\/#website"},"datePublished":"2017-12-13T23:30:00+00:00","inLanguage":"es-ES","potentialAction":[{"@type":"ReadAction","target":["http:\/\/www.acluaz.org\/es\/recomendaciones-para-el-departamento-de-educacion-de-arizona\/"]}]},{"@type":"WebSite","@id":"https:\/\/www.acluaz.org\/#website","url":"https:\/\/www.acluaz.org\/","name":"ACLU of Arizona","description":"","publisher":{"@id":"https:\/\/www.acluaz.org\/#organization"},"potentialAction":[{"@type":"SearchAction","target":{"@type":"EntryPoint","urlTemplate":"https:\/\/www.acluaz.org\/?s={search_term_string}"},"query-input":{"@type":"PropertyValueSpecification","valueRequired":true,"valueName":"search_term_string"}}],"inLanguage":"es-ES"},{"@type":"Organization","@id":"https:\/\/www.acluaz.org\/#organization","name":"ACLU of Arizona","url":"https:\/\/www.acluaz.org\/","logo":{"@type":"ImageObject","inLanguage":"es-ES","@id":"https:\/\/www.acluaz.org\/#\/schema\/logo\/image\/","url":"https:\/\/www.acluaz.org\/app\/uploads\/2025\/09\/ACLU_Arizona_Moblie-Web_Color_RGB.png","contentUrl":"https:\/\/www.acluaz.org\/app\/uploads\/2025\/09\/ACLU_Arizona_Moblie-Web_Color_RGB.png","width":2084,"height":2084,"caption":"ACLU of Arizona"},"image":{"@id":"https:\/\/www.acluaz.org\/#\/schema\/logo\/image\/"}}]}},"distributor_meta":false,"distributor_terms":false,"distributor_media":false,"distributor_original_site_name":"ACLU of Arizona","distributor_original_site_url":"https:\/\/www.acluaz.org\/es\/","push-errors":false,"_links":{"self":[{"href":"https:\/\/www.acluaz.org\/es\/wp-json\/wp\/v2\/pages\/2172","targetHints":{"allow":["GET"]}}],"collection":[{"href":"https:\/\/www.acluaz.org\/es\/wp-json\/wp\/v2\/pages"}],"about":[{"href":"https:\/\/www.acluaz.org\/es\/wp-json\/wp\/v2\/types\/page"}],"replies":[{"embeddable":true,"href":"https:\/\/www.acluaz.org\/es\/wp-json\/wp\/v2\/comments?post=2172"}],"version-history":[{"count":0,"href":"https:\/\/www.acluaz.org\/es\/wp-json\/wp\/v2\/pages\/2172\/revisions"}],"wp:attachment":[{"href":"https:\/\/www.acluaz.org\/es\/wp-json\/wp\/v2\/media?parent=2172"}],"curies":[{"name":"wp","href":"https:\/\/api.w.org\/{rel}","templated":true}]}}