{"id":2170,"date":"2017-12-13T18:30:00","date_gmt":"2017-12-13T23:30:00","guid":{"rendered":"https:\/\/www.acluaz.org\/recomendaciones-para-los-responsables-de-autorizar-escuelas-charter\/"},"modified":"2017-12-13T18:30:00","modified_gmt":"2017-12-13T23:30:00","slug":"recomendaciones-para-los-responsables-de-autorizar-escuelas-charter","status":"publish","type":"page","link":"https:\/\/www.acluaz.org\/es\/recomendaciones-para-los-responsables-de-autorizar-escuelas-charter\/","title":{"rendered":"Recomendaciones para los responsables de autorizar escuelas ch\u00e1rter"},"content":{"rendered":"<p>Recomendaciones dirigido a la Junta Estatal de Arizona para Escuelas Ch\u00e1rter.<br \/>\n<!--more--><\/p>\n<h2>Recomendaciones para los responsables de autorizar escuelas ch\u00e1rter<\/h2>\n<ul>\n<li>Los responsables de autorizar a las escuelas ch\u00e1rter como la Junta Estatal de Arizona para Escuelas Ch\u00e1rter no deben aprobar o renovar ninguna solicitud de una escuela ch\u00e1rter que contenga requisitos de admisi\u00f3n o inscripci\u00f3n ilegales o excluyentes, que incluyan:<\/li>\n<\/ul>\n<ol>\n<li>Promedio de calificaciones (o G.P.A. por sus siglas en ingl\u00e9s) u otros requisitos acad\u00e9micos o m\u00ednimos<\/li>\n<li>Un nivel m\u00ednimo de dominio del ingl\u00e9s<\/li>\n<li>Preguntas sobre ciudadan\u00eda, estado de inmigraci\u00f3n o pa\u00eds de nacimiento de estudiantes o padres\/tutores<\/li>\n<li>Preguntas sobre suspensiones previas, registros de arrestos o historial disciplinario que no sean expulsi\u00f3n<\/li>\n<li>Env\u00edo obligatorio de n\u00fameros de Seguro Social o actas de nacimiento<\/li>\n<li>Ensayos de preinscripci\u00f3n, recorrido, orientaciones o entrevistas<\/li>\n<li>Requisitos de donaci\u00f3n, voluntariado o de pago para evitar el voluntariado para padres\/tutores<\/li>\n<\/ol>\n<ul>\n<li>\n<p>Quienes autorizan a escuelas ch\u00e1rter deben auditar, monitorear e investigar de lo contrario a cada escuela ch\u00e1rter bajo su jurisdicci\u00f3n al menos una vez al a\u00f1o, a fin de asegurarse de que cada escuela no use ninguno de los requisitos de inscripci\u00f3n o de admisi\u00f3n ilegal descritos en este informe. Si alguna escuela no cumple, el responsable de la autorizaci\u00f3n debe indicarle que corrija sus pol\u00edticas. Si las escuelas no hacen las correcciones apropiadas, se debe iniciar el proceso de revocaci\u00f3n de la escuela ch\u00e1rter.<br \/>&nbsp;<\/p>\n<\/li>\n<li>\n<p>Difundir una directriz a todas las escuelas ch\u00e1rter autorizadas inform\u00e1ndoles que no se les permite negar la admisi\u00f3n o dar de baja a estudiantes en base a cualquiera de los procedimientos de exclusi\u00f3n discutidos. Dicha directriz debe incluir la obligaci\u00f3n legal de las escuelas ch\u00e1rter de inscribirse y prestar servicios a todos los estudiantes de conformidad con las leyes federales y estatales.<br \/>&nbsp;<\/p>\n<\/li>\n<li>\n<p>Asegurar que los padres y estudiantes tengan una forma f\u00e1cil de presentar una queja sobre pol\u00edticas o procedimientos e inscripci\u00f3n ilegales o excluyentes, y que estas quejas se investiguen y resuelvan. El proceso para presentar una queja debe ser bien difundido a los estudiantes y padres.<\/p>\n<\/li>\n<\/ul>\n<h3><a href=\"https:\/\/www.acluaz.org\/es\/node\/1075\" target=\"_blank\">Siguente: Recomendaciones para el Departamento de Educaci\u00f3n de Arizona<span style=\"font-size: 1rem;\">&nbsp;\u2192<\/span><\/a><\/h3>\n<h3><a href=\"https:\/\/www.acluaz.org\/es\/node\/1058\" target=\"_blank\">\u2190 Regresar a Tabla de Contenidos<\/a><\/h3>\n","protected":false},"excerpt":{"rendered":"<p>Recomendaciones dirigido a la Junta Estatal de Arizona para Escuelas Ch\u00e1rter.<\/p>\n","protected":false},"author":0,"featured_media":0,"parent":0,"menu_order":0,"comment_status":"closed","ping_status":"closed","template":"","meta":{"_acf_changed":false,"_relevanssi_hide_post":"","_relevanssi_hide_content":"","_relevanssi_pin_for_all":"","_relevanssi_pin_keywords":"","_relevanssi_unpin_keywords":"","_relevanssi_related_keywords":"","_relevanssi_related_include_ids":"","_relevanssi_related_exclude_ids":"","_relevanssi_related_no_append":"","_relevanssi_related_not_related":"","_relevanssi_related_posts":"","_relevanssi_noindex_reason":"","footnotes":""},"class_list":["post-2170","page","type-page","status-publish","hentry"],"acf":{"layout":"default","header-group":{"header-description":"Recomendaciones dirigido a la Junta Estatal de Arizona para Escuelas Ch\u00e1rter. \n","show-subnav":false,"hide-from-subnav":false},"components":[{"acf_fc_layout":"heading","heading":{"":null,"text":"Recomendaciones para los responsables de autorizar escuelas ch\u00e1rter","anchor":"","sub-heading":"","type":"h2","heading-style":"standard"}},{"acf_fc_layout":"text","text":{"text":"<ul><li>Los responsables de autorizar a las escuelas ch\u00e1rter como la Junta Estatal de Arizona para Escuelas Ch\u00e1rter no deben aprobar o renovar ninguna solicitud de una escuela ch\u00e1rter que contenga requisitos de admisi\u00f3n o inscripci\u00f3n ilegales o excluyentes, que incluyan:<\/li><\/ul>\n\n<ol><li>Promedio de calificaciones (o G.P.A. por sus siglas en ingl\u00e9s) u otros requisitos acad\u00e9micos o m\u00ednimos<\/li><li>Un nivel m\u00ednimo de dominio del ingl\u00e9s<\/li><li>Preguntas sobre ciudadan\u00eda, estado de inmigraci\u00f3n o pa\u00eds de nacimiento de estudiantes o padres\/tutores<\/li><li>Preguntas sobre suspensiones previas, registros de arrestos o historial disciplinario que no sean expulsi\u00f3n<\/li><li>Env\u00edo obligatorio de n\u00fameros de Seguro Social o actas de nacimiento<\/li><li>Ensayos de preinscripci\u00f3n, recorrido, orientaciones o entrevistas<\/li><li>Requisitos de donaci\u00f3n, voluntariado o de pago para evitar el voluntariado para padres\/tutores<\/li><\/ol>\n\n<ul><li>Quienes autorizan a escuelas ch\u00e1rter deben auditar, monitorear e investigar de lo contrario a cada escuela ch\u00e1rter bajo su jurisdicci\u00f3n al menos una vez al a\u00f1o, a fin de asegurarse de que cada escuela no use ninguno de los requisitos de inscripci\u00f3n o de admisi\u00f3n ilegal descritos en este informe. Si alguna escuela no cumple, el responsable de la autorizaci\u00f3n debe indicarle que corrija sus pol\u00edticas. Si las escuelas no hacen las correcciones apropiadas, se debe iniciar el proceso de revocaci\u00f3n de la escuela ch\u00e1rter.<br> <\/li><li>Difundir una directriz a todas las escuelas ch\u00e1rter autorizadas inform\u00e1ndoles que no se les permite negar la admisi\u00f3n o dar de baja a estudiantes en base a cualquiera de los procedimientos de exclusi\u00f3n discutidos. Dicha directriz debe incluir la obligaci\u00f3n legal de las escuelas ch\u00e1rter de inscribirse y prestar servicios a todos los estudiantes de conformidad con las leyes federales y estatales.<br> <\/li><li>Asegurar que los padres y estudiantes tengan una forma f\u00e1cil de presentar una queja sobre pol\u00edticas o procedimientos e inscripci\u00f3n ilegales o excluyentes, y que estas quejas se investiguen y resuelvan. El proceso para presentar una queja debe ser bien difundido a los estudiantes y padres.<\/li><\/ul>"}},{"acf_fc_layout":"heading","heading":{"":null,"text":"Siguente: Recomendaciones para el Departamento de Educaci\u00f3n de Arizona\u00a0\u2192","anchor":"","sub-heading":"<a href=\"https:\/\/www.acluaz.org\/es\/node\/1075\" target=\"_blank\">View<\/a>","type":"h3","heading-style":"standard"}},{"acf_fc_layout":"heading","heading":{"":null,"text":"\u2190 Regresar a Tabla de Contenidos","anchor":"","sub-heading":"<a href=\"https:\/\/www.acluaz.org\/es\/node\/1058\" target=\"_blank\">View<\/a>","type":"h3","heading-style":"standard"}}],"section":null,"issues":null,"related_content":[],"documents":null},"yoast_head":"<!-- This site is optimized with the Yoast SEO plugin v24.9 - https:\/\/yoast.com\/wordpress\/plugins\/seo\/ -->\n<title>Recomendaciones para los responsables de autorizar escuelas ch\u00e1rter - ACLU of Arizona<\/title>\n<meta name=\"robots\" content=\"index, follow, max-snippet:-1, max-image-preview:large, max-video-preview:-1\" \/>\n<link rel=\"canonical\" href=\"http:\/\/www.acluaz.org\/es\/recomendaciones-para-los-responsables-de-autorizar-escuelas-charter\/\" \/>\n<meta property=\"og:locale\" content=\"es_ES\" \/>\n<meta property=\"og:type\" content=\"article\" \/>\n<meta property=\"og:title\" content=\"Recomendaciones para los responsables de autorizar escuelas ch\u00e1rter - ACLU of Arizona\" \/>\n<meta property=\"og:description\" content=\"Recomendaciones dirigido a la Junta Estatal de Arizona para Escuelas Ch\u00e1rter.\" \/>\n<meta property=\"og:url\" content=\"https:\/\/www.acluaz.org\/es\/recomendaciones-para-los-responsables-de-autorizar-escuelas-charter\/\" \/>\n<meta property=\"og:site_name\" content=\"ACLU of Arizona\" \/>\n<meta property=\"og:image\" content=\"https:\/\/www.acluaz.org\/app\/themes\/aclu-parent\/img\/default_fb_share.jpg\" \/>\n<meta name=\"twitter:card\" content=\"summary_large_image\" \/>\n<script type=\"application\/ld+json\" class=\"yoast-schema-graph\">{\"@context\":\"https:\/\/schema.org\",\"@graph\":[{\"@type\":\"WebPage\",\"@id\":\"http:\/\/www.acluaz.org\/es\/recomendaciones-para-los-responsables-de-autorizar-escuelas-charter\/\",\"url\":\"http:\/\/www.acluaz.org\/es\/recomendaciones-para-los-responsables-de-autorizar-escuelas-charter\/\",\"name\":\"Recomendaciones para los responsables de autorizar escuelas ch\u00e1rter - ACLU of Arizona\",\"isPartOf\":{\"@id\":\"https:\/\/www.acluaz.org\/#website\"},\"datePublished\":\"2017-12-13T23:30:00+00:00\",\"inLanguage\":\"es-ES\",\"potentialAction\":[{\"@type\":\"ReadAction\",\"target\":[\"http:\/\/www.acluaz.org\/es\/recomendaciones-para-los-responsables-de-autorizar-escuelas-charter\/\"]}]},{\"@type\":\"WebSite\",\"@id\":\"https:\/\/www.acluaz.org\/#website\",\"url\":\"https:\/\/www.acluaz.org\/\",\"name\":\"ACLU of Arizona\",\"description\":\"\",\"publisher\":{\"@id\":\"https:\/\/www.acluaz.org\/#organization\"},\"potentialAction\":[{\"@type\":\"SearchAction\",\"target\":{\"@type\":\"EntryPoint\",\"urlTemplate\":\"https:\/\/www.acluaz.org\/?s={search_term_string}\"},\"query-input\":{\"@type\":\"PropertyValueSpecification\",\"valueRequired\":true,\"valueName\":\"search_term_string\"}}],\"inLanguage\":\"es-ES\"},{\"@type\":\"Organization\",\"@id\":\"https:\/\/www.acluaz.org\/#organization\",\"name\":\"ACLU of Arizona\",\"url\":\"https:\/\/www.acluaz.org\/\",\"logo\":{\"@type\":\"ImageObject\",\"inLanguage\":\"es-ES\",\"@id\":\"https:\/\/www.acluaz.org\/#\/schema\/logo\/image\/\",\"url\":\"https:\/\/www.acluaz.org\/app\/uploads\/2025\/09\/ACLU_Arizona_Moblie-Web_Color_RGB.png\",\"contentUrl\":\"https:\/\/www.acluaz.org\/app\/uploads\/2025\/09\/ACLU_Arizona_Moblie-Web_Color_RGB.png\",\"width\":2084,\"height\":2084,\"caption\":\"ACLU of Arizona\"},\"image\":{\"@id\":\"https:\/\/www.acluaz.org\/#\/schema\/logo\/image\/\"}}]}<\/script>\n<!-- \/ Yoast SEO plugin. -->","yoast_head_json":{"title":"Recomendaciones para los responsables de autorizar escuelas ch\u00e1rter - ACLU of Arizona","robots":{"index":"index","follow":"follow","max-snippet":"max-snippet:-1","max-image-preview":"max-image-preview:large","max-video-preview":"max-video-preview:-1"},"canonical":"http:\/\/www.acluaz.org\/es\/recomendaciones-para-los-responsables-de-autorizar-escuelas-charter\/","og_locale":"es_ES","og_type":"article","og_title":"Recomendaciones para los responsables de autorizar escuelas ch\u00e1rter - ACLU of Arizona","og_description":"Recomendaciones dirigido a la Junta Estatal de Arizona para Escuelas Ch\u00e1rter.","og_url":"https:\/\/www.acluaz.org\/es\/recomendaciones-para-los-responsables-de-autorizar-escuelas-charter\/","og_site_name":"ACLU of Arizona","og_image":[{"url":"https:\/\/www.acluaz.org\/app\/themes\/aclu-parent\/img\/default_fb_share.jpg","type":"","width":"","height":""}],"twitter_card":"summary_large_image","schema":{"@context":"https:\/\/schema.org","@graph":[{"@type":"WebPage","@id":"http:\/\/www.acluaz.org\/es\/recomendaciones-para-los-responsables-de-autorizar-escuelas-charter\/","url":"http:\/\/www.acluaz.org\/es\/recomendaciones-para-los-responsables-de-autorizar-escuelas-charter\/","name":"Recomendaciones para los responsables de autorizar escuelas ch\u00e1rter - ACLU of Arizona","isPartOf":{"@id":"https:\/\/www.acluaz.org\/#website"},"datePublished":"2017-12-13T23:30:00+00:00","inLanguage":"es-ES","potentialAction":[{"@type":"ReadAction","target":["http:\/\/www.acluaz.org\/es\/recomendaciones-para-los-responsables-de-autorizar-escuelas-charter\/"]}]},{"@type":"WebSite","@id":"https:\/\/www.acluaz.org\/#website","url":"https:\/\/www.acluaz.org\/","name":"ACLU of Arizona","description":"","publisher":{"@id":"https:\/\/www.acluaz.org\/#organization"},"potentialAction":[{"@type":"SearchAction","target":{"@type":"EntryPoint","urlTemplate":"https:\/\/www.acluaz.org\/?s={search_term_string}"},"query-input":{"@type":"PropertyValueSpecification","valueRequired":true,"valueName":"search_term_string"}}],"inLanguage":"es-ES"},{"@type":"Organization","@id":"https:\/\/www.acluaz.org\/#organization","name":"ACLU of Arizona","url":"https:\/\/www.acluaz.org\/","logo":{"@type":"ImageObject","inLanguage":"es-ES","@id":"https:\/\/www.acluaz.org\/#\/schema\/logo\/image\/","url":"https:\/\/www.acluaz.org\/app\/uploads\/2025\/09\/ACLU_Arizona_Moblie-Web_Color_RGB.png","contentUrl":"https:\/\/www.acluaz.org\/app\/uploads\/2025\/09\/ACLU_Arizona_Moblie-Web_Color_RGB.png","width":2084,"height":2084,"caption":"ACLU of Arizona"},"image":{"@id":"https:\/\/www.acluaz.org\/#\/schema\/logo\/image\/"}}]}},"distributor_meta":false,"distributor_terms":false,"distributor_media":false,"distributor_original_site_name":"ACLU of Arizona","distributor_original_site_url":"https:\/\/www.acluaz.org\/es\/","push-errors":false,"_links":{"self":[{"href":"https:\/\/www.acluaz.org\/es\/wp-json\/wp\/v2\/pages\/2170","targetHints":{"allow":["GET"]}}],"collection":[{"href":"https:\/\/www.acluaz.org\/es\/wp-json\/wp\/v2\/pages"}],"about":[{"href":"https:\/\/www.acluaz.org\/es\/wp-json\/wp\/v2\/types\/page"}],"replies":[{"embeddable":true,"href":"https:\/\/www.acluaz.org\/es\/wp-json\/wp\/v2\/comments?post=2170"}],"version-history":[{"count":0,"href":"https:\/\/www.acluaz.org\/es\/wp-json\/wp\/v2\/pages\/2170\/revisions"}],"wp:attachment":[{"href":"https:\/\/www.acluaz.org\/es\/wp-json\/wp\/v2\/media?parent=2170"}],"curies":[{"name":"wp","href":"https:\/\/api.w.org\/{rel}","templated":true}]}}