{"id":2166,"date":"2017-12-13T18:15:00","date_gmt":"2017-12-13T23:15:00","guid":{"rendered":"https:\/\/www.acluaz.org\/recomendaciones-para-padres-de-familia-y-estudiantes\/"},"modified":"2017-12-13T18:15:00","modified_gmt":"2017-12-13T23:15:00","slug":"recomendaciones-para-padres-de-familia-y-estudiantes","status":"publish","type":"page","link":"https:\/\/www.acluaz.org\/es\/recomendaciones-para-padres-de-familia-y-estudiantes\/","title":{"rendered":"Recomendaciones para padres de familia y estudiantes"},"content":{"rendered":"<p>Revise los formularios de inscripci\u00f3n, el manual y otros materiales de su escuela ch\u00e1rter para asegurarse de que la escuela no tenga ninguna pol\u00edtica o m\u00e9todo ilegal o excluyente que pueda desalentar la inscripci\u00f3n.<br \/>\n<!--more--><\/p>\n<h2>Recomendaciones para padres de familia&nbsp;y estudiantes<\/h2>\n<p>Revise los formularios de inscripci\u00f3n, el manual y otros materiales de su escuela ch\u00e1rter para asegurarse de que la escuela no tenga ninguna pol\u00edtica o m\u00e9todo ilegal o excluyente que pueda desalentar la inscripci\u00f3n, incluyendo:<\/p>\n<ul>\n<li>Promedio de calificaciones (o G.P.A. por sus siglas en ingl\u00e9s) u otros requisitos acad\u00e9micos o m\u00ednimos<\/li>\n<li>Un nivel m\u00ednimo de dominio del ingl\u00e9s<\/li>\n<li>Preguntas sobre ciudadan\u00eda, estado de inmigraci\u00f3n o pa\u00eds de nacimiento de estudiantes o padres\/tutores<\/li>\n<li>Preguntas sobre suspensiones previas, registros de arrestos o antecedentes disciplinarios que no sean expulsi\u00f3n<\/li>\n<li>Env\u00edo obligatorio de n\u00fameros de Seguro Social o actas de nacimiento<\/li>\n<li>Ensayos de preinscripci\u00f3n, recorridos, orientaciones o entrevistas<\/li>\n<li>Requisitos de donaci\u00f3n, voluntariado o de pago a fin de evitar el voluntariado para padres\/tutores<\/li>\n<\/ul>\n<p>Si su escuela ch\u00e1rter tiene una pol\u00edtica ilegal o de exclusi\u00f3n, primero p\u00f3ngase en contacto con la administraci\u00f3n de la escuela o la red de escuelas ch\u00e1rter y solicite que cambien su pol\u00edtica. Si habla con ellos por tel\u00e9fono o en persona, solicite el nombre de la persona y aseg\u00farese de dar seguimiento por escrito. Si no cambian la pol\u00edtica, debe presentar una queja ante el autorizador de la escuela, como la Junta Estatal de Arizona para Escuelas Ch\u00e1rter. Informe tambi\u00e9n a la ACLU de Arizona sobre las pol\u00edticas ilegales o de exclusi\u00f3n enviando un correo electr\u00f3nico a: <a href=\"mailto:demand2learn@acluaz.org\">demand2learn@acluaz.org<\/a>.<\/p>\n<div>\n<h3><a href=\"https:\/\/www.acluaz.org\/es\/recomendaciones-para-operadores-de-una-escuela-charter\/\" target=\"_blank\">Siguente: <\/a><a href=\"https:\/\/www.acluaz.org\/es\/node\/1073\">Recomendaciones para operadores de una escuela ch\u00e1rter<\/a><strong><a href=\"https:\/\/www.acluaz.org\/es\/recomendaciones-para-operadores-de-una-escuela-charter\/\">&nbsp;<\/a>\u2192<\/strong><\/h3>\n<h3><a href=\"https:\/\/www.acluaz.org\/es\/node\/1058\" target=\"_blank\"><strong>\u2190<\/strong><\/a><a href=\"https:\/\/www.acluaz.org\/es\/node\/1058\" target=\"_blank\"> <\/a><a href=\"https:\/\/www.acluaz.org\/es\/node\/1058\" target=\"_blank\">Regresar a Tabla de Contenidos<\/a><\/h3>\n<\/div>\n<p>&nbsp;<\/p>\n","protected":false},"excerpt":{"rendered":"<p>Revise los formularios de inscripci\u00f3n, el manual y otros materiales de su escuela ch\u00e1rter para asegurarse de que la escuela no tenga ninguna pol\u00edtica o m\u00e9todo ilegal o excluyente que pueda desalentar la inscripci\u00f3n.<\/p>\n","protected":false},"author":0,"featured_media":0,"parent":0,"menu_order":0,"comment_status":"closed","ping_status":"closed","template":"","meta":{"_acf_changed":false,"_relevanssi_hide_post":"","_relevanssi_hide_content":"","_relevanssi_pin_for_all":"","_relevanssi_pin_keywords":"","_relevanssi_unpin_keywords":"","_relevanssi_related_keywords":"","_relevanssi_related_include_ids":"","_relevanssi_related_exclude_ids":"","_relevanssi_related_no_append":"","_relevanssi_related_not_related":"","_relevanssi_related_posts":"","_relevanssi_noindex_reason":"","footnotes":""},"class_list":["post-2166","page","type-page","status-publish","hentry"],"acf":{"layout":"default","header-group":{"header-description":"Revise los formularios de inscripci\u00f3n, el manual y otros materiales de su escuela ch\u00e1rter para asegurarse de que la escuela no tenga ninguna pol\u00edtica o m\u00e9todo ilegal o excluyente que pueda desalentar la inscripci\u00f3n.\n","show-subnav":false,"hide-from-subnav":false},"components":[{"acf_fc_layout":"heading","heading":{"":null,"text":"Recomendaciones para padres de familia\u00a0y estudiantes","anchor":"","sub-heading":"","type":"h2","heading-style":"standard"}},{"acf_fc_layout":"text","text":{"text":"Revise los formularios de inscripci\u00f3n, el manual y otros materiales de su escuela ch\u00e1rter para asegurarse de que la escuela no tenga ninguna pol\u00edtica o m\u00e9todo ilegal o excluyente que pueda desalentar la inscripci\u00f3n, incluyendo:\n\n<ul><li>Promedio de calificaciones (o G.P.A. por sus siglas en ingl\u00e9s) u otros requisitos acad\u00e9micos o m\u00ednimos<\/li><li>Un nivel m\u00ednimo de dominio del ingl\u00e9s<\/li><li>Preguntas sobre ciudadan\u00eda, estado de inmigraci\u00f3n o pa\u00eds de nacimiento de estudiantes o padres\/tutores<\/li><li>Preguntas sobre suspensiones previas, registros de arrestos o antecedentes disciplinarios que no sean expulsi\u00f3n<\/li><li>Env\u00edo obligatorio de n\u00fameros de Seguro Social o actas de nacimiento<\/li><li>Ensayos de preinscripci\u00f3n, recorridos, orientaciones o entrevistas<\/li><li>Requisitos de donaci\u00f3n, voluntariado o de pago a fin de evitar el voluntariado para padres\/tutores<\/li><\/ul>\n\nSi su escuela ch\u00e1rter tiene una pol\u00edtica ilegal o de exclusi\u00f3n, primero p\u00f3ngase en contacto con la administraci\u00f3n de la escuela o la red de escuelas ch\u00e1rter y solicite que cambien su pol\u00edtica. Si habla con ellos por tel\u00e9fono o en persona, solicite el nombre de la persona y aseg\u00farese de dar seguimiento por escrito. Si no cambian la pol\u00edtica, debe presentar una queja ante el autorizador de la escuela, como la Junta Estatal de Arizona para Escuelas Ch\u00e1rter. Informe tambi\u00e9n a la ACLU de Arizona sobre las pol\u00edticas ilegales o de exclusi\u00f3n enviando un correo electr\u00f3nico a: <a href=\"mailto:demand2learn@acluaz.org\">demand2learn@acluaz.org<\/a>."}},{"acf_fc_layout":"migrated","migrated":{"migrated":"<div><h3><a href=\"https:\/\/www.acluaz.org\/es\/recomendaciones-para-operadores-de-una-escuela-charter\/\" target=\"_blank\">Siguente: <\/a><a href=\"https:\/\/www.acluaz.org\/es\/node\/1073\">Recomendaciones para operadores de una escuela ch\u00e1rter<\/a><strong><a href=\"https:\/\/www.acluaz.org\/es\/recomendaciones-para-operadores-de-una-escuela-charter\/\">\u00a0<\/a>\u2192<\/strong><\/h3><h3><a href=\"https:\/\/www.acluaz.org\/es\/node\/1058\" target=\"_blank\"><strong>\u2190<\/strong><\/a><a href=\"https:\/\/www.acluaz.org\/es\/node\/1058\" target=\"_blank\"> <\/a><a href=\"https:\/\/www.acluaz.org\/es\/node\/1058\" target=\"_blank\">Regresar a Tabla de Contenidos<\/a><\/h3><\/div><p>\u00a0<\/p>"}}],"section":null,"issues":null,"related_content":[],"documents":null},"yoast_head":"<!-- This site is optimized with the Yoast SEO plugin v24.9 - https:\/\/yoast.com\/wordpress\/plugins\/seo\/ -->\n<title>Recomendaciones para padres de familia y estudiantes - ACLU of Arizona<\/title>\n<meta name=\"robots\" content=\"index, follow, max-snippet:-1, max-image-preview:large, max-video-preview:-1\" \/>\n<link rel=\"canonical\" href=\"http:\/\/www.acluaz.org\/es\/recomendaciones-para-padres-de-familia-y-estudiantes\/\" \/>\n<meta property=\"og:locale\" content=\"es_ES\" \/>\n<meta property=\"og:type\" content=\"article\" \/>\n<meta property=\"og:title\" content=\"Recomendaciones para padres de familia y estudiantes - ACLU of Arizona\" \/>\n<meta property=\"og:description\" content=\"Revise los formularios de inscripci\u00f3n, el manual y otros materiales de su escuela ch\u00e1rter para asegurarse de que la escuela no tenga ninguna pol\u00edtica o m\u00e9todo ilegal o excluyente que pueda desalentar la inscripci\u00f3n.\" \/>\n<meta property=\"og:url\" content=\"https:\/\/www.acluaz.org\/es\/recomendaciones-para-padres-de-familia-y-estudiantes\/\" \/>\n<meta property=\"og:site_name\" content=\"ACLU of Arizona\" \/>\n<meta property=\"og:image\" content=\"https:\/\/www.acluaz.org\/app\/themes\/aclu-parent\/img\/default_fb_share.jpg\" \/>\n<meta name=\"twitter:card\" content=\"summary_large_image\" \/>\n<script type=\"application\/ld+json\" class=\"yoast-schema-graph\">{\"@context\":\"https:\/\/schema.org\",\"@graph\":[{\"@type\":\"WebPage\",\"@id\":\"http:\/\/www.acluaz.org\/es\/recomendaciones-para-padres-de-familia-y-estudiantes\/\",\"url\":\"http:\/\/www.acluaz.org\/es\/recomendaciones-para-padres-de-familia-y-estudiantes\/\",\"name\":\"Recomendaciones para padres de familia y estudiantes - ACLU of Arizona\",\"isPartOf\":{\"@id\":\"https:\/\/www.acluaz.org\/#website\"},\"datePublished\":\"2017-12-13T23:15:00+00:00\",\"inLanguage\":\"es-ES\",\"potentialAction\":[{\"@type\":\"ReadAction\",\"target\":[\"http:\/\/www.acluaz.org\/es\/recomendaciones-para-padres-de-familia-y-estudiantes\/\"]}]},{\"@type\":\"WebSite\",\"@id\":\"https:\/\/www.acluaz.org\/#website\",\"url\":\"https:\/\/www.acluaz.org\/\",\"name\":\"ACLU of Arizona\",\"description\":\"\",\"publisher\":{\"@id\":\"https:\/\/www.acluaz.org\/#organization\"},\"potentialAction\":[{\"@type\":\"SearchAction\",\"target\":{\"@type\":\"EntryPoint\",\"urlTemplate\":\"https:\/\/www.acluaz.org\/?s={search_term_string}\"},\"query-input\":{\"@type\":\"PropertyValueSpecification\",\"valueRequired\":true,\"valueName\":\"search_term_string\"}}],\"inLanguage\":\"es-ES\"},{\"@type\":\"Organization\",\"@id\":\"https:\/\/www.acluaz.org\/#organization\",\"name\":\"ACLU of Arizona\",\"url\":\"https:\/\/www.acluaz.org\/\",\"logo\":{\"@type\":\"ImageObject\",\"inLanguage\":\"es-ES\",\"@id\":\"https:\/\/www.acluaz.org\/#\/schema\/logo\/image\/\",\"url\":\"https:\/\/www.acluaz.org\/app\/uploads\/2025\/09\/ACLU_Arizona_Moblie-Web_Color_RGB.png\",\"contentUrl\":\"https:\/\/www.acluaz.org\/app\/uploads\/2025\/09\/ACLU_Arizona_Moblie-Web_Color_RGB.png\",\"width\":2084,\"height\":2084,\"caption\":\"ACLU of Arizona\"},\"image\":{\"@id\":\"https:\/\/www.acluaz.org\/#\/schema\/logo\/image\/\"}}]}<\/script>\n<!-- \/ Yoast SEO plugin. -->","yoast_head_json":{"title":"Recomendaciones para padres de familia y estudiantes - ACLU of Arizona","robots":{"index":"index","follow":"follow","max-snippet":"max-snippet:-1","max-image-preview":"max-image-preview:large","max-video-preview":"max-video-preview:-1"},"canonical":"http:\/\/www.acluaz.org\/es\/recomendaciones-para-padres-de-familia-y-estudiantes\/","og_locale":"es_ES","og_type":"article","og_title":"Recomendaciones para padres de familia y estudiantes - ACLU of Arizona","og_description":"Revise los formularios de inscripci\u00f3n, el manual y otros materiales de su escuela ch\u00e1rter para asegurarse de que la escuela no tenga ninguna pol\u00edtica o m\u00e9todo ilegal o excluyente que pueda desalentar la inscripci\u00f3n.","og_url":"https:\/\/www.acluaz.org\/es\/recomendaciones-para-padres-de-familia-y-estudiantes\/","og_site_name":"ACLU of Arizona","og_image":[{"url":"https:\/\/www.acluaz.org\/app\/themes\/aclu-parent\/img\/default_fb_share.jpg","type":"","width":"","height":""}],"twitter_card":"summary_large_image","schema":{"@context":"https:\/\/schema.org","@graph":[{"@type":"WebPage","@id":"http:\/\/www.acluaz.org\/es\/recomendaciones-para-padres-de-familia-y-estudiantes\/","url":"http:\/\/www.acluaz.org\/es\/recomendaciones-para-padres-de-familia-y-estudiantes\/","name":"Recomendaciones para padres de familia y estudiantes - ACLU of Arizona","isPartOf":{"@id":"https:\/\/www.acluaz.org\/#website"},"datePublished":"2017-12-13T23:15:00+00:00","inLanguage":"es-ES","potentialAction":[{"@type":"ReadAction","target":["http:\/\/www.acluaz.org\/es\/recomendaciones-para-padres-de-familia-y-estudiantes\/"]}]},{"@type":"WebSite","@id":"https:\/\/www.acluaz.org\/#website","url":"https:\/\/www.acluaz.org\/","name":"ACLU of Arizona","description":"","publisher":{"@id":"https:\/\/www.acluaz.org\/#organization"},"potentialAction":[{"@type":"SearchAction","target":{"@type":"EntryPoint","urlTemplate":"https:\/\/www.acluaz.org\/?s={search_term_string}"},"query-input":{"@type":"PropertyValueSpecification","valueRequired":true,"valueName":"search_term_string"}}],"inLanguage":"es-ES"},{"@type":"Organization","@id":"https:\/\/www.acluaz.org\/#organization","name":"ACLU of Arizona","url":"https:\/\/www.acluaz.org\/","logo":{"@type":"ImageObject","inLanguage":"es-ES","@id":"https:\/\/www.acluaz.org\/#\/schema\/logo\/image\/","url":"https:\/\/www.acluaz.org\/app\/uploads\/2025\/09\/ACLU_Arizona_Moblie-Web_Color_RGB.png","contentUrl":"https:\/\/www.acluaz.org\/app\/uploads\/2025\/09\/ACLU_Arizona_Moblie-Web_Color_RGB.png","width":2084,"height":2084,"caption":"ACLU of Arizona"},"image":{"@id":"https:\/\/www.acluaz.org\/#\/schema\/logo\/image\/"}}]}},"distributor_meta":false,"distributor_terms":false,"distributor_media":false,"distributor_original_site_name":"ACLU of Arizona","distributor_original_site_url":"https:\/\/www.acluaz.org\/es\/","push-errors":false,"_links":{"self":[{"href":"https:\/\/www.acluaz.org\/es\/wp-json\/wp\/v2\/pages\/2166","targetHints":{"allow":["GET"]}}],"collection":[{"href":"https:\/\/www.acluaz.org\/es\/wp-json\/wp\/v2\/pages"}],"about":[{"href":"https:\/\/www.acluaz.org\/es\/wp-json\/wp\/v2\/types\/page"}],"replies":[{"embeddable":true,"href":"https:\/\/www.acluaz.org\/es\/wp-json\/wp\/v2\/comments?post=2166"}],"version-history":[{"count":0,"href":"https:\/\/www.acluaz.org\/es\/wp-json\/wp\/v2\/pages\/2166\/revisions"}],"wp:attachment":[{"href":"https:\/\/www.acluaz.org\/es\/wp-json\/wp\/v2\/media?parent=2166"}],"curies":[{"name":"wp","href":"https:\/\/api.w.org\/{rel}","templated":true}]}}