{"id":2162,"date":"2017-12-13T18:15:00","date_gmt":"2017-12-13T23:15:00","guid":{"rendered":"https:\/\/www.acluaz.org\/responsabilidad\/"},"modified":"2017-12-13T18:15:00","modified_gmt":"2017-12-13T23:15:00","slug":"responsabilidad","status":"publish","type":"page","link":"https:\/\/www.acluaz.org\/es\/responsabilidad\/","title":{"rendered":"Responsabilidad"},"content":{"rendered":"<p>La Junta Estatal de Arizona para Escuelas Ch\u00e1rter no supervis\u00f3 eficazmente a estas escuelas, dado que los materiales de inscripci\u00f3n, manuales, sitios web y otros materiales p\u00fablicos de tantas escuelas ch\u00e1rter de Arizona contienen infracciones.<br \/>\n<!--more--><\/p>\n<h2>Responsabilidad<\/h2>\n<div>\n<p>Patrocinando aproximadamente a 540 escuelas ch\u00e1rter, la Junta Estatal de Arizona para Escuelas Ch\u00e1rter es la entidad m\u00e1s grande que autoriza y supervisa las escuelas ch\u00e1rter en el estado. Como un componente de sus procedimientos de autorizaci\u00f3n, ha desarrollado medidas de protecci\u00f3n para garantizar que las pol\u00edticas y procedimientos de inscripci\u00f3n de este tipo de escuelas cumplan con las leyes estatales y federales.<\/p>\n<\/div>\n<div>&nbsp;<\/div>\n<div>Por ejemplo, los solicitantes interesados \u200b\u200ben abrir una nueva escuela ch\u00e1rter a trav\u00e9s del proceso de solicitud para este fin, deben \"describir los requisitos y documentos de admisi\u00f3n equitativos y necesarios propuestos en el paquete de inscripci\u00f3n\". Adem\u00e1s, en febrero de 2017, la junta mejor\u00f3 la secci\u00f3n de Mercadotecnia e Inscripci\u00f3n de estudiantes de las instrucciones de solicitud para exigir a los solicitantes que \"identifiquen la documentaci\u00f3n recopilada por separado como parte de los procesos de inscripci\u00f3n y matriculaci\u00f3n\".&nbsp;<\/div>\n<div>\n<div>&nbsp;<\/div>\n<div>\n<p>Un vocero de la junta de escuelas ch\u00e1rter dijo que \"la base l\u00f3gica para este requisito es determinar durante el proceso de evaluaci\u00f3n de una nueva solicitud del solicitante ha pensado a fondo qu\u00e9 documentos son apropiados y dentro del estatuto para solicitar durante el proceso de inscripci\u00f3n versus el proceso de registro. \"Si un solicitante, por ejemplo, se\u00f1alara que los documentos pertenecientes a las necesidades de educaci\u00f3n especial de un estudiante se recopilan en otro tiempo que el del proceso de inscripci\u00f3n, entonces \"el Panel de Revisi\u00f3n T\u00e9cnica que revisa la solicitud indicar\u00eda que el solicitante no ha cumplido los criterios para esta secci\u00f3n\", seg\u00fan el portavoz de la junta de ch\u00e1rter.<br \/>&nbsp;<\/p>\n<\/div>\n<div>Una vez aprobadas, las nuevas escuelas ch\u00e1rter reciben una visita no anunciada al plantel en el primer a\u00f1o por parte de los gerentes de sus programas de educaci\u00f3n asignados, durante la cual se revisan las pol\u00edticas y los formularios de inscripci\u00f3n conforme a los Estatutos Revisados de Arizona (A.R.S.) \u00a715-184.<\/div>\n<div>\n<div>&nbsp;<\/div>\n<div>Se requiere que las escuelas que no cumplen con los requisitos legales y contractuales (por el contrato entre el responsable de autorizar a la escuela ch\u00e1rter y el propietario de la escuela ch\u00e1rter), tales como alinear su plan de estudios con los est\u00e1ndares acad\u00e9micos de Arizona, est\u00e1n requeridas a tomar medidas correctivas. Revisiones al plantel tambi\u00e9n se llevan a cabo cada cinco a\u00f1os y cada vez que surgen aspectos preocupantes sobre una escuela. Sin embargo, a pesar de estas medidas de rendici\u00f3n de cuentas, muchos procedimientos de inscripci\u00f3n no cumplen con las reglas pre-establecidas.<\/div>\n<div>&nbsp;<\/div>\n<div>\n<p>Incluso con sus medidas de protecci\u00f3n establecidas, la Junta Estatal de Arizona para Escuelas Ch\u00e1rter no supervis\u00f3 eficazmente a estas escuelas, dado que los materiales de inscripci\u00f3n, manuales, sitios web y otros materiales p\u00fablicos de tantas escuelas ch\u00e1rter de Arizona contienen infracciones, as\u00ed como lenguaje de exclusi\u00f3n relacionado con la inscripci\u00f3n de estudiantes. Independientemente de si esta falla es causada por la falta de recursos o procedimientos inadecuados para revisar las escuelas ch\u00e1rter, es preocupante que la Junta haya pasado por alto estas pol\u00edticas ilegales de inscripci\u00f3n o de exclusi\u00f3n.<\/p>\n<\/div>\n<div>&nbsp;<\/div>\n<h3><a href=\"https:\/\/www.acluaz.org\/es\/node\/1081\" target=\"_blank\">Siguente:&nbsp;<strong>Quejas de Padres de Familia a la Junta de Escuelas&nbsp;<\/strong>Ch\u00e1rter<strong>&nbsp;\u2192<\/strong><\/a><\/h3>\n<div>\n<h3><a href=\"https:\/\/www.acluaz.org\/es\/node\/1058\" target=\"_blank\"><strong>\u2190<\/strong>&nbsp;<strong style=\"font-size: 1rem;\"><span style=\"font-size: 1rem;\">Regres<\/span><span style=\"font-size: 1rem;\">ar a Tabla de Contenidos&nbsp;<\/span><\/strong><span style=\"font-size: 1rem;\">&nbsp;<\/span><\/a><\/h3>\n<\/div>\n<\/div>\n<\/div>\n<p>&nbsp;<\/p>\n","protected":false},"excerpt":{"rendered":"<p>La Junta Estatal de Arizona para Escuelas Ch\u00e1rter no supervis\u00f3 eficazmente a estas escuelas, dado que los materiales de inscripci\u00f3n, manuales, sitios web y otros materiales p\u00fablicos de tantas escuelas ch\u00e1rter de Arizona contienen infracciones.<\/p>\n","protected":false},"author":0,"featured_media":0,"parent":0,"menu_order":0,"comment_status":"closed","ping_status":"closed","template":"","meta":{"_acf_changed":false,"_relevanssi_hide_post":"","_relevanssi_hide_content":"","_relevanssi_pin_for_all":"","_relevanssi_pin_keywords":"","_relevanssi_unpin_keywords":"","_relevanssi_related_keywords":"","_relevanssi_related_include_ids":"","_relevanssi_related_exclude_ids":"","_relevanssi_related_no_append":"","_relevanssi_related_not_related":"","_relevanssi_related_posts":"","_relevanssi_noindex_reason":"","footnotes":""},"class_list":["post-2162","page","type-page","status-publish","hentry"],"acf":{"layout":"default","header-group":{"header-description":"La Junta Estatal de Arizona para Escuelas Ch\u00e1rter no supervis\u00f3 eficazmente a estas escuelas, dado que los materiales de inscripci\u00f3n, manuales, sitios web y otros materiales p\u00fablicos de tantas escuelas ch\u00e1rter de Arizona contienen infracciones.\n","show-subnav":false,"hide-from-subnav":false},"components":[{"acf_fc_layout":"heading","heading":{"":null,"text":"Responsabilidad","anchor":"","sub-heading":"","type":"h2","heading-style":"standard"}},{"acf_fc_layout":"migrated","migrated":{"migrated":"<div><p>Patrocinando aproximadamente a 540 escuelas ch\u00e1rter, la Junta Estatal de Arizona para Escuelas Ch\u00e1rter es la entidad m\u00e1s grande que autoriza y supervisa las escuelas ch\u00e1rter en el estado. Como un componente de sus procedimientos de autorizaci\u00f3n, ha desarrollado medidas de protecci\u00f3n para garantizar que las pol\u00edticas y procedimientos de inscripci\u00f3n de este tipo de escuelas cumplan con las leyes estatales y federales.<\/p><\/div><div>\u00a0<\/div><div>Por ejemplo, los solicitantes interesados \u200b\u200ben abrir una nueva escuela ch\u00e1rter a trav\u00e9s del proceso de solicitud para este fin, deben \"describir los requisitos y documentos de admisi\u00f3n equitativos y necesarios propuestos en el paquete de inscripci\u00f3n\". Adem\u00e1s, en febrero de 2017, la junta mejor\u00f3 la secci\u00f3n de Mercadotecnia e Inscripci\u00f3n de estudiantes de las instrucciones de solicitud para exigir a los solicitantes que \"identifiquen la documentaci\u00f3n recopilada por separado como parte de los procesos de inscripci\u00f3n y matriculaci\u00f3n\".\u00a0<\/div><div><div>\u00a0<\/div><div><p>Un vocero de la junta de escuelas ch\u00e1rter dijo que \"la base l\u00f3gica para este requisito es determinar durante el proceso de evaluaci\u00f3n de una nueva solicitud del solicitante ha pensado a fondo qu\u00e9 documentos son apropiados y dentro del estatuto para solicitar durante el proceso de inscripci\u00f3n versus el proceso de registro. \"Si un solicitante, por ejemplo, se\u00f1alara que los documentos pertenecientes a las necesidades de educaci\u00f3n especial de un estudiante se recopilan en otro tiempo que el del proceso de inscripci\u00f3n, entonces \"el Panel de Revisi\u00f3n T\u00e9cnica que revisa la solicitud indicar\u00eda que el solicitante no ha cumplido los criterios para esta secci\u00f3n\", seg\u00fan el portavoz de la junta de ch\u00e1rter.<br>\u00a0<\/p><\/div><div>Una vez aprobadas, las nuevas escuelas ch\u00e1rter reciben una visita no anunciada al plantel en el primer a\u00f1o por parte de los gerentes de sus programas de educaci\u00f3n asignados, durante la cual se revisan las pol\u00edticas y los formularios de inscripci\u00f3n conforme a los Estatutos Revisados de Arizona (A.R.S.) \u00a715-184.<\/div><div><div>\u00a0<\/div><div>Se requiere que las escuelas que no cumplen con los requisitos legales y contractuales (por el contrato entre el responsable de autorizar a la escuela ch\u00e1rter y el propietario de la escuela ch\u00e1rter), tales como alinear su plan de estudios con los est\u00e1ndares acad\u00e9micos de Arizona, est\u00e1n requeridas a tomar medidas correctivas. Revisiones al plantel tambi\u00e9n se llevan a cabo cada cinco a\u00f1os y cada vez que surgen aspectos preocupantes sobre una escuela. Sin embargo, a pesar de estas medidas de rendici\u00f3n de cuentas, muchos procedimientos de inscripci\u00f3n no cumplen con las reglas pre-establecidas.<\/div><div>\u00a0<\/div><div><p>Incluso con sus medidas de protecci\u00f3n establecidas, la Junta Estatal de Arizona para Escuelas Ch\u00e1rter no supervis\u00f3 eficazmente a estas escuelas, dado que los materiales de inscripci\u00f3n, manuales, sitios web y otros materiales p\u00fablicos de tantas escuelas ch\u00e1rter de Arizona contienen infracciones, as\u00ed como lenguaje de exclusi\u00f3n relacionado con la inscripci\u00f3n de estudiantes. Independientemente de si esta falla es causada por la falta de recursos o procedimientos inadecuados para revisar las escuelas ch\u00e1rter, es preocupante que la Junta haya pasado por alto estas pol\u00edticas ilegales de inscripci\u00f3n o de exclusi\u00f3n.<\/p><\/div><div>\u00a0<\/div><h3><a href=\"https:\/\/www.acluaz.org\/es\/node\/1081\" target=\"_blank\">Siguente:\u00a0<strong>Quejas de Padres de Familia a la Junta de Escuelas\u00a0<\/strong>Ch\u00e1rter<strong>\u00a0\u2192<\/strong><\/a><\/h3><div><h3><a href=\"https:\/\/www.acluaz.org\/es\/node\/1058\" target=\"_blank\"><strong>\u2190<\/strong>\u00a0<strong style=\"font-size: 1rem;\"><span style=\"font-size: 1rem;\">Regres<\/span><span style=\"font-size: 1rem;\">ar a Tabla de Contenidos\u00a0<\/span><\/strong><span style=\"font-size: 1rem;\">\u00a0<\/span><\/a><\/h3><\/div><\/div><\/div><p>\u00a0<\/p>"}}],"section":null,"issues":null,"related_content":[],"documents":null},"yoast_head":"<!-- This site is optimized with the Yoast SEO plugin v24.9 - https:\/\/yoast.com\/wordpress\/plugins\/seo\/ -->\n<title>Responsabilidad - ACLU of Arizona<\/title>\n<meta name=\"robots\" content=\"index, follow, max-snippet:-1, max-image-preview:large, max-video-preview:-1\" \/>\n<link rel=\"canonical\" href=\"http:\/\/www.acluaz.org\/es\/responsabilidad\/\" \/>\n<meta property=\"og:locale\" content=\"es_ES\" \/>\n<meta property=\"og:type\" content=\"article\" \/>\n<meta property=\"og:title\" content=\"Responsabilidad - ACLU of Arizona\" \/>\n<meta property=\"og:description\" content=\"La Junta Estatal de Arizona para Escuelas Ch\u00e1rter no supervis\u00f3 eficazmente a estas escuelas, dado que los materiales de inscripci\u00f3n, manuales, sitios web y otros materiales p\u00fablicos de tantas escuelas ch\u00e1rter de Arizona contienen infracciones.\" \/>\n<meta property=\"og:url\" content=\"https:\/\/www.acluaz.org\/es\/responsabilidad\/\" \/>\n<meta property=\"og:site_name\" content=\"ACLU of Arizona\" \/>\n<meta property=\"og:image\" content=\"https:\/\/www.acluaz.org\/app\/themes\/aclu-parent\/img\/default_fb_share.jpg\" \/>\n<meta name=\"twitter:card\" content=\"summary_large_image\" \/>\n<script type=\"application\/ld+json\" class=\"yoast-schema-graph\">{\"@context\":\"https:\/\/schema.org\",\"@graph\":[{\"@type\":\"WebPage\",\"@id\":\"http:\/\/www.acluaz.org\/es\/responsabilidad\/\",\"url\":\"http:\/\/www.acluaz.org\/es\/responsabilidad\/\",\"name\":\"Responsabilidad - ACLU of Arizona\",\"isPartOf\":{\"@id\":\"https:\/\/www.acluaz.org\/#website\"},\"datePublished\":\"2017-12-13T23:15:00+00:00\",\"inLanguage\":\"es-ES\",\"potentialAction\":[{\"@type\":\"ReadAction\",\"target\":[\"http:\/\/www.acluaz.org\/es\/responsabilidad\/\"]}]},{\"@type\":\"WebSite\",\"@id\":\"https:\/\/www.acluaz.org\/#website\",\"url\":\"https:\/\/www.acluaz.org\/\",\"name\":\"ACLU of Arizona\",\"description\":\"\",\"publisher\":{\"@id\":\"https:\/\/www.acluaz.org\/#organization\"},\"potentialAction\":[{\"@type\":\"SearchAction\",\"target\":{\"@type\":\"EntryPoint\",\"urlTemplate\":\"https:\/\/www.acluaz.org\/?s={search_term_string}\"},\"query-input\":{\"@type\":\"PropertyValueSpecification\",\"valueRequired\":true,\"valueName\":\"search_term_string\"}}],\"inLanguage\":\"es-ES\"},{\"@type\":\"Organization\",\"@id\":\"https:\/\/www.acluaz.org\/#organization\",\"name\":\"ACLU of Arizona\",\"url\":\"https:\/\/www.acluaz.org\/\",\"logo\":{\"@type\":\"ImageObject\",\"inLanguage\":\"es-ES\",\"@id\":\"https:\/\/www.acluaz.org\/#\/schema\/logo\/image\/\",\"url\":\"https:\/\/www.acluaz.org\/app\/uploads\/2025\/09\/ACLU_Arizona_Moblie-Web_Color_RGB.png\",\"contentUrl\":\"https:\/\/www.acluaz.org\/app\/uploads\/2025\/09\/ACLU_Arizona_Moblie-Web_Color_RGB.png\",\"width\":2084,\"height\":2084,\"caption\":\"ACLU of Arizona\"},\"image\":{\"@id\":\"https:\/\/www.acluaz.org\/#\/schema\/logo\/image\/\"}}]}<\/script>\n<!-- \/ Yoast SEO plugin. -->","yoast_head_json":{"title":"Responsabilidad - ACLU of Arizona","robots":{"index":"index","follow":"follow","max-snippet":"max-snippet:-1","max-image-preview":"max-image-preview:large","max-video-preview":"max-video-preview:-1"},"canonical":"http:\/\/www.acluaz.org\/es\/responsabilidad\/","og_locale":"es_ES","og_type":"article","og_title":"Responsabilidad - ACLU of Arizona","og_description":"La Junta Estatal de Arizona para Escuelas Ch\u00e1rter no supervis\u00f3 eficazmente a estas escuelas, dado que los materiales de inscripci\u00f3n, manuales, sitios web y otros materiales p\u00fablicos de tantas escuelas ch\u00e1rter de Arizona contienen infracciones.","og_url":"https:\/\/www.acluaz.org\/es\/responsabilidad\/","og_site_name":"ACLU of Arizona","og_image":[{"url":"https:\/\/www.acluaz.org\/app\/themes\/aclu-parent\/img\/default_fb_share.jpg","type":"","width":"","height":""}],"twitter_card":"summary_large_image","schema":{"@context":"https:\/\/schema.org","@graph":[{"@type":"WebPage","@id":"http:\/\/www.acluaz.org\/es\/responsabilidad\/","url":"http:\/\/www.acluaz.org\/es\/responsabilidad\/","name":"Responsabilidad - ACLU of Arizona","isPartOf":{"@id":"https:\/\/www.acluaz.org\/#website"},"datePublished":"2017-12-13T23:15:00+00:00","inLanguage":"es-ES","potentialAction":[{"@type":"ReadAction","target":["http:\/\/www.acluaz.org\/es\/responsabilidad\/"]}]},{"@type":"WebSite","@id":"https:\/\/www.acluaz.org\/#website","url":"https:\/\/www.acluaz.org\/","name":"ACLU of Arizona","description":"","publisher":{"@id":"https:\/\/www.acluaz.org\/#organization"},"potentialAction":[{"@type":"SearchAction","target":{"@type":"EntryPoint","urlTemplate":"https:\/\/www.acluaz.org\/?s={search_term_string}"},"query-input":{"@type":"PropertyValueSpecification","valueRequired":true,"valueName":"search_term_string"}}],"inLanguage":"es-ES"},{"@type":"Organization","@id":"https:\/\/www.acluaz.org\/#organization","name":"ACLU of Arizona","url":"https:\/\/www.acluaz.org\/","logo":{"@type":"ImageObject","inLanguage":"es-ES","@id":"https:\/\/www.acluaz.org\/#\/schema\/logo\/image\/","url":"https:\/\/www.acluaz.org\/app\/uploads\/2025\/09\/ACLU_Arizona_Moblie-Web_Color_RGB.png","contentUrl":"https:\/\/www.acluaz.org\/app\/uploads\/2025\/09\/ACLU_Arizona_Moblie-Web_Color_RGB.png","width":2084,"height":2084,"caption":"ACLU of Arizona"},"image":{"@id":"https:\/\/www.acluaz.org\/#\/schema\/logo\/image\/"}}]}},"distributor_meta":false,"distributor_terms":false,"distributor_media":false,"distributor_original_site_name":"ACLU of Arizona","distributor_original_site_url":"https:\/\/www.acluaz.org\/es\/","push-errors":false,"_links":{"self":[{"href":"https:\/\/www.acluaz.org\/es\/wp-json\/wp\/v2\/pages\/2162","targetHints":{"allow":["GET"]}}],"collection":[{"href":"https:\/\/www.acluaz.org\/es\/wp-json\/wp\/v2\/pages"}],"about":[{"href":"https:\/\/www.acluaz.org\/es\/wp-json\/wp\/v2\/types\/page"}],"replies":[{"embeddable":true,"href":"https:\/\/www.acluaz.org\/es\/wp-json\/wp\/v2\/comments?post=2162"}],"version-history":[{"count":0,"href":"https:\/\/www.acluaz.org\/es\/wp-json\/wp\/v2\/pages\/2162\/revisions"}],"wp:attachment":[{"href":"https:\/\/www.acluaz.org\/es\/wp-json\/wp\/v2\/media?parent=2162"}],"curies":[{"name":"wp","href":"https:\/\/api.w.org\/{rel}","templated":true}]}}