{"id":2157,"date":"2017-12-13T18:00:00","date_gmt":"2017-12-13T23:00:00","guid":{"rendered":"https:\/\/www.acluaz.org\/cuotas-y-depositos\/"},"modified":"2017-12-13T18:00:00","modified_gmt":"2017-12-13T23:00:00","slug":"cuotas-y-depositos","status":"publish","type":"page","link":"https:\/\/www.acluaz.org\/es\/cuotas-y-depositos\/","title":{"rendered":"Cuotas y dep\u00f3sitos"},"content":{"rendered":"<p>Ni las escuelas ch\u00e1rter ni las escuelas de distrito pueden cobrar cuotas que creen barreras para la inscripci\u00f3n.<br \/>\n<!--more--><\/p>\n<h2>Cuotas y Dep\u00f3sitos<\/h2>\n<div>\n<p>Seg\u00fan la Constituci\u00f3n de Arizona, los estudiantes tienen derecho a una educaci\u00f3n p\u00fablica gratuita (<a href=\"https:\/\/www.azleg.gov\/FormatDocument.asp?inDoc=\/const\/11\/6.htm\" target=\"_blank\">Ariz. Const. art. XI, \u00a7 6<\/a>). Eso significa que ni las escuelas ch\u00e1rter ni las escuelas de distrito pueden cobrar cuotas que creen barreras para la inscripci\u00f3n. Se requiere que las escuelas renuncien a las cuotas si esto crea dificultades econ\u00f3micas para el estudiante y sus familias. La ley de Arizona establece que \"la falta de pago de las cuotas cobradas por una escuela p\u00fablica no puede impedir que un alumno se inscriba, llene una solicitud o permanezca inscrito en una escuela p\u00fablica\" (<a href=\"https:\/\/www.azleg.gov\/viewdocument\/?docName=https:\/\/www.azleg.gov\/ars\/15\/00116.htm\" target=\"_blank\">A.R.S. \u00a7 15-116(A-B))<\/a>.<\/p>\n<p>A pesar de esta clara prohibici\u00f3n, al menos 35 escuelas ch\u00e1rter en Arizona cobran cuotas por una variedad de art\u00edculos, incluyendo los materiales esenciales del curso, como libros de texto, sin dar a los padres una opci\u00f3n de exenci\u00f3n. Diez escuelas ch\u00e1rter requieren que los padres paguen cuotas relacionadas con la inscripci\u00f3n. Adem\u00e1s, al menos 41 escuelas ch\u00e1rter cobran desde $50 hasta $1,000 en cuotas por actividades, como excursiones y materiales escolares. Estas cuotas pueden evitar que los estudiantes de familias de bajos ingresos llenen una solicitud, especialmente cuando la escuela no permite que las familias renuncien a las cuotas, y lo hacen para que una educaci\u00f3n que se supone es gratuita est\u00e9 s\u00f3lo disponible para familias adineradas.<\/p>\n<p>Las escuelas ch\u00e1rter pueden cobrar cuotas extraescolares, como una cuota para participar en un equipo deportivo despu\u00e9s de la escuela. Pero no pueden cobrar cuotas por actividades o art\u00edculos que son un componente integral de la educaci\u00f3n de un estudiante. Hacerlo viola la ley de Arizona (<a href=\"https:\/\/www.azleg.gov\/viewdocument\/?docName=https:\/\/www.azleg.gov\/ars\/15\/00116.htm\" target=\"_blank\">A.R.S. \u00a7 15-116(A-B))<\/a>.&nbsp;<\/p>\n<p><u>Escuela Ch\u00e1rter de Fountain Hills (Fountain Hills)<\/u>: \"Se debe pagar una cuota no reembolsable de $100 por estudiante al inscribirlo, la cual se utilizar\u00e1 para mantener programas como grupos musicales, orquesta, coro, laboratorio de ciencias, arte y lectura\".<\/p>\n<p><u>Academia Freedom (Phoenix, Scottsdale)<\/u>: Se debe pagar una cuota no reembolsable de $300 como \"Cuota para artes extraescolares\", una vez que el padre recibe la confirmaci\u00f3n de la escuela acerca de la inscripci\u00f3n de su hijo. Los padres que inscriban a dos ni\u00f1os deber\u00e1n pagar $250 por el segundo hijo. Los padres que inscriban a tres o m\u00e1s ni\u00f1os deber\u00e1n pagar $200 por ni\u00f1o. La escuela tambi\u00e9n se\u00f1ala que, \"Otras cuotas nominales ocurrir\u00e1n durante el a\u00f1o\" para excursiones y otras actividades.<\/p>\n<p><u>Academia Foothills (Cave Creek, Scottsdale)<\/u>: \"La Cuota Anual de Apoyo a la Academia Foothills (FASF por sus siglas en ingl\u00e9s) es de $575 por cada estudiante que asista a la Academia Foothills. Las familias con dos o m\u00e1s estudiantes inscritos o que est\u00e1n siendo inscritos reciben una FASF con descuento de $500 por estudiante. Si se inscribe despu\u00e9s del primer semestre, esta cuota se prorratear\u00e1 a la mitad (1\/2) de estos montos, es decir, $287.50 por estudiante o $225.00 (con descuento para hermanos). Profesorado de alto nivel, programas innovadores y el tama\u00f1o reducido de los grupos son algunas de las razones por las que usted puede haber elegido la Academia Foothills para su estudiante. Estos componentes cr\u00edticos requieren financiaci\u00f3n m\u00e1s all\u00e1 de la proporcionada por el Estado de Arizona\".<\/p>\n<p><u>Escuela Ch\u00e1rter Gem (Mesa)<\/u>: \"Hay una Cuota de Material y Actividad Escolar para cada estudiante. Esto cubrir\u00e1 los refrigerios, proveer\u00e1 una comida para un d\u00eda de almuerzo una vez al mes y otros \u00fatiles consumibles en el aula, algunas excursiones, la revista Montessori \"El ni\u00f1o del ma\u00f1ana\", as\u00ed como otras actividades extracurriculares. La cuota es de $150 si se paga completa en el primer mes de clases, $160 si se paga en dos pagos de $80 o $17.50 si se paga mensualmente durante 10 meses, que vencen el 1\u00b0 del mes\".<\/p>\n<p><u>Escuelas Great Hearts (con planteles en toda el \u00e1rea metropolitana de Phoenix<\/u>): Estas escuelas cobran a los padres un \"dep\u00f3sito \u00fanico de libros\" de $100 a $175, dependiendo de la escuela. Se requiere que los padres paguen la cuota al inscribirse en la escuela. La escuela se\u00f1ala que la cuota de dep\u00f3sito de libros \"se reembolsa cuando el estudiante se grad\u00faa o se da de baja de la escuela, siempre y cuando todos los libros de texto hayan sido devueltos en buenas condiciones cada a\u00f1o\".<\/p>\n<p><u>Academia Montessori (Paradise Valley)<\/u>: Se debe pagar una cuota no reembolsable de $25 en el momento de la inscripci\u00f3n. La escuela tambi\u00e9n cobra una cuota no reembolsable de actividad extracurricular de $1,000 para mantener una bajo cupo de estudiantes y maestros, as\u00ed como para cubrir los costos de arte, m\u00fasica y educaci\u00f3n f\u00edsica. \"El estado sigue reduciendo el financiamiento para la educaci\u00f3n\", afirma la escuela. Los padres pueden solicitar asistencia financiera para ayudar a pagar la cuota de $1,000, pero aun as\u00ed deben pagar $150 al momento de la inscripci\u00f3n.<\/p>\n<p><u>Escuela Ch\u00e1rter Mountain Oak (Prescott)<\/u>: La escuela cobra a los padres una cuota de $170 para cubrir los costos de los materiales, incluyendo pinturas y crayolas, l\u00e1pices de colores, papel para pintar, libros de lecciones principales y plastilina. Adem\u00e1s, la escuela tambi\u00e9n cobra una cuota de aula de $60 que cubre el costo de refrigerios, excursiones, tela para disfraces y equipo de jardiner\u00eda, as\u00ed como otros art\u00edculos. Tambi\u00e9n hay un cargo opcional de $25 para alquilar grabadoras, que la escuela declara \"son una parte importante del plan de estudios y se usan con frecuencia\". Aunque la escuela declara que los padres para quienes las cuotas son una dificultad pueden pagar lo que puedan, no les dan una opci\u00f3n para renunciar a las cuotas por completo.<\/p>\n<p><u>Escuela Ch\u00e1rter de San Tan (Gilbert<\/u>): Se les pide a los padres que proporcionen una tarjeta de cr\u00e9dito que la escuela pueda mantener archivada. La escuela dice que mantendr\u00e1 la tarjeta archivada en su oficina de finanzas y la usar\u00e1 para pagar varias cuotas, incluyendo una cuota de renta de tecnolog\u00eda de $250 para los grados 9-12. La escuela tambi\u00e9n les pide a los padres con ni\u00f1os que cursan de k\u00ednder al 8\u00ba Grado que hagan una Donaci\u00f3n de Cr\u00e9dito para Ni\u00f1os de $50 sin dejar en claro que esta es voluntaria.<\/p>\n<p><u>Academia Preparatoria de Tempe (Tempe)<\/u>: La escuela cobra una cuota de dep\u00f3sito de $180 para todos los grados escolares. Tambi\u00e9n hay una cuota de clase que los estudiantes deben pagar al inscribirse. La cuota de la clase oscila entre $60 y $287, dependiendo del nivel de grado del estudiante. La escuela dice que \"no desea excluir a ning\u00fan alumno de la participaci\u00f3n debido a dificultades financieras\", y dice a los padres que pueden solicitar asistencia financiera. Sin embargo, las familias deben pagar una cuota por la solicitud de ayuda financiera, que se utiliza para determinar cu\u00e1nta asistencia financiera les brindar\u00e1 la escuela.<\/p>\n<p><strong>Recomendaciones<\/strong><\/p>\n<ul>\n<li>Las escuelas deben explicar que la inscripci\u00f3n no est\u00e1 condicionada al pago de alguna cuota, incluyendo los dep\u00f3sitos de libros, cuotas de laboratorio o cuotas para actividades.<\/li>\n<li>Las escuelas deben dejar en claro que hay exenciones completas disponibles para las cuotas relacionadas con la experiencia educativa del estudiante<\/li>\n<\/ul>\n<\/div>\n<div>\n<div>\n<div>\n<h3><a href=\"https:\/\/www.acluaz.org\/es\/node\/1077\" target=\"_blank\">Siguente: Historia Personal - Falta de Asistencia Acad\u00e9mica \u2192<\/a><\/h3>\n<h3><a href=\"https:\/\/www.acluaz.org\/es\/node\/1058\" target=\"_blank\"><strong>\u2190&nbsp;<\/strong>Regresar a Tabla de Contenidos<\/a><\/h3>\n<\/div>\n<\/div>\n<\/div>\n<p>&nbsp;<\/p>\n","protected":false},"excerpt":{"rendered":"<p>Ni las escuelas ch\u00e1rter ni las escuelas de distrito pueden cobrar cuotas que creen barreras para la inscripci\u00f3n.<\/p>\n","protected":false},"author":0,"featured_media":0,"parent":0,"menu_order":0,"comment_status":"closed","ping_status":"closed","template":"","meta":{"_acf_changed":false,"_relevanssi_hide_post":"","_relevanssi_hide_content":"","_relevanssi_pin_for_all":"","_relevanssi_pin_keywords":"","_relevanssi_unpin_keywords":"","_relevanssi_related_keywords":"","_relevanssi_related_include_ids":"","_relevanssi_related_exclude_ids":"","_relevanssi_related_no_append":"","_relevanssi_related_not_related":"","_relevanssi_related_posts":"","_relevanssi_noindex_reason":"","footnotes":""},"class_list":["post-2157","page","type-page","status-publish","hentry"],"acf":{"layout":"default","header-group":{"header-description":"Ni las escuelas ch\u00e1rter ni las escuelas de distrito pueden cobrar cuotas que creen barreras para la inscripci\u00f3n. \n","show-subnav":false,"hide-from-subnav":false},"components":[{"acf_fc_layout":"heading","heading":{"":null,"text":"Cuotas y Dep\u00f3sitos","anchor":"","sub-heading":"","type":"h2","heading-style":"standard"}},{"acf_fc_layout":"migrated","migrated":{"migrated":"<div><p>Seg\u00fan la Constituci\u00f3n de Arizona, los estudiantes tienen derecho a una educaci\u00f3n p\u00fablica gratuita (<a href=\"https:\/\/www.azleg.gov\/FormatDocument.asp?inDoc=\/const\/11\/6.htm\" target=\"_blank\">Ariz. Const. art. XI, \u00a7 6<\/a>). Eso significa que ni las escuelas ch\u00e1rter ni las escuelas de distrito pueden cobrar cuotas que creen barreras para la inscripci\u00f3n. Se requiere que las escuelas renuncien a las cuotas si esto crea dificultades econ\u00f3micas para el estudiante y sus familias. La ley de Arizona establece que \"la falta de pago de las cuotas cobradas por una escuela p\u00fablica no puede impedir que un alumno se inscriba, llene una solicitud o permanezca inscrito en una escuela p\u00fablica\" (<a href=\"https:\/\/www.azleg.gov\/viewdocument\/?docName=https:\/\/www.azleg.gov\/ars\/15\/00116.htm\" target=\"_blank\">A.R.S. \u00a7 15-116(A-B))<\/a>.<\/p><p>A pesar de esta clara prohibici\u00f3n, al menos 35 escuelas ch\u00e1rter en Arizona cobran cuotas por una variedad de art\u00edculos, incluyendo los materiales esenciales del curso, como libros de texto, sin dar a los padres una opci\u00f3n de exenci\u00f3n. Diez escuelas ch\u00e1rter requieren que los padres paguen cuotas relacionadas con la inscripci\u00f3n. Adem\u00e1s, al menos 41 escuelas ch\u00e1rter cobran desde $50 hasta $1,000 en cuotas por actividades, como excursiones y materiales escolares. Estas cuotas pueden evitar que los estudiantes de familias de bajos ingresos llenen una solicitud, especialmente cuando la escuela no permite que las familias renuncien a las cuotas, y lo hacen para que una educaci\u00f3n que se supone es gratuita est\u00e9 s\u00f3lo disponible para familias adineradas.<\/p><p>Las escuelas ch\u00e1rter pueden cobrar cuotas extraescolares, como una cuota para participar en un equipo deportivo despu\u00e9s de la escuela. Pero no pueden cobrar cuotas por actividades o art\u00edculos que son un componente integral de la educaci\u00f3n de un estudiante. Hacerlo viola la ley de Arizona (<a href=\"https:\/\/www.azleg.gov\/viewdocument\/?docName=https:\/\/www.azleg.gov\/ars\/15\/00116.htm\" target=\"_blank\">A.R.S. \u00a7 15-116(A-B))<\/a>.\u00a0<\/p><p><u>Escuela Ch\u00e1rter de Fountain Hills (Fountain Hills)<\/u>: \"Se debe pagar una cuota no reembolsable de $100 por estudiante al inscribirlo, la cual se utilizar\u00e1 para mantener programas como grupos musicales, orquesta, coro, laboratorio de ciencias, arte y lectura\".<\/p><p><u>Academia Freedom (Phoenix, Scottsdale)<\/u>: Se debe pagar una cuota no reembolsable de $300 como \"Cuota para artes extraescolares\", una vez que el padre recibe la confirmaci\u00f3n de la escuela acerca de la inscripci\u00f3n de su hijo. Los padres que inscriban a dos ni\u00f1os deber\u00e1n pagar $250 por el segundo hijo. Los padres que inscriban a tres o m\u00e1s ni\u00f1os deber\u00e1n pagar $200 por ni\u00f1o. La escuela tambi\u00e9n se\u00f1ala que, \"Otras cuotas nominales ocurrir\u00e1n durante el a\u00f1o\" para excursiones y otras actividades.<\/p><p><u>Academia Foothills (Cave Creek, Scottsdale)<\/u>: \"La Cuota Anual de Apoyo a la Academia Foothills (FASF por sus siglas en ingl\u00e9s) es de $575 por cada estudiante que asista a la Academia Foothills. Las familias con dos o m\u00e1s estudiantes inscritos o que est\u00e1n siendo inscritos reciben una FASF con descuento de $500 por estudiante. Si se inscribe despu\u00e9s del primer semestre, esta cuota se prorratear\u00e1 a la mitad (1\/2) de estos montos, es decir, $287.50 por estudiante o $225.00 (con descuento para hermanos). Profesorado de alto nivel, programas innovadores y el tama\u00f1o reducido de los grupos son algunas de las razones por las que usted puede haber elegido la Academia Foothills para su estudiante. Estos componentes cr\u00edticos requieren financiaci\u00f3n m\u00e1s all\u00e1 de la proporcionada por el Estado de Arizona\".<\/p><p><u>Escuela Ch\u00e1rter Gem (Mesa)<\/u>: \"Hay una Cuota de Material y Actividad Escolar para cada estudiante. Esto cubrir\u00e1 los refrigerios, proveer\u00e1 una comida para un d\u00eda de almuerzo una vez al mes y otros \u00fatiles consumibles en el aula, algunas excursiones, la revista Montessori \"El ni\u00f1o del ma\u00f1ana\", as\u00ed como otras actividades extracurriculares. La cuota es de $150 si se paga completa en el primer mes de clases, $160 si se paga en dos pagos de $80 o $17.50 si se paga mensualmente durante 10 meses, que vencen el 1\u00b0 del mes\".<\/p><p><u>Escuelas Great Hearts (con planteles en toda el \u00e1rea metropolitana de Phoenix<\/u>): Estas escuelas cobran a los padres un \"dep\u00f3sito \u00fanico de libros\" de $100 a $175, dependiendo de la escuela. Se requiere que los padres paguen la cuota al inscribirse en la escuela. La escuela se\u00f1ala que la cuota de dep\u00f3sito de libros \"se reembolsa cuando el estudiante se grad\u00faa o se da de baja de la escuela, siempre y cuando todos los libros de texto hayan sido devueltos en buenas condiciones cada a\u00f1o\".<\/p><p><u>Academia Montessori (Paradise Valley)<\/u>: Se debe pagar una cuota no reembolsable de $25 en el momento de la inscripci\u00f3n. La escuela tambi\u00e9n cobra una cuota no reembolsable de actividad extracurricular de $1,000 para mantener una bajo cupo de estudiantes y maestros, as\u00ed como para cubrir los costos de arte, m\u00fasica y educaci\u00f3n f\u00edsica. \"El estado sigue reduciendo el financiamiento para la educaci\u00f3n\", afirma la escuela. Los padres pueden solicitar asistencia financiera para ayudar a pagar la cuota de $1,000, pero aun as\u00ed deben pagar $150 al momento de la inscripci\u00f3n.<\/p><p><u>Escuela Ch\u00e1rter Mountain Oak (Prescott)<\/u>: La escuela cobra a los padres una cuota de $170 para cubrir los costos de los materiales, incluyendo pinturas y crayolas, l\u00e1pices de colores, papel para pintar, libros de lecciones principales y plastilina. Adem\u00e1s, la escuela tambi\u00e9n cobra una cuota de aula de $60 que cubre el costo de refrigerios, excursiones, tela para disfraces y equipo de jardiner\u00eda, as\u00ed como otros art\u00edculos. Tambi\u00e9n hay un cargo opcional de $25 para alquilar grabadoras, que la escuela declara \"son una parte importante del plan de estudios y se usan con frecuencia\". Aunque la escuela declara que los padres para quienes las cuotas son una dificultad pueden pagar lo que puedan, no les dan una opci\u00f3n para renunciar a las cuotas por completo.<\/p><p><u>Escuela Ch\u00e1rter de San Tan (Gilbert<\/u>): Se les pide a los padres que proporcionen una tarjeta de cr\u00e9dito que la escuela pueda mantener archivada. La escuela dice que mantendr\u00e1 la tarjeta archivada en su oficina de finanzas y la usar\u00e1 para pagar varias cuotas, incluyendo una cuota de renta de tecnolog\u00eda de $250 para los grados 9-12. La escuela tambi\u00e9n les pide a los padres con ni\u00f1os que cursan de k\u00ednder al 8\u00ba Grado que hagan una Donaci\u00f3n de Cr\u00e9dito para Ni\u00f1os de $50 sin dejar en claro que esta es voluntaria.<\/p><p><u>Academia Preparatoria de Tempe (Tempe)<\/u>: La escuela cobra una cuota de dep\u00f3sito de $180 para todos los grados escolares. Tambi\u00e9n hay una cuota de clase que los estudiantes deben pagar al inscribirse. La cuota de la clase oscila entre $60 y $287, dependiendo del nivel de grado del estudiante. La escuela dice que \"no desea excluir a ning\u00fan alumno de la participaci\u00f3n debido a dificultades financieras\", y dice a los padres que pueden solicitar asistencia financiera. Sin embargo, las familias deben pagar una cuota por la solicitud de ayuda financiera, que se utiliza para determinar cu\u00e1nta asistencia financiera les brindar\u00e1 la escuela.<\/p><p><strong>Recomendaciones<\/strong><\/p><ul><li>Las escuelas deben explicar que la inscripci\u00f3n no est\u00e1 condicionada al pago de alguna cuota, incluyendo los dep\u00f3sitos de libros, cuotas de laboratorio o cuotas para actividades.<\/li><li>Las escuelas deben dejar en claro que hay exenciones completas disponibles para las cuotas relacionadas con la experiencia educativa del estudiante<\/li><\/ul><\/div><div><div><div><h3><a href=\"https:\/\/www.acluaz.org\/es\/node\/1077\" target=\"_blank\">Siguente: Historia Personal - Falta de Asistencia Acad\u00e9mica \u2192<\/a><\/h3><h3><a href=\"https:\/\/www.acluaz.org\/es\/node\/1058\" target=\"_blank\"><strong>\u2190\u00a0<\/strong>Regresar a Tabla de Contenidos<\/a><\/h3><\/div><\/div><\/div><p>\u00a0<\/p>"}}],"section":null,"issues":null,"related_content":[],"documents":null},"yoast_head":"<!-- This site is optimized with the Yoast SEO plugin v24.9 - https:\/\/yoast.com\/wordpress\/plugins\/seo\/ -->\n<title>Cuotas y dep\u00f3sitos - ACLU of Arizona<\/title>\n<meta name=\"robots\" content=\"index, follow, max-snippet:-1, max-image-preview:large, max-video-preview:-1\" \/>\n<link rel=\"canonical\" href=\"http:\/\/www.acluaz.org\/es\/cuotas-y-depositos\/\" \/>\n<meta property=\"og:locale\" content=\"es_ES\" \/>\n<meta property=\"og:type\" content=\"article\" \/>\n<meta property=\"og:title\" content=\"Cuotas y dep\u00f3sitos - ACLU of Arizona\" \/>\n<meta property=\"og:description\" content=\"Ni las escuelas ch\u00e1rter ni las escuelas de distrito pueden cobrar cuotas que creen barreras para la inscripci\u00f3n.\" \/>\n<meta property=\"og:url\" content=\"https:\/\/www.acluaz.org\/es\/cuotas-y-depositos\/\" \/>\n<meta property=\"og:site_name\" content=\"ACLU of Arizona\" \/>\n<meta property=\"og:image\" content=\"https:\/\/www.acluaz.org\/app\/themes\/aclu-parent\/img\/default_fb_share.jpg\" \/>\n<meta name=\"twitter:card\" content=\"summary_large_image\" \/>\n<script type=\"application\/ld+json\" class=\"yoast-schema-graph\">{\"@context\":\"https:\/\/schema.org\",\"@graph\":[{\"@type\":\"WebPage\",\"@id\":\"http:\/\/www.acluaz.org\/es\/cuotas-y-depositos\/\",\"url\":\"http:\/\/www.acluaz.org\/es\/cuotas-y-depositos\/\",\"name\":\"Cuotas y dep\u00f3sitos - ACLU of Arizona\",\"isPartOf\":{\"@id\":\"https:\/\/www.acluaz.org\/#website\"},\"datePublished\":\"2017-12-13T23:00:00+00:00\",\"inLanguage\":\"es-ES\",\"potentialAction\":[{\"@type\":\"ReadAction\",\"target\":[\"http:\/\/www.acluaz.org\/es\/cuotas-y-depositos\/\"]}]},{\"@type\":\"WebSite\",\"@id\":\"https:\/\/www.acluaz.org\/#website\",\"url\":\"https:\/\/www.acluaz.org\/\",\"name\":\"ACLU of Arizona\",\"description\":\"\",\"publisher\":{\"@id\":\"https:\/\/www.acluaz.org\/#organization\"},\"potentialAction\":[{\"@type\":\"SearchAction\",\"target\":{\"@type\":\"EntryPoint\",\"urlTemplate\":\"https:\/\/www.acluaz.org\/?s={search_term_string}\"},\"query-input\":{\"@type\":\"PropertyValueSpecification\",\"valueRequired\":true,\"valueName\":\"search_term_string\"}}],\"inLanguage\":\"es-ES\"},{\"@type\":\"Organization\",\"@id\":\"https:\/\/www.acluaz.org\/#organization\",\"name\":\"ACLU of Arizona\",\"url\":\"https:\/\/www.acluaz.org\/\",\"logo\":{\"@type\":\"ImageObject\",\"inLanguage\":\"es-ES\",\"@id\":\"https:\/\/www.acluaz.org\/#\/schema\/logo\/image\/\",\"url\":\"https:\/\/www.acluaz.org\/app\/uploads\/2025\/09\/ACLU_Arizona_Moblie-Web_Color_RGB.png\",\"contentUrl\":\"https:\/\/www.acluaz.org\/app\/uploads\/2025\/09\/ACLU_Arizona_Moblie-Web_Color_RGB.png\",\"width\":2084,\"height\":2084,\"caption\":\"ACLU of Arizona\"},\"image\":{\"@id\":\"https:\/\/www.acluaz.org\/#\/schema\/logo\/image\/\"}}]}<\/script>\n<!-- \/ Yoast SEO plugin. -->","yoast_head_json":{"title":"Cuotas y dep\u00f3sitos - ACLU of Arizona","robots":{"index":"index","follow":"follow","max-snippet":"max-snippet:-1","max-image-preview":"max-image-preview:large","max-video-preview":"max-video-preview:-1"},"canonical":"http:\/\/www.acluaz.org\/es\/cuotas-y-depositos\/","og_locale":"es_ES","og_type":"article","og_title":"Cuotas y dep\u00f3sitos - ACLU of Arizona","og_description":"Ni las escuelas ch\u00e1rter ni las escuelas de distrito pueden cobrar cuotas que creen barreras para la inscripci\u00f3n.","og_url":"https:\/\/www.acluaz.org\/es\/cuotas-y-depositos\/","og_site_name":"ACLU of Arizona","og_image":[{"url":"https:\/\/www.acluaz.org\/app\/themes\/aclu-parent\/img\/default_fb_share.jpg","type":"","width":"","height":""}],"twitter_card":"summary_large_image","schema":{"@context":"https:\/\/schema.org","@graph":[{"@type":"WebPage","@id":"http:\/\/www.acluaz.org\/es\/cuotas-y-depositos\/","url":"http:\/\/www.acluaz.org\/es\/cuotas-y-depositos\/","name":"Cuotas y dep\u00f3sitos - ACLU of Arizona","isPartOf":{"@id":"https:\/\/www.acluaz.org\/#website"},"datePublished":"2017-12-13T23:00:00+00:00","inLanguage":"es-ES","potentialAction":[{"@type":"ReadAction","target":["http:\/\/www.acluaz.org\/es\/cuotas-y-depositos\/"]}]},{"@type":"WebSite","@id":"https:\/\/www.acluaz.org\/#website","url":"https:\/\/www.acluaz.org\/","name":"ACLU of Arizona","description":"","publisher":{"@id":"https:\/\/www.acluaz.org\/#organization"},"potentialAction":[{"@type":"SearchAction","target":{"@type":"EntryPoint","urlTemplate":"https:\/\/www.acluaz.org\/?s={search_term_string}"},"query-input":{"@type":"PropertyValueSpecification","valueRequired":true,"valueName":"search_term_string"}}],"inLanguage":"es-ES"},{"@type":"Organization","@id":"https:\/\/www.acluaz.org\/#organization","name":"ACLU of Arizona","url":"https:\/\/www.acluaz.org\/","logo":{"@type":"ImageObject","inLanguage":"es-ES","@id":"https:\/\/www.acluaz.org\/#\/schema\/logo\/image\/","url":"https:\/\/www.acluaz.org\/app\/uploads\/2025\/09\/ACLU_Arizona_Moblie-Web_Color_RGB.png","contentUrl":"https:\/\/www.acluaz.org\/app\/uploads\/2025\/09\/ACLU_Arizona_Moblie-Web_Color_RGB.png","width":2084,"height":2084,"caption":"ACLU of Arizona"},"image":{"@id":"https:\/\/www.acluaz.org\/#\/schema\/logo\/image\/"}}]}},"distributor_meta":false,"distributor_terms":false,"distributor_media":false,"distributor_original_site_name":"ACLU of Arizona","distributor_original_site_url":"https:\/\/www.acluaz.org\/es\/","push-errors":false,"_links":{"self":[{"href":"https:\/\/www.acluaz.org\/es\/wp-json\/wp\/v2\/pages\/2157","targetHints":{"allow":["GET"]}}],"collection":[{"href":"https:\/\/www.acluaz.org\/es\/wp-json\/wp\/v2\/pages"}],"about":[{"href":"https:\/\/www.acluaz.org\/es\/wp-json\/wp\/v2\/types\/page"}],"replies":[{"embeddable":true,"href":"https:\/\/www.acluaz.org\/es\/wp-json\/wp\/v2\/comments?post=2157"}],"version-history":[{"count":0,"href":"https:\/\/www.acluaz.org\/es\/wp-json\/wp\/v2\/pages\/2157\/revisions"}],"wp:attachment":[{"href":"https:\/\/www.acluaz.org\/es\/wp-json\/wp\/v2\/media?parent=2157"}],"curies":[{"name":"wp","href":"https:\/\/api.w.org\/{rel}","templated":true}]}}