{"id":2155,"date":"2017-12-13T17:45:00","date_gmt":"2017-12-13T22:45:00","guid":{"rendered":"https:\/\/www.acluaz.org\/requisitos-de-los-padres\/"},"modified":"2017-12-13T17:45:00","modified_gmt":"2017-12-13T22:45:00","slug":"requisitos-de-los-padres","status":"publish","type":"page","link":"https:\/\/www.acluaz.org\/es\/requisitos-de-los-padres\/","title":{"rendered":"Requisitos de los padres"},"content":{"rendered":"<p>Las escuelas ch\u00e1rter no pueden requerir la participaci\u00f3n de los padres como condici\u00f3n para la inscripci\u00f3n o inscripci\u00f3n continua.<br \/>\n<!--more--><\/p>\n<h2>Requisitos de los&nbsp;Padres<\/h2>\n<div>\n<p>Muchos educadores creen que la participaci\u00f3n de los padres es una parte fundamental del \u00e9xito educativo de un alumno. Por lo tanto, muchas escuelas alientan a los padres a participar en la educaci\u00f3n de sus hijos. Sin embargo, las escuelas ch\u00e1rter no pueden requerir la participaci\u00f3n de los padres como condici\u00f3n para la inscripci\u00f3n o inscripci\u00f3n continua.<\/p>\n<p>Aun as\u00ed, algunas escuelas ch\u00e1rter obligan a los padres a comprometerse con un cierto n\u00famero de horas de voluntariado antes de que sus hijos puedan inscribirse. Al menos 46 escuelas ch\u00e1rter requieren que los padres se comprometan a ofrecerse como voluntarios un cierto n\u00famero de horas, con al menos seis escuelas que permiten \"compras\" para que los padres paguen su salida de estos compromisos voluntarios. Las demandas de voluntariado, incluso aquellas que ofrecen una opci\u00f3n de \"compra\", probablemente lleven a la exclusi\u00f3n de ciertos grupos de estudiantes. Por ejemplo, los estudiantes cuyos padres trabajan en varios trabajos, los estudiantes en hogares de crianza u hogares grupales, y los estudiantes criados por abuelos ancianos, pueden ser incapaces de cumplir con las obligaciones voluntarias solicitadas.<\/p>\n<p>Algunas escuelas ch\u00e1rter tambi\u00e9n les piden a los padres que donen dinero. Si bien las escuelas pueden solicitar donaciones de los padres, deben hacerlo de manera que quede claro que las donaciones a la escuela son voluntarias y no un requisito previo para la admisi\u00f3n del estudiante o la inscripci\u00f3n continua. Las donaciones obligatorias violan el requisito constitucional de Arizona de que las escuelas p\u00fablicas brinden instrucci\u00f3n sin costo (<a href=\"https:\/\/www.azleg.gov\/viewdocument\/?docName=https:\/\/www.azleg.gov\/ars\/15\/00184.htm\" target=\"_blank\">A.R.S. \u00a7 15-184(A)<\/a>;&nbsp;<a href=\"https:\/\/www.azleg.gov\/FormatDocument.asp?inDoc=\/const\/11\/6.htm\" target=\"_blank\">Ariz. Const. art. XI, \u00a7 6<\/a>).<\/p>\n<p>Adem\u00e1s, las escuelas ch\u00e1rter deben evitar presionar a los padres para que donen dinero. Las escuelas BASIS, por ejemplo, les piden a los padres que hagan una contribuci\u00f3n anual de al menos $1,500 por estudiante, o una promesa mensual de $150. De acuerdo con un vocero de BASIS, el 10 por ciento de las familias dona esa cantidad y el 61 por ciento no hace una donaci\u00f3n. Las familias que donan $1,500 son reconocidas en un folleto anual y a las familias que donan $2,500 o m\u00e1s les graban sus nombres en una placa, dijo un vocero de BASIS, dando a conocer qu\u00e9 padres donaron y cu\u00e1les no. Esta forma de aviso p\u00fablico puede llevar a algunos padres y estudiantes a sentirse avergonzados de su incapacidad o falta de voluntad para pagar por una educaci\u00f3n en una escuela p\u00fablica.<\/p>\n<p><u>Escuelas Great Hearts (con planteles en el \u00e1rea metropolitana de Phoenix<\/u>): A cada familia se solicita que contribuya con $1,500 por estudiante por a\u00f1o para ayudar a cubrir la brecha \"entre lo que necesitamos para brindar la educaci\u00f3n de primer nivel que sus hijos merecen y lo que recibimos de financiaci\u00f3n p\u00fablica\u201d. La escuela tambi\u00e9n se\u00f1ala que, \"Sabiendo que la situaci\u00f3n es diferente para cada familia, alentamos a las familias a dar lo que puedan\".<\/p>\n<p><u>Escuela Country Day de Scottsdale (Scottsdale)<\/u>: Se alienta a los padres a donar entre $200 y $2,000 a la escuela. Los padres que donen $1,000 reciben una pulsera, una botella de agua, un reloj despertador y un le\u00f3n de juguete. Tambi\u00e9n se pone el nombre de su familia en el \"\u00e1rbol de donaciones\". Los padres que donan $2,000 obtienen todo eso m\u00e1s una mochila. La escuela se\u00f1ala que su contribuci\u00f3n puede ser deducible de impuestos.<\/p>\n<p><u>Escuela Eduprize (Queen Creek, Gilbert)<\/u>: \"Se requiere que los padres sean voluntarios un m\u00ednimo de 80 horas por familia cada a\u00f1o\".<\/p>\n<p><u>Academia Misi\u00f3n Montessori (Scottsdale<\/u>): Se les pide a los padres que se ofrezcan como voluntarios 15 horas cada a\u00f1o por cada ni\u00f1o inscrito, o hagan una contribuci\u00f3n de $150 a la escuela en lugar de horas de trabajo voluntario. Tambi\u00e9n se espera que los padres asistan a seminarios de educaci\u00f3n para padres que est\u00e1n dise\u00f1ados para mejorar su comprensi\u00f3n de la educaci\u00f3n Montessori de sus hijos. Adem\u00e1s, la escuela solicita un \u201cdonaci\u00f3n\" de $1,500 por ni\u00f1o \"para mantener la excelencia en nuestro modelo educativo actual y para hacer frente a las continuas reducciones estatales\".<\/p>\n<p><u>Escuelas Ch\u00e1rter Day Montessori (Chandler, Phoenix)<\/u>: \"Se espera que todos los padres contribuyan con 40 horas de tiempo voluntario por familia, por a\u00f1o\".<\/p>\n<p><u>Academia StarShine (Phoenix<\/u>): La entidad que opera la Academia StarShine en Phoenix tambi\u00e9n opera una escuela privada que no est\u00e1 asociada con la escuela ch\u00e1rter, pero eso no est\u00e1 claro en los formularios de inscripci\u00f3n. Un formulario para estudiantes de secundaria menciona un costo de matr\u00edcula y un compromiso voluntario de 30 horas por a\u00f1o.<\/p>\n<p><strong>Recomendaciones<\/strong><\/p>\n<ul>\n<li>Cuando menos, las escuelas deben dejar en claro que las donaciones son opcionales y que estas no influir\u00e1n en la inscripci\u00f3n. Idealmente, las escuelas ch\u00e1rter no deber\u00edan solicitar donaciones de padres o estudiantes.<\/li>\n<li>Las escuelas ch\u00e1rter deben dejar en claro que el voluntariado no es una condici\u00f3n para la inscripci\u00f3n o la inscripci\u00f3n continua.<\/li>\n<\/ul>\n<\/div>\n<div>\n<h3><a href=\"https:\/\/www.acluaz.org\/es\/node\/1067\" target=\"_blank\">Siguente: Cuotas y Dep\u00f3sitos \u2192<\/a><\/h3>\n<h3><a href=\"https:\/\/www.acluaz.org\/es\/node\/1058\" target=\"_blank\"><strong>\u2190<\/strong>Regresar a Table de Contenidos&nbsp;<\/a><\/h3>\n<\/div>\n<p>&nbsp;<\/p>\n","protected":false},"excerpt":{"rendered":"<p>Las escuelas ch\u00e1rter no pueden requerir la participaci\u00f3n de los padres como condici\u00f3n para la inscripci\u00f3n o inscripci\u00f3n continua.<\/p>\n","protected":false},"author":0,"featured_media":0,"parent":0,"menu_order":0,"comment_status":"closed","ping_status":"closed","template":"","meta":{"_acf_changed":false,"_relevanssi_hide_post":"","_relevanssi_hide_content":"","_relevanssi_pin_for_all":"","_relevanssi_pin_keywords":"","_relevanssi_unpin_keywords":"","_relevanssi_related_keywords":"","_relevanssi_related_include_ids":"","_relevanssi_related_exclude_ids":"","_relevanssi_related_no_append":"","_relevanssi_related_not_related":"","_relevanssi_related_posts":"","_relevanssi_noindex_reason":"","footnotes":""},"class_list":["post-2155","page","type-page","status-publish","hentry"],"acf":{"layout":"default","header-group":{"header-description":"Las escuelas ch\u00e1rter no pueden requerir la participaci\u00f3n de los padres como condici\u00f3n para la inscripci\u00f3n o inscripci\u00f3n continua.\n","show-subnav":false,"hide-from-subnav":false},"components":[{"acf_fc_layout":"heading","heading":{"":null,"text":"Requisitos de los\u00a0Padres","anchor":"","sub-heading":"","type":"h2","heading-style":"standard"}},{"acf_fc_layout":"migrated","migrated":{"migrated":"<div><p>Muchos educadores creen que la participaci\u00f3n de los padres es una parte fundamental del \u00e9xito educativo de un alumno. Por lo tanto, muchas escuelas alientan a los padres a participar en la educaci\u00f3n de sus hijos. Sin embargo, las escuelas ch\u00e1rter no pueden requerir la participaci\u00f3n de los padres como condici\u00f3n para la inscripci\u00f3n o inscripci\u00f3n continua.<\/p><p>Aun as\u00ed, algunas escuelas ch\u00e1rter obligan a los padres a comprometerse con un cierto n\u00famero de horas de voluntariado antes de que sus hijos puedan inscribirse. Al menos 46 escuelas ch\u00e1rter requieren que los padres se comprometan a ofrecerse como voluntarios un cierto n\u00famero de horas, con al menos seis escuelas que permiten \"compras\" para que los padres paguen su salida de estos compromisos voluntarios. Las demandas de voluntariado, incluso aquellas que ofrecen una opci\u00f3n de \"compra\", probablemente lleven a la exclusi\u00f3n de ciertos grupos de estudiantes. Por ejemplo, los estudiantes cuyos padres trabajan en varios trabajos, los estudiantes en hogares de crianza u hogares grupales, y los estudiantes criados por abuelos ancianos, pueden ser incapaces de cumplir con las obligaciones voluntarias solicitadas.<\/p><p>Algunas escuelas ch\u00e1rter tambi\u00e9n les piden a los padres que donen dinero. Si bien las escuelas pueden solicitar donaciones de los padres, deben hacerlo de manera que quede claro que las donaciones a la escuela son voluntarias y no un requisito previo para la admisi\u00f3n del estudiante o la inscripci\u00f3n continua. Las donaciones obligatorias violan el requisito constitucional de Arizona de que las escuelas p\u00fablicas brinden instrucci\u00f3n sin costo (<a href=\"https:\/\/www.azleg.gov\/viewdocument\/?docName=https:\/\/www.azleg.gov\/ars\/15\/00184.htm\" target=\"_blank\">A.R.S. \u00a7 15-184(A)<\/a>;\u00a0<a href=\"https:\/\/www.azleg.gov\/FormatDocument.asp?inDoc=\/const\/11\/6.htm\" target=\"_blank\">Ariz. Const. art. XI, \u00a7 6<\/a>).<\/p><p>Adem\u00e1s, las escuelas ch\u00e1rter deben evitar presionar a los padres para que donen dinero. Las escuelas BASIS, por ejemplo, les piden a los padres que hagan una contribuci\u00f3n anual de al menos $1,500 por estudiante, o una promesa mensual de $150. De acuerdo con un vocero de BASIS, el 10 por ciento de las familias dona esa cantidad y el 61 por ciento no hace una donaci\u00f3n. Las familias que donan $1,500 son reconocidas en un folleto anual y a las familias que donan $2,500 o m\u00e1s les graban sus nombres en una placa, dijo un vocero de BASIS, dando a conocer qu\u00e9 padres donaron y cu\u00e1les no. Esta forma de aviso p\u00fablico puede llevar a algunos padres y estudiantes a sentirse avergonzados de su incapacidad o falta de voluntad para pagar por una educaci\u00f3n en una escuela p\u00fablica.<\/p><p><u>Escuelas Great Hearts (con planteles en el \u00e1rea metropolitana de Phoenix<\/u>): A cada familia se solicita que contribuya con $1,500 por estudiante por a\u00f1o para ayudar a cubrir la brecha \"entre lo que necesitamos para brindar la educaci\u00f3n de primer nivel que sus hijos merecen y lo que recibimos de financiaci\u00f3n p\u00fablica\u201d. La escuela tambi\u00e9n se\u00f1ala que, \"Sabiendo que la situaci\u00f3n es diferente para cada familia, alentamos a las familias a dar lo que puedan\".<\/p><p><u>Escuela Country Day de Scottsdale (Scottsdale)<\/u>: Se alienta a los padres a donar entre $200 y $2,000 a la escuela. Los padres que donen $1,000 reciben una pulsera, una botella de agua, un reloj despertador y un le\u00f3n de juguete. Tambi\u00e9n se pone el nombre de su familia en el \"\u00e1rbol de donaciones\". Los padres que donan $2,000 obtienen todo eso m\u00e1s una mochila. La escuela se\u00f1ala que su contribuci\u00f3n puede ser deducible de impuestos.<\/p><p><u>Escuela Eduprize (Queen Creek, Gilbert)<\/u>: \"Se requiere que los padres sean voluntarios un m\u00ednimo de 80 horas por familia cada a\u00f1o\".<\/p><p><u>Academia Misi\u00f3n Montessori (Scottsdale<\/u>): Se les pide a los padres que se ofrezcan como voluntarios 15 horas cada a\u00f1o por cada ni\u00f1o inscrito, o hagan una contribuci\u00f3n de $150 a la escuela en lugar de horas de trabajo voluntario. Tambi\u00e9n se espera que los padres asistan a seminarios de educaci\u00f3n para padres que est\u00e1n dise\u00f1ados para mejorar su comprensi\u00f3n de la educaci\u00f3n Montessori de sus hijos. Adem\u00e1s, la escuela solicita un \u201cdonaci\u00f3n\" de $1,500 por ni\u00f1o \"para mantener la excelencia en nuestro modelo educativo actual y para hacer frente a las continuas reducciones estatales\".<\/p><p><u>Escuelas Ch\u00e1rter Day Montessori (Chandler, Phoenix)<\/u>: \"Se espera que todos los padres contribuyan con 40 horas de tiempo voluntario por familia, por a\u00f1o\".<\/p><p><u>Academia StarShine (Phoenix<\/u>): La entidad que opera la Academia StarShine en Phoenix tambi\u00e9n opera una escuela privada que no est\u00e1 asociada con la escuela ch\u00e1rter, pero eso no est\u00e1 claro en los formularios de inscripci\u00f3n. Un formulario para estudiantes de secundaria menciona un costo de matr\u00edcula y un compromiso voluntario de 30 horas por a\u00f1o.<\/p><p><strong>Recomendaciones<\/strong><\/p><ul><li>Cuando menos, las escuelas deben dejar en claro que las donaciones son opcionales y que estas no influir\u00e1n en la inscripci\u00f3n. Idealmente, las escuelas ch\u00e1rter no deber\u00edan solicitar donaciones de padres o estudiantes.<\/li><li>Las escuelas ch\u00e1rter deben dejar en claro que el voluntariado no es una condici\u00f3n para la inscripci\u00f3n o la inscripci\u00f3n continua.<\/li><\/ul><\/div><div><h3><a href=\"https:\/\/www.acluaz.org\/es\/node\/1067\" target=\"_blank\">Siguente: Cuotas y Dep\u00f3sitos \u2192<\/a><\/h3><h3><a href=\"https:\/\/www.acluaz.org\/es\/node\/1058\" target=\"_blank\"><strong>\u2190<\/strong>Regresar a Table de Contenidos\u00a0<\/a><\/h3><\/div><p>\u00a0<\/p>"}}],"section":null,"issues":null,"related_content":[],"documents":null},"yoast_head":"<!-- This site is optimized with the Yoast SEO plugin v24.9 - https:\/\/yoast.com\/wordpress\/plugins\/seo\/ -->\n<title>Requisitos de los padres - ACLU of Arizona<\/title>\n<meta name=\"robots\" content=\"index, follow, max-snippet:-1, max-image-preview:large, max-video-preview:-1\" \/>\n<link rel=\"canonical\" href=\"http:\/\/www.acluaz.org\/es\/requisitos-de-los-padres\/\" \/>\n<meta property=\"og:locale\" content=\"es_ES\" \/>\n<meta property=\"og:type\" content=\"article\" \/>\n<meta property=\"og:title\" content=\"Requisitos de los padres - ACLU of Arizona\" \/>\n<meta property=\"og:description\" content=\"Las escuelas ch\u00e1rter no pueden requerir la participaci\u00f3n de los padres como condici\u00f3n para la inscripci\u00f3n o inscripci\u00f3n continua.\" \/>\n<meta property=\"og:url\" content=\"https:\/\/www.acluaz.org\/es\/requisitos-de-los-padres\/\" \/>\n<meta property=\"og:site_name\" content=\"ACLU of Arizona\" \/>\n<meta property=\"og:image\" content=\"https:\/\/www.acluaz.org\/app\/themes\/aclu-parent\/img\/default_fb_share.jpg\" \/>\n<meta name=\"twitter:card\" content=\"summary_large_image\" \/>\n<script type=\"application\/ld+json\" class=\"yoast-schema-graph\">{\"@context\":\"https:\/\/schema.org\",\"@graph\":[{\"@type\":\"WebPage\",\"@id\":\"http:\/\/www.acluaz.org\/es\/requisitos-de-los-padres\/\",\"url\":\"http:\/\/www.acluaz.org\/es\/requisitos-de-los-padres\/\",\"name\":\"Requisitos de los padres - ACLU of Arizona\",\"isPartOf\":{\"@id\":\"https:\/\/www.acluaz.org\/#website\"},\"datePublished\":\"2017-12-13T22:45:00+00:00\",\"inLanguage\":\"es-ES\",\"potentialAction\":[{\"@type\":\"ReadAction\",\"target\":[\"http:\/\/www.acluaz.org\/es\/requisitos-de-los-padres\/\"]}]},{\"@type\":\"WebSite\",\"@id\":\"https:\/\/www.acluaz.org\/#website\",\"url\":\"https:\/\/www.acluaz.org\/\",\"name\":\"ACLU of Arizona\",\"description\":\"\",\"publisher\":{\"@id\":\"https:\/\/www.acluaz.org\/#organization\"},\"potentialAction\":[{\"@type\":\"SearchAction\",\"target\":{\"@type\":\"EntryPoint\",\"urlTemplate\":\"https:\/\/www.acluaz.org\/?s={search_term_string}\"},\"query-input\":{\"@type\":\"PropertyValueSpecification\",\"valueRequired\":true,\"valueName\":\"search_term_string\"}}],\"inLanguage\":\"es-ES\"},{\"@type\":\"Organization\",\"@id\":\"https:\/\/www.acluaz.org\/#organization\",\"name\":\"ACLU of Arizona\",\"url\":\"https:\/\/www.acluaz.org\/\",\"logo\":{\"@type\":\"ImageObject\",\"inLanguage\":\"es-ES\",\"@id\":\"https:\/\/www.acluaz.org\/#\/schema\/logo\/image\/\",\"url\":\"https:\/\/www.acluaz.org\/app\/uploads\/2025\/09\/ACLU_Arizona_Moblie-Web_Color_RGB.png\",\"contentUrl\":\"https:\/\/www.acluaz.org\/app\/uploads\/2025\/09\/ACLU_Arizona_Moblie-Web_Color_RGB.png\",\"width\":2084,\"height\":2084,\"caption\":\"ACLU of Arizona\"},\"image\":{\"@id\":\"https:\/\/www.acluaz.org\/#\/schema\/logo\/image\/\"}}]}<\/script>\n<!-- \/ Yoast SEO plugin. -->","yoast_head_json":{"title":"Requisitos de los padres - ACLU of Arizona","robots":{"index":"index","follow":"follow","max-snippet":"max-snippet:-1","max-image-preview":"max-image-preview:large","max-video-preview":"max-video-preview:-1"},"canonical":"http:\/\/www.acluaz.org\/es\/requisitos-de-los-padres\/","og_locale":"es_ES","og_type":"article","og_title":"Requisitos de los padres - ACLU of Arizona","og_description":"Las escuelas ch\u00e1rter no pueden requerir la participaci\u00f3n de los padres como condici\u00f3n para la inscripci\u00f3n o inscripci\u00f3n continua.","og_url":"https:\/\/www.acluaz.org\/es\/requisitos-de-los-padres\/","og_site_name":"ACLU of Arizona","og_image":[{"url":"https:\/\/www.acluaz.org\/app\/themes\/aclu-parent\/img\/default_fb_share.jpg","type":"","width":"","height":""}],"twitter_card":"summary_large_image","schema":{"@context":"https:\/\/schema.org","@graph":[{"@type":"WebPage","@id":"http:\/\/www.acluaz.org\/es\/requisitos-de-los-padres\/","url":"http:\/\/www.acluaz.org\/es\/requisitos-de-los-padres\/","name":"Requisitos de los padres - ACLU of Arizona","isPartOf":{"@id":"https:\/\/www.acluaz.org\/#website"},"datePublished":"2017-12-13T22:45:00+00:00","inLanguage":"es-ES","potentialAction":[{"@type":"ReadAction","target":["http:\/\/www.acluaz.org\/es\/requisitos-de-los-padres\/"]}]},{"@type":"WebSite","@id":"https:\/\/www.acluaz.org\/#website","url":"https:\/\/www.acluaz.org\/","name":"ACLU of Arizona","description":"","publisher":{"@id":"https:\/\/www.acluaz.org\/#organization"},"potentialAction":[{"@type":"SearchAction","target":{"@type":"EntryPoint","urlTemplate":"https:\/\/www.acluaz.org\/?s={search_term_string}"},"query-input":{"@type":"PropertyValueSpecification","valueRequired":true,"valueName":"search_term_string"}}],"inLanguage":"es-ES"},{"@type":"Organization","@id":"https:\/\/www.acluaz.org\/#organization","name":"ACLU of Arizona","url":"https:\/\/www.acluaz.org\/","logo":{"@type":"ImageObject","inLanguage":"es-ES","@id":"https:\/\/www.acluaz.org\/#\/schema\/logo\/image\/","url":"https:\/\/www.acluaz.org\/app\/uploads\/2025\/09\/ACLU_Arizona_Moblie-Web_Color_RGB.png","contentUrl":"https:\/\/www.acluaz.org\/app\/uploads\/2025\/09\/ACLU_Arizona_Moblie-Web_Color_RGB.png","width":2084,"height":2084,"caption":"ACLU of Arizona"},"image":{"@id":"https:\/\/www.acluaz.org\/#\/schema\/logo\/image\/"}}]}},"distributor_meta":false,"distributor_terms":false,"distributor_media":false,"distributor_original_site_name":"ACLU of Arizona","distributor_original_site_url":"https:\/\/www.acluaz.org\/es\/","push-errors":false,"_links":{"self":[{"href":"https:\/\/www.acluaz.org\/es\/wp-json\/wp\/v2\/pages\/2155","targetHints":{"allow":["GET"]}}],"collection":[{"href":"https:\/\/www.acluaz.org\/es\/wp-json\/wp\/v2\/pages"}],"about":[{"href":"https:\/\/www.acluaz.org\/es\/wp-json\/wp\/v2\/types\/page"}],"replies":[{"embeddable":true,"href":"https:\/\/www.acluaz.org\/es\/wp-json\/wp\/v2\/comments?post=2155"}],"version-history":[{"count":0,"href":"https:\/\/www.acluaz.org\/es\/wp-json\/wp\/v2\/pages\/2155\/revisions"}],"wp:attachment":[{"href":"https:\/\/www.acluaz.org\/es\/wp-json\/wp\/v2\/media?parent=2155"}],"curies":[{"name":"wp","href":"https:\/\/api.w.org\/{rel}","templated":true}]}}