{"id":2153,"date":"2017-12-13T17:45:00","date_gmt":"2017-12-13T22:45:00","guid":{"rendered":"https:\/\/www.acluaz.org\/entrevista-previa-a-la-inscripcion-y-requisitos-de-ensayos\/"},"modified":"2017-12-13T17:45:00","modified_gmt":"2017-12-13T22:45:00","slug":"entrevista-previa-a-la-inscripcion-y-requisitos-de-ensayos","status":"publish","type":"page","link":"https:\/\/www.acluaz.org\/es\/entrevista-previa-a-la-inscripcion-y-requisitos-de-ensayos\/","title":{"rendered":"Entrevista previa a la inscripci\u00f3n y requisitos de ensayos"},"content":{"rendered":"<p>Las escuelas ch\u00e1rter de Arizona no pueden requerir que los estudiantes o sus padres completen actividades de preinscripci\u00f3n, como ensayos, entrevistas o visitas escolares.<br \/>\n<!--more--><\/p>\n<h2>Entrevista&nbsp;Previa a la Inscripci\u00f3n y Requisitos de Ensayos<\/h2>\n<div>\n<p>Las escuelas ch\u00e1rter de Arizona no pueden requerir que los estudiantes o sus padres completen actividades de preinscripci\u00f3n, como ensayos [escritos breves sobre un tema en particular], entrevistas o visitas escolares. Las escuelas ch\u00e1rter tampoco pueden utilizar el rendimiento de los estudiantes en entrevistas o ensayos, o la decisi\u00f3n del alumno de no completar las actividades de preinscripci\u00f3n solicitadas, para determinar a qu\u00e9 estudiantes inscribir\u00e1. Al hacerlo, se socava el principio de que las escuelas ch\u00e1rter deben estar abiertas a todos los estudiantes, no s\u00f3lo a unos pocos, y viola la ley estatal que exige que las escuelas ch\u00e1rter admitan a todos los estudiantes que deseen inscribirse&nbsp;<a href=\"https:\/\/www.azleg.gov\/viewdocument\/?docName=https:\/\/www.azleg.gov\/ars\/15\/00184.htm\" style=\"color: rgb(35, 30, 95); outline: 0px;\" target=\"_blank\">(A.R.S. \u00a7 15-184(A))<\/a>.&nbsp;<\/p>\n<p>Incluso cuando las escuelas ch\u00e1rter solicitan ensayos o entrevistas, pero afirman que estos materiales no se utilizar\u00e1n para determinar los resultados de la inscripci\u00f3n, parece que son selectivas, lo que puede suprimir la inscripci\u00f3n de alumnos de or\u00edgenes menos privilegiados o estudiantes con falta de confianza en sus capacidades. Dichas pol\u00edticas pueden violar leyes estatales y federales de derechos civiles adicionales si estas tienen un impacto dispar en grupos de estudiantes protegidos, como estudiantes con discapacidades, estudiantes del idioma ingl\u00e9s o con bajo rendimiento acad\u00e9mico.<\/p>\n<p>Al menos 88 escuelas ch\u00e1rter de Arizona requieren ensayos o entrevistas como parte del proceso de inscripci\u00f3n, y no declaran que el rendimiento de un estudiante en estas actividades no afectar\u00e1 su admisi\u00f3n. Adem\u00e1s, 20 escuelas requieren que los estudiantes y\/o padres de familia completen un recorrido escolar, una visita o una junta como condici\u00f3n para la inscripci\u00f3n. Y 26 escuelas requieren que los padres y\/o estudiantes asistan a un evento de orientaci\u00f3n o inscripci\u00f3n obligatorio.<\/p>\n<p><u>Academia con Socios Comunitarios (Mesa)<\/u>: \"La inscripci\u00f3n incluye completar la solicitud y una entrevista con el administrador, el alumno y el padre\/tutor. Usted debe traer una copia de los registros escolares oficiales a la entrevista\".<\/p>\n<p><u>Academia Berean (Sierra Vista)<\/u>: \"Los estudiantes que comienzan en los grados 7-12 deben cumplir con el director antes de inscribirse. Estos estudiantes deben traer una copia de registros escolares oficiales (o calificaciones actuales para la escuela secundaria)\".<\/p>\n<p><u>Academia de Artes y Liderazgo de Flagstaff <\/u>(Flagstaff): Los estudiantes deben escribir un ensayo de una p\u00e1gina como parte de su solicitud de inscripci\u00f3n. \"Una vez que la solicitud ha sido presentada, los solicitantes deber\u00e1n programar una visita informativa al campus de FALA [siglas de la escuela]. Finalmente, cuando el solicitante pase a la parte superior de la lista, la escuela programar\u00e1 una entrevista con la Decana de la Academia, la se\u00f1ora Deidre Crawley\".<\/p>\n<p><u>Nueva Escuela de Artes (Tempe)<\/u>: Todos los estudiantes deben presentar un ensayo que explique \"la importancia de su(s) arte(s) para su desarrollo estudiantil\". Todos los estudiantes de secundaria deben asistir actividades de muestra de trabajos\/audiciones y registro. Adem\u00e1s, los estudiantes nuevos deben presentar dos cartas de recomendaci\u00f3n de adultos que no sean sus parientes que puedan explicar las habilidades acad\u00e9micas o art\u00edsticas y el car\u00e1cter de los estudiantes, antes de que la solicitud se considere completa.<\/p>\n<p><u>Centro Educacional New World (Phoenix<\/u>): Se programar\u00e1 una entrevista con el padre o tutor y el estudiante con un administrador de la escuela. La escuela notificar\u00e1 al padre o tutor si el alumno ha sido aceptado o rechazado a m\u00e1s tardar dos d\u00edas despu\u00e9s de la entrevista. Si es aceptado, el padre debe completar un paquete de inscripci\u00f3n y devolverlo a la escuela.<\/p>\n<p><u>Escuela Ch\u00e1rter Satori (Tucson)<\/u>: Como parte del proceso de inscripci\u00f3n, los padres y los estudiantes deben reunirse con un administrador de la escuela, y los estudiantes deben programar una cita para visitar varias clases. Adem\u00e1s, los padres, los estudiantes y un maestro deben completar una encuesta y escribir respuestas a preguntas acerca del estudiante.<\/p>\n<p><u>Academia Preparatoria Vista Grove (Mesa)<\/u>: La inscripci\u00f3n de nuevos estudiantes \"est\u00e1 condicionada a una entrevista al estudiante\/padre de familia por un administrador\", as\u00ed como completar un archivo del estudiante que incluye un formulario de inscripci\u00f3n del estudiante, la copia del acta de nacimiento y una lista de calificaciones no oficiales.<\/p>\n<p><strong>Recomendaciones<\/strong><\/p>\n<ul>\n<li>Las escuelas no deben solicitar entrevistas o ensayos de preinscripci\u00f3n, incluso de forma voluntaria.<\/li>\n<li>Las escuelas deben dejar claro que los recorridos, las orientaciones y los eventos de registro son opcionales y no una condici\u00f3n que se debe cumplir antes de la inscripci\u00f3n.<\/li>\n<\/ul>\n<\/div>\n<div>\n<div>\n<h3><a href=\"https:\/\/www.acluaz.org\/es\/node\/1066\" target=\"_blank\">Siguente: Requisitos de los Padres \u2192<\/a><\/h3>\n<h3><a href=\"https:\/\/www.acluaz.org\/es\/node\/1058\" target=\"_blank\"><strong>\u2190Regresar a Tabla de Contenidos<\/strong><\/a><\/h3>\n<\/div>\n<\/div>\n<p>&nbsp;<\/p>\n","protected":false},"excerpt":{"rendered":"<p>Las escuelas ch\u00e1rter de Arizona no pueden requerir que los estudiantes o sus padres completen actividades de preinscripci\u00f3n, como ensayos, entrevistas o visitas escolares.<\/p>\n","protected":false},"author":0,"featured_media":0,"parent":0,"menu_order":0,"comment_status":"closed","ping_status":"closed","template":"","meta":{"_acf_changed":false,"_relevanssi_hide_post":"","_relevanssi_hide_content":"","_relevanssi_pin_for_all":"","_relevanssi_pin_keywords":"","_relevanssi_unpin_keywords":"","_relevanssi_related_keywords":"","_relevanssi_related_include_ids":"","_relevanssi_related_exclude_ids":"","_relevanssi_related_no_append":"","_relevanssi_related_not_related":"","_relevanssi_related_posts":"","_relevanssi_noindex_reason":"","footnotes":""},"class_list":["post-2153","page","type-page","status-publish","hentry"],"acf":{"layout":"default","header-group":{"header-description":"Las escuelas ch\u00e1rter de Arizona no pueden requerir que los estudiantes o sus padres completen actividades de preinscripci\u00f3n, como ensayos, entrevistas o visitas escolares.\n","show-subnav":false,"hide-from-subnav":false},"components":[{"acf_fc_layout":"heading","heading":{"":null,"text":"Entrevista\u00a0Previa a la Inscripci\u00f3n y Requisitos de Ensayos","anchor":"","sub-heading":"","type":"h2","heading-style":"standard"}},{"acf_fc_layout":"migrated","migrated":{"migrated":"<div><p>Las escuelas ch\u00e1rter de Arizona no pueden requerir que los estudiantes o sus padres completen actividades de preinscripci\u00f3n, como ensayos [escritos breves sobre un tema en particular], entrevistas o visitas escolares. Las escuelas ch\u00e1rter tampoco pueden utilizar el rendimiento de los estudiantes en entrevistas o ensayos, o la decisi\u00f3n del alumno de no completar las actividades de preinscripci\u00f3n solicitadas, para determinar a qu\u00e9 estudiantes inscribir\u00e1. Al hacerlo, se socava el principio de que las escuelas ch\u00e1rter deben estar abiertas a todos los estudiantes, no s\u00f3lo a unos pocos, y viola la ley estatal que exige que las escuelas ch\u00e1rter admitan a todos los estudiantes que deseen inscribirse\u00a0<a href=\"https:\/\/www.azleg.gov\/viewdocument\/?docName=https:\/\/www.azleg.gov\/ars\/15\/00184.htm\" style=\"color: rgb(35, 30, 95); outline: 0px;\" target=\"_blank\">(A.R.S. \u00a7 15-184(A))<\/a>.\u00a0<\/p><p>Incluso cuando las escuelas ch\u00e1rter solicitan ensayos o entrevistas, pero afirman que estos materiales no se utilizar\u00e1n para determinar los resultados de la inscripci\u00f3n, parece que son selectivas, lo que puede suprimir la inscripci\u00f3n de alumnos de or\u00edgenes menos privilegiados o estudiantes con falta de confianza en sus capacidades. Dichas pol\u00edticas pueden violar leyes estatales y federales de derechos civiles adicionales si estas tienen un impacto dispar en grupos de estudiantes protegidos, como estudiantes con discapacidades, estudiantes del idioma ingl\u00e9s o con bajo rendimiento acad\u00e9mico.<\/p><p>Al menos 88 escuelas ch\u00e1rter de Arizona requieren ensayos o entrevistas como parte del proceso de inscripci\u00f3n, y no declaran que el rendimiento de un estudiante en estas actividades no afectar\u00e1 su admisi\u00f3n. Adem\u00e1s, 20 escuelas requieren que los estudiantes y\/o padres de familia completen un recorrido escolar, una visita o una junta como condici\u00f3n para la inscripci\u00f3n. Y 26 escuelas requieren que los padres y\/o estudiantes asistan a un evento de orientaci\u00f3n o inscripci\u00f3n obligatorio.<\/p><p><u>Academia con Socios Comunitarios (Mesa)<\/u>: \"La inscripci\u00f3n incluye completar la solicitud y una entrevista con el administrador, el alumno y el padre\/tutor. Usted debe traer una copia de los registros escolares oficiales a la entrevista\".<\/p><p><u>Academia Berean (Sierra Vista)<\/u>: \"Los estudiantes que comienzan en los grados 7-12 deben cumplir con el director antes de inscribirse. Estos estudiantes deben traer una copia de registros escolares oficiales (o calificaciones actuales para la escuela secundaria)\".<\/p><p><u>Academia de Artes y Liderazgo de Flagstaff <\/u>(Flagstaff): Los estudiantes deben escribir un ensayo de una p\u00e1gina como parte de su solicitud de inscripci\u00f3n. \"Una vez que la solicitud ha sido presentada, los solicitantes deber\u00e1n programar una visita informativa al campus de FALA [siglas de la escuela]. Finalmente, cuando el solicitante pase a la parte superior de la lista, la escuela programar\u00e1 una entrevista con la Decana de la Academia, la se\u00f1ora Deidre Crawley\".<\/p><p><u>Nueva Escuela de Artes (Tempe)<\/u>: Todos los estudiantes deben presentar un ensayo que explique \"la importancia de su(s) arte(s) para su desarrollo estudiantil\". Todos los estudiantes de secundaria deben asistir actividades de muestra de trabajos\/audiciones y registro. Adem\u00e1s, los estudiantes nuevos deben presentar dos cartas de recomendaci\u00f3n de adultos que no sean sus parientes que puedan explicar las habilidades acad\u00e9micas o art\u00edsticas y el car\u00e1cter de los estudiantes, antes de que la solicitud se considere completa.<\/p><p><u>Centro Educacional New World (Phoenix<\/u>): Se programar\u00e1 una entrevista con el padre o tutor y el estudiante con un administrador de la escuela. La escuela notificar\u00e1 al padre o tutor si el alumno ha sido aceptado o rechazado a m\u00e1s tardar dos d\u00edas despu\u00e9s de la entrevista. Si es aceptado, el padre debe completar un paquete de inscripci\u00f3n y devolverlo a la escuela.<\/p><p><u>Escuela Ch\u00e1rter Satori (Tucson)<\/u>: Como parte del proceso de inscripci\u00f3n, los padres y los estudiantes deben reunirse con un administrador de la escuela, y los estudiantes deben programar una cita para visitar varias clases. Adem\u00e1s, los padres, los estudiantes y un maestro deben completar una encuesta y escribir respuestas a preguntas acerca del estudiante.<\/p><p><u>Academia Preparatoria Vista Grove (Mesa)<\/u>: La inscripci\u00f3n de nuevos estudiantes \"est\u00e1 condicionada a una entrevista al estudiante\/padre de familia por un administrador\", as\u00ed como completar un archivo del estudiante que incluye un formulario de inscripci\u00f3n del estudiante, la copia del acta de nacimiento y una lista de calificaciones no oficiales.<\/p><p><strong>Recomendaciones<\/strong><\/p><ul><li>Las escuelas no deben solicitar entrevistas o ensayos de preinscripci\u00f3n, incluso de forma voluntaria.<\/li><li>Las escuelas deben dejar claro que los recorridos, las orientaciones y los eventos de registro son opcionales y no una condici\u00f3n que se debe cumplir antes de la inscripci\u00f3n.<\/li><\/ul><\/div><div><div><h3><a href=\"https:\/\/www.acluaz.org\/es\/node\/1066\" target=\"_blank\">Siguente: Requisitos de los Padres \u2192<\/a><\/h3><h3><a href=\"https:\/\/www.acluaz.org\/es\/node\/1058\" target=\"_blank\"><strong>\u2190Regresar a Tabla de Contenidos<\/strong><\/a><\/h3><\/div><\/div><p>\u00a0<\/p>"}}],"section":null,"issues":null,"related_content":[],"documents":null},"yoast_head":"<!-- This site is optimized with the Yoast SEO plugin v24.9 - https:\/\/yoast.com\/wordpress\/plugins\/seo\/ -->\n<title>Entrevista previa a la inscripci\u00f3n y requisitos de ensayos - ACLU of Arizona<\/title>\n<meta name=\"robots\" content=\"index, follow, max-snippet:-1, max-image-preview:large, max-video-preview:-1\" \/>\n<link rel=\"canonical\" href=\"http:\/\/www.acluaz.org\/es\/entrevista-previa-a-la-inscripcion-y-requisitos-de-ensayos\/\" \/>\n<meta property=\"og:locale\" content=\"es_ES\" \/>\n<meta property=\"og:type\" content=\"article\" \/>\n<meta property=\"og:title\" content=\"Entrevista previa a la inscripci\u00f3n y requisitos de ensayos - ACLU of Arizona\" \/>\n<meta property=\"og:description\" content=\"Las escuelas ch\u00e1rter de Arizona no pueden requerir que los estudiantes o sus padres completen actividades de preinscripci\u00f3n, como ensayos, entrevistas o visitas escolares.\" \/>\n<meta property=\"og:url\" content=\"https:\/\/www.acluaz.org\/es\/entrevista-previa-a-la-inscripcion-y-requisitos-de-ensayos\/\" \/>\n<meta property=\"og:site_name\" content=\"ACLU of Arizona\" \/>\n<meta property=\"og:image\" content=\"https:\/\/www.acluaz.org\/app\/themes\/aclu-parent\/img\/default_fb_share.jpg\" \/>\n<meta name=\"twitter:card\" content=\"summary_large_image\" \/>\n<script type=\"application\/ld+json\" class=\"yoast-schema-graph\">{\"@context\":\"https:\/\/schema.org\",\"@graph\":[{\"@type\":\"WebPage\",\"@id\":\"http:\/\/www.acluaz.org\/es\/entrevista-previa-a-la-inscripcion-y-requisitos-de-ensayos\/\",\"url\":\"http:\/\/www.acluaz.org\/es\/entrevista-previa-a-la-inscripcion-y-requisitos-de-ensayos\/\",\"name\":\"Entrevista previa a la inscripci\u00f3n y requisitos de ensayos - ACLU of Arizona\",\"isPartOf\":{\"@id\":\"https:\/\/www.acluaz.org\/#website\"},\"datePublished\":\"2017-12-13T22:45:00+00:00\",\"inLanguage\":\"es-ES\",\"potentialAction\":[{\"@type\":\"ReadAction\",\"target\":[\"http:\/\/www.acluaz.org\/es\/entrevista-previa-a-la-inscripcion-y-requisitos-de-ensayos\/\"]}]},{\"@type\":\"WebSite\",\"@id\":\"https:\/\/www.acluaz.org\/#website\",\"url\":\"https:\/\/www.acluaz.org\/\",\"name\":\"ACLU of Arizona\",\"description\":\"\",\"publisher\":{\"@id\":\"https:\/\/www.acluaz.org\/#organization\"},\"potentialAction\":[{\"@type\":\"SearchAction\",\"target\":{\"@type\":\"EntryPoint\",\"urlTemplate\":\"https:\/\/www.acluaz.org\/?s={search_term_string}\"},\"query-input\":{\"@type\":\"PropertyValueSpecification\",\"valueRequired\":true,\"valueName\":\"search_term_string\"}}],\"inLanguage\":\"es-ES\"},{\"@type\":\"Organization\",\"@id\":\"https:\/\/www.acluaz.org\/#organization\",\"name\":\"ACLU of Arizona\",\"url\":\"https:\/\/www.acluaz.org\/\",\"logo\":{\"@type\":\"ImageObject\",\"inLanguage\":\"es-ES\",\"@id\":\"https:\/\/www.acluaz.org\/#\/schema\/logo\/image\/\",\"url\":\"https:\/\/www.acluaz.org\/app\/uploads\/2025\/09\/ACLU_Arizona_Moblie-Web_Color_RGB.png\",\"contentUrl\":\"https:\/\/www.acluaz.org\/app\/uploads\/2025\/09\/ACLU_Arizona_Moblie-Web_Color_RGB.png\",\"width\":2084,\"height\":2084,\"caption\":\"ACLU of Arizona\"},\"image\":{\"@id\":\"https:\/\/www.acluaz.org\/#\/schema\/logo\/image\/\"}}]}<\/script>\n<!-- \/ Yoast SEO plugin. -->","yoast_head_json":{"title":"Entrevista previa a la inscripci\u00f3n y requisitos de ensayos - ACLU of Arizona","robots":{"index":"index","follow":"follow","max-snippet":"max-snippet:-1","max-image-preview":"max-image-preview:large","max-video-preview":"max-video-preview:-1"},"canonical":"http:\/\/www.acluaz.org\/es\/entrevista-previa-a-la-inscripcion-y-requisitos-de-ensayos\/","og_locale":"es_ES","og_type":"article","og_title":"Entrevista previa a la inscripci\u00f3n y requisitos de ensayos - ACLU of Arizona","og_description":"Las escuelas ch\u00e1rter de Arizona no pueden requerir que los estudiantes o sus padres completen actividades de preinscripci\u00f3n, como ensayos, entrevistas o visitas escolares.","og_url":"https:\/\/www.acluaz.org\/es\/entrevista-previa-a-la-inscripcion-y-requisitos-de-ensayos\/","og_site_name":"ACLU of Arizona","og_image":[{"url":"https:\/\/www.acluaz.org\/app\/themes\/aclu-parent\/img\/default_fb_share.jpg","type":"","width":"","height":""}],"twitter_card":"summary_large_image","schema":{"@context":"https:\/\/schema.org","@graph":[{"@type":"WebPage","@id":"http:\/\/www.acluaz.org\/es\/entrevista-previa-a-la-inscripcion-y-requisitos-de-ensayos\/","url":"http:\/\/www.acluaz.org\/es\/entrevista-previa-a-la-inscripcion-y-requisitos-de-ensayos\/","name":"Entrevista previa a la inscripci\u00f3n y requisitos de ensayos - ACLU of Arizona","isPartOf":{"@id":"https:\/\/www.acluaz.org\/#website"},"datePublished":"2017-12-13T22:45:00+00:00","inLanguage":"es-ES","potentialAction":[{"@type":"ReadAction","target":["http:\/\/www.acluaz.org\/es\/entrevista-previa-a-la-inscripcion-y-requisitos-de-ensayos\/"]}]},{"@type":"WebSite","@id":"https:\/\/www.acluaz.org\/#website","url":"https:\/\/www.acluaz.org\/","name":"ACLU of Arizona","description":"","publisher":{"@id":"https:\/\/www.acluaz.org\/#organization"},"potentialAction":[{"@type":"SearchAction","target":{"@type":"EntryPoint","urlTemplate":"https:\/\/www.acluaz.org\/?s={search_term_string}"},"query-input":{"@type":"PropertyValueSpecification","valueRequired":true,"valueName":"search_term_string"}}],"inLanguage":"es-ES"},{"@type":"Organization","@id":"https:\/\/www.acluaz.org\/#organization","name":"ACLU of Arizona","url":"https:\/\/www.acluaz.org\/","logo":{"@type":"ImageObject","inLanguage":"es-ES","@id":"https:\/\/www.acluaz.org\/#\/schema\/logo\/image\/","url":"https:\/\/www.acluaz.org\/app\/uploads\/2025\/09\/ACLU_Arizona_Moblie-Web_Color_RGB.png","contentUrl":"https:\/\/www.acluaz.org\/app\/uploads\/2025\/09\/ACLU_Arizona_Moblie-Web_Color_RGB.png","width":2084,"height":2084,"caption":"ACLU of Arizona"},"image":{"@id":"https:\/\/www.acluaz.org\/#\/schema\/logo\/image\/"}}]}},"distributor_meta":false,"distributor_terms":false,"distributor_media":false,"distributor_original_site_name":"ACLU of Arizona","distributor_original_site_url":"https:\/\/www.acluaz.org\/es\/","push-errors":false,"_links":{"self":[{"href":"https:\/\/www.acluaz.org\/es\/wp-json\/wp\/v2\/pages\/2153","targetHints":{"allow":["GET"]}}],"collection":[{"href":"https:\/\/www.acluaz.org\/es\/wp-json\/wp\/v2\/pages"}],"about":[{"href":"https:\/\/www.acluaz.org\/es\/wp-json\/wp\/v2\/types\/page"}],"replies":[{"embeddable":true,"href":"https:\/\/www.acluaz.org\/es\/wp-json\/wp\/v2\/comments?post=2153"}],"version-history":[{"count":0,"href":"https:\/\/www.acluaz.org\/es\/wp-json\/wp\/v2\/pages\/2153\/revisions"}],"wp:attachment":[{"href":"https:\/\/www.acluaz.org\/es\/wp-json\/wp\/v2\/media?parent=2153"}],"curies":[{"name":"wp","href":"https:\/\/api.w.org\/{rel}","templated":true}]}}