{"id":2151,"date":"2017-12-13T17:30:00","date_gmt":"2017-12-13T22:30:00","guid":{"rendered":"https:\/\/www.acluaz.org\/requisitos-del-seguro-social-y-acta-de-nacimiento\/"},"modified":"2017-12-13T17:30:00","modified_gmt":"2017-12-13T22:30:00","slug":"requisitos-del-seguro-social-y-acta-de-nacimiento","status":"publish","type":"page","link":"https:\/\/www.acluaz.org\/es\/requisitos-del-seguro-social-y-acta-de-nacimiento\/","title":{"rendered":"Requisitos del Seguro Social y acta de nacimiento"},"content":{"rendered":"<p>Los padres de familia pueden proporcionar un acta de nacimiento, pero no es el \u00fanico documento que se puede utilizar para establecer la edad e identidad del ni\u00f1o.<br \/>\n<!--more--><\/p>\n<h2>Requisitos del Seguro Social y Acta de Nacimiento<\/h2>\n<p>La ley de Arizona requiere que los padres de familia comprueben la edad e identidad de sus hijos cada vez que los inscriben en una nueva escuela&nbsp;<a href=\"https:\/\/www.azleg.gov\/viewdocument\/?docName=https:\/\/www.azleg.gov\/ars\/15\/00828.htm\" target=\"_blank\">(A.R.S. \u00a7 15-828)<\/a>&nbsp;Los padres de familia pueden proporcionar un acta de nacimiento, pero no es el \u00fanico documento que se puede utilizar para establecer la edad e identidad del ni\u00f1o. Otros documentos confiables incluyen un pasaporte, una fe de bautismo o una declaraci\u00f3n jurada que explique la inhabilidad de proporcionar una copia del acta de nacimiento&nbsp;<a href=\"https:\/\/www.azleg.gov\/viewdocument\/?docName=https:\/\/www.azleg.gov\/ars\/15\/00828.htm\" target=\"_blank\">(A.R.S. \u00a7 15-828(A)(2))<\/a>.&nbsp;<\/p>\n<p>La mayor\u00eda de las escuelas ch\u00e1rter en Arizona solicitan el acta de nacimiento de un ni\u00f1o sin dar alternativas a los padres de familia. De hecho, s\u00f3lo 46 de las escuelas ch\u00e1rter analizadas ofrecen a los padres una lista abierta de alternativas. Algunos padres pueden ser reacios a proporcionar el acta de nacimiento de otro pa\u00eds de sus hijos, por temor a que hacerlo pueda generar preguntas sobre el estado migratorio de sus hijos o el de ellos mismos. Los padres deben saber que todos los estudiantes, independientemente del estado migratorio de sus hijos o de ellos, tienen garantizado el mismo acceso a la educaci\u00f3n p\u00fablica en virtud de la Decimocuarta Enmienda de la Constituci\u00f3n de EE.UU&nbsp;<a href=\"http:\/\/www.uscourts.gov\/educational-resources\/educational-activities\/access-education-rule-law\" target=\"_blank\">(Plyler v. Doe, 457 U.S. 202, 229-30 (1982))<\/a>.&nbsp;<\/p>\n<p>Adem\u00e1s, al menos 56 escuelas ch\u00e1rter de Arizona solicitan n\u00fameros de Seguro Social de los estudiantes como una forma de probar su identidad. Al menos 25 escuelas ch\u00e1rter tambi\u00e9n solicitan n\u00fameros de seguro social de los padres o una identificaci\u00f3n expedida por el gobierno para inscribir a sus hijos. Los padres no tienen la obligaci\u00f3n legal de proporcionar n\u00fameros de Seguro Social para ellos o sus hijos, ni tienen que proporcionar informaci\u00f3n o documentaci\u00f3n relacionada con su ciudadan\u00eda o estado migratorio para inscribir a sus hijos&nbsp;<a href=\"https:\/\/www.justice.gov\/sites\/default\/files\/crt\/legacy\/2014\/05\/08\/plylerfact.pdf\" target=\"_blank\">(Fact Sheet: Information on the Rights of All Children to Enroll in School, U.S. Department of Justice and U.S. Department of Education (2014))<\/a>. Tales solicitudes son ilegales y pueden desalentar la inscripci\u00f3n de estudiantes que son indocumentados o cuyos padres no tienen documentos.<\/p>\n<p>La mayor\u00eda de las escuelas ch\u00e1rter tambi\u00e9n solicitan en sus formularios de inscripci\u00f3n el pa\u00eds o estado donde nacieron los estudiantes. El Departamento de Educaci\u00f3n de Arizona les pide a las escuelas que proporcionen esta informaci\u00f3n a trav\u00e9s del sistema de datos estudiantiles del estado, llamado AzEDS. El prop\u00f3sito de esta pregunta, de acuerdo con un vocero del departamento, es determinar qu\u00e9 estudiantes son estudiantes de intercambio, ya que estos no son elegibles para recibir fondos estatales. Sin embargo, el departamento no exige que las escuelas recolecten e informen d\u00f3nde nacieron los estudiantes, lo que no se aclara para las escuelas. Preguntar por el lugar de nacimiento de un alumno podr\u00eda crear temor de que los agentes encargados de hacer cumplir la ley utilicen la informaci\u00f3n para perseguir a los estudiantes indocumentados y sus familias.<\/p>\n<p><u>Escuela Country Day de Scottsdale (Scottsdale)<\/u>: En su manual, la escuela declara: \"De acuerdo con el C\u00f3digo de Educaci\u00f3n de 1999, T\u00edtulo XV, necesitamos una copia del acta de nacimiento de su hijo antes de que el alumno pueda comenzar las clases\". Sin embargo, no aclara que ante la ley, los padres de familia pueden proporcionar otros documentos, como una fe de bautismo o una declaraci\u00f3n jurada, para demostrar la edad y la identidad de sus hijos.<\/p>\n<p><u>Escuelas Incito (Goodyear)<\/u>: \"Usted debe proporcionar una identificaci\u00f3n con foto expedida por el gobierno para inscribir a su estudiante\".<\/p>\n<p><u>Escuela Ch\u00e1rter Centro Educativo Montessori (Mesa)<\/u>: El formulario de inscripci\u00f3n de la escuela solicita el n\u00famero de Seguro Social de ambos padres.<\/p>\n<p><u>Academia Berean (Sierra Vista)<\/u>: La escuela pregunta si el alumno es ciudadano de EE.UU.<\/p>\n<p><u>Preparatoria North Pointe (Phoenix)<\/u>: El n\u00famero de Seguro Social del estudiante se solicita en el formulario de inscripci\u00f3n.<\/p>\n<p><u>Academia de Artes de Scottsdale (Scottsdale)<\/u>: Para los estudiantes nacidos fuera de EE.UU., la escuela pregunta a trav\u00e9s de su formulario de inscripci\u00f3n en l\u00ednea cu\u00e1ndo los estudiantes ingresaron al pa\u00eds y comenzaron a asistir a la escuela aqu\u00ed.<\/p>\n<p>Algunas escuelas ch\u00e1rter tambi\u00e9n plantean preguntas para determinar si un estudiante es elegible para un programa. Por ejemplo, algunas preguntan si los estudiantes y sus familias se han mudado en los \u00faltimos tres a\u00f1os para buscar trabajo agr\u00edcola. La escuela puede estar haciendo esta pregunta para determinar si el alumno es elegible para el Programa de Educaci\u00f3n para Migrantes, que es un programa financiado por el gobierno federal y operado por el estado que proporciona servicios suplementarios a los hijos de trabajadores agr\u00edcolas de temporada o temporales.<\/p>\n<p>Estas preguntas pueden formularse, pero las escuelas deben indicar que se hacen a fin de proporcionar servicios y que esta no influir\u00e1 en la inscripci\u00f3n. Lo mismo se aplica a las escuelas ch\u00e1rter que preguntan si los estudiantes son refugiados, que es una pregunta que las escuelas pueden hacer para determinar si los estudiantes son elegibles para el Programa de Impacto Escolar de Refugiados que brinda servicios a las escuelas para atender las necesidades educativas de los ni\u00f1os refugiados.<\/p>\n<p><strong>Recomendaciones<\/strong><\/p>\n<ul>\n<li>Para cumplir con el A.R.S.* \u00a7 15-828, las escuelas ch\u00e1rter deben aceptar cualquier documentaci\u00f3n reconocido por la ley de Arizona, que verifique la identidad y edad del estudiante, no s\u00f3lo un acta de nacimiento.<\/li>\n<li>Los formularios de inscripci\u00f3n no deben solicitar los n\u00fameros de Seguro Social de los estudiantes o padres de familia.<\/li>\n<li>Los formularios de inscripci\u00f3n no deben solicitar informaci\u00f3n de ciudadan\u00eda de los estudiantes o los padres de familia.<\/li>\n<li>Las escuelas s\u00f3lo deben preguntar por el lugar de nacimiento de los estudiantes extranjeros, y el Departamento de Educaci\u00f3n debe dejar claro a las escuelas que esta es la \u00fanica vez que se necesita informaci\u00f3n sobre el lugar de nacimiento de los alumnos inscritos.<\/li>\n<li>Al preguntar si un alumno es hijo de trabajadores migratorios o refugiado, la escuela debe aclarar que las respuestas s\u00f3lo se utilizar\u00e1n para proporcionar servicios y que no influir\u00e1 en la inscripci\u00f3n.<\/li>\n<\/ul>\n<h3><a href=\"https:\/\/www.acluaz.org\/es\/rechazando-estudiantes-que-buscan-servicios-de-educacion-especial\/\" onclick=\"window.open(this.href, '', 'resizable=no,status=no,location=no,toolbar=no,menubar=no,fullscreen=no,scrollbars=no,dependent=no'); return false;\">Siguente:&nbsp;<\/a><a href=\"https:\/\/www.acluaz.org\/es\/node\/1076\" target=\"_blank\">Rechazando a Estudiantes que Buscan Servicios de Educaci\u00f3n Especial&nbsp;<\/a><a href=\"https:\/\/www.acluaz.org\/es\/rechazando-estudiantes-que-buscan-servicios-de-educacion-especial\/\" onclick=\"window.open(this.href, '', 'resizable=no,status=no,location=no,toolbar=no,menubar=no,fullscreen=no,scrollbars=no,dependent=no'); return false;\">\u2192<\/a><\/h3>\n<h3><a href=\"https:\/\/www.acluaz.org\/es\/node\/1058\" target=\"_blank\">\u2190 Regresar a Tabla de Contenidos<\/a><\/h3>\n","protected":false},"excerpt":{"rendered":"<p>Los padres de familia pueden proporcionar un acta de nacimiento, pero no es el \u00fanico documento que se puede utilizar para establecer la edad e identidad del ni\u00f1o.<\/p>\n","protected":false},"author":0,"featured_media":0,"parent":0,"menu_order":0,"comment_status":"closed","ping_status":"closed","template":"","meta":{"_acf_changed":false,"_relevanssi_hide_post":"","_relevanssi_hide_content":"","_relevanssi_pin_for_all":"","_relevanssi_pin_keywords":"","_relevanssi_unpin_keywords":"","_relevanssi_related_keywords":"","_relevanssi_related_include_ids":"","_relevanssi_related_exclude_ids":"","_relevanssi_related_no_append":"","_relevanssi_related_not_related":"","_relevanssi_related_posts":"","_relevanssi_noindex_reason":"","footnotes":""},"class_list":["post-2151","page","type-page","status-publish","hentry"],"acf":{"layout":"default","header-group":{"header-description":"Los padres de familia pueden proporcionar un acta de nacimiento, pero no es el \u00fanico documento que se puede utilizar para establecer la edad e identidad del ni\u00f1o. \n","show-subnav":false,"hide-from-subnav":false},"components":[{"acf_fc_layout":"heading","heading":{"":null,"text":"Requisitos del Seguro Social y Acta de Nacimiento","anchor":"","sub-heading":"","type":"h2","heading-style":"standard"}},{"acf_fc_layout":"text","text":{"text":"La ley de Arizona requiere que los padres de familia comprueben la edad e identidad de sus hijos cada vez que los inscriben en una nueva escuela <a href=\"https:\/\/www.azleg.gov\/viewdocument\/?docName=https:\/\/www.azleg.gov\/ars\/15\/00828.htm\" target=\"_blank\">(A.R.S. \u00a7 15-828)<\/a> Los padres de familia pueden proporcionar un acta de nacimiento, pero no es el \u00fanico documento que se puede utilizar para establecer la edad e identidad del ni\u00f1o. Otros documentos confiables incluyen un pasaporte, una fe de bautismo o una declaraci\u00f3n jurada que explique la inhabilidad de proporcionar una copia del acta de nacimiento <a href=\"https:\/\/www.azleg.gov\/viewdocument\/?docName=https:\/\/www.azleg.gov\/ars\/15\/00828.htm\" target=\"_blank\">(A.R.S. \u00a7 15-828(A)(2))<\/a>. \n\nLa mayor\u00eda de las escuelas ch\u00e1rter en Arizona solicitan el acta de nacimiento de un ni\u00f1o sin dar alternativas a los padres de familia. De hecho, s\u00f3lo 46 de las escuelas ch\u00e1rter analizadas ofrecen a los padres una lista abierta de alternativas. Algunos padres pueden ser reacios a proporcionar el acta de nacimiento de otro pa\u00eds de sus hijos, por temor a que hacerlo pueda generar preguntas sobre el estado migratorio de sus hijos o el de ellos mismos. Los padres deben saber que todos los estudiantes, independientemente del estado migratorio de sus hijos o de ellos, tienen garantizado el mismo acceso a la educaci\u00f3n p\u00fablica en virtud de la Decimocuarta Enmienda de la Constituci\u00f3n de EE.UU <a href=\"http:\/\/www.uscourts.gov\/educational-resources\/educational-activities\/access-education-rule-law\" target=\"_blank\">(Plyler v. Doe, 457 U.S. 202, 229-30 (1982))<\/a>. \n\nAdem\u00e1s, al menos 56 escuelas ch\u00e1rter de Arizona solicitan n\u00fameros de Seguro Social de los estudiantes como una forma de probar su identidad. Al menos 25 escuelas ch\u00e1rter tambi\u00e9n solicitan n\u00fameros de seguro social de los padres o una identificaci\u00f3n expedida por el gobierno para inscribir a sus hijos. Los padres no tienen la obligaci\u00f3n legal de proporcionar n\u00fameros de Seguro Social para ellos o sus hijos, ni tienen que proporcionar informaci\u00f3n o documentaci\u00f3n relacionada con su ciudadan\u00eda o estado migratorio para inscribir a sus hijos <a href=\"https:\/\/www.justice.gov\/sites\/default\/files\/crt\/legacy\/2014\/05\/08\/plylerfact.pdf\" target=\"_blank\">(Fact Sheet: Information on the Rights of All Children to Enroll in School, U.S. Department of Justice and U.S. Department of Education (2014))<\/a>. Tales solicitudes son ilegales y pueden desalentar la inscripci\u00f3n de estudiantes que son indocumentados o cuyos padres no tienen documentos.\n\nLa mayor\u00eda de las escuelas ch\u00e1rter tambi\u00e9n solicitan en sus formularios de inscripci\u00f3n el pa\u00eds o estado donde nacieron los estudiantes. El Departamento de Educaci\u00f3n de Arizona les pide a las escuelas que proporcionen esta informaci\u00f3n a trav\u00e9s del sistema de datos estudiantiles del estado, llamado AzEDS. El prop\u00f3sito de esta pregunta, de acuerdo con un vocero del departamento, es determinar qu\u00e9 estudiantes son estudiantes de intercambio, ya que estos no son elegibles para recibir fondos estatales. Sin embargo, el departamento no exige que las escuelas recolecten e informen d\u00f3nde nacieron los estudiantes, lo que no se aclara para las escuelas. Preguntar por el lugar de nacimiento de un alumno podr\u00eda crear temor de que los agentes encargados de hacer cumplir la ley utilicen la informaci\u00f3n para perseguir a los estudiantes indocumentados y sus familias.\n\nEscuela Country Day de Scottsdale (Scottsdale): En su manual, la escuela declara: \"De acuerdo con el C\u00f3digo de Educaci\u00f3n de 1999, T\u00edtulo XV, necesitamos una copia del acta de nacimiento de su hijo antes de que el alumno pueda comenzar las clases\". Sin embargo, no aclara que ante la ley, los padres de familia pueden proporcionar otros documentos, como una fe de bautismo o una declaraci\u00f3n jurada, para demostrar la edad y la identidad de sus hijos.\n\nEscuelas Incito (Goodyear): \"Usted debe proporcionar una identificaci\u00f3n con foto expedida por el gobierno para inscribir a su estudiante\".\n\nEscuela Ch\u00e1rter Centro Educativo Montessori (Mesa): El formulario de inscripci\u00f3n de la escuela solicita el n\u00famero de Seguro Social de ambos padres.\n\nAcademia Berean (Sierra Vista): La escuela pregunta si el alumno es ciudadano de EE.UU.\n\nPreparatoria North Pointe (Phoenix): El n\u00famero de Seguro Social del estudiante se solicita en el formulario de inscripci\u00f3n.\n\nAcademia de Artes de Scottsdale (Scottsdale): Para los estudiantes nacidos fuera de EE.UU., la escuela pregunta a trav\u00e9s de su formulario de inscripci\u00f3n en l\u00ednea cu\u00e1ndo los estudiantes ingresaron al pa\u00eds y comenzaron a asistir a la escuela aqu\u00ed.\n\nAlgunas escuelas ch\u00e1rter tambi\u00e9n plantean preguntas para determinar si un estudiante es elegible para un programa. Por ejemplo, algunas preguntan si los estudiantes y sus familias se han mudado en los \u00faltimos tres a\u00f1os para buscar trabajo agr\u00edcola. La escuela puede estar haciendo esta pregunta para determinar si el alumno es elegible para el Programa de Educaci\u00f3n para Migrantes, que es un programa financiado por el gobierno federal y operado por el estado que proporciona servicios suplementarios a los hijos de trabajadores agr\u00edcolas de temporada o temporales.\n\nEstas preguntas pueden formularse, pero las escuelas deben indicar que se hacen a fin de proporcionar servicios y que esta no influir\u00e1 en la inscripci\u00f3n. Lo mismo se aplica a las escuelas ch\u00e1rter que preguntan si los estudiantes son refugiados, que es una pregunta que las escuelas pueden hacer para determinar si los estudiantes son elegibles para el Programa de Impacto Escolar de Refugiados que brinda servicios a las escuelas para atender las necesidades educativas de los ni\u00f1os refugiados.\n\n<strong>Recomendaciones<\/strong>\n\n<ul><li>Para cumplir con el A.R.S.* \u00a7 15-828, las escuelas ch\u00e1rter deben aceptar cualquier documentaci\u00f3n reconocido por la ley de Arizona, que verifique la identidad y edad del estudiante, no s\u00f3lo un acta de nacimiento.<\/li><li>Los formularios de inscripci\u00f3n no deben solicitar los n\u00fameros de Seguro Social de los estudiantes o padres de familia.<\/li><li>Los formularios de inscripci\u00f3n no deben solicitar informaci\u00f3n de ciudadan\u00eda de los estudiantes o los padres de familia.<\/li><li>Las escuelas s\u00f3lo deben preguntar por el lugar de nacimiento de los estudiantes extranjeros, y el Departamento de Educaci\u00f3n debe dejar claro a las escuelas que esta es la \u00fanica vez que se necesita informaci\u00f3n sobre el lugar de nacimiento de los alumnos inscritos.<\/li><li>Al preguntar si un alumno es hijo de trabajadores migratorios o refugiado, la escuela debe aclarar que las respuestas s\u00f3lo se utilizar\u00e1n para proporcionar servicios y que no influir\u00e1 en la inscripci\u00f3n.<\/li><\/ul>"}},{"acf_fc_layout":"heading","heading":{"":null,"text":"Siguente:\u00a0Rechazando a Estudiantes que Buscan Servicios de Educaci\u00f3n Especial\u00a0\u2192","anchor":"","sub-heading":"<a href=\"https:\/\/www.acluaz.org\/es\/rechazando-estudiantes-que-buscan-servicios-de-educacion-especial\/\">View<\/a>","type":"h3","heading-style":"standard"}},{"acf_fc_layout":"heading","heading":{"":null,"text":"\u2190 Regresar a Tabla de Contenidos","anchor":"","sub-heading":"<a href=\"https:\/\/www.acluaz.org\/es\/node\/1058\" target=\"_blank\">View<\/a>","type":"h3","heading-style":"standard"}}],"section":null,"issues":null,"related_content":[],"documents":null},"yoast_head":"<!-- This site is optimized with the Yoast SEO plugin v24.9 - https:\/\/yoast.com\/wordpress\/plugins\/seo\/ -->\n<title>Requisitos del Seguro Social y acta de nacimiento - ACLU of Arizona<\/title>\n<meta name=\"robots\" content=\"index, follow, max-snippet:-1, max-image-preview:large, max-video-preview:-1\" \/>\n<link rel=\"canonical\" href=\"http:\/\/www.acluaz.org\/es\/requisitos-del-seguro-social-y-acta-de-nacimiento\/\" \/>\n<meta property=\"og:locale\" content=\"es_ES\" \/>\n<meta property=\"og:type\" content=\"article\" \/>\n<meta property=\"og:title\" content=\"Requisitos del Seguro Social y acta de nacimiento - ACLU of Arizona\" \/>\n<meta property=\"og:description\" content=\"Los padres de familia pueden proporcionar un acta de nacimiento, pero no es el \u00fanico documento que se puede utilizar para establecer la edad e identidad del ni\u00f1o.\" \/>\n<meta property=\"og:url\" content=\"https:\/\/www.acluaz.org\/es\/requisitos-del-seguro-social-y-acta-de-nacimiento\/\" \/>\n<meta property=\"og:site_name\" content=\"ACLU of Arizona\" \/>\n<meta property=\"og:image\" content=\"https:\/\/www.acluaz.org\/app\/themes\/aclu-parent\/img\/default_fb_share.jpg\" \/>\n<meta name=\"twitter:card\" content=\"summary_large_image\" \/>\n<script type=\"application\/ld+json\" class=\"yoast-schema-graph\">{\"@context\":\"https:\/\/schema.org\",\"@graph\":[{\"@type\":\"WebPage\",\"@id\":\"http:\/\/www.acluaz.org\/es\/requisitos-del-seguro-social-y-acta-de-nacimiento\/\",\"url\":\"http:\/\/www.acluaz.org\/es\/requisitos-del-seguro-social-y-acta-de-nacimiento\/\",\"name\":\"Requisitos del Seguro Social y acta de nacimiento - ACLU of Arizona\",\"isPartOf\":{\"@id\":\"https:\/\/www.acluaz.org\/#website\"},\"datePublished\":\"2017-12-13T22:30:00+00:00\",\"inLanguage\":\"es-ES\",\"potentialAction\":[{\"@type\":\"ReadAction\",\"target\":[\"http:\/\/www.acluaz.org\/es\/requisitos-del-seguro-social-y-acta-de-nacimiento\/\"]}]},{\"@type\":\"WebSite\",\"@id\":\"https:\/\/www.acluaz.org\/#website\",\"url\":\"https:\/\/www.acluaz.org\/\",\"name\":\"ACLU of Arizona\",\"description\":\"\",\"publisher\":{\"@id\":\"https:\/\/www.acluaz.org\/#organization\"},\"potentialAction\":[{\"@type\":\"SearchAction\",\"target\":{\"@type\":\"EntryPoint\",\"urlTemplate\":\"https:\/\/www.acluaz.org\/?s={search_term_string}\"},\"query-input\":{\"@type\":\"PropertyValueSpecification\",\"valueRequired\":true,\"valueName\":\"search_term_string\"}}],\"inLanguage\":\"es-ES\"},{\"@type\":\"Organization\",\"@id\":\"https:\/\/www.acluaz.org\/#organization\",\"name\":\"ACLU of Arizona\",\"url\":\"https:\/\/www.acluaz.org\/\",\"logo\":{\"@type\":\"ImageObject\",\"inLanguage\":\"es-ES\",\"@id\":\"https:\/\/www.acluaz.org\/#\/schema\/logo\/image\/\",\"url\":\"https:\/\/www.acluaz.org\/app\/uploads\/2025\/09\/ACLU_Arizona_Moblie-Web_Color_RGB.png\",\"contentUrl\":\"https:\/\/www.acluaz.org\/app\/uploads\/2025\/09\/ACLU_Arizona_Moblie-Web_Color_RGB.png\",\"width\":2084,\"height\":2084,\"caption\":\"ACLU of Arizona\"},\"image\":{\"@id\":\"https:\/\/www.acluaz.org\/#\/schema\/logo\/image\/\"}}]}<\/script>\n<!-- \/ Yoast SEO plugin. -->","yoast_head_json":{"title":"Requisitos del Seguro Social y acta de nacimiento - ACLU of Arizona","robots":{"index":"index","follow":"follow","max-snippet":"max-snippet:-1","max-image-preview":"max-image-preview:large","max-video-preview":"max-video-preview:-1"},"canonical":"http:\/\/www.acluaz.org\/es\/requisitos-del-seguro-social-y-acta-de-nacimiento\/","og_locale":"es_ES","og_type":"article","og_title":"Requisitos del Seguro Social y acta de nacimiento - ACLU of Arizona","og_description":"Los padres de familia pueden proporcionar un acta de nacimiento, pero no es el \u00fanico documento que se puede utilizar para establecer la edad e identidad del ni\u00f1o.","og_url":"https:\/\/www.acluaz.org\/es\/requisitos-del-seguro-social-y-acta-de-nacimiento\/","og_site_name":"ACLU of Arizona","og_image":[{"url":"https:\/\/www.acluaz.org\/app\/themes\/aclu-parent\/img\/default_fb_share.jpg","type":"","width":"","height":""}],"twitter_card":"summary_large_image","schema":{"@context":"https:\/\/schema.org","@graph":[{"@type":"WebPage","@id":"http:\/\/www.acluaz.org\/es\/requisitos-del-seguro-social-y-acta-de-nacimiento\/","url":"http:\/\/www.acluaz.org\/es\/requisitos-del-seguro-social-y-acta-de-nacimiento\/","name":"Requisitos del Seguro Social y acta de nacimiento - ACLU of Arizona","isPartOf":{"@id":"https:\/\/www.acluaz.org\/#website"},"datePublished":"2017-12-13T22:30:00+00:00","inLanguage":"es-ES","potentialAction":[{"@type":"ReadAction","target":["http:\/\/www.acluaz.org\/es\/requisitos-del-seguro-social-y-acta-de-nacimiento\/"]}]},{"@type":"WebSite","@id":"https:\/\/www.acluaz.org\/#website","url":"https:\/\/www.acluaz.org\/","name":"ACLU of Arizona","description":"","publisher":{"@id":"https:\/\/www.acluaz.org\/#organization"},"potentialAction":[{"@type":"SearchAction","target":{"@type":"EntryPoint","urlTemplate":"https:\/\/www.acluaz.org\/?s={search_term_string}"},"query-input":{"@type":"PropertyValueSpecification","valueRequired":true,"valueName":"search_term_string"}}],"inLanguage":"es-ES"},{"@type":"Organization","@id":"https:\/\/www.acluaz.org\/#organization","name":"ACLU of Arizona","url":"https:\/\/www.acluaz.org\/","logo":{"@type":"ImageObject","inLanguage":"es-ES","@id":"https:\/\/www.acluaz.org\/#\/schema\/logo\/image\/","url":"https:\/\/www.acluaz.org\/app\/uploads\/2025\/09\/ACLU_Arizona_Moblie-Web_Color_RGB.png","contentUrl":"https:\/\/www.acluaz.org\/app\/uploads\/2025\/09\/ACLU_Arizona_Moblie-Web_Color_RGB.png","width":2084,"height":2084,"caption":"ACLU of Arizona"},"image":{"@id":"https:\/\/www.acluaz.org\/#\/schema\/logo\/image\/"}}]}},"distributor_meta":false,"distributor_terms":false,"distributor_media":false,"distributor_original_site_name":"ACLU of Arizona","distributor_original_site_url":"https:\/\/www.acluaz.org\/es\/","push-errors":false,"_links":{"self":[{"href":"https:\/\/www.acluaz.org\/es\/wp-json\/wp\/v2\/pages\/2151","targetHints":{"allow":["GET"]}}],"collection":[{"href":"https:\/\/www.acluaz.org\/es\/wp-json\/wp\/v2\/pages"}],"about":[{"href":"https:\/\/www.acluaz.org\/es\/wp-json\/wp\/v2\/types\/page"}],"replies":[{"embeddable":true,"href":"https:\/\/www.acluaz.org\/es\/wp-json\/wp\/v2\/comments?post=2151"}],"version-history":[{"count":0,"href":"https:\/\/www.acluaz.org\/es\/wp-json\/wp\/v2\/pages\/2151\/revisions"}],"wp:attachment":[{"href":"https:\/\/www.acluaz.org\/es\/wp-json\/wp\/v2\/media?parent=2151"}],"curies":[{"name":"wp","href":"https:\/\/api.w.org\/{rel}","templated":true}]}}