{"id":2149,"date":"2017-12-13T17:15:00","date_gmt":"2017-12-13T22:15:00","guid":{"rendered":"https:\/\/www.acluaz.org\/requisitos-de-dominio-del-idioma-ingles\/"},"modified":"2017-12-13T17:15:00","modified_gmt":"2017-12-13T22:15:00","slug":"requisitos-de-dominio-del-idioma-ingles","status":"publish","type":"page","link":"https:\/\/www.acluaz.org\/es\/requisitos-de-dominio-del-idioma-ingles\/","title":{"rendered":"Requisitos de dominio del idioma ingl\u00e9s"},"content":{"rendered":"<p>Escuelas ch\u00e1rter no deben crear barreras para la inscripci\u00f3n de los estudiantes que est\u00e1n aprendiendo ingl\u00e9s o cuyas familias hablan otro idioma en el hogar.<br \/>\n<!--more--><\/p>\n<h2>Requisitos de Dominio del Idioma Ingl\u00e9s<\/h2>\n<p>La ley de escuelas ch\u00e1rter de Arizona establece que las escuelas ch\u00e1rter no pueden excluir a los estudiantes sobre la base de \"dominio del idioma ingl\u00e9s\"&nbsp;<a href=\"https:\/\/www.azleg.gov\/viewdocument\/?docName=https:\/\/www.azleg.gov\/ars\/15\/00184.htm\" target=\"_blank\">(A.R.S. \u00a7 15-184(F))<\/a>. Por lo tanto, no deben crear barreras para la inscripci\u00f3n de los estudiantes que est\u00e1n aprendiendo ingl\u00e9s o cuyas familias hablan otro idioma en el hogar. Las escuelas ch\u00e1rter tambi\u00e9n deben proporcionar a los estudiantes que carecen de dominio del ingl\u00e9s acceso a un programa de aprendizaje del idioma ingl\u00e9s.<\/p>\n<p>Si bien las leyes de Arizona exigen que las escuelas ch\u00e1rter determinen si el ingl\u00e9s es el idioma principal que se habla en el hogar&nbsp;<a href=\"https:\/\/www.azleg.gov\/viewdocument\/?docName=https:\/\/www.azleg.gov\/ars\/15\/00756.htm\" target=\"_blank\">(A.R.S. \u00a7 15-756(A))<\/a>, deben hacerlo de manera que los padres sepan que el dominio del ingl\u00e9s no es un requisito previo para la inscripci\u00f3n. Para ayudar a las escuelas a cumplir con sus obligaciones legales sin intimidar a los padres o estudiantes que no hablan ingl\u00e9s con fluidez, el Departamento de Educaci\u00f3n de Arizona cre\u00f3 una encuesta en el idioma natal conocida como Idioma Principal Primario Distinto del Ingl\u00e9s (o PHLOTE por sus siglas en ingl\u00e9s).<\/p>\n<p>El formulario PHLOTE les informa a los padres de familia que sus respuestas se usar\u00e1n para determinar si se evaluar\u00e1 a sus hijos en cuanto al dominio del idioma ingl\u00e9s. Pero al menos 49 escuelas ch\u00e1rter formulan preguntas sobre el idioma, tales como \"\u00bfCu\u00e1l es el idioma principal que habla el alumno?\" Y no brindan el formulario PHLOTE. Las preguntas acerca del lenguaje sin explicacion no dejan en claro que las respuestas no afectar\u00e1n las posibilidades de inscripci\u00f3n del estudiante, y pueden desalentar a los padres de solicitar la inscripci\u00f3n.<\/p>\n<p>Adem\u00e1s, de conformidad con la Ley federal de Igualdad de Oportunidades Educativas de 1974, las escuelas ch\u00e1rter deben proporcionar informaci\u00f3n de inscripci\u00f3n y admisi\u00f3n en el idioma que hablan los padres y los estudiantes. El idioma m\u00e1s hablado en Arizona aparte del ingl\u00e9s es el espa\u00f1ol (<a href=\"https:\/\/factfinder.census.gov\/faces\/tableservices\/jsf\/pages\/productview.xhtml?src=bkmk\" target=\"_blank\">U.S. Census Bureau, 2011-2015 American Community Survey 5-Year Estimates<\/a>), sin embargo, s\u00f3lo el 26 por ciento de las escuelas ch\u00e1rter de Arizona que se analizaron, o 123 escuelas, proporcionan sus documentos de inscripci\u00f3n en ingl\u00e9s y espa\u00f1ol.<\/p>\n<p><strong>Recomendaciones<\/strong><\/p>\n<ul>\n<li>Las escuelas deben proporcionar documentos de inscripci\u00f3n en ingl\u00e9s, espa\u00f1ol y otros idiomas seg\u00fan corresponda a la poblaci\u00f3n circundante.<\/li>\n<li>Todas las escuelas ch\u00e1rter deben adoptar el formulario PHLOTE.<\/li>\n<li>El Departamento de Educaci\u00f3n de Arizona debe modificar el formulario PHLOTE para hacer expl\u00edcito que la informaci\u00f3n que recopila no se utilizar\u00e1 para decidir si un alumno puede inscribirse en una escuela o no.<\/li>\n<li>Las escuelas deben dejar en claro que tienen programas de ELL (Estudiantes del Idioma Ingl\u00e9s).<\/li>\n<\/ul>\n<h3><a href=\"https:\/\/www.acluaz.org\/es\/node\/1064\" target=\"_blank\">Siguente: Requisitos del Seguro Social y Acta de Nacimiento \u2192<\/a><\/h3>\n<h3><a href=\"https:\/\/www.acluaz.org\/es\/node\/1058\" target=\"_blank\">\u2190 Back to Table of Contents&nbsp;<\/a><\/h3>\n","protected":false},"excerpt":{"rendered":"<p>Escuelas ch\u00e1rter no deben crear barreras para la inscripci\u00f3n de los estudiantes que est\u00e1n aprendiendo ingl\u00e9s o cuyas familias hablan otro idioma en el hogar.<\/p>\n","protected":false},"author":0,"featured_media":0,"parent":0,"menu_order":0,"comment_status":"closed","ping_status":"closed","template":"","meta":{"_acf_changed":false,"_relevanssi_hide_post":"","_relevanssi_hide_content":"","_relevanssi_pin_for_all":"","_relevanssi_pin_keywords":"","_relevanssi_unpin_keywords":"","_relevanssi_related_keywords":"","_relevanssi_related_include_ids":"","_relevanssi_related_exclude_ids":"","_relevanssi_related_no_append":"","_relevanssi_related_not_related":"","_relevanssi_related_posts":"","_relevanssi_noindex_reason":"","footnotes":""},"class_list":["post-2149","page","type-page","status-publish","hentry"],"acf":{"layout":"default","header-group":{"header-description":"Escuelas ch\u00e1rter no deben crear barreras para la inscripci\u00f3n de los estudiantes que est\u00e1n aprendiendo ingl\u00e9s o cuyas familias hablan otro idioma en el hogar.\n","show-subnav":false,"hide-from-subnav":false},"components":[{"acf_fc_layout":"heading","heading":{"":null,"text":"Requisitos de Dominio del Idioma Ingl\u00e9s","anchor":"","sub-heading":"","type":"h2","heading-style":"standard"}},{"acf_fc_layout":"text","text":{"text":"La ley de escuelas ch\u00e1rter de Arizona establece que las escuelas ch\u00e1rter no pueden excluir a los estudiantes sobre la base de \"dominio del idioma ingl\u00e9s\" <a href=\"https:\/\/www.azleg.gov\/viewdocument\/?docName=https:\/\/www.azleg.gov\/ars\/15\/00184.htm\" target=\"_blank\">(A.R.S. \u00a7 15-184(F))<\/a>. Por lo tanto, no deben crear barreras para la inscripci\u00f3n de los estudiantes que est\u00e1n aprendiendo ingl\u00e9s o cuyas familias hablan otro idioma en el hogar. Las escuelas ch\u00e1rter tambi\u00e9n deben proporcionar a los estudiantes que carecen de dominio del ingl\u00e9s acceso a un programa de aprendizaje del idioma ingl\u00e9s.\n\nSi bien las leyes de Arizona exigen que las escuelas ch\u00e1rter determinen si el ingl\u00e9s es el idioma principal que se habla en el hogar <a href=\"https:\/\/www.azleg.gov\/viewdocument\/?docName=https:\/\/www.azleg.gov\/ars\/15\/00756.htm\" target=\"_blank\">(A.R.S. \u00a7 15-756(A))<\/a>, deben hacerlo de manera que los padres sepan que el dominio del ingl\u00e9s no es un requisito previo para la inscripci\u00f3n. Para ayudar a las escuelas a cumplir con sus obligaciones legales sin intimidar a los padres o estudiantes que no hablan ingl\u00e9s con fluidez, el Departamento de Educaci\u00f3n de Arizona cre\u00f3 una encuesta en el idioma natal conocida como Idioma Principal Primario Distinto del Ingl\u00e9s (o PHLOTE por sus siglas en ingl\u00e9s).\n\nEl formulario PHLOTE les informa a los padres de familia que sus respuestas se usar\u00e1n para determinar si se evaluar\u00e1 a sus hijos en cuanto al dominio del idioma ingl\u00e9s. Pero al menos 49 escuelas ch\u00e1rter formulan preguntas sobre el idioma, tales como \"\u00bfCu\u00e1l es el idioma principal que habla el alumno?\" Y no brindan el formulario PHLOTE. Las preguntas acerca del lenguaje sin explicacion no dejan en claro que las respuestas no afectar\u00e1n las posibilidades de inscripci\u00f3n del estudiante, y pueden desalentar a los padres de solicitar la inscripci\u00f3n.\n\nAdem\u00e1s, de conformidad con la Ley federal de Igualdad de Oportunidades Educativas de 1974, las escuelas ch\u00e1rter deben proporcionar informaci\u00f3n de inscripci\u00f3n y admisi\u00f3n en el idioma que hablan los padres y los estudiantes. El idioma m\u00e1s hablado en Arizona aparte del ingl\u00e9s es el espa\u00f1ol (<a href=\"https:\/\/factfinder.census.gov\/faces\/tableservices\/jsf\/pages\/productview.xhtml?src=bkmk\" target=\"_blank\">U.S. Census Bureau, 2011-2015 American Community Survey 5-Year Estimates<\/a>), sin embargo, s\u00f3lo el 26 por ciento de las escuelas ch\u00e1rter de Arizona que se analizaron, o 123 escuelas, proporcionan sus documentos de inscripci\u00f3n en ingl\u00e9s y espa\u00f1ol.\n\n<strong>Recomendaciones<\/strong>\n\n<ul><li>Las escuelas deben proporcionar documentos de inscripci\u00f3n en ingl\u00e9s, espa\u00f1ol y otros idiomas seg\u00fan corresponda a la poblaci\u00f3n circundante.<\/li><li>Todas las escuelas ch\u00e1rter deben adoptar el formulario PHLOTE.<\/li><li>El Departamento de Educaci\u00f3n de Arizona debe modificar el formulario PHLOTE para hacer expl\u00edcito que la informaci\u00f3n que recopila no se utilizar\u00e1 para decidir si un alumno puede inscribirse en una escuela o no.<\/li><li>Las escuelas deben dejar en claro que tienen programas de ELL (Estudiantes del Idioma Ingl\u00e9s).<\/li><\/ul>"}},{"acf_fc_layout":"heading","heading":{"":null,"text":"Siguente: Requisitos del Seguro Social y Acta de Nacimiento \u2192","anchor":"","sub-heading":"<a href=\"https:\/\/www.acluaz.org\/es\/node\/1064\" target=\"_blank\">View<\/a>","type":"h3","heading-style":"standard"}},{"acf_fc_layout":"heading","heading":{"":null,"text":"\u2190 Back to Table of Contents\u00a0","anchor":"","sub-heading":"<a href=\"https:\/\/www.acluaz.org\/es\/node\/1058\" target=\"_blank\">View<\/a>","type":"h3","heading-style":"standard"}}],"section":null,"issues":null,"related_content":[],"documents":null},"yoast_head":"<!-- This site is optimized with the Yoast SEO plugin v24.9 - https:\/\/yoast.com\/wordpress\/plugins\/seo\/ -->\n<title>Requisitos de dominio del idioma ingl\u00e9s - ACLU of Arizona<\/title>\n<meta name=\"robots\" content=\"index, follow, max-snippet:-1, max-image-preview:large, max-video-preview:-1\" \/>\n<link rel=\"canonical\" href=\"http:\/\/www.acluaz.org\/es\/requisitos-de-dominio-del-idioma-ingles\/\" \/>\n<meta property=\"og:locale\" content=\"es_ES\" \/>\n<meta property=\"og:type\" content=\"article\" \/>\n<meta property=\"og:title\" content=\"Requisitos de dominio del idioma ingl\u00e9s - ACLU of Arizona\" \/>\n<meta property=\"og:description\" content=\"Escuelas ch\u00e1rter no deben crear barreras para la inscripci\u00f3n de los estudiantes que est\u00e1n aprendiendo ingl\u00e9s o cuyas familias hablan otro idioma en el hogar.\" \/>\n<meta property=\"og:url\" content=\"https:\/\/www.acluaz.org\/es\/requisitos-de-dominio-del-idioma-ingles\/\" \/>\n<meta property=\"og:site_name\" content=\"ACLU of Arizona\" \/>\n<meta property=\"og:image\" content=\"https:\/\/www.acluaz.org\/app\/themes\/aclu-parent\/img\/default_fb_share.jpg\" \/>\n<meta name=\"twitter:card\" content=\"summary_large_image\" \/>\n<script type=\"application\/ld+json\" class=\"yoast-schema-graph\">{\"@context\":\"https:\/\/schema.org\",\"@graph\":[{\"@type\":\"WebPage\",\"@id\":\"http:\/\/www.acluaz.org\/es\/requisitos-de-dominio-del-idioma-ingles\/\",\"url\":\"http:\/\/www.acluaz.org\/es\/requisitos-de-dominio-del-idioma-ingles\/\",\"name\":\"Requisitos de dominio del idioma ingl\u00e9s - ACLU of Arizona\",\"isPartOf\":{\"@id\":\"https:\/\/www.acluaz.org\/#website\"},\"datePublished\":\"2017-12-13T22:15:00+00:00\",\"inLanguage\":\"es-ES\",\"potentialAction\":[{\"@type\":\"ReadAction\",\"target\":[\"http:\/\/www.acluaz.org\/es\/requisitos-de-dominio-del-idioma-ingles\/\"]}]},{\"@type\":\"WebSite\",\"@id\":\"https:\/\/www.acluaz.org\/#website\",\"url\":\"https:\/\/www.acluaz.org\/\",\"name\":\"ACLU of Arizona\",\"description\":\"\",\"publisher\":{\"@id\":\"https:\/\/www.acluaz.org\/#organization\"},\"potentialAction\":[{\"@type\":\"SearchAction\",\"target\":{\"@type\":\"EntryPoint\",\"urlTemplate\":\"https:\/\/www.acluaz.org\/?s={search_term_string}\"},\"query-input\":{\"@type\":\"PropertyValueSpecification\",\"valueRequired\":true,\"valueName\":\"search_term_string\"}}],\"inLanguage\":\"es-ES\"},{\"@type\":\"Organization\",\"@id\":\"https:\/\/www.acluaz.org\/#organization\",\"name\":\"ACLU of Arizona\",\"url\":\"https:\/\/www.acluaz.org\/\",\"logo\":{\"@type\":\"ImageObject\",\"inLanguage\":\"es-ES\",\"@id\":\"https:\/\/www.acluaz.org\/#\/schema\/logo\/image\/\",\"url\":\"https:\/\/www.acluaz.org\/app\/uploads\/2025\/09\/ACLU_Arizona_Moblie-Web_Color_RGB.png\",\"contentUrl\":\"https:\/\/www.acluaz.org\/app\/uploads\/2025\/09\/ACLU_Arizona_Moblie-Web_Color_RGB.png\",\"width\":2084,\"height\":2084,\"caption\":\"ACLU of Arizona\"},\"image\":{\"@id\":\"https:\/\/www.acluaz.org\/#\/schema\/logo\/image\/\"}}]}<\/script>\n<!-- \/ Yoast SEO plugin. -->","yoast_head_json":{"title":"Requisitos de dominio del idioma ingl\u00e9s - ACLU of Arizona","robots":{"index":"index","follow":"follow","max-snippet":"max-snippet:-1","max-image-preview":"max-image-preview:large","max-video-preview":"max-video-preview:-1"},"canonical":"http:\/\/www.acluaz.org\/es\/requisitos-de-dominio-del-idioma-ingles\/","og_locale":"es_ES","og_type":"article","og_title":"Requisitos de dominio del idioma ingl\u00e9s - ACLU of Arizona","og_description":"Escuelas ch\u00e1rter no deben crear barreras para la inscripci\u00f3n de los estudiantes que est\u00e1n aprendiendo ingl\u00e9s o cuyas familias hablan otro idioma en el hogar.","og_url":"https:\/\/www.acluaz.org\/es\/requisitos-de-dominio-del-idioma-ingles\/","og_site_name":"ACLU of Arizona","og_image":[{"url":"https:\/\/www.acluaz.org\/app\/themes\/aclu-parent\/img\/default_fb_share.jpg","type":"","width":"","height":""}],"twitter_card":"summary_large_image","schema":{"@context":"https:\/\/schema.org","@graph":[{"@type":"WebPage","@id":"http:\/\/www.acluaz.org\/es\/requisitos-de-dominio-del-idioma-ingles\/","url":"http:\/\/www.acluaz.org\/es\/requisitos-de-dominio-del-idioma-ingles\/","name":"Requisitos de dominio del idioma ingl\u00e9s - ACLU of Arizona","isPartOf":{"@id":"https:\/\/www.acluaz.org\/#website"},"datePublished":"2017-12-13T22:15:00+00:00","inLanguage":"es-ES","potentialAction":[{"@type":"ReadAction","target":["http:\/\/www.acluaz.org\/es\/requisitos-de-dominio-del-idioma-ingles\/"]}]},{"@type":"WebSite","@id":"https:\/\/www.acluaz.org\/#website","url":"https:\/\/www.acluaz.org\/","name":"ACLU of Arizona","description":"","publisher":{"@id":"https:\/\/www.acluaz.org\/#organization"},"potentialAction":[{"@type":"SearchAction","target":{"@type":"EntryPoint","urlTemplate":"https:\/\/www.acluaz.org\/?s={search_term_string}"},"query-input":{"@type":"PropertyValueSpecification","valueRequired":true,"valueName":"search_term_string"}}],"inLanguage":"es-ES"},{"@type":"Organization","@id":"https:\/\/www.acluaz.org\/#organization","name":"ACLU of Arizona","url":"https:\/\/www.acluaz.org\/","logo":{"@type":"ImageObject","inLanguage":"es-ES","@id":"https:\/\/www.acluaz.org\/#\/schema\/logo\/image\/","url":"https:\/\/www.acluaz.org\/app\/uploads\/2025\/09\/ACLU_Arizona_Moblie-Web_Color_RGB.png","contentUrl":"https:\/\/www.acluaz.org\/app\/uploads\/2025\/09\/ACLU_Arizona_Moblie-Web_Color_RGB.png","width":2084,"height":2084,"caption":"ACLU of Arizona"},"image":{"@id":"https:\/\/www.acluaz.org\/#\/schema\/logo\/image\/"}}]}},"distributor_meta":false,"distributor_terms":false,"distributor_media":false,"distributor_original_site_name":"ACLU of Arizona","distributor_original_site_url":"https:\/\/www.acluaz.org\/es\/","push-errors":false,"_links":{"self":[{"href":"https:\/\/www.acluaz.org\/es\/wp-json\/wp\/v2\/pages\/2149","targetHints":{"allow":["GET"]}}],"collection":[{"href":"https:\/\/www.acluaz.org\/es\/wp-json\/wp\/v2\/pages"}],"about":[{"href":"https:\/\/www.acluaz.org\/es\/wp-json\/wp\/v2\/types\/page"}],"replies":[{"embeddable":true,"href":"https:\/\/www.acluaz.org\/es\/wp-json\/wp\/v2\/comments?post=2149"}],"version-history":[{"count":0,"href":"https:\/\/www.acluaz.org\/es\/wp-json\/wp\/v2\/pages\/2149\/revisions"}],"wp:attachment":[{"href":"https:\/\/www.acluaz.org\/es\/wp-json\/wp\/v2\/media?parent=2149"}],"curies":[{"name":"wp","href":"https:\/\/api.w.org\/{rel}","templated":true}]}}