{"id":2147,"date":"2017-12-13T17:15:00","date_gmt":"2017-12-13T22:15:00","guid":{"rendered":"https:\/\/www.acluaz.org\/requisitos-de-conducta\/"},"modified":"2017-12-13T17:15:00","modified_gmt":"2017-12-13T22:15:00","slug":"requisitos-de-conducta","status":"publish","type":"page","link":"https:\/\/www.acluaz.org\/es\/requisitos-de-conducta\/","title":{"rendered":"Requisitos de conducta"},"content":{"rendered":"<p>Las escuelas ch\u00e1rter no pueden denegar la inscripci\u00f3n a estudiantes que han estado o est\u00e1n en proceso de suspensi\u00f3n o suspensi\u00f3n a largo plazo.<br \/>\n<!--more--><\/p>\n<h2>Requisitos de Conducta<\/h2>\n<div>\n<p>Las escuelas ch\u00e1rter pueden negarse a inscribir a estudiantes que han sido expulsados \u200b\u200bo que est\u00e1n en proceso de ser expulsados \u200b\u200bde otra escuela&nbsp;<a href=\"https:\/\/www.azleg.gov\/viewdocument\/?docName=https:\/\/www.azleg.gov\/ars\/15\/00184.htm\" target=\"_blank\">(A.R.S. \u00a7 15-184(I))<\/a>. Sin embargo, no pueden denegar la inscripci\u00f3n a estudiantes que han estado o est\u00e1n en proceso de suspensi\u00f3n o suspensi\u00f3n a largo plazo. Aun as\u00ed, al menos 59 escuelas ch\u00e1rter en Arizona se niegan a admitir estudiantes con suspensiones anteriores o implican que suspensiones previas podr\u00edan afectar su admisi\u00f3n.<\/p>\n<p>Algunas escuelas ch\u00e1rter incluso van m\u00e1s all\u00e1. Piden registros de disciplina, incluyendo si el estudiante ha sido arrestado o no, ha estado bajo la supervisi\u00f3n de un oficial de libertad condicional o no, ha estado involucrado en el sistema judicial juvenil o no o exhibi\u00f3 conductas agresivas o no. A menudo, las escuelas que solicitan estos registros no dejan en claro que esto no afectar\u00e1 la elegibilidad de inscripci\u00f3n del estudiante. Como resultado, pudieran suprimir la inscripci\u00f3n de algunos estudiantes y darles a entender que no son bienvenidos.<\/p>\n<p>Seg\u00fan un portavoz del Departamento de Educaci\u00f3n de Arizona, las escuelas alternativas pueden preguntar acerca del historial disciplinario o los registros del alumno durante el proceso de inscripci\u00f3n \"para asistir mejor a la escuela\". Esto se debe a que para obtener el rango alternativo de la escuela, las escuelas deben cumplir su misi\u00f3n de servir a poblaciones espec\u00edficas de estudiantes en riesgo, incluyendo a estudiantes con problemas de conducta disruptivos. Las escuelas alternativas deben ser capaces de demostrar que cumplen con el est\u00e1ndar m\u00ednimo requerido de estudiantes que pertenecen a una de varias categor\u00edas, como estudiantes que est\u00e1n embarazadas o criando hijos, estudiantes que abandonaron la escuela anteriormente y estudiantes que est\u00e1n muy rezagados con los cr\u00e9ditos escolares.<\/p>\n<p><u>Escuela Bright Beginnings (Chandler)<\/u>: \"Si su estudiante ha sido suspendido o expulsado de otra instituci\u00f3n educativa, la inscripci\u00f3n est\u00e1 prohibida por una Pol\u00edtica de la Junta\".<\/p>\n<p><u>Escuela Comunitaria Desert Sky (Tucson)<\/u>: Un estudiante que \"no cumpla con una condici\u00f3n de acci\u00f3n disciplinaria impuesta por cualquier otra escuela o distrito escolar o con una condici\u00f3n impuesta por el tribunal de menores no ser\u00e1 admitido\".<\/p>\n<p><u>Academia Freedom (Phoenix, Scottsdale)<\/u>: La escuela declara que \"no matricular\u00e1 a un estudiante que est\u00e1 suspendido de otra escuela, ni aceptaremos a un estudiante que ha tenido problemas de conducta en otra escuela y est\u00e1 en proceso de asignaci\u00f3n, o ha sido asignado a una escuela alternativa\".<\/p>\n<p><u>Imagine de Avondale (con planteles de escuelas primarias y secundarias en Avondale)<\/u>: \"Los estudiantes que han sido suspendidos a largo plazo por otra escuela o distrito deben tener una junta del padre\/tutor\/alumno con la administraci\u00f3n como parte obligatoria del proceso de admisi\u00f3n\".<\/p>\n<p><u>Learning Foundation Performing Arts (Gilbert, Mesa)<\/u>: \"Si estudiante [sic] alguna vez ha sido suspendido, expulsado o recomendado para expulsi\u00f3n o baja, entonces tanto los padres\/tutores como los estudiantes deber\u00e1n entrevistarse con el director de la escuela antes de ser considerados para la admisi\u00f3n\".<\/p>\n<p><u>Academia Leading Edge (Gilbert, Queen Creek)<\/u>: La escuela \"puede optar por no admitir estudiantes que hayan estado o est\u00e9n actualmente bajo acci\u00f3n disciplinaria o que se hayan dados de baja de una escuela en espera de tal acci\u00f3n. Si se descubre que un estudiante ha sido expulsado previamente o suspendido a largo plazo, la inscripci\u00f3n del estudiante puede ser cancelada\".<\/p>\n<p><u>Academia Tucson International (con tres planteles en Tucson)<\/u>: \"Los estudiantes que est\u00e1n suspendidos no pueden inscribirse en las escuelas de la TIA, y los estudiantes que han sido excluidos o expulsados \u200b\u200bno ser\u00e1n inscritos en las escuelas de la TIA\".<\/p>\n<p><u>Academia Paideia del Sur de Phoenix (Phoenix)<\/u>: \"Una revisi\u00f3n de los registros disciplinarios de un ni\u00f1o puede indicar que el alumno manifest\u00f3 una falta de consideraci\u00f3n continua e imprudente de otros estudiantes individuales, lo que ocasion\u00f3 numerosas suspensiones de manera continua que causaron una interferencia con una instituci\u00f3n educativa o interrupci\u00f3n de la misma. Tal registro de conducta es motivo para negarse a inscribirlo o descalificar administrativamente el registro de un estudiante\".<\/p>\n<p><u>Academia Northpoint Expeditionary Learning (Prescott)<\/u>: \"La Academia Northpoint Expeditionary Learning no recomienda que los estudiantes con problemas acad\u00e9micos o de conducta presenten una solicitud\".<\/p>\n<p><u>Academias Rose (con cinco planteles en Tucson<\/u>): Se les informa a los padres de familia que pueden solicitar una junta especial con el director si su estudiante ha sido suspendido o expulsado \"a fin de determinar la elegibilidad para la inscripci\u00f3n\".<\/p>\n<p><u>Academia Preparatoria Valley (Tempe)<\/u>: La escuela declara que antes de ser admitidos, los estudiantes deben estar \"libres de problemas disciplinarios o de conducta que puedan interrumpir el trabajo de la VPA\".<\/p>\n<p><strong>Recomendaciones<\/strong><\/p>\n<ul>\n<li>Los documentos de inscripci\u00f3n no deben solicitar informaci\u00f3n sobre suspensiones previas, registros de arrestos o historial disciplinario aparte de una expulsi\u00f3n.<\/li>\n<li>Las escuelas deben eliminar los requisitos de la entrevista, incluyendo los relacionados con la determinaci\u00f3n del historial de conducta.<\/li>\n<\/ul>\n<\/div>\n<h3><a href=\"https:\/\/www.acluaz.org\/es\/node\/1063\" target=\"_blank\">Siguente: Requisitos de Dominio del Idioma Ingl\u00e9s \u2192<\/a><\/h3>\n<h3><a href=\"https:\/\/www.acluaz.org\/es\/node\/1058\" target=\"_blank\">\u2190 Back to Table of Contents&nbsp;<\/a><\/h3>\n","protected":false},"excerpt":{"rendered":"<p>Las escuelas ch\u00e1rter no pueden denegar la inscripci\u00f3n a estudiantes que han estado o est\u00e1n en proceso de suspensi\u00f3n o suspensi\u00f3n a largo plazo.<\/p>\n","protected":false},"author":0,"featured_media":0,"parent":0,"menu_order":0,"comment_status":"closed","ping_status":"closed","template":"","meta":{"_acf_changed":false,"_relevanssi_hide_post":"","_relevanssi_hide_content":"","_relevanssi_pin_for_all":"","_relevanssi_pin_keywords":"","_relevanssi_unpin_keywords":"","_relevanssi_related_keywords":"","_relevanssi_related_include_ids":"","_relevanssi_related_exclude_ids":"","_relevanssi_related_no_append":"","_relevanssi_related_not_related":"","_relevanssi_related_posts":"","_relevanssi_noindex_reason":"","footnotes":""},"class_list":["post-2147","page","type-page","status-publish","hentry"],"acf":{"layout":"default","header-group":{"header-description":"Las escuelas ch\u00e1rter no pueden denegar la inscripci\u00f3n a estudiantes que han estado o est\u00e1n en proceso de suspensi\u00f3n o suspensi\u00f3n a largo plazo.\n","show-subnav":false,"hide-from-subnav":false},"components":[{"acf_fc_layout":"heading","heading":{"":null,"text":"Requisitos de Conducta","anchor":"","sub-heading":"","type":"h2","heading-style":"standard"}},{"acf_fc_layout":"migrated","migrated":{"migrated":"<div><p>Las escuelas ch\u00e1rter pueden negarse a inscribir a estudiantes que han sido expulsados \u200b\u200bo que est\u00e1n en proceso de ser expulsados \u200b\u200bde otra escuela\u00a0<a href=\"https:\/\/www.azleg.gov\/viewdocument\/?docName=https:\/\/www.azleg.gov\/ars\/15\/00184.htm\" target=\"_blank\">(A.R.S. \u00a7 15-184(I))<\/a>. Sin embargo, no pueden denegar la inscripci\u00f3n a estudiantes que han estado o est\u00e1n en proceso de suspensi\u00f3n o suspensi\u00f3n a largo plazo. Aun as\u00ed, al menos 59 escuelas ch\u00e1rter en Arizona se niegan a admitir estudiantes con suspensiones anteriores o implican que suspensiones previas podr\u00edan afectar su admisi\u00f3n.<\/p><p>Algunas escuelas ch\u00e1rter incluso van m\u00e1s all\u00e1. Piden registros de disciplina, incluyendo si el estudiante ha sido arrestado o no, ha estado bajo la supervisi\u00f3n de un oficial de libertad condicional o no, ha estado involucrado en el sistema judicial juvenil o no o exhibi\u00f3 conductas agresivas o no. A menudo, las escuelas que solicitan estos registros no dejan en claro que esto no afectar\u00e1 la elegibilidad de inscripci\u00f3n del estudiante. Como resultado, pudieran suprimir la inscripci\u00f3n de algunos estudiantes y darles a entender que no son bienvenidos.<\/p><p>Seg\u00fan un portavoz del Departamento de Educaci\u00f3n de Arizona, las escuelas alternativas pueden preguntar acerca del historial disciplinario o los registros del alumno durante el proceso de inscripci\u00f3n \"para asistir mejor a la escuela\". Esto se debe a que para obtener el rango alternativo de la escuela, las escuelas deben cumplir su misi\u00f3n de servir a poblaciones espec\u00edficas de estudiantes en riesgo, incluyendo a estudiantes con problemas de conducta disruptivos. Las escuelas alternativas deben ser capaces de demostrar que cumplen con el est\u00e1ndar m\u00ednimo requerido de estudiantes que pertenecen a una de varias categor\u00edas, como estudiantes que est\u00e1n embarazadas o criando hijos, estudiantes que abandonaron la escuela anteriormente y estudiantes que est\u00e1n muy rezagados con los cr\u00e9ditos escolares.<\/p><p><u>Escuela Bright Beginnings (Chandler)<\/u>: \"Si su estudiante ha sido suspendido o expulsado de otra instituci\u00f3n educativa, la inscripci\u00f3n est\u00e1 prohibida por una Pol\u00edtica de la Junta\".<\/p><p><u>Escuela Comunitaria Desert Sky (Tucson)<\/u>: Un estudiante que \"no cumpla con una condici\u00f3n de acci\u00f3n disciplinaria impuesta por cualquier otra escuela o distrito escolar o con una condici\u00f3n impuesta por el tribunal de menores no ser\u00e1 admitido\".<\/p><p><u>Academia Freedom (Phoenix, Scottsdale)<\/u>: La escuela declara que \"no matricular\u00e1 a un estudiante que est\u00e1 suspendido de otra escuela, ni aceptaremos a un estudiante que ha tenido problemas de conducta en otra escuela y est\u00e1 en proceso de asignaci\u00f3n, o ha sido asignado a una escuela alternativa\".<\/p><p><u>Imagine de Avondale (con planteles de escuelas primarias y secundarias en Avondale)<\/u>: \"Los estudiantes que han sido suspendidos a largo plazo por otra escuela o distrito deben tener una junta del padre\/tutor\/alumno con la administraci\u00f3n como parte obligatoria del proceso de admisi\u00f3n\".<\/p><p><u>Learning Foundation Performing Arts (Gilbert, Mesa)<\/u>: \"Si estudiante [sic] alguna vez ha sido suspendido, expulsado o recomendado para expulsi\u00f3n o baja, entonces tanto los padres\/tutores como los estudiantes deber\u00e1n entrevistarse con el director de la escuela antes de ser considerados para la admisi\u00f3n\".<\/p><p><u>Academia Leading Edge (Gilbert, Queen Creek)<\/u>: La escuela \"puede optar por no admitir estudiantes que hayan estado o est\u00e9n actualmente bajo acci\u00f3n disciplinaria o que se hayan dados de baja de una escuela en espera de tal acci\u00f3n. Si se descubre que un estudiante ha sido expulsado previamente o suspendido a largo plazo, la inscripci\u00f3n del estudiante puede ser cancelada\".<\/p><p><u>Academia Tucson International (con tres planteles en Tucson)<\/u>: \"Los estudiantes que est\u00e1n suspendidos no pueden inscribirse en las escuelas de la TIA, y los estudiantes que han sido excluidos o expulsados \u200b\u200bno ser\u00e1n inscritos en las escuelas de la TIA\".<\/p><p><u>Academia Paideia del Sur de Phoenix (Phoenix)<\/u>: \"Una revisi\u00f3n de los registros disciplinarios de un ni\u00f1o puede indicar que el alumno manifest\u00f3 una falta de consideraci\u00f3n continua e imprudente de otros estudiantes individuales, lo que ocasion\u00f3 numerosas suspensiones de manera continua que causaron una interferencia con una instituci\u00f3n educativa o interrupci\u00f3n de la misma. Tal registro de conducta es motivo para negarse a inscribirlo o descalificar administrativamente el registro de un estudiante\".<\/p><p><u>Academia Northpoint Expeditionary Learning (Prescott)<\/u>: \"La Academia Northpoint Expeditionary Learning no recomienda que los estudiantes con problemas acad\u00e9micos o de conducta presenten una solicitud\".<\/p><p><u>Academias Rose (con cinco planteles en Tucson<\/u>): Se les informa a los padres de familia que pueden solicitar una junta especial con el director si su estudiante ha sido suspendido o expulsado \"a fin de determinar la elegibilidad para la inscripci\u00f3n\".<\/p><p><u>Academia Preparatoria Valley (Tempe)<\/u>: La escuela declara que antes de ser admitidos, los estudiantes deben estar \"libres de problemas disciplinarios o de conducta que puedan interrumpir el trabajo de la VPA\".<\/p><p><strong>Recomendaciones<\/strong><\/p><ul><li>Los documentos de inscripci\u00f3n no deben solicitar informaci\u00f3n sobre suspensiones previas, registros de arrestos o historial disciplinario aparte de una expulsi\u00f3n.<\/li><li>Las escuelas deben eliminar los requisitos de la entrevista, incluyendo los relacionados con la determinaci\u00f3n del historial de conducta.<\/li><\/ul><\/div>"}},{"acf_fc_layout":"heading","heading":{"":null,"text":"Siguente: Requisitos de Dominio del Idioma Ingl\u00e9s \u2192","anchor":"","sub-heading":"<a href=\"https:\/\/www.acluaz.org\/es\/node\/1063\" target=\"_blank\">View<\/a>","type":"h3","heading-style":"standard"}},{"acf_fc_layout":"heading","heading":{"":null,"text":"\u2190 Back to Table of Contents\u00a0","anchor":"","sub-heading":"<a href=\"https:\/\/www.acluaz.org\/es\/node\/1058\" target=\"_blank\">View<\/a>","type":"h3","heading-style":"standard"}}],"section":null,"issues":null,"related_content":[],"documents":null},"yoast_head":"<!-- This site is optimized with the Yoast SEO plugin v24.9 - https:\/\/yoast.com\/wordpress\/plugins\/seo\/ -->\n<title>Requisitos de conducta - ACLU of Arizona<\/title>\n<meta name=\"robots\" content=\"index, follow, max-snippet:-1, max-image-preview:large, max-video-preview:-1\" \/>\n<link rel=\"canonical\" href=\"https:\/\/www.acluaz.org\/es\/requisitos-de-conducta\/\" \/>\n<meta property=\"og:locale\" content=\"es_ES\" \/>\n<meta property=\"og:type\" content=\"article\" \/>\n<meta property=\"og:title\" content=\"Requisitos de conducta - ACLU of Arizona\" \/>\n<meta property=\"og:description\" content=\"Las escuelas ch\u00e1rter no pueden denegar la inscripci\u00f3n a estudiantes que han estado o est\u00e1n en proceso de suspensi\u00f3n o suspensi\u00f3n a largo plazo.\" \/>\n<meta property=\"og:url\" content=\"https:\/\/www.acluaz.org\/es\/requisitos-de-conducta\/\" \/>\n<meta property=\"og:site_name\" content=\"ACLU of Arizona\" \/>\n<meta property=\"og:image\" content=\"https:\/\/www.acluaz.org\/app\/themes\/aclu-parent\/img\/default_fb_share.jpg\" \/>\n<meta name=\"twitter:card\" content=\"summary_large_image\" \/>\n<script type=\"application\/ld+json\" class=\"yoast-schema-graph\">{\"@context\":\"https:\/\/schema.org\",\"@graph\":[{\"@type\":\"WebPage\",\"@id\":\"https:\/\/www.acluaz.org\/es\/requisitos-de-conducta\/\",\"url\":\"https:\/\/www.acluaz.org\/es\/requisitos-de-conducta\/\",\"name\":\"Requisitos de conducta - ACLU of Arizona\",\"isPartOf\":{\"@id\":\"https:\/\/www.acluaz.org\/#website\"},\"datePublished\":\"2017-12-13T22:15:00+00:00\",\"inLanguage\":\"es-ES\",\"potentialAction\":[{\"@type\":\"ReadAction\",\"target\":[\"https:\/\/www.acluaz.org\/es\/requisitos-de-conducta\/\"]}]},{\"@type\":\"WebSite\",\"@id\":\"https:\/\/www.acluaz.org\/#website\",\"url\":\"https:\/\/www.acluaz.org\/\",\"name\":\"ACLU of Arizona\",\"description\":\"\",\"publisher\":{\"@id\":\"https:\/\/www.acluaz.org\/#organization\"},\"potentialAction\":[{\"@type\":\"SearchAction\",\"target\":{\"@type\":\"EntryPoint\",\"urlTemplate\":\"https:\/\/www.acluaz.org\/?s={search_term_string}\"},\"query-input\":{\"@type\":\"PropertyValueSpecification\",\"valueRequired\":true,\"valueName\":\"search_term_string\"}}],\"inLanguage\":\"es-ES\"},{\"@type\":\"Organization\",\"@id\":\"https:\/\/www.acluaz.org\/#organization\",\"name\":\"ACLU of Arizona\",\"url\":\"https:\/\/www.acluaz.org\/\",\"logo\":{\"@type\":\"ImageObject\",\"inLanguage\":\"es-ES\",\"@id\":\"https:\/\/www.acluaz.org\/#\/schema\/logo\/image\/\",\"url\":\"https:\/\/www.acluaz.org\/app\/uploads\/2025\/09\/ACLU_Arizona_Moblie-Web_Color_RGB.png\",\"contentUrl\":\"https:\/\/www.acluaz.org\/app\/uploads\/2025\/09\/ACLU_Arizona_Moblie-Web_Color_RGB.png\",\"width\":2084,\"height\":2084,\"caption\":\"ACLU of Arizona\"},\"image\":{\"@id\":\"https:\/\/www.acluaz.org\/#\/schema\/logo\/image\/\"}}]}<\/script>\n<!-- \/ Yoast SEO plugin. -->","yoast_head_json":{"title":"Requisitos de conducta - ACLU of Arizona","robots":{"index":"index","follow":"follow","max-snippet":"max-snippet:-1","max-image-preview":"max-image-preview:large","max-video-preview":"max-video-preview:-1"},"canonical":"https:\/\/www.acluaz.org\/es\/requisitos-de-conducta\/","og_locale":"es_ES","og_type":"article","og_title":"Requisitos de conducta - ACLU of Arizona","og_description":"Las escuelas ch\u00e1rter no pueden denegar la inscripci\u00f3n a estudiantes que han estado o est\u00e1n en proceso de suspensi\u00f3n o suspensi\u00f3n a largo plazo.","og_url":"https:\/\/www.acluaz.org\/es\/requisitos-de-conducta\/","og_site_name":"ACLU of Arizona","og_image":[{"url":"https:\/\/www.acluaz.org\/app\/themes\/aclu-parent\/img\/default_fb_share.jpg","type":"","width":"","height":""}],"twitter_card":"summary_large_image","schema":{"@context":"https:\/\/schema.org","@graph":[{"@type":"WebPage","@id":"https:\/\/www.acluaz.org\/es\/requisitos-de-conducta\/","url":"https:\/\/www.acluaz.org\/es\/requisitos-de-conducta\/","name":"Requisitos de conducta - ACLU of Arizona","isPartOf":{"@id":"https:\/\/www.acluaz.org\/#website"},"datePublished":"2017-12-13T22:15:00+00:00","inLanguage":"es-ES","potentialAction":[{"@type":"ReadAction","target":["https:\/\/www.acluaz.org\/es\/requisitos-de-conducta\/"]}]},{"@type":"WebSite","@id":"https:\/\/www.acluaz.org\/#website","url":"https:\/\/www.acluaz.org\/","name":"ACLU of Arizona","description":"","publisher":{"@id":"https:\/\/www.acluaz.org\/#organization"},"potentialAction":[{"@type":"SearchAction","target":{"@type":"EntryPoint","urlTemplate":"https:\/\/www.acluaz.org\/?s={search_term_string}"},"query-input":{"@type":"PropertyValueSpecification","valueRequired":true,"valueName":"search_term_string"}}],"inLanguage":"es-ES"},{"@type":"Organization","@id":"https:\/\/www.acluaz.org\/#organization","name":"ACLU of Arizona","url":"https:\/\/www.acluaz.org\/","logo":{"@type":"ImageObject","inLanguage":"es-ES","@id":"https:\/\/www.acluaz.org\/#\/schema\/logo\/image\/","url":"https:\/\/www.acluaz.org\/app\/uploads\/2025\/09\/ACLU_Arizona_Moblie-Web_Color_RGB.png","contentUrl":"https:\/\/www.acluaz.org\/app\/uploads\/2025\/09\/ACLU_Arizona_Moblie-Web_Color_RGB.png","width":2084,"height":2084,"caption":"ACLU of Arizona"},"image":{"@id":"https:\/\/www.acluaz.org\/#\/schema\/logo\/image\/"}}]}},"distributor_meta":false,"distributor_terms":false,"distributor_media":false,"distributor_original_site_name":"ACLU of Arizona","distributor_original_site_url":"https:\/\/www.acluaz.org\/es\/","push-errors":false,"_links":{"self":[{"href":"https:\/\/www.acluaz.org\/es\/wp-json\/wp\/v2\/pages\/2147","targetHints":{"allow":["GET"]}}],"collection":[{"href":"https:\/\/www.acluaz.org\/es\/wp-json\/wp\/v2\/pages"}],"about":[{"href":"https:\/\/www.acluaz.org\/es\/wp-json\/wp\/v2\/types\/page"}],"replies":[{"embeddable":true,"href":"https:\/\/www.acluaz.org\/es\/wp-json\/wp\/v2\/comments?post=2147"}],"version-history":[{"count":0,"href":"https:\/\/www.acluaz.org\/es\/wp-json\/wp\/v2\/pages\/2147\/revisions"}],"wp:attachment":[{"href":"https:\/\/www.acluaz.org\/es\/wp-json\/wp\/v2\/media?parent=2147"}],"curies":[{"name":"wp","href":"https:\/\/api.w.org\/{rel}","templated":true}]}}