{"id":2145,"date":"2017-12-13T17:15:00","date_gmt":"2017-12-13T22:15:00","guid":{"rendered":"https:\/\/www.acluaz.org\/requisitos-para-educacion-especial-y-discapacidad\/"},"modified":"2017-12-13T17:15:00","modified_gmt":"2017-12-13T22:15:00","slug":"requisitos-para-educacion-especial-y-discapacidad","status":"publish","type":"page","link":"https:\/\/www.acluaz.org\/es\/requisitos-para-educacion-especial-y-discapacidad\/","title":{"rendered":"Requisitos para educaci\u00f3n especial y discapacidad"},"content":{"rendered":"<p>Las escuelas ch\u00e1rter en Arizona no pueden limitar el n\u00famero de estudiantes de educaci\u00f3n especial que inscriben o rechazar alumnos con discapacidades o necesidades especiales por no ofrecer programas de educaci\u00f3n especial o adaptaciones.<br \/>\n<!--more--><\/p>\n<h2>Requisitos para Educaci\u00f3n Especial y Discapacidad<\/h2>\n<div>\n<p>Las escuelas ch\u00e1rter en Arizona \"pueden limitar la admisi\u00f3n a alumnos de un determinado grupo de edad o nivel de grado\"&nbsp;y \"pueden proporcionar instrucci\u00f3n a alumnos de un solo g\u00e9nero\"&nbsp;<a href=\"https:\/\/www.azleg.gov\/viewdocument\/?docName=https:\/\/www.azleg.gov\/ars\/15\/00184.htm\" target=\"_blank\">(A.R.S. \u00a7 15-184(G)(H))<\/a>. Pero no pueden limitar el n\u00famero de estudiantes de educaci\u00f3n especial que inscriben o rechazar alumnos con discapacidades o necesidades especiales por no ofrecer programas de educaci\u00f3n especial o adaptaciones.<\/p>\n<p>La ley federal deja en claro que las escuelas ch\u00e1rter deben proporcionar a los estudiantes con discapacidades f\u00edsicas o de aprendizaje \"una educaci\u00f3n p\u00fablica gratuita y apropiada que enfatice la educaci\u00f3n especial y servicios relacionados dise\u00f1ados para satisfacer sus necesidades \u00fanicas...\"&nbsp;<a href=\"http:\/\/idea.ed.gov\/download\/statute.html\" target=\"_blank\">(20 U.S.C. \u00a7 1400(d)(1)(A))<\/a>. En Arizona, tambi\u00e9n hay una ley estatal que exige a las escuelas ch\u00e1rter y de distrito \"desarrollar pol\u00edticas y procedimientos para proporcionar educaci\u00f3n especial a todos los ni\u00f1os con discapacidades dentro del distrito o escuela ch\u00e1rter\"&nbsp;<a href=\"https:\/\/www.azleg.gov\/viewdocument\/?docName=https:\/\/www.azleg.gov\/ars\/15\/00763.htm\" target=\"_blank\">(A.R.S. \u00a7 15-763(A))<\/a>.&nbsp;<\/p>\n<p>Adem\u00e1s, las escuelas ch\u00e1rter generalmente no pueden preguntar durante el proceso de inscripci\u00f3n si un posible estudiante tiene una discapacidad de aprendizaje o f\u00edsica. Tampoco pueden preguntar si un estudiante tiene un Programa de Educaci\u00f3n Individualizado (IEP por sus siglas en ingl\u00e9s) o un plan de Secci\u00f3n 504, los cuales especifican las necesidades de aprendizaje de un estudiante y los servicios o adaptaciones que la escuela proporcionar\u00e1. Se pueden hacer estas preguntas, pero s\u00f3lo despu\u00e9s de la inscripci\u00f3n para que las escuelas no den la impresi\u00f3n de que el IEP o el plan 504 se utilizar\u00e1n para determinar las posibilidades de inscripci\u00f3n del estudiante. Una excepci\u00f3n a esta regla surge si una escuela es \"contratada para servir a estudiantes con una discapacidad espec\u00edfica,\" como la Escuela Ch\u00e1rter de Autismo de Arizona, que se enfoca en las necesidades educativas de los ni\u00f1os con autismo&nbsp;<a href=\"https:\/\/sites.ed.gov\/idea\/files\/dcl-factsheet-201612-504-charter-school.pdf\" target=\"_blank\">(Know Your Rights: Students with Disabilities in Charter Schools, U.S. Department of Education Office\u2019s for Civil Rights (2016))<\/a>.&nbsp;En casos como este, las escuelas pueden preguntar acerca de las discapacidades durante el proceso de inscripci\u00f3n y enfocarse en educar a los estudiantes con una discapacidad en particular, pero deben permanecer abiertas a todos los estudiantes.<\/p>\n<p>A pesar de esto, cerca de la mitad de las escuelas ch\u00e1rter que analizamos en Arizona preguntan durante el proceso de inscripci\u00f3n si un estudiante tiene una discapacidad y si necesita servicios de educaci\u00f3n especial. S\u00f3lo unas cuantas dejan en claro que es para continuar proveyendo los servicios. Al menos seis escuelas ch\u00e1rter tambi\u00e9n asignan un l\u00edmite de inscripci\u00f3n en el n\u00famero de estudiantes con necesidades educativas especiales, lo cual viola de m\u00faltiples maneras la Ley Federal de Educaci\u00f3n para Individuos con Discapacidades, as\u00ed como un estatuto de Arizona que establece que una escuela ch\u00e1rter no limitar\u00e1 la admisi\u00f3n con base a la discapacidad del estudiante&nbsp;<a href=\"https:\/\/www.azleg.gov\/viewdocument\/?docName=https:\/\/www.azleg.gov\/ars\/15\/00184.htm\" target=\"_blank\">(A.R.S. \u00a7 15-184(F))<\/a>. Adem\u00e1s, algunas escuelas han tratado de convencer a los padres durante el proceso de inscripci\u00f3n de que la escuela no es adecuada para sus hijos con discapacidades o necesidades especiales, un procedimiento problem\u00e1tico y potencialmente ilegal que a menudo se denomina \"asesoramiento psicol\u00f3gico\".<\/p>\n<p><u>La Escuela Rising (Tucson)<\/u>: El departamento de recursos y educaci\u00f3n especial de la escuela \"est\u00e1 actualmente lleno, seg\u00fan las pautas establecidas por el Departamento de Educaci\u00f3n de Arizona. Por lo tanto, cualquier estudiante con un IEP se incluir\u00e1 en nuestra lista de espera\". Un vocero del Departamento de Educaci\u00f3n de Arizona dijo que la agencia no tiene tales pautas. Agreg\u00f3 que la pol\u00edtica de la escuela no s\u00f3lo no es \u00e9tica, sino que tambi\u00e9n entra en conflicto con las leyes estatales y federales.<\/p>\n<p><u>Academia AmeriSchools (Phoenix, Tucson, Yuma)<\/u>: \"Las plazas de educaci\u00f3n especial est\u00e1n limitadas a un cupo de diez (10) estudiantes para cada escuela. Los estudiantes que excedan este n\u00famero ser\u00e1n incluyendo en la lista de espera con registro provisional\". Seg\u00fan el manual de la escuela, la junta directiva es la entidad que aprueba las pautas de cupo para la admisi\u00f3n.<\/p>\n<p><u>Academia Children First Leadership (Phoenix)<\/u>: \"Si su hijo recibe educaci\u00f3n especial, aseg\u00farese de tener el IEP m\u00e1s reciente y MET con usted. Todos los documentos deben ser revisados \u200b\u200bpor el departamento de educaci\u00f3n especial (SPED) antes de que se tome la decisi\u00f3n final para la inscripci\u00f3n\".<\/p>\n<p><u>Sequoia Pathfinder Eastmark (Mesa)<\/u>: \"Si su hijo tiene un IEP o Plan 504, deber\u00e1 enviar documentos de educaci\u00f3n especial a nuestro departamento de educaci\u00f3n especial (SPED) antes de la inscripci\u00f3n... Se pondr\u00e1n en contacto con usted para analizar las necesidades de su hijo antes de la inscripci\u00f3n. Desafortunadamente, no podemos aceptar la documentaci\u00f3n de inscripci\u00f3n hasta que el departamento de educaci\u00f3n (SPED) especial haya revisado la documentaci\u00f3n del estudiante\".<\/p>\n<div>\n<div id=\"ftn1\">\n<p><strong>Recomendaciones<\/strong><\/p>\n<ul>\n<li>Las escuelas deben dejar en claro que no hay un l\u00edmite en el n\u00famero de estudiantes con discapacidades que pueden inscribirse.<\/li>\n<li>Los documentos de inscripci\u00f3n deben dejar en claro que la escuela brindar\u00e1 servicios de educaci\u00f3n especial seg\u00fan lo exijan las leyes estatales y federales. Cada escuela que recibe fondos estatales y\/o federales debe proporcionar servicios de educaci\u00f3n especial.<\/li>\n<li>Las escuelas no pueden condicionar la inscripci\u00f3n despu\u00e9s de recibir documentos relacionados a la educaci\u00f3n especial. El tr\u00e1mite de educaci\u00f3n especial no deber\u00eda ser requerido antes de la inscripci\u00f3n.<\/li>\n<li>El tr\u00e1mite de inscripci\u00f3n debe ser accesible para los estudiantes y\/o padres con discapacidades.<\/li>\n<\/ul>\n<h3><a href=\"https:\/\/www.acluaz.org\/es\/node\/1080\" target=\"_blank\">Siguente: Quejas de padres de familia ante la Oficina de Derechos Civiles del Departamento de Educaci\u00f3n de EE.UU. \u2192<\/a><\/h3>\n<\/div>\n<\/div>\n<\/div>\n<h3><a href=\"https:\/\/www.acluaz.org\/es\/node\/1058\" target=\"_blank\">\u2190&nbsp;Regresar a Tabla de Contenidos&nbsp;<\/a><\/h3>\n","protected":false},"excerpt":{"rendered":"<p>Las escuelas ch\u00e1rter en Arizona no pueden limitar el n\u00famero de estudiantes de educaci\u00f3n especial que inscriben o rechazar alumnos con discapacidades o necesidades especiales por no ofrecer programas de educaci\u00f3n especial o adaptaciones.<\/p>\n","protected":false},"author":0,"featured_media":0,"parent":0,"menu_order":0,"comment_status":"closed","ping_status":"closed","template":"","meta":{"_acf_changed":false,"_relevanssi_hide_post":"","_relevanssi_hide_content":"","_relevanssi_pin_for_all":"","_relevanssi_pin_keywords":"","_relevanssi_unpin_keywords":"","_relevanssi_related_keywords":"","_relevanssi_related_include_ids":"","_relevanssi_related_exclude_ids":"","_relevanssi_related_no_append":"","_relevanssi_related_not_related":"","_relevanssi_related_posts":"","_relevanssi_noindex_reason":"","footnotes":""},"class_list":["post-2145","page","type-page","status-publish","hentry"],"acf":{"layout":"default","header-group":{"header-description":"Las escuelas ch\u00e1rter en Arizona no pueden limitar el n\u00famero de estudiantes de educaci\u00f3n especial que inscriben o rechazar alumnos con discapacidades o necesidades especiales por no ofrecer programas de educaci\u00f3n especial o adaptaciones.\n","show-subnav":false,"hide-from-subnav":false},"components":[{"acf_fc_layout":"heading","heading":{"":null,"text":"Requisitos para Educaci\u00f3n Especial y Discapacidad","anchor":"","sub-heading":"","type":"h2","heading-style":"standard"}},{"acf_fc_layout":"migrated","migrated":{"migrated":"<div><p>Las escuelas ch\u00e1rter en Arizona \"pueden limitar la admisi\u00f3n a alumnos de un determinado grupo de edad o nivel de grado\"\u00a0y \"pueden proporcionar instrucci\u00f3n a alumnos de un solo g\u00e9nero\"\u00a0<a href=\"https:\/\/www.azleg.gov\/viewdocument\/?docName=https:\/\/www.azleg.gov\/ars\/15\/00184.htm\" target=\"_blank\">(A.R.S. \u00a7 15-184(G)(H))<\/a>. Pero no pueden limitar el n\u00famero de estudiantes de educaci\u00f3n especial que inscriben o rechazar alumnos con discapacidades o necesidades especiales por no ofrecer programas de educaci\u00f3n especial o adaptaciones.<\/p><p>La ley federal deja en claro que las escuelas ch\u00e1rter deben proporcionar a los estudiantes con discapacidades f\u00edsicas o de aprendizaje \"una educaci\u00f3n p\u00fablica gratuita y apropiada que enfatice la educaci\u00f3n especial y servicios relacionados dise\u00f1ados para satisfacer sus necesidades \u00fanicas...\"\u00a0<a href=\"http:\/\/idea.ed.gov\/download\/statute.html\" target=\"_blank\">(20 U.S.C. \u00a7 1400(d)(1)(A))<\/a>. En Arizona, tambi\u00e9n hay una ley estatal que exige a las escuelas ch\u00e1rter y de distrito \"desarrollar pol\u00edticas y procedimientos para proporcionar educaci\u00f3n especial a todos los ni\u00f1os con discapacidades dentro del distrito o escuela ch\u00e1rter\"\u00a0<a href=\"https:\/\/www.azleg.gov\/viewdocument\/?docName=https:\/\/www.azleg.gov\/ars\/15\/00763.htm\" target=\"_blank\">(A.R.S. \u00a7 15-763(A))<\/a>.\u00a0<\/p><p>Adem\u00e1s, las escuelas ch\u00e1rter generalmente no pueden preguntar durante el proceso de inscripci\u00f3n si un posible estudiante tiene una discapacidad de aprendizaje o f\u00edsica. Tampoco pueden preguntar si un estudiante tiene un Programa de Educaci\u00f3n Individualizado (IEP por sus siglas en ingl\u00e9s) o un plan de Secci\u00f3n 504, los cuales especifican las necesidades de aprendizaje de un estudiante y los servicios o adaptaciones que la escuela proporcionar\u00e1. Se pueden hacer estas preguntas, pero s\u00f3lo despu\u00e9s de la inscripci\u00f3n para que las escuelas no den la impresi\u00f3n de que el IEP o el plan 504 se utilizar\u00e1n para determinar las posibilidades de inscripci\u00f3n del estudiante. Una excepci\u00f3n a esta regla surge si una escuela es \"contratada para servir a estudiantes con una discapacidad espec\u00edfica,\" como la Escuela Ch\u00e1rter de Autismo de Arizona, que se enfoca en las necesidades educativas de los ni\u00f1os con autismo\u00a0<a href=\"https:\/\/sites.ed.gov\/idea\/files\/dcl-factsheet-201612-504-charter-school.pdf\" target=\"_blank\">(Know Your Rights: Students with Disabilities in Charter Schools, U.S. Department of Education Office\u2019s for Civil Rights (2016))<\/a>.\u00a0En casos como este, las escuelas pueden preguntar acerca de las discapacidades durante el proceso de inscripci\u00f3n y enfocarse en educar a los estudiantes con una discapacidad en particular, pero deben permanecer abiertas a todos los estudiantes.<\/p><p>A pesar de esto, cerca de la mitad de las escuelas ch\u00e1rter que analizamos en Arizona preguntan durante el proceso de inscripci\u00f3n si un estudiante tiene una discapacidad y si necesita servicios de educaci\u00f3n especial. S\u00f3lo unas cuantas dejan en claro que es para continuar proveyendo los servicios. Al menos seis escuelas ch\u00e1rter tambi\u00e9n asignan un l\u00edmite de inscripci\u00f3n en el n\u00famero de estudiantes con necesidades educativas especiales, lo cual viola de m\u00faltiples maneras la Ley Federal de Educaci\u00f3n para Individuos con Discapacidades, as\u00ed como un estatuto de Arizona que establece que una escuela ch\u00e1rter no limitar\u00e1 la admisi\u00f3n con base a la discapacidad del estudiante\u00a0<a href=\"https:\/\/www.azleg.gov\/viewdocument\/?docName=https:\/\/www.azleg.gov\/ars\/15\/00184.htm\" target=\"_blank\">(A.R.S. \u00a7 15-184(F))<\/a>. Adem\u00e1s, algunas escuelas han tratado de convencer a los padres durante el proceso de inscripci\u00f3n de que la escuela no es adecuada para sus hijos con discapacidades o necesidades especiales, un procedimiento problem\u00e1tico y potencialmente ilegal que a menudo se denomina \"asesoramiento psicol\u00f3gico\".<\/p><p><u>La Escuela Rising (Tucson)<\/u>: El departamento de recursos y educaci\u00f3n especial de la escuela \"est\u00e1 actualmente lleno, seg\u00fan las pautas establecidas por el Departamento de Educaci\u00f3n de Arizona. Por lo tanto, cualquier estudiante con un IEP se incluir\u00e1 en nuestra lista de espera\". Un vocero del Departamento de Educaci\u00f3n de Arizona dijo que la agencia no tiene tales pautas. Agreg\u00f3 que la pol\u00edtica de la escuela no s\u00f3lo no es \u00e9tica, sino que tambi\u00e9n entra en conflicto con las leyes estatales y federales.<\/p><p><u>Academia AmeriSchools (Phoenix, Tucson, Yuma)<\/u>: \"Las plazas de educaci\u00f3n especial est\u00e1n limitadas a un cupo de diez (10) estudiantes para cada escuela. Los estudiantes que excedan este n\u00famero ser\u00e1n incluyendo en la lista de espera con registro provisional\". Seg\u00fan el manual de la escuela, la junta directiva es la entidad que aprueba las pautas de cupo para la admisi\u00f3n.<\/p><p><u>Academia Children First Leadership (Phoenix)<\/u>: \"Si su hijo recibe educaci\u00f3n especial, aseg\u00farese de tener el IEP m\u00e1s reciente y MET con usted. Todos los documentos deben ser revisados \u200b\u200bpor el departamento de educaci\u00f3n especial (SPED) antes de que se tome la decisi\u00f3n final para la inscripci\u00f3n\".<\/p><p><u>Sequoia Pathfinder Eastmark (Mesa)<\/u>: \"Si su hijo tiene un IEP o Plan 504, deber\u00e1 enviar documentos de educaci\u00f3n especial a nuestro departamento de educaci\u00f3n especial (SPED) antes de la inscripci\u00f3n... Se pondr\u00e1n en contacto con usted para analizar las necesidades de su hijo antes de la inscripci\u00f3n. Desafortunadamente, no podemos aceptar la documentaci\u00f3n de inscripci\u00f3n hasta que el departamento de educaci\u00f3n (SPED) especial haya revisado la documentaci\u00f3n del estudiante\".<\/p><div><div id=\"ftn1\"><p><strong>Recomendaciones<\/strong><\/p><ul><li>Las escuelas deben dejar en claro que no hay un l\u00edmite en el n\u00famero de estudiantes con discapacidades que pueden inscribirse.<\/li><li>Los documentos de inscripci\u00f3n deben dejar en claro que la escuela brindar\u00e1 servicios de educaci\u00f3n especial seg\u00fan lo exijan las leyes estatales y federales. Cada escuela que recibe fondos estatales y\/o federales debe proporcionar servicios de educaci\u00f3n especial.<\/li><li>Las escuelas no pueden condicionar la inscripci\u00f3n despu\u00e9s de recibir documentos relacionados a la educaci\u00f3n especial. El tr\u00e1mite de educaci\u00f3n especial no deber\u00eda ser requerido antes de la inscripci\u00f3n.<\/li><li>El tr\u00e1mite de inscripci\u00f3n debe ser accesible para los estudiantes y\/o padres con discapacidades.<\/li><\/ul><h3><a href=\"https:\/\/www.acluaz.org\/es\/node\/1080\" target=\"_blank\">Siguente: Quejas de padres de familia ante la Oficina de Derechos Civiles del Departamento de Educaci\u00f3n de EE.UU. \u2192<\/a><\/h3><\/div><\/div><\/div>"}},{"acf_fc_layout":"heading","heading":{"":null,"text":"\u2190\u00a0Regresar a Tabla de Contenidos\u00a0","anchor":"","sub-heading":"<a href=\"https:\/\/www.acluaz.org\/es\/node\/1058\" target=\"_blank\">View<\/a>","type":"h3","heading-style":"standard"}}],"section":null,"issues":null,"related_content":[],"documents":null},"yoast_head":"<!-- This site is optimized with the Yoast SEO plugin v24.9 - https:\/\/yoast.com\/wordpress\/plugins\/seo\/ -->\n<title>Requisitos para educaci\u00f3n especial y discapacidad - ACLU of Arizona<\/title>\n<meta name=\"robots\" content=\"index, follow, max-snippet:-1, max-image-preview:large, max-video-preview:-1\" \/>\n<link rel=\"canonical\" href=\"http:\/\/www.acluaz.org\/es\/requisitos-para-educacion-especial-y-discapacidad\/\" \/>\n<meta property=\"og:locale\" content=\"es_ES\" \/>\n<meta property=\"og:type\" content=\"article\" \/>\n<meta property=\"og:title\" content=\"Requisitos para educaci\u00f3n especial y discapacidad - ACLU of Arizona\" \/>\n<meta property=\"og:description\" content=\"Las escuelas ch\u00e1rter en Arizona no pueden limitar el n\u00famero de estudiantes de educaci\u00f3n especial que inscriben o rechazar alumnos con discapacidades o necesidades especiales por no ofrecer programas de educaci\u00f3n especial o adaptaciones.\" \/>\n<meta property=\"og:url\" content=\"https:\/\/www.acluaz.org\/es\/requisitos-para-educacion-especial-y-discapacidad\/\" \/>\n<meta property=\"og:site_name\" content=\"ACLU of Arizona\" \/>\n<meta property=\"og:image\" content=\"https:\/\/www.acluaz.org\/app\/themes\/aclu-parent\/img\/default_fb_share.jpg\" \/>\n<meta name=\"twitter:card\" content=\"summary_large_image\" \/>\n<script type=\"application\/ld+json\" class=\"yoast-schema-graph\">{\"@context\":\"https:\/\/schema.org\",\"@graph\":[{\"@type\":\"WebPage\",\"@id\":\"http:\/\/www.acluaz.org\/es\/requisitos-para-educacion-especial-y-discapacidad\/\",\"url\":\"http:\/\/www.acluaz.org\/es\/requisitos-para-educacion-especial-y-discapacidad\/\",\"name\":\"Requisitos para educaci\u00f3n especial y discapacidad - ACLU of Arizona\",\"isPartOf\":{\"@id\":\"https:\/\/www.acluaz.org\/#website\"},\"datePublished\":\"2017-12-13T22:15:00+00:00\",\"inLanguage\":\"es-ES\",\"potentialAction\":[{\"@type\":\"ReadAction\",\"target\":[\"http:\/\/www.acluaz.org\/es\/requisitos-para-educacion-especial-y-discapacidad\/\"]}]},{\"@type\":\"WebSite\",\"@id\":\"https:\/\/www.acluaz.org\/#website\",\"url\":\"https:\/\/www.acluaz.org\/\",\"name\":\"ACLU of Arizona\",\"description\":\"\",\"publisher\":{\"@id\":\"https:\/\/www.acluaz.org\/#organization\"},\"potentialAction\":[{\"@type\":\"SearchAction\",\"target\":{\"@type\":\"EntryPoint\",\"urlTemplate\":\"https:\/\/www.acluaz.org\/?s={search_term_string}\"},\"query-input\":{\"@type\":\"PropertyValueSpecification\",\"valueRequired\":true,\"valueName\":\"search_term_string\"}}],\"inLanguage\":\"es-ES\"},{\"@type\":\"Organization\",\"@id\":\"https:\/\/www.acluaz.org\/#organization\",\"name\":\"ACLU of Arizona\",\"url\":\"https:\/\/www.acluaz.org\/\",\"logo\":{\"@type\":\"ImageObject\",\"inLanguage\":\"es-ES\",\"@id\":\"https:\/\/www.acluaz.org\/#\/schema\/logo\/image\/\",\"url\":\"https:\/\/www.acluaz.org\/app\/uploads\/2025\/09\/ACLU_Arizona_Moblie-Web_Color_RGB.png\",\"contentUrl\":\"https:\/\/www.acluaz.org\/app\/uploads\/2025\/09\/ACLU_Arizona_Moblie-Web_Color_RGB.png\",\"width\":2084,\"height\":2084,\"caption\":\"ACLU of Arizona\"},\"image\":{\"@id\":\"https:\/\/www.acluaz.org\/#\/schema\/logo\/image\/\"}}]}<\/script>\n<!-- \/ Yoast SEO plugin. -->","yoast_head_json":{"title":"Requisitos para educaci\u00f3n especial y discapacidad - ACLU of Arizona","robots":{"index":"index","follow":"follow","max-snippet":"max-snippet:-1","max-image-preview":"max-image-preview:large","max-video-preview":"max-video-preview:-1"},"canonical":"http:\/\/www.acluaz.org\/es\/requisitos-para-educacion-especial-y-discapacidad\/","og_locale":"es_ES","og_type":"article","og_title":"Requisitos para educaci\u00f3n especial y discapacidad - ACLU of Arizona","og_description":"Las escuelas ch\u00e1rter en Arizona no pueden limitar el n\u00famero de estudiantes de educaci\u00f3n especial que inscriben o rechazar alumnos con discapacidades o necesidades especiales por no ofrecer programas de educaci\u00f3n especial o adaptaciones.","og_url":"https:\/\/www.acluaz.org\/es\/requisitos-para-educacion-especial-y-discapacidad\/","og_site_name":"ACLU of Arizona","og_image":[{"url":"https:\/\/www.acluaz.org\/app\/themes\/aclu-parent\/img\/default_fb_share.jpg","type":"","width":"","height":""}],"twitter_card":"summary_large_image","schema":{"@context":"https:\/\/schema.org","@graph":[{"@type":"WebPage","@id":"http:\/\/www.acluaz.org\/es\/requisitos-para-educacion-especial-y-discapacidad\/","url":"http:\/\/www.acluaz.org\/es\/requisitos-para-educacion-especial-y-discapacidad\/","name":"Requisitos para educaci\u00f3n especial y discapacidad - ACLU of Arizona","isPartOf":{"@id":"https:\/\/www.acluaz.org\/#website"},"datePublished":"2017-12-13T22:15:00+00:00","inLanguage":"es-ES","potentialAction":[{"@type":"ReadAction","target":["http:\/\/www.acluaz.org\/es\/requisitos-para-educacion-especial-y-discapacidad\/"]}]},{"@type":"WebSite","@id":"https:\/\/www.acluaz.org\/#website","url":"https:\/\/www.acluaz.org\/","name":"ACLU of Arizona","description":"","publisher":{"@id":"https:\/\/www.acluaz.org\/#organization"},"potentialAction":[{"@type":"SearchAction","target":{"@type":"EntryPoint","urlTemplate":"https:\/\/www.acluaz.org\/?s={search_term_string}"},"query-input":{"@type":"PropertyValueSpecification","valueRequired":true,"valueName":"search_term_string"}}],"inLanguage":"es-ES"},{"@type":"Organization","@id":"https:\/\/www.acluaz.org\/#organization","name":"ACLU of Arizona","url":"https:\/\/www.acluaz.org\/","logo":{"@type":"ImageObject","inLanguage":"es-ES","@id":"https:\/\/www.acluaz.org\/#\/schema\/logo\/image\/","url":"https:\/\/www.acluaz.org\/app\/uploads\/2025\/09\/ACLU_Arizona_Moblie-Web_Color_RGB.png","contentUrl":"https:\/\/www.acluaz.org\/app\/uploads\/2025\/09\/ACLU_Arizona_Moblie-Web_Color_RGB.png","width":2084,"height":2084,"caption":"ACLU of Arizona"},"image":{"@id":"https:\/\/www.acluaz.org\/#\/schema\/logo\/image\/"}}]}},"distributor_meta":false,"distributor_terms":false,"distributor_media":false,"distributor_original_site_name":"ACLU of Arizona","distributor_original_site_url":"https:\/\/www.acluaz.org\/es\/","push-errors":false,"_links":{"self":[{"href":"https:\/\/www.acluaz.org\/es\/wp-json\/wp\/v2\/pages\/2145","targetHints":{"allow":["GET"]}}],"collection":[{"href":"https:\/\/www.acluaz.org\/es\/wp-json\/wp\/v2\/pages"}],"about":[{"href":"https:\/\/www.acluaz.org\/es\/wp-json\/wp\/v2\/types\/page"}],"replies":[{"embeddable":true,"href":"https:\/\/www.acluaz.org\/es\/wp-json\/wp\/v2\/comments?post=2145"}],"version-history":[{"count":0,"href":"https:\/\/www.acluaz.org\/es\/wp-json\/wp\/v2\/pages\/2145\/revisions"}],"wp:attachment":[{"href":"https:\/\/www.acluaz.org\/es\/wp-json\/wp\/v2\/media?parent=2145"}],"curies":[{"name":"wp","href":"https:\/\/api.w.org\/{rel}","templated":true}]}}