{"id":2143,"date":"2017-12-13T17:00:00","date_gmt":"2017-12-13T22:00:00","guid":{"rendered":"https:\/\/www.acluaz.org\/requisitos-academicos\/"},"modified":"2017-12-13T17:00:00","modified_gmt":"2017-12-13T22:00:00","slug":"requisitos-academicos","status":"publish","type":"page","link":"https:\/\/www.acluaz.org\/es\/requisitos-academicos\/","title":{"rendered":"Requisitos Acad\u00e9micos"},"content":{"rendered":"<p>Las escuelas ch\u00e1rter de arizona no pueden otorgar preferencias de inscripci\u00f3n a los estudiantes en funci\u00f3n de su rendimiento acad\u00e9mico.<br \/>\n<!--more--><\/p>\n<h2>Requisitos Acad\u00e9micos<\/h2>\n<div>\n<p>La ley de arizona solo permite unas cuantas excepciones a la regla general de que las escuelas ch\u00e1rter deben estar abiertas a todos los estudiantes. Las escuelas ch\u00e1rter pueden dar preferencia de inscripci\u00f3n a los estudiantes que regresan y a los hermanos de los estudiantes que ya asisten a la escuela&nbsp;<a href=\"https:\/\/www.azleg.gov\/viewdocument\/?docName=https:\/\/www.azleg.gov\/ars\/15\/00184.htm\" target=\"_blank\">(A.R.S. \u00a7 15-184(B))<\/a>. Adem\u00e1s, las escuelas ch\u00e1rter pueden otorgar preferencia de inscripci\u00f3n a los hijos de los empleados de la escuela, los empleados del propietario de la escuela ch\u00e1rter y los miembros de la junta directiva&nbsp;<a href=\"https:\/\/www.azleg.gov\/viewdocument\/?docName=https:\/\/www.azleg.gov\/ars\/15\/00184.htm\" target=\"_blank\">(A.R.S. \u00a7 15-184(D)(1))<\/a>.&nbsp;<\/p>\n<p>Sin embargo, las escuelas ch\u00e1rter de arizona no pueden otorgar preferencias de inscripci\u00f3n a los estudiantes en funci\u00f3n de su rendimiento acad\u00e9mico. Esto significa que las escuelas no pueden optar por inscribir a los estudiantes con calificaciones o promedio de calificaciones de los ex\u00e1menes m\u00e1s altos por encima de los estudiantes que tienen dificultades acad\u00e9micas. Las escuelas ch\u00e1rter en arizona tampoco pueden denegar la inscripci\u00f3n a estudiantes que no cumplan con ciertos est\u00e1ndares acad\u00e9micos, como un promedio m\u00ednimo de calificaciones o un promedio de calificaci\u00f3n m\u00ednimo en un examen estandarizado.<\/p>\n<p>La mayor\u00eda de las escuelas ch\u00e1rter en Arizona parecen aceptar a todos los estudiantes, independientemente de sus logros acad\u00e9micos. Lo que es preocupante es que cerca de la mitad de las escuelas ch\u00e1rter que analizamos solicitan registros acad\u00e9micos como parte del proceso de inscripci\u00f3n sin dejar en claro que esos registros s\u00f3lo se utilizar\u00e1n para la asignaci\u00f3n posterior a la inscripci\u00f3n, como determinar qu\u00e9 nivel de matem\u00e1ticas, lectura o escritura son apropiados para un estudiante. Los documentos que detallan el progreso acad\u00e9mico deben solicitarse durante el proceso de registro, despu\u00e9s de que el estudiante haya sido inscrito, para garantizar que los documentos no se utilizar\u00e1n para determinar las posibilidades de inscripci\u00f3n del estudiante.<\/p>\n<p>A\u00fan m\u00e1s preocupante es el hecho de que al menos 19 escuelas ch\u00e1rter de arizona tienen pol\u00edticas o terminolog\u00eda en sus documentos de inscripci\u00f3n que pueden prevenir o desalentar la inscripci\u00f3n de estudiantes de bajo rendimiento acad\u00e9mico:<\/p>\n<p><u>Academia Comunitaria del Sur de Arizona (Tucson):<\/u> \"Entiendo que me pondr\u00e1n en per\u00edodo de prueba durante las primeras dos semanas despu\u00e9s de mi sesi\u00f3n de orientaci\u00f3n. Al final del per\u00edodo de prueba, se evaluar\u00e1 la asistencia y el progreso acad\u00e9mico. La aceptaci\u00f3n final en la academia se determinar\u00e1 en ese momento. Entiendo que la inscripci\u00f3n continua en la academia se evaluar\u00e1 todas las semanas a partir de ese momento.\"<\/p>\n<p><u>Escuelas BASIS (con planteles en todo Arizona):<\/u> los cursos tomados durante los grados kinder-8 en otras escuelas se tratan como cr\u00e9ditos optativos. para obtener el cr\u00e9dito del curso b\u00e1sico, los estudiantes deben obtener la aprobaci\u00f3n del director de asuntos estudiantiles y, en algunos casos, aprobar un examen.<\/p>\n<p><u>Instituto Metropolitano de Artes (Phoenix):<\/u> \"Debido a limitaciones de horarios y altos n\u00fameros de admisiones, metro generalmente no puede asignar a los estudiantes en cursos por debajo de los apropiados para el grado escolar correcto de su grupo de edad. Tenga en cuenta que, por lo general, no podemos crear un horario de clases para los estudiantes que han reprobado las clases acad\u00e9micas b\u00e1sicas y, por lo tanto, no forman parte de su a\u00f1o escolar de su grupo de edad.\"<\/p>\n<p><u>Academia Nosotros (Tucson):<\/u>&nbsp;En la parte inferior del formulario de inscripci\u00f3n de la escuela, un recuadro con la etiqueta \"para uso oficial\" pregunta si el estudiante que solicita la inscripci\u00f3n tiene un historial documentado de problemas de conducta disruptiva, ha abandonado la escuela o tiene una posici\u00f3n acad\u00e9mica deficiente. Esto podr\u00eda dar a los padres y posibles alumnos la impresi\u00f3n de que estos factores podr\u00edan ser considerados al determinar la inscripci\u00f3n.<\/p>\n<p><u>Escuela Secundaria Ch\u00e1rter Youthworks (Tucson):<\/u> \u201cLos estudiantes que regresan y que previamente asistieron a una escuela dentro de la misma red de escuelas \"deben mostrar la verificaci\u00f3n de un semestre exitoso en otra escuela. El semestre exitoso requiere que el alumno reciba calificaciones aprobatorias en todos los cursos programados de su \u00faltimo semestre.\"<\/p>\n<p><u>Secundaria Salt River (Scottsdale)<\/u>: \"Los estudiantes que se transfieren de otra escuela a la Secundaria Salt River despu\u00e9s de los primeros 10 d\u00edas de la escuela, deben mostrar buen conducta acad\u00e9mica y cumplir con los est\u00e1ndares de asistencia de la SRHS para inscribirse.\"<\/p>\n<p>Recomendaciones<\/p>\n<ul>\n<li>Cuando las escuelas piden registros acad\u00e9micos, deben tener claro que es para la asignaci\u00f3n posterior a la inscripci\u00f3n, no para hacer una determinaci\u00f3n de inscripci\u00f3n. Mejor a\u00fan, las escuelas s\u00f3lo deben solicitar registros acad\u00e9micos despu\u00e9s de completar la inscripci\u00f3n.<\/li>\n<li>Las escuelas deben eliminar los \"per\u00edodos de prueba\" acad\u00e9micos antes de finalizar la inscripci\u00f3n.<\/li>\n<li>Las escuelas deben estar preparadas para recibir estudiantes de todas las capacidades acad\u00e9micas.<\/li>\n<li>Las escuelas deben eliminar todas las preguntas sobre el rendimiento acad\u00e9mico de la documentaci\u00f3n de inscripci\u00f3n.<\/li>\n<li>Las escuelas deben eliminar las pruebas de preinscripci\u00f3n.<\/li>\n<\/ul>\n<\/div>\n<h3><a href=\"https:\/\/www.acluaz.org\/es\/node\/1061\" target=\"_blank\">Siguente: Requisitos para educaci\u00f3n especial y discapacidad \u2192<\/a><\/h3>\n<h3><a href=\"https:\/\/www.acluaz.org\/es\/node\/1058\" target=\"_blank\"><strong>\u2190Regresar a Tabla de Contenidos&nbsp;<\/strong><\/a><\/h3>\n","protected":false},"excerpt":{"rendered":"<p>Las escuelas ch\u00e1rter de arizona no pueden otorgar preferencias de inscripci\u00f3n a los estudiantes en funci\u00f3n de su rendimiento acad\u00e9mico.<\/p>\n","protected":false},"author":0,"featured_media":0,"parent":0,"menu_order":0,"comment_status":"closed","ping_status":"closed","template":"","meta":{"_acf_changed":false,"_relevanssi_hide_post":"","_relevanssi_hide_content":"","_relevanssi_pin_for_all":"","_relevanssi_pin_keywords":"","_relevanssi_unpin_keywords":"","_relevanssi_related_keywords":"","_relevanssi_related_include_ids":"","_relevanssi_related_exclude_ids":"","_relevanssi_related_no_append":"","_relevanssi_related_not_related":"","_relevanssi_related_posts":"","_relevanssi_noindex_reason":"","footnotes":""},"class_list":["post-2143","page","type-page","status-publish","hentry"],"acf":{"layout":"default","header-group":{"header-description":"Las escuelas ch\u00e1rter de arizona no pueden otorgar preferencias de inscripci\u00f3n a los estudiantes en funci\u00f3n de su rendimiento acad\u00e9mico.\n","show-subnav":false,"hide-from-subnav":false},"components":[{"acf_fc_layout":"heading","heading":{"":null,"text":"Requisitos Acad\u00e9micos","anchor":"","sub-heading":"","type":"h2","heading-style":"standard"}},{"acf_fc_layout":"migrated","migrated":{"migrated":"<div><p>La ley de arizona solo permite unas cuantas excepciones a la regla general de que las escuelas ch\u00e1rter deben estar abiertas a todos los estudiantes. Las escuelas ch\u00e1rter pueden dar preferencia de inscripci\u00f3n a los estudiantes que regresan y a los hermanos de los estudiantes que ya asisten a la escuela\u00a0<a href=\"https:\/\/www.azleg.gov\/viewdocument\/?docName=https:\/\/www.azleg.gov\/ars\/15\/00184.htm\" target=\"_blank\">(A.R.S. \u00a7 15-184(B))<\/a>. Adem\u00e1s, las escuelas ch\u00e1rter pueden otorgar preferencia de inscripci\u00f3n a los hijos de los empleados de la escuela, los empleados del propietario de la escuela ch\u00e1rter y los miembros de la junta directiva\u00a0<a href=\"https:\/\/www.azleg.gov\/viewdocument\/?docName=https:\/\/www.azleg.gov\/ars\/15\/00184.htm\" target=\"_blank\">(A.R.S. \u00a7 15-184(D)(1))<\/a>.\u00a0<\/p><p>Sin embargo, las escuelas ch\u00e1rter de arizona no pueden otorgar preferencias de inscripci\u00f3n a los estudiantes en funci\u00f3n de su rendimiento acad\u00e9mico. Esto significa que las escuelas no pueden optar por inscribir a los estudiantes con calificaciones o promedio de calificaciones de los ex\u00e1menes m\u00e1s altos por encima de los estudiantes que tienen dificultades acad\u00e9micas. Las escuelas ch\u00e1rter en arizona tampoco pueden denegar la inscripci\u00f3n a estudiantes que no cumplan con ciertos est\u00e1ndares acad\u00e9micos, como un promedio m\u00ednimo de calificaciones o un promedio de calificaci\u00f3n m\u00ednimo en un examen estandarizado.<\/p><p>La mayor\u00eda de las escuelas ch\u00e1rter en Arizona parecen aceptar a todos los estudiantes, independientemente de sus logros acad\u00e9micos. Lo que es preocupante es que cerca de la mitad de las escuelas ch\u00e1rter que analizamos solicitan registros acad\u00e9micos como parte del proceso de inscripci\u00f3n sin dejar en claro que esos registros s\u00f3lo se utilizar\u00e1n para la asignaci\u00f3n posterior a la inscripci\u00f3n, como determinar qu\u00e9 nivel de matem\u00e1ticas, lectura o escritura son apropiados para un estudiante. Los documentos que detallan el progreso acad\u00e9mico deben solicitarse durante el proceso de registro, despu\u00e9s de que el estudiante haya sido inscrito, para garantizar que los documentos no se utilizar\u00e1n para determinar las posibilidades de inscripci\u00f3n del estudiante.<\/p><p>A\u00fan m\u00e1s preocupante es el hecho de que al menos 19 escuelas ch\u00e1rter de arizona tienen pol\u00edticas o terminolog\u00eda en sus documentos de inscripci\u00f3n que pueden prevenir o desalentar la inscripci\u00f3n de estudiantes de bajo rendimiento acad\u00e9mico:<\/p><p><u>Academia Comunitaria del Sur de Arizona (Tucson):<\/u> \"Entiendo que me pondr\u00e1n en per\u00edodo de prueba durante las primeras dos semanas despu\u00e9s de mi sesi\u00f3n de orientaci\u00f3n. Al final del per\u00edodo de prueba, se evaluar\u00e1 la asistencia y el progreso acad\u00e9mico. La aceptaci\u00f3n final en la academia se determinar\u00e1 en ese momento. Entiendo que la inscripci\u00f3n continua en la academia se evaluar\u00e1 todas las semanas a partir de ese momento.\"<\/p><p><u>Escuelas BASIS (con planteles en todo Arizona):<\/u> los cursos tomados durante los grados kinder-8 en otras escuelas se tratan como cr\u00e9ditos optativos. para obtener el cr\u00e9dito del curso b\u00e1sico, los estudiantes deben obtener la aprobaci\u00f3n del director de asuntos estudiantiles y, en algunos casos, aprobar un examen.<\/p><p><u>Instituto Metropolitano de Artes (Phoenix):<\/u> \"Debido a limitaciones de horarios y altos n\u00fameros de admisiones, metro generalmente no puede asignar a los estudiantes en cursos por debajo de los apropiados para el grado escolar correcto de su grupo de edad. Tenga en cuenta que, por lo general, no podemos crear un horario de clases para los estudiantes que han reprobado las clases acad\u00e9micas b\u00e1sicas y, por lo tanto, no forman parte de su a\u00f1o escolar de su grupo de edad.\"<\/p><p><u>Academia Nosotros (Tucson):<\/u>\u00a0En la parte inferior del formulario de inscripci\u00f3n de la escuela, un recuadro con la etiqueta \"para uso oficial\" pregunta si el estudiante que solicita la inscripci\u00f3n tiene un historial documentado de problemas de conducta disruptiva, ha abandonado la escuela o tiene una posici\u00f3n acad\u00e9mica deficiente. Esto podr\u00eda dar a los padres y posibles alumnos la impresi\u00f3n de que estos factores podr\u00edan ser considerados al determinar la inscripci\u00f3n.<\/p><p><u>Escuela Secundaria Ch\u00e1rter Youthworks (Tucson):<\/u> \u201cLos estudiantes que regresan y que previamente asistieron a una escuela dentro de la misma red de escuelas \"deben mostrar la verificaci\u00f3n de un semestre exitoso en otra escuela. El semestre exitoso requiere que el alumno reciba calificaciones aprobatorias en todos los cursos programados de su \u00faltimo semestre.\"<\/p><p><u>Secundaria Salt River (Scottsdale)<\/u>: \"Los estudiantes que se transfieren de otra escuela a la Secundaria Salt River despu\u00e9s de los primeros 10 d\u00edas de la escuela, deben mostrar buen conducta acad\u00e9mica y cumplir con los est\u00e1ndares de asistencia de la SRHS para inscribirse.\"<\/p><p>Recomendaciones<\/p><ul><li>Cuando las escuelas piden registros acad\u00e9micos, deben tener claro que es para la asignaci\u00f3n posterior a la inscripci\u00f3n, no para hacer una determinaci\u00f3n de inscripci\u00f3n. Mejor a\u00fan, las escuelas s\u00f3lo deben solicitar registros acad\u00e9micos despu\u00e9s de completar la inscripci\u00f3n.<\/li><li>Las escuelas deben eliminar los \"per\u00edodos de prueba\" acad\u00e9micos antes de finalizar la inscripci\u00f3n.<\/li><li>Las escuelas deben estar preparadas para recibir estudiantes de todas las capacidades acad\u00e9micas.<\/li><li>Las escuelas deben eliminar todas las preguntas sobre el rendimiento acad\u00e9mico de la documentaci\u00f3n de inscripci\u00f3n.<\/li><li>Las escuelas deben eliminar las pruebas de preinscripci\u00f3n.<\/li><\/ul><\/div>"}},{"acf_fc_layout":"heading","heading":{"":null,"text":"Siguente: Requisitos para educaci\u00f3n especial y discapacidad \u2192","anchor":"","sub-heading":"<a href=\"https:\/\/www.acluaz.org\/es\/node\/1061\" target=\"_blank\">View<\/a>","type":"h3","heading-style":"standard"}},{"acf_fc_layout":"heading","heading":{"":null,"text":"\u2190Regresar a Tabla de Contenidos\u00a0","anchor":"","sub-heading":"<a href=\"https:\/\/www.acluaz.org\/es\/node\/1058\" target=\"_blank\">View<\/a>","type":"h3","heading-style":"standard"}}],"section":null,"issues":null,"related_content":[],"documents":null},"yoast_head":"<!-- This site is optimized with the Yoast SEO plugin v24.9 - https:\/\/yoast.com\/wordpress\/plugins\/seo\/ -->\n<title>Requisitos Acad\u00e9micos - ACLU of Arizona<\/title>\n<meta name=\"robots\" content=\"index, follow, max-snippet:-1, max-image-preview:large, max-video-preview:-1\" \/>\n<link rel=\"canonical\" href=\"http:\/\/www.acluaz.org\/es\/requisitos-academicos\/\" \/>\n<meta property=\"og:locale\" content=\"es_ES\" \/>\n<meta property=\"og:type\" content=\"article\" \/>\n<meta property=\"og:title\" content=\"Requisitos Acad\u00e9micos - ACLU of Arizona\" \/>\n<meta property=\"og:description\" content=\"Las escuelas ch\u00e1rter de arizona no pueden otorgar preferencias de inscripci\u00f3n a los estudiantes en funci\u00f3n de su rendimiento acad\u00e9mico.\" \/>\n<meta property=\"og:url\" content=\"https:\/\/www.acluaz.org\/es\/requisitos-academicos\/\" \/>\n<meta property=\"og:site_name\" content=\"ACLU of Arizona\" \/>\n<meta property=\"og:image\" content=\"https:\/\/www.acluaz.org\/app\/themes\/aclu-parent\/img\/default_fb_share.jpg\" \/>\n<meta name=\"twitter:card\" content=\"summary_large_image\" \/>\n<script type=\"application\/ld+json\" class=\"yoast-schema-graph\">{\"@context\":\"https:\/\/schema.org\",\"@graph\":[{\"@type\":\"WebPage\",\"@id\":\"http:\/\/www.acluaz.org\/es\/requisitos-academicos\/\",\"url\":\"http:\/\/www.acluaz.org\/es\/requisitos-academicos\/\",\"name\":\"Requisitos Acad\u00e9micos - ACLU of Arizona\",\"isPartOf\":{\"@id\":\"https:\/\/www.acluaz.org\/#website\"},\"datePublished\":\"2017-12-13T22:00:00+00:00\",\"inLanguage\":\"es-ES\",\"potentialAction\":[{\"@type\":\"ReadAction\",\"target\":[\"http:\/\/www.acluaz.org\/es\/requisitos-academicos\/\"]}]},{\"@type\":\"WebSite\",\"@id\":\"https:\/\/www.acluaz.org\/#website\",\"url\":\"https:\/\/www.acluaz.org\/\",\"name\":\"ACLU of Arizona\",\"description\":\"\",\"publisher\":{\"@id\":\"https:\/\/www.acluaz.org\/#organization\"},\"potentialAction\":[{\"@type\":\"SearchAction\",\"target\":{\"@type\":\"EntryPoint\",\"urlTemplate\":\"https:\/\/www.acluaz.org\/?s={search_term_string}\"},\"query-input\":{\"@type\":\"PropertyValueSpecification\",\"valueRequired\":true,\"valueName\":\"search_term_string\"}}],\"inLanguage\":\"es-ES\"},{\"@type\":\"Organization\",\"@id\":\"https:\/\/www.acluaz.org\/#organization\",\"name\":\"ACLU of Arizona\",\"url\":\"https:\/\/www.acluaz.org\/\",\"logo\":{\"@type\":\"ImageObject\",\"inLanguage\":\"es-ES\",\"@id\":\"https:\/\/www.acluaz.org\/#\/schema\/logo\/image\/\",\"url\":\"https:\/\/www.acluaz.org\/app\/uploads\/2025\/09\/ACLU_Arizona_Moblie-Web_Color_RGB.png\",\"contentUrl\":\"https:\/\/www.acluaz.org\/app\/uploads\/2025\/09\/ACLU_Arizona_Moblie-Web_Color_RGB.png\",\"width\":2084,\"height\":2084,\"caption\":\"ACLU of Arizona\"},\"image\":{\"@id\":\"https:\/\/www.acluaz.org\/#\/schema\/logo\/image\/\"}}]}<\/script>\n<!-- \/ Yoast SEO plugin. -->","yoast_head_json":{"title":"Requisitos Acad\u00e9micos - ACLU of Arizona","robots":{"index":"index","follow":"follow","max-snippet":"max-snippet:-1","max-image-preview":"max-image-preview:large","max-video-preview":"max-video-preview:-1"},"canonical":"http:\/\/www.acluaz.org\/es\/requisitos-academicos\/","og_locale":"es_ES","og_type":"article","og_title":"Requisitos Acad\u00e9micos - ACLU of Arizona","og_description":"Las escuelas ch\u00e1rter de arizona no pueden otorgar preferencias de inscripci\u00f3n a los estudiantes en funci\u00f3n de su rendimiento acad\u00e9mico.","og_url":"https:\/\/www.acluaz.org\/es\/requisitos-academicos\/","og_site_name":"ACLU of Arizona","og_image":[{"url":"https:\/\/www.acluaz.org\/app\/themes\/aclu-parent\/img\/default_fb_share.jpg","type":"","width":"","height":""}],"twitter_card":"summary_large_image","schema":{"@context":"https:\/\/schema.org","@graph":[{"@type":"WebPage","@id":"http:\/\/www.acluaz.org\/es\/requisitos-academicos\/","url":"http:\/\/www.acluaz.org\/es\/requisitos-academicos\/","name":"Requisitos Acad\u00e9micos - ACLU of Arizona","isPartOf":{"@id":"https:\/\/www.acluaz.org\/#website"},"datePublished":"2017-12-13T22:00:00+00:00","inLanguage":"es-ES","potentialAction":[{"@type":"ReadAction","target":["http:\/\/www.acluaz.org\/es\/requisitos-academicos\/"]}]},{"@type":"WebSite","@id":"https:\/\/www.acluaz.org\/#website","url":"https:\/\/www.acluaz.org\/","name":"ACLU of Arizona","description":"","publisher":{"@id":"https:\/\/www.acluaz.org\/#organization"},"potentialAction":[{"@type":"SearchAction","target":{"@type":"EntryPoint","urlTemplate":"https:\/\/www.acluaz.org\/?s={search_term_string}"},"query-input":{"@type":"PropertyValueSpecification","valueRequired":true,"valueName":"search_term_string"}}],"inLanguage":"es-ES"},{"@type":"Organization","@id":"https:\/\/www.acluaz.org\/#organization","name":"ACLU of Arizona","url":"https:\/\/www.acluaz.org\/","logo":{"@type":"ImageObject","inLanguage":"es-ES","@id":"https:\/\/www.acluaz.org\/#\/schema\/logo\/image\/","url":"https:\/\/www.acluaz.org\/app\/uploads\/2025\/09\/ACLU_Arizona_Moblie-Web_Color_RGB.png","contentUrl":"https:\/\/www.acluaz.org\/app\/uploads\/2025\/09\/ACLU_Arizona_Moblie-Web_Color_RGB.png","width":2084,"height":2084,"caption":"ACLU of Arizona"},"image":{"@id":"https:\/\/www.acluaz.org\/#\/schema\/logo\/image\/"}}]}},"distributor_meta":false,"distributor_terms":false,"distributor_media":false,"distributor_original_site_name":"ACLU of Arizona","distributor_original_site_url":"https:\/\/www.acluaz.org\/es\/","push-errors":false,"_links":{"self":[{"href":"https:\/\/www.acluaz.org\/es\/wp-json\/wp\/v2\/pages\/2143","targetHints":{"allow":["GET"]}}],"collection":[{"href":"https:\/\/www.acluaz.org\/es\/wp-json\/wp\/v2\/pages"}],"about":[{"href":"https:\/\/www.acluaz.org\/es\/wp-json\/wp\/v2\/types\/page"}],"replies":[{"embeddable":true,"href":"https:\/\/www.acluaz.org\/es\/wp-json\/wp\/v2\/comments?post=2143"}],"version-history":[{"count":0,"href":"https:\/\/www.acluaz.org\/es\/wp-json\/wp\/v2\/pages\/2143\/revisions"}],"wp:attachment":[{"href":"https:\/\/www.acluaz.org\/es\/wp-json\/wp\/v2\/media?parent=2143"}],"curies":[{"name":"wp","href":"https:\/\/api.w.org\/{rel}","templated":true}]}}