{"id":2141,"date":"2017-12-13T16:45:00","date_gmt":"2017-12-13T21:45:00","guid":{"rendered":"https:\/\/www.acluaz.org\/cuando-la-eleccion-escolar-significa-que-las-escuelas-eligen-a-sus-estudiantes\/"},"modified":"2017-12-13T16:45:00","modified_gmt":"2017-12-13T21:45:00","slug":"cuando-la-eleccion-escolar-significa-que-las-escuelas-eligen-a-sus-estudiantes","status":"publish","type":"page","link":"https:\/\/www.acluaz.org\/es\/cuando-la-eleccion-escolar-significa-que-las-escuelas-eligen-a-sus-estudiantes\/","title":{"rendered":"Cuando La \"Elecci\u00f3n Escolar\" Significa Que Las Escuelas Eligen A Sus Estudiantes"},"content":{"rendered":"<p>Las pol\u00edticas y procedimientos de admisi\u00f3n en muchas de estas escuelas ch\u00e1rter en Arizona excluyen ilegalmente a algunos estudiantes o crean barreras para su inscripci\u00f3n.<br \/>\n<!--more--><\/p>\n<h2>Cuando la \u201cEleccion<span style=\"font-size: 1.22222rem;\"> Escolar\u201d Significa <\/span>que<span style=\"font-size: 1.22222rem;\"> las Escuelas Eligen a Sus Estudiantes<\/span><\/h2>\n<div>\n<div>\n<div>En la d\u00e9cada de 1990, Arizona se convirti\u00f3 en uno de los primeros estados en la naci\u00f3n en adoptar las escuelas ch\u00e1rter. La visi\u00f3n era proporcionar a los padres de familia con m\u00e1s opciones acad\u00e9micas para sus hijos, as\u00ed como ofrecer medios de aprendizaje que se adaptaran m\u00e1s a las necesidades individuales de los estudiantes. Sin embargo, en muchos casos, el programa de escuelas ch\u00e1rter de Arizona ha tenido el resultado opuesto: las escuelas ch\u00e1rter eligen a los estudiantes que encajan en sus moldes.<\/div>\n<div>&nbsp;<\/div>\n<div>De hecho, m\u00e1s de dos d\u00e9cadas despu\u00e9s del surgimiento de las escuelas ch\u00e1rter en Arizona, las pol\u00edticas y procedimientos de admisi\u00f3n en muchas de estas escuelas en el estado excluyen ilegalmente a algunos estudiantes o crean barreras para su inscripci\u00f3n. Durante a\u00f1os, muchas escuelas han logrado eludir las consecuencias con pr\u00e1cticas excluyentes sin rendir cuentas.<\/div>\n<div>&nbsp;<\/div>\n<div>Aunque las escuelas ch\u00e1rter operan de manera independiente, estas forman parte del sistema de educaci\u00f3n p\u00fablica de Arizona, y utilizan fondos de los contribuyentes. Como tales, est\u00e1n obligadas a \u201cinscribir a todos los alumnos elegibles que presenten una solicitud dentro del plazo permitido\u201d<a href=\"https:\/\/www.azleg.gov\/viewdocument\/?docName=https:\/\/www.azleg.gov\/ars\/15\/00184.htm\" target=\"_blank\">(A.R.S. \u00a7 15-184(A))<\/a>.&nbsp;Si hay m\u00e1s estudiantes que presentan una solicitud de los que pueden admitirse, las escuelas pueden seleccionar a estudiantes al azar a trav\u00e9s de un sistema de loter\u00eda&nbsp;<a href=\"https:\/\/www.azleg.gov\/viewdocument\/?docName=https:\/\/www.azleg.gov\/ars\/15\/00184.htm\" target=\"_blank\">(A.R.S. \u00a7 15-184(E))<\/a>.&nbsp;Las escuelas ch\u00e1rter de Arizona tambi\u00e9n tienen prohibido discriminar a los estudiantes sobre la base de \u201cetnia, origen nacional, sexo, nivel de ingresos, condici\u00f3n incapacitante, dominio del idioma ingl\u00e9s o capacidad atl\u00e9tica\u201d<a href=\"https:\/\/www.azleg.gov\/viewdocument\/?docName=https:\/\/www.azleg.gov\/ars\/15\/00184.htm\" target=\"_blank\">(A.R.S. \u00a7 15-184(F))<\/a>.&nbsp;<\/div>\n<\/div>\n<div>&nbsp;<\/div>\n<\/div>\n<div>A pesar de esto, un an\u00e1lisis de los documentos de inscripci\u00f3n de las escuelas ch\u00e1rter de Arizona muestra que muchas de ellas tienen pol\u00edticas y procedimientos que son claramente ilegales o excluyentes. Espec\u00edficamente, de las 471 escuelas ch\u00e1rter de Arizona que se analizaron, al menos 262, o el 56 por ciento, tienen pol\u00edticas que son claras violaciones de la ley o que pueden desalentar la inscripci\u00f3n de ciertos estudiantes. En la actualidad hay 543 escuelas ch\u00e1rter en Arizona<\/div>\n<div>\n<div>(este total puede variar ligeramente, dependiendo de factores tales como si una escuela que ofrece secundaria y preparatoria de manera conjunta se cuenta como una escuela o dos). No obstante, 72 escuelas no proporcionan documentos de inscripci\u00f3n disponibles en Internet, ni respondieron a solicitudes por esos registros p\u00fablicos, violando as\u00ed sus obligaciones bajo la ley de registros p\u00fablicos de Arizona, e imposibilitando el an\u00e1lisis de dichas escuelas en la mayor\u00eda o todos los par\u00e1metros de inscripci\u00f3n. El an\u00e1lisis se enfoc\u00f3 en si las escuelas ch\u00e1rter:<\/div>\n<ul>\n<li>Desalientan la inscripci\u00f3n de estudiantes que no tienen buenas calificaciones o resultados de examenes<\/li>\n<li>Establecen un l\u00edmite de inscripci\u00f3n para estudiantes con necesidades de educaci\u00f3n especial o tienen preguntas en sus documentos de inscripci\u00f3n que pueden suprimir la inscripci\u00f3n de estos estudiantes<\/li>\n<li>Desaniman o impiden la inscripci\u00f3n de estudiantes con registros disciplinarios<\/li>\n<li>Tienen preguntas en sus documentos de inscripci\u00f3n que pueden tener un efecto desalentador en los padres de familia de estudiantes que no hablan ingl\u00e9s<\/li>\n<li>Desaniman o impiden que los estudiantes inmigrantes se inscriban al exigirles que proporcionen n\u00fameros de Seguro Social u otra informaci\u00f3n de ciudadan\u00eda<\/li>\n<li>Exigen que los estudiantes y los padres de familia cumplan con requisitos de preinscripci\u00f3n, como ensayos, entrevistas o recorridos en las escuelas<\/li>\n<li>Se niegan a inscribir a estudiantes hasta que sus padres se comprometan a ser voluntarios en la escuela o donar dinero a la escuela<\/li>\n<li>Exigir que los padres de familia paguen cuotas inaceptables que crean barreras para la inscripci\u00f3n<\/li>\n<\/ul>\n<div>\n<div>Algunas de estas pol\u00edticas de exclusi\u00f3n violan las leyes estatales y\/o federales. El hecho de que tantas pol\u00edticas y procedimientos de inscripci\u00f3n en las escuelas ch\u00e1rter de Arizona contengan evidentes infracciones legales, demuestra una clara falta de responsabilidad. La Junta Estatal de Arizona para Escuelas Ch\u00e1rter autoriza y gobierna a la gran mayor\u00eda de estas escuelas. Dicha agencia gubernamental es responsable de garantizar que las escuelas ch\u00e1rter cumplan con todas las leyes y con los t\u00e9rminos de sus contratos. Es preocupante que hayan pasado por alto estas violaciones de la ley, la mayor\u00eda de las cuales se publican en los sitios web de las escuelas o se incluyen en otros documentos ampliamente disponibles, como los manuales de los estudiantes.<\/div>\n<div>&nbsp;<\/div>\n<div>Aunque problemas similares pueden estar ocurriendo dentro de las escuelas de distritos escolares, la ACLU de Arizona opt\u00f3 por centrar su investigaci\u00f3n en las escuelas ch\u00e1rter despu\u00e9s de recibir reportes de varios padres de familia a cuyos hijos se les neg\u00f3 la inscripci\u00f3n o se enfrentaron con obst\u00e1culos para inscribirlos en escuelas ch\u00e1rter en todo Arizona.<\/div>\n<\/div>\n<\/div>\n<div>\n<div>&nbsp;<\/div>\n<p><a href=\"https:\/\/www.acluaz.org\/es\/requisitos-academicos\/\" target=\"_blank\"><strong>Siguente: Requisitos Acad\u00e9micos \u2192<\/strong><\/a><\/p>\n<h3><a href=\"https:\/\/www.acluaz.org\/es\/node\/1058\" target=\"_blank\"><strong>\u2190 Regresar a&nbsp;<\/strong>Tabla de Contenidos<\/a><\/h3>\n<\/div>\n<div>&nbsp;<\/div>\n","protected":false},"excerpt":{"rendered":"<p>Las pol\u00edticas y procedimientos de admisi\u00f3n en muchas de estas escuelas ch\u00e1rter en Arizona excluyen ilegalmente a algunos estudiantes o crean barreras para su inscripci\u00f3n.<\/p>\n","protected":false},"author":0,"featured_media":0,"parent":0,"menu_order":0,"comment_status":"closed","ping_status":"closed","template":"","meta":{"_acf_changed":false,"_relevanssi_hide_post":"","_relevanssi_hide_content":"","_relevanssi_pin_for_all":"","_relevanssi_pin_keywords":"","_relevanssi_unpin_keywords":"","_relevanssi_related_keywords":"","_relevanssi_related_include_ids":"","_relevanssi_related_exclude_ids":"","_relevanssi_related_no_append":"","_relevanssi_related_not_related":"","_relevanssi_related_posts":"","_relevanssi_noindex_reason":"","footnotes":""},"class_list":["post-2141","page","type-page","status-publish","hentry"],"acf":{"layout":"default","header-group":{"header-description":"Las pol\u00edticas y procedimientos de admisi\u00f3n en muchas de estas escuelas ch\u00e1rter en Arizona excluyen ilegalmente a algunos estudiantes o crean barreras para su inscripci\u00f3n. \n","show-subnav":false,"hide-from-subnav":false},"components":[{"acf_fc_layout":"heading","heading":{"":null,"text":"Cuando la \u201cEleccion Escolar\u201d Significa que las Escuelas Eligen a Sus Estudiantes","anchor":"","sub-heading":"","type":"h2","heading-style":"standard"}},{"acf_fc_layout":"migrated","migrated":{"migrated":"<div><div><div>En la d\u00e9cada de 1990, Arizona se convirti\u00f3 en uno de los primeros estados en la naci\u00f3n en adoptar las escuelas ch\u00e1rter. La visi\u00f3n era proporcionar a los padres de familia con m\u00e1s opciones acad\u00e9micas para sus hijos, as\u00ed como ofrecer medios de aprendizaje que se adaptaran m\u00e1s a las necesidades individuales de los estudiantes. Sin embargo, en muchos casos, el programa de escuelas ch\u00e1rter de Arizona ha tenido el resultado opuesto: las escuelas ch\u00e1rter eligen a los estudiantes que encajan en sus moldes.<\/div><div>\u00a0<\/div><div>De hecho, m\u00e1s de dos d\u00e9cadas despu\u00e9s del surgimiento de las escuelas ch\u00e1rter en Arizona, las pol\u00edticas y procedimientos de admisi\u00f3n en muchas de estas escuelas en el estado excluyen ilegalmente a algunos estudiantes o crean barreras para su inscripci\u00f3n. Durante a\u00f1os, muchas escuelas han logrado eludir las consecuencias con pr\u00e1cticas excluyentes sin rendir cuentas.<\/div><div>\u00a0<\/div><div>Aunque las escuelas ch\u00e1rter operan de manera independiente, estas forman parte del sistema de educaci\u00f3n p\u00fablica de Arizona, y utilizan fondos de los contribuyentes. Como tales, est\u00e1n obligadas a \u201cinscribir a todos los alumnos elegibles que presenten una solicitud dentro del plazo permitido\u201d<a href=\"https:\/\/www.azleg.gov\/viewdocument\/?docName=https:\/\/www.azleg.gov\/ars\/15\/00184.htm\" target=\"_blank\">(A.R.S. \u00a7 15-184(A))<\/a>.\u00a0Si hay m\u00e1s estudiantes que presentan una solicitud de los que pueden admitirse, las escuelas pueden seleccionar a estudiantes al azar a trav\u00e9s de un sistema de loter\u00eda\u00a0<a href=\"https:\/\/www.azleg.gov\/viewdocument\/?docName=https:\/\/www.azleg.gov\/ars\/15\/00184.htm\" target=\"_blank\">(A.R.S. \u00a7 15-184(E))<\/a>.\u00a0Las escuelas ch\u00e1rter de Arizona tambi\u00e9n tienen prohibido discriminar a los estudiantes sobre la base de \u201cetnia, origen nacional, sexo, nivel de ingresos, condici\u00f3n incapacitante, dominio del idioma ingl\u00e9s o capacidad atl\u00e9tica\u201d<a href=\"https:\/\/www.azleg.gov\/viewdocument\/?docName=https:\/\/www.azleg.gov\/ars\/15\/00184.htm\" target=\"_blank\">(A.R.S. \u00a7 15-184(F))<\/a>.\u00a0<\/div><\/div><div>\u00a0<\/div><\/div><div>A pesar de esto, un an\u00e1lisis de los documentos de inscripci\u00f3n de las escuelas ch\u00e1rter de Arizona muestra que muchas de ellas tienen pol\u00edticas y procedimientos que son claramente ilegales o excluyentes. Espec\u00edficamente, de las 471 escuelas ch\u00e1rter de Arizona que se analizaron, al menos 262, o el 56 por ciento, tienen pol\u00edticas que son claras violaciones de la ley o que pueden desalentar la inscripci\u00f3n de ciertos estudiantes. En la actualidad hay 543 escuelas ch\u00e1rter en Arizona<\/div><div><div>(este total puede variar ligeramente, dependiendo de factores tales como si una escuela que ofrece secundaria y preparatoria de manera conjunta se cuenta como una escuela o dos). No obstante, 72 escuelas no proporcionan documentos de inscripci\u00f3n disponibles en Internet, ni respondieron a solicitudes por esos registros p\u00fablicos, violando as\u00ed sus obligaciones bajo la ley de registros p\u00fablicos de Arizona, e imposibilitando el an\u00e1lisis de dichas escuelas en la mayor\u00eda o todos los par\u00e1metros de inscripci\u00f3n. El an\u00e1lisis se enfoc\u00f3 en si las escuelas ch\u00e1rter:<\/div><ul><li>Desalientan la inscripci\u00f3n de estudiantes que no tienen buenas calificaciones o resultados de examenes<\/li><li>Establecen un l\u00edmite de inscripci\u00f3n para estudiantes con necesidades de educaci\u00f3n especial o tienen preguntas en sus documentos de inscripci\u00f3n que pueden suprimir la inscripci\u00f3n de estos estudiantes<\/li><li>Desaniman o impiden la inscripci\u00f3n de estudiantes con registros disciplinarios<\/li><li>Tienen preguntas en sus documentos de inscripci\u00f3n que pueden tener un efecto desalentador en los padres de familia de estudiantes que no hablan ingl\u00e9s<\/li><li>Desaniman o impiden que los estudiantes inmigrantes se inscriban al exigirles que proporcionen n\u00fameros de Seguro Social u otra informaci\u00f3n de ciudadan\u00eda<\/li><li>Exigen que los estudiantes y los padres de familia cumplan con requisitos de preinscripci\u00f3n, como ensayos, entrevistas o recorridos en las escuelas<\/li><li>Se niegan a inscribir a estudiantes hasta que sus padres se comprometan a ser voluntarios en la escuela o donar dinero a la escuela<\/li><li>Exigir que los padres de familia paguen cuotas inaceptables que crean barreras para la inscripci\u00f3n<\/li><\/ul><div><div>Algunas de estas pol\u00edticas de exclusi\u00f3n violan las leyes estatales y\/o federales. El hecho de que tantas pol\u00edticas y procedimientos de inscripci\u00f3n en las escuelas ch\u00e1rter de Arizona contengan evidentes infracciones legales, demuestra una clara falta de responsabilidad. La Junta Estatal de Arizona para Escuelas Ch\u00e1rter autoriza y gobierna a la gran mayor\u00eda de estas escuelas. Dicha agencia gubernamental es responsable de garantizar que las escuelas ch\u00e1rter cumplan con todas las leyes y con los t\u00e9rminos de sus contratos. Es preocupante que hayan pasado por alto estas violaciones de la ley, la mayor\u00eda de las cuales se publican en los sitios web de las escuelas o se incluyen en otros documentos ampliamente disponibles, como los manuales de los estudiantes.<\/div><div>\u00a0<\/div><div>Aunque problemas similares pueden estar ocurriendo dentro de las escuelas de distritos escolares, la ACLU de Arizona opt\u00f3 por centrar su investigaci\u00f3n en las escuelas ch\u00e1rter despu\u00e9s de recibir reportes de varios padres de familia a cuyos hijos se les neg\u00f3 la inscripci\u00f3n o se enfrentaron con obst\u00e1culos para inscribirlos en escuelas ch\u00e1rter en todo Arizona.<\/div><\/div><\/div><div><div>\u00a0<\/div><p><a href=\"https:\/\/www.acluaz.org\/es\/requisitos-academicos\/\" target=\"_blank\"><strong>Siguente: Requisitos Acad\u00e9micos \u2192<\/strong><\/a><\/p><h3><a href=\"https:\/\/www.acluaz.org\/es\/node\/1058\" target=\"_blank\"><strong>\u2190 Regresar a\u00a0<\/strong>Tabla de Contenidos<\/a><\/h3><\/div><div>\u00a0<\/div>"}}],"section":null,"issues":null,"related_content":[],"documents":null},"yoast_head":"<!-- This site is optimized with the Yoast SEO plugin v24.9 - https:\/\/yoast.com\/wordpress\/plugins\/seo\/ -->\n<title>Cuando La &quot;Elecci\u00f3n Escolar&quot; Significa Que Las Escuelas Eligen A Sus Estudiantes - ACLU of Arizona<\/title>\n<meta name=\"robots\" content=\"index, follow, max-snippet:-1, max-image-preview:large, max-video-preview:-1\" \/>\n<link rel=\"canonical\" href=\"https:\/\/www.acluaz.org\/es\/cuando-la-eleccion-escolar-significa-que-las-escuelas-eligen-a-sus-estudiantes\/\" \/>\n<meta property=\"og:locale\" content=\"es_ES\" \/>\n<meta property=\"og:type\" content=\"article\" \/>\n<meta property=\"og:title\" content=\"Cuando La &quot;Elecci\u00f3n Escolar&quot; Significa Que Las Escuelas Eligen A Sus Estudiantes - ACLU of Arizona\" \/>\n<meta property=\"og:description\" content=\"Las pol\u00edticas y procedimientos de admisi\u00f3n en muchas de estas escuelas ch\u00e1rter en Arizona excluyen ilegalmente a algunos estudiantes o crean barreras para su inscripci\u00f3n.\" \/>\n<meta property=\"og:url\" content=\"https:\/\/www.acluaz.org\/es\/cuando-la-eleccion-escolar-significa-que-las-escuelas-eligen-a-sus-estudiantes\/\" \/>\n<meta property=\"og:site_name\" content=\"ACLU of Arizona\" \/>\n<meta property=\"og:image\" content=\"https:\/\/www.acluaz.org\/app\/themes\/aclu-parent\/img\/default_fb_share.jpg\" \/>\n<meta name=\"twitter:card\" content=\"summary_large_image\" \/>\n<script type=\"application\/ld+json\" class=\"yoast-schema-graph\">{\"@context\":\"https:\/\/schema.org\",\"@graph\":[{\"@type\":\"WebPage\",\"@id\":\"https:\/\/www.acluaz.org\/es\/cuando-la-eleccion-escolar-significa-que-las-escuelas-eligen-a-sus-estudiantes\/\",\"url\":\"https:\/\/www.acluaz.org\/es\/cuando-la-eleccion-escolar-significa-que-las-escuelas-eligen-a-sus-estudiantes\/\",\"name\":\"Cuando La \\\"Elecci\u00f3n Escolar\\\" Significa Que Las Escuelas Eligen A Sus Estudiantes - ACLU of Arizona\",\"isPartOf\":{\"@id\":\"https:\/\/www.acluaz.org\/#website\"},\"datePublished\":\"2017-12-13T21:45:00+00:00\",\"inLanguage\":\"es-ES\",\"potentialAction\":[{\"@type\":\"ReadAction\",\"target\":[\"https:\/\/www.acluaz.org\/es\/cuando-la-eleccion-escolar-significa-que-las-escuelas-eligen-a-sus-estudiantes\/\"]}]},{\"@type\":\"WebSite\",\"@id\":\"https:\/\/www.acluaz.org\/#website\",\"url\":\"https:\/\/www.acluaz.org\/\",\"name\":\"ACLU of Arizona\",\"description\":\"\",\"publisher\":{\"@id\":\"https:\/\/www.acluaz.org\/#organization\"},\"potentialAction\":[{\"@type\":\"SearchAction\",\"target\":{\"@type\":\"EntryPoint\",\"urlTemplate\":\"https:\/\/www.acluaz.org\/?s={search_term_string}\"},\"query-input\":{\"@type\":\"PropertyValueSpecification\",\"valueRequired\":true,\"valueName\":\"search_term_string\"}}],\"inLanguage\":\"es-ES\"},{\"@type\":\"Organization\",\"@id\":\"https:\/\/www.acluaz.org\/#organization\",\"name\":\"ACLU of Arizona\",\"url\":\"https:\/\/www.acluaz.org\/\",\"logo\":{\"@type\":\"ImageObject\",\"inLanguage\":\"es-ES\",\"@id\":\"https:\/\/www.acluaz.org\/#\/schema\/logo\/image\/\",\"url\":\"https:\/\/www.acluaz.org\/app\/uploads\/2025\/09\/ACLU_Arizona_Moblie-Web_Color_RGB.png\",\"contentUrl\":\"https:\/\/www.acluaz.org\/app\/uploads\/2025\/09\/ACLU_Arizona_Moblie-Web_Color_RGB.png\",\"width\":2084,\"height\":2084,\"caption\":\"ACLU of Arizona\"},\"image\":{\"@id\":\"https:\/\/www.acluaz.org\/#\/schema\/logo\/image\/\"}}]}<\/script>\n<!-- \/ Yoast SEO plugin. -->","yoast_head_json":{"title":"Cuando La \"Elecci\u00f3n Escolar\" Significa Que Las Escuelas Eligen A Sus Estudiantes - ACLU of Arizona","robots":{"index":"index","follow":"follow","max-snippet":"max-snippet:-1","max-image-preview":"max-image-preview:large","max-video-preview":"max-video-preview:-1"},"canonical":"https:\/\/www.acluaz.org\/es\/cuando-la-eleccion-escolar-significa-que-las-escuelas-eligen-a-sus-estudiantes\/","og_locale":"es_ES","og_type":"article","og_title":"Cuando La \"Elecci\u00f3n Escolar\" Significa Que Las Escuelas Eligen A Sus Estudiantes - ACLU of Arizona","og_description":"Las pol\u00edticas y procedimientos de admisi\u00f3n en muchas de estas escuelas ch\u00e1rter en Arizona excluyen ilegalmente a algunos estudiantes o crean barreras para su inscripci\u00f3n.","og_url":"https:\/\/www.acluaz.org\/es\/cuando-la-eleccion-escolar-significa-que-las-escuelas-eligen-a-sus-estudiantes\/","og_site_name":"ACLU of Arizona","og_image":[{"url":"https:\/\/www.acluaz.org\/app\/themes\/aclu-parent\/img\/default_fb_share.jpg","type":"","width":"","height":""}],"twitter_card":"summary_large_image","schema":{"@context":"https:\/\/schema.org","@graph":[{"@type":"WebPage","@id":"https:\/\/www.acluaz.org\/es\/cuando-la-eleccion-escolar-significa-que-las-escuelas-eligen-a-sus-estudiantes\/","url":"https:\/\/www.acluaz.org\/es\/cuando-la-eleccion-escolar-significa-que-las-escuelas-eligen-a-sus-estudiantes\/","name":"Cuando La \"Elecci\u00f3n Escolar\" Significa Que Las Escuelas Eligen A Sus Estudiantes - ACLU of Arizona","isPartOf":{"@id":"https:\/\/www.acluaz.org\/#website"},"datePublished":"2017-12-13T21:45:00+00:00","inLanguage":"es-ES","potentialAction":[{"@type":"ReadAction","target":["https:\/\/www.acluaz.org\/es\/cuando-la-eleccion-escolar-significa-que-las-escuelas-eligen-a-sus-estudiantes\/"]}]},{"@type":"WebSite","@id":"https:\/\/www.acluaz.org\/#website","url":"https:\/\/www.acluaz.org\/","name":"ACLU of Arizona","description":"","publisher":{"@id":"https:\/\/www.acluaz.org\/#organization"},"potentialAction":[{"@type":"SearchAction","target":{"@type":"EntryPoint","urlTemplate":"https:\/\/www.acluaz.org\/?s={search_term_string}"},"query-input":{"@type":"PropertyValueSpecification","valueRequired":true,"valueName":"search_term_string"}}],"inLanguage":"es-ES"},{"@type":"Organization","@id":"https:\/\/www.acluaz.org\/#organization","name":"ACLU of Arizona","url":"https:\/\/www.acluaz.org\/","logo":{"@type":"ImageObject","inLanguage":"es-ES","@id":"https:\/\/www.acluaz.org\/#\/schema\/logo\/image\/","url":"https:\/\/www.acluaz.org\/app\/uploads\/2025\/09\/ACLU_Arizona_Moblie-Web_Color_RGB.png","contentUrl":"https:\/\/www.acluaz.org\/app\/uploads\/2025\/09\/ACLU_Arizona_Moblie-Web_Color_RGB.png","width":2084,"height":2084,"caption":"ACLU of Arizona"},"image":{"@id":"https:\/\/www.acluaz.org\/#\/schema\/logo\/image\/"}}]}},"distributor_meta":false,"distributor_terms":false,"distributor_media":false,"distributor_original_site_name":"ACLU of Arizona","distributor_original_site_url":"https:\/\/www.acluaz.org\/es\/","push-errors":false,"_links":{"self":[{"href":"https:\/\/www.acluaz.org\/es\/wp-json\/wp\/v2\/pages\/2141","targetHints":{"allow":["GET"]}}],"collection":[{"href":"https:\/\/www.acluaz.org\/es\/wp-json\/wp\/v2\/pages"}],"about":[{"href":"https:\/\/www.acluaz.org\/es\/wp-json\/wp\/v2\/types\/page"}],"replies":[{"embeddable":true,"href":"https:\/\/www.acluaz.org\/es\/wp-json\/wp\/v2\/comments?post=2141"}],"version-history":[{"count":0,"href":"https:\/\/www.acluaz.org\/es\/wp-json\/wp\/v2\/pages\/2141\/revisions"}],"wp:attachment":[{"href":"https:\/\/www.acluaz.org\/es\/wp-json\/wp\/v2\/media?parent=2141"}],"curies":[{"name":"wp","href":"https:\/\/api.w.org\/{rel}","templated":true}]}}