{"id":2043,"date":"2017-04-07T13:15:00","date_gmt":"2017-04-07T17:15:00","guid":{"rendered":"https:\/\/www.acluaz.org\/programa-de-proceso-de-quejas\/"},"modified":"2017-04-07T13:15:00","modified_gmt":"2017-04-07T17:15:00","slug":"programa-de-proceso-de-quejas","status":"publish","type":"page","link":"https:\/\/www.acluaz.org\/es\/programa-de-proceso-de-quejas\/","title":{"rendered":"Programa de Proceso de Quejas"},"content":{"rendered":"<h2 class=\"alt\">Oficina del Sheriff del Condado de Maricopa<\/h2>\n<h2 class=\"alt\">Programa de Proceso de Quejas<\/h2>\n<p>Una orden emitida por la Corte de Distrito de los Estados Unidos contiene los requisite para asegurarse de que los miembros de la comunidad del Condado de Maricopa sepan c\u00f3mo radicar quejas sobre la conducta de los empleados de la Oficina del Sheriff del Condado de Maricopa (\u201cMCSO\u201d) por sus siglas en Ingl\u00e9s.<\/p>\n<p>Las quejas pueden ser enviadas directamente a la ACLU de Arizona en <a href=\"https:\/\/action.aclu.org\/secure\/az-complaint-form?ms=web_160324_aff_AZ_\" target=\"_blank\">esta p\u00e1gina web<\/a>.<\/p>\n<p>Usted puede someter quejas sobre la MCSO verbalmente, por tel\u00e9fono, por escrito, en persona, por correo o en l\u00ednea.<\/p>\n<ol>\n<li>Por tel\u00e9fono: (602) 876-5429; Tel\u00e9fono gratuito, l\u00ednea telef\u00f3nica 24 horas (844) 887 4483; mensaje de texto (602) 876-1000; or v\u00eda fax (602) 876-0070<\/li>\n<li>En persona: en cualquier instalaci\u00f3n de MCSO<\/li>\n<li>Por correo:&nbsp; a la Oficina del Sheriff del Condado de Maricopa, Oficina de Est\u00e1ndares Profesionales, &nbsp;550 W. Jackson Street, Phoenix, AZ 85003<\/li>\n<li>En l\u00ednea:&nbsp;<a href=\"https:\/\/www.mcso.org\/Contact\" target=\"_blank\">https:\/\/www.mcso.org\/Contact<\/a>.&nbsp;<\/li>\n<\/ol>\n<p>Quejas pueden ser presentadas con el Monitor Designado por el Tribunal Federal mediante tel\u00e9fono, por escrito, por correo o en l\u00ednea.<\/p>\n<ol>\n<li>Por tel\u00e9fono: (602) 812-7513<\/li>\n<li>Por correo: Post Office Box 11721, Chandler, AZ 85248-0007<\/li>\n<li>En l\u00ednea: <a href=\"mailto:monitormcso@gmail.com\">monitormcso@gmail.com<\/a><\/li>\n<\/ol>\n<p>Quejas tambi\u00e9n podr\u00e1n ser presentadas de manera an\u00f3nima, por alguien actuando en representaci\u00f3n del querellante y las quejas no tienen que ser firmadas.<\/p>\n<p>Todas las quejas del p\u00fablico se remiten a la Oficina de Est\u00e1ndares Profesionales para su investigaci\u00f3n.&nbsp; Ser\u00e1 notificado por escrito de parte de MCSO una vez la investigaci\u00f3n sea completada.&nbsp; Esta notificaci\u00f3n incluir\u00e1 las conclusiones de la investigaci\u00f3n y cualquier disciplina impuesta.<\/p>\n<p>a. Dentro de los siete d\u00edas de recibir la queja, la Oficina de Est\u00e1ndares Profesionales enviar\u00e1 al querellante no-an\u00f3nimo una Carta de Aceptaci\u00f3n de Queja incluyendo el n\u00famero de seguimiento asignado a la queja y el nombre del investigador asignado. La notificaci\u00f3n informar\u00e1 al querellante c\u00f3mo \u00e9l o ella puede contactar a la Oficina de Est\u00e1ndares Profesionales para preguntar sobre el estatus de su queja.<\/p>\n<p>b Todos los querellantes conocidos ser\u00e1n notificados por escrito una vez se complete la investigaci\u00f3n.&nbsp; La notificaci\u00f3n incluir\u00e1 lo siguiente:<\/p>\n<ol>\n<li>Si las acciones del empleado fueron apropiadas dentro de las circunstancias o si fueron dentro de los par\u00e1metros de las pol\u00edticas<\/li>\n<li>Cuando las acciones del empleado violaron pol\u00edticas y que el asunto ser\u00e1 abordado por&nbsp; MCSO internamente<\/li>\n<li>Cualquier diciplina impuesta al empleado permitida por ley<\/li>\n<\/ol>\n<p>El Segundo Interdicto Suplementario Permanente\/Orden Sentencia emitido por la Corte de Distrito de los Estado Unidos para el Distrito de Arizona requiere las siguientes acciones:<\/p>\n<p>a. La Oficina de MCSO debe aceptar toda queja civil, ya sea sometida verbalmente o por escrito, en persona, por tel\u00e9fono, por correo o en l\u00ednea; por un querellante, un representante actuando a favor del querellante, o de manera an\u00f3nima; y con o sin firma del querellante.&nbsp; MCSO documentar\u00e1 toda queja por escrito.<\/p>\n<p>b. MCSO deber\u00e1 publicar y mantener pancartas en los idiomas Ingl\u00e9s y Espa\u00f1ol claramente visibles a los miembros del p\u00fablico a todas horas en las oficinas centrales de MCSO, y en todas las instalaciones de Distrito. Las pancartas describir\u00e1n el proceso de quejas civiles e incluir\u00e1n informaci\u00f3n relevante de contacto.<\/p>\n<p>c. Todos los polic\u00edas deber\u00e1n cargar con formularios de quejas en sus patrullas para proveerlos a los miembros del p\u00fablico que expresen el deseo de presentar una queja.<\/p>\n<p>d. Las facilidades de la Oficina de Est\u00e1ndares de MCSO deber\u00e1 estar f\u00e1cilmente accesible a los miembros del p\u00fablico.<\/p>\n<p>e. Los formularios de quejas de MCSO deber\u00e1n estar ampliamente disponibles en todo el Condado de Maricopa.<\/p>\n<p>f. MCSO ha establecido una l\u00ednea gratuita de 24 horas para que los miembros del p\u00fablico presenten sus quejas.&nbsp; El tel\u00e9fono gratuito, l\u00ednea telef\u00f3nica 24 horas, (844) 887-4483 es en Ingl\u00e9s y Espa\u00f1ol.<\/p>\n<p>g. Los formularios de quejas de MCSO deben estar en los idiomas Ingl\u00e9s y Espa\u00f1ol. MCSO deber\u00e1 hacer esfuerzos razonables para asegurarse que los querellantes que hablen otros idiomas (incluyendo lenguage de se\u00f1as) puedan presentar quejas en su idioma de preferencia.&nbsp; El hecho de que un querellante no sepa leer, hablar o escribir Ingl\u00e9s no son motivos para declinar aceptar o investigar una queja.<\/p>\n<p>h. La Oficina de Est\u00e1ndares deber\u00e1 producir un informe semi-anual p\u00fablico sobre las investigaciones de mala conducta.<\/p>\n<p>i. MCSO deber\u00e1 hacer res\u00famenes detallados de investigaciones de asuntos internos completadas y hacerlos f\u00e1cilmente disponibles al p\u00fablico, dentro de lo permitido por la ley estatal.<\/p>\n<p>j. La Oficina de Supervisi\u00f3n Interna de MCSO deber\u00e1 producir un informe de auditor\u00eda p\u00fablica semi-anual sobre las investigaciones de mala conducta.<\/p>\n","protected":false},"excerpt":{"rendered":"<p>Oficina del Sheriff del Condado de Maricopa Programa de Proceso de Quejas Una orden emitida por la Corte de Distrito de los Estados Unidos contiene los requisite para asegurarse de que los miembros de la comunidad del Condado de Maricopa sepan c\u00f3mo radicar quejas sobre la conducta de los empleados de la Oficina del Sheriff [&hellip;]<\/p>\n","protected":false},"author":0,"featured_media":0,"parent":0,"menu_order":0,"comment_status":"closed","ping_status":"closed","template":"","meta":{"_acf_changed":false,"_relevanssi_hide_post":"","_relevanssi_hide_content":"","_relevanssi_pin_for_all":"","_relevanssi_pin_keywords":"","_relevanssi_unpin_keywords":"","_relevanssi_related_keywords":"","_relevanssi_related_include_ids":"","_relevanssi_related_exclude_ids":"","_relevanssi_related_no_append":"","_relevanssi_related_not_related":"","_relevanssi_related_posts":"","_relevanssi_noindex_reason":"","footnotes":""},"class_list":["post-2043","page","type-page","status-publish","hentry"],"acf":{"layout":"default","header-group":{"header-description":"","show-subnav":false,"hide-from-subnav":false},"components":[{"acf_fc_layout":"heading","heading":{"":null,"text":"Oficina del Sheriff del Condado de Maricopa","anchor":"","sub-heading":"","type":"h2","heading-style":"standard"}},{"acf_fc_layout":"heading","heading":{"":null,"text":"Programa de Proceso de Quejas","anchor":"","sub-heading":"","type":"h2","heading-style":"standard"}},{"acf_fc_layout":"text","text":{"text":"Una orden emitida por la Corte de Distrito de los Estados Unidos contiene los requisite para asegurarse de que los miembros de la comunidad del Condado de Maricopa sepan c\u00f3mo radicar quejas sobre la conducta de los empleados de la Oficina del Sheriff del Condado de Maricopa (\u201cMCSO\u201d) por sus siglas en Ingl\u00e9s.\n\nLas quejas pueden ser enviadas directamente a la ACLU de Arizona en <a href=\"https:\/\/action.aclu.org\/secure\/az-complaint-form?ms=web_160324_aff_AZ_\" target=\"_blank\">esta p\u00e1gina web<\/a>.\n\nUsted puede someter quejas sobre la MCSO verbalmente, por tel\u00e9fono, por escrito, en persona, por correo o en l\u00ednea.\n\n<ol><li>Por tel\u00e9fono: (602) 876-5429; Tel\u00e9fono gratuito, l\u00ednea telef\u00f3nica 24 horas (844) 887 4483; mensaje de texto (602) 876-1000; or v\u00eda fax (602) 876-0070<\/li><li>En persona: en cualquier instalaci\u00f3n de MCSO<\/li><li>Por correo:  a la Oficina del Sheriff del Condado de Maricopa, Oficina de Est\u00e1ndares Profesionales,  550 W. Jackson Street, Phoenix, AZ 85003<\/li><li>En l\u00ednea: <a href=\"https:\/\/www.mcso.org\/Contact\" target=\"_blank\">https:\/\/www.mcso.org\/Contact<\/a>. <\/li><\/ol>\n\nQuejas pueden ser presentadas con el Monitor Designado por el Tribunal Federal mediante tel\u00e9fono, por escrito, por correo o en l\u00ednea.\n\n<ol><li>Por tel\u00e9fono: (602) 812-7513<\/li><li>Por correo: Post Office Box 11721, Chandler, AZ 85248-0007<\/li><li>En l\u00ednea: <a href=\"mailto:monitormcso@gmail.com\">monitormcso@gmail.com<\/a><\/li><\/ol>\n\nQuejas tambi\u00e9n podr\u00e1n ser presentadas de manera an\u00f3nima, por alguien actuando en representaci\u00f3n del querellante y las quejas no tienen que ser firmadas.\n\nTodas las quejas del p\u00fablico se remiten a la Oficina de Est\u00e1ndares Profesionales para su investigaci\u00f3n.  Ser\u00e1 notificado por escrito de parte de MCSO una vez la investigaci\u00f3n sea completada.  Esta notificaci\u00f3n incluir\u00e1 las conclusiones de la investigaci\u00f3n y cualquier disciplina impuesta.\n\na. Dentro de los siete d\u00edas de recibir la queja, la Oficina de Est\u00e1ndares Profesionales enviar\u00e1 al querellante no-an\u00f3nimo una Carta de Aceptaci\u00f3n de Queja incluyendo el n\u00famero de seguimiento asignado a la queja y el nombre del investigador asignado. La notificaci\u00f3n informar\u00e1 al querellante c\u00f3mo \u00e9l o ella puede contactar a la Oficina de Est\u00e1ndares Profesionales para preguntar sobre el estatus de su queja.\n\nb Todos los querellantes conocidos ser\u00e1n notificados por escrito una vez se complete la investigaci\u00f3n.  La notificaci\u00f3n incluir\u00e1 lo siguiente:\n\n<ol><li>Si las acciones del empleado fueron apropiadas dentro de las circunstancias o si fueron dentro de los par\u00e1metros de las pol\u00edticas<\/li><li>Cuando las acciones del empleado violaron pol\u00edticas y que el asunto ser\u00e1 abordado por  MCSO internamente<\/li><li>Cualquier diciplina impuesta al empleado permitida por ley<\/li><\/ol>\n\nEl Segundo Interdicto Suplementario Permanente\/Orden Sentencia emitido por la Corte de Distrito de los Estado Unidos para el Distrito de Arizona requiere las siguientes acciones:\n\na. La Oficina de MCSO debe aceptar toda queja civil, ya sea sometida verbalmente o por escrito, en persona, por tel\u00e9fono, por correo o en l\u00ednea; por un querellante, un representante actuando a favor del querellante, o de manera an\u00f3nima; y con o sin firma del querellante.  MCSO documentar\u00e1 toda queja por escrito.\n\nb. MCSO deber\u00e1 publicar y mantener pancartas en los idiomas Ingl\u00e9s y Espa\u00f1ol claramente visibles a los miembros del p\u00fablico a todas horas en las oficinas centrales de MCSO, y en todas las instalaciones de Distrito. Las pancartas describir\u00e1n el proceso de quejas civiles e incluir\u00e1n informaci\u00f3n relevante de contacto.\n\nc. Todos los polic\u00edas deber\u00e1n cargar con formularios de quejas en sus patrullas para proveerlos a los miembros del p\u00fablico que expresen el deseo de presentar una queja.\n\nd. Las facilidades de la Oficina de Est\u00e1ndares de MCSO deber\u00e1 estar f\u00e1cilmente accesible a los miembros del p\u00fablico.\n\ne. Los formularios de quejas de MCSO deber\u00e1n estar ampliamente disponibles en todo el Condado de Maricopa.\n\nf. MCSO ha establecido una l\u00ednea gratuita de 24 horas para que los miembros del p\u00fablico presenten sus quejas.  El tel\u00e9fono gratuito, l\u00ednea telef\u00f3nica 24 horas, (844) 887-4483 es en Ingl\u00e9s y Espa\u00f1ol.\n\ng. Los formularios de quejas de MCSO deben estar en los idiomas Ingl\u00e9s y Espa\u00f1ol. MCSO deber\u00e1 hacer esfuerzos razonables para asegurarse que los querellantes que hablen otros idiomas (incluyendo lenguage de se\u00f1as) puedan presentar quejas en su idioma de preferencia.  El hecho de que un querellante no sepa leer, hablar o escribir Ingl\u00e9s no son motivos para declinar aceptar o investigar una queja.\n\nh. La Oficina de Est\u00e1ndares deber\u00e1 producir un informe semi-anual p\u00fablico sobre las investigaciones de mala conducta.\n\ni. MCSO deber\u00e1 hacer res\u00famenes detallados de investigaciones de asuntos internos completadas y hacerlos f\u00e1cilmente disponibles al p\u00fablico, dentro de lo permitido por la ley estatal.\n\nj. La Oficina de Supervisi\u00f3n Interna de MCSO deber\u00e1 producir un informe de auditor\u00eda p\u00fablica semi-anual sobre las investigaciones de mala conducta."}}],"section":null,"issues":null,"related_content":[],"documents":null},"yoast_head":"<!-- This site is optimized with the Yoast SEO plugin v24.9 - https:\/\/yoast.com\/wordpress\/plugins\/seo\/ -->\n<title>Programa de Proceso de Quejas - ACLU of Arizona<\/title>\n<meta name=\"robots\" content=\"index, follow, max-snippet:-1, max-image-preview:large, max-video-preview:-1\" \/>\n<link rel=\"canonical\" href=\"https:\/\/www.acluaz.org\/es\/programa-de-proceso-de-quejas\/\" \/>\n<meta property=\"og:locale\" content=\"es_ES\" \/>\n<meta property=\"og:type\" content=\"article\" \/>\n<meta property=\"og:title\" content=\"Programa de Proceso de Quejas - ACLU of Arizona\" \/>\n<meta property=\"og:description\" content=\"Oficina del Sheriff del Condado de Maricopa Programa de Proceso de Quejas Una orden emitida por la Corte de Distrito de los Estados Unidos contiene los requisite para asegurarse de que los miembros de la comunidad del Condado de Maricopa sepan c\u00f3mo radicar quejas sobre la conducta de los empleados de la Oficina del Sheriff [&hellip;]\" \/>\n<meta property=\"og:url\" content=\"https:\/\/www.acluaz.org\/es\/programa-de-proceso-de-quejas\/\" \/>\n<meta property=\"og:site_name\" content=\"ACLU of Arizona\" \/>\n<meta property=\"og:image\" content=\"https:\/\/www.acluaz.org\/app\/themes\/aclu-parent\/img\/default_fb_share.jpg\" \/>\n<meta name=\"twitter:card\" content=\"summary_large_image\" \/>\n<script type=\"application\/ld+json\" class=\"yoast-schema-graph\">{\"@context\":\"https:\/\/schema.org\",\"@graph\":[{\"@type\":\"WebPage\",\"@id\":\"https:\/\/www.acluaz.org\/es\/programa-de-proceso-de-quejas\/\",\"url\":\"https:\/\/www.acluaz.org\/es\/programa-de-proceso-de-quejas\/\",\"name\":\"Programa de Proceso de Quejas - ACLU of Arizona\",\"isPartOf\":{\"@id\":\"https:\/\/www.acluaz.org\/#website\"},\"datePublished\":\"2017-04-07T17:15:00+00:00\",\"inLanguage\":\"es-ES\",\"potentialAction\":[{\"@type\":\"ReadAction\",\"target\":[\"https:\/\/www.acluaz.org\/es\/programa-de-proceso-de-quejas\/\"]}]},{\"@type\":\"WebSite\",\"@id\":\"https:\/\/www.acluaz.org\/#website\",\"url\":\"https:\/\/www.acluaz.org\/\",\"name\":\"ACLU of Arizona\",\"description\":\"\",\"publisher\":{\"@id\":\"https:\/\/www.acluaz.org\/#organization\"},\"potentialAction\":[{\"@type\":\"SearchAction\",\"target\":{\"@type\":\"EntryPoint\",\"urlTemplate\":\"https:\/\/www.acluaz.org\/?s={search_term_string}\"},\"query-input\":{\"@type\":\"PropertyValueSpecification\",\"valueRequired\":true,\"valueName\":\"search_term_string\"}}],\"inLanguage\":\"es-ES\"},{\"@type\":\"Organization\",\"@id\":\"https:\/\/www.acluaz.org\/#organization\",\"name\":\"ACLU of Arizona\",\"url\":\"https:\/\/www.acluaz.org\/\",\"logo\":{\"@type\":\"ImageObject\",\"inLanguage\":\"es-ES\",\"@id\":\"https:\/\/www.acluaz.org\/#\/schema\/logo\/image\/\",\"url\":\"https:\/\/www.acluaz.org\/app\/uploads\/2025\/09\/ACLU_Arizona_Moblie-Web_Color_RGB.png\",\"contentUrl\":\"https:\/\/www.acluaz.org\/app\/uploads\/2025\/09\/ACLU_Arizona_Moblie-Web_Color_RGB.png\",\"width\":2084,\"height\":2084,\"caption\":\"ACLU of Arizona\"},\"image\":{\"@id\":\"https:\/\/www.acluaz.org\/#\/schema\/logo\/image\/\"}}]}<\/script>\n<!-- \/ Yoast SEO plugin. -->","yoast_head_json":{"title":"Programa de Proceso de Quejas - ACLU of Arizona","robots":{"index":"index","follow":"follow","max-snippet":"max-snippet:-1","max-image-preview":"max-image-preview:large","max-video-preview":"max-video-preview:-1"},"canonical":"https:\/\/www.acluaz.org\/es\/programa-de-proceso-de-quejas\/","og_locale":"es_ES","og_type":"article","og_title":"Programa de Proceso de Quejas - ACLU of Arizona","og_description":"Oficina del Sheriff del Condado de Maricopa Programa de Proceso de Quejas Una orden emitida por la Corte de Distrito de los Estados Unidos contiene los requisite para asegurarse de que los miembros de la comunidad del Condado de Maricopa sepan c\u00f3mo radicar quejas sobre la conducta de los empleados de la Oficina del Sheriff [&hellip;]","og_url":"https:\/\/www.acluaz.org\/es\/programa-de-proceso-de-quejas\/","og_site_name":"ACLU of Arizona","og_image":[{"url":"https:\/\/www.acluaz.org\/app\/themes\/aclu-parent\/img\/default_fb_share.jpg","type":"","width":"","height":""}],"twitter_card":"summary_large_image","schema":{"@context":"https:\/\/schema.org","@graph":[{"@type":"WebPage","@id":"https:\/\/www.acluaz.org\/es\/programa-de-proceso-de-quejas\/","url":"https:\/\/www.acluaz.org\/es\/programa-de-proceso-de-quejas\/","name":"Programa de Proceso de Quejas - ACLU of Arizona","isPartOf":{"@id":"https:\/\/www.acluaz.org\/#website"},"datePublished":"2017-04-07T17:15:00+00:00","inLanguage":"es-ES","potentialAction":[{"@type":"ReadAction","target":["https:\/\/www.acluaz.org\/es\/programa-de-proceso-de-quejas\/"]}]},{"@type":"WebSite","@id":"https:\/\/www.acluaz.org\/#website","url":"https:\/\/www.acluaz.org\/","name":"ACLU of Arizona","description":"","publisher":{"@id":"https:\/\/www.acluaz.org\/#organization"},"potentialAction":[{"@type":"SearchAction","target":{"@type":"EntryPoint","urlTemplate":"https:\/\/www.acluaz.org\/?s={search_term_string}"},"query-input":{"@type":"PropertyValueSpecification","valueRequired":true,"valueName":"search_term_string"}}],"inLanguage":"es-ES"},{"@type":"Organization","@id":"https:\/\/www.acluaz.org\/#organization","name":"ACLU of Arizona","url":"https:\/\/www.acluaz.org\/","logo":{"@type":"ImageObject","inLanguage":"es-ES","@id":"https:\/\/www.acluaz.org\/#\/schema\/logo\/image\/","url":"https:\/\/www.acluaz.org\/app\/uploads\/2025\/09\/ACLU_Arizona_Moblie-Web_Color_RGB.png","contentUrl":"https:\/\/www.acluaz.org\/app\/uploads\/2025\/09\/ACLU_Arizona_Moblie-Web_Color_RGB.png","width":2084,"height":2084,"caption":"ACLU of Arizona"},"image":{"@id":"https:\/\/www.acluaz.org\/#\/schema\/logo\/image\/"}}]}},"distributor_meta":false,"distributor_terms":false,"distributor_media":false,"distributor_original_site_name":"ACLU of Arizona","distributor_original_site_url":"https:\/\/www.acluaz.org\/es\/","push-errors":false,"_links":{"self":[{"href":"https:\/\/www.acluaz.org\/es\/wp-json\/wp\/v2\/pages\/2043","targetHints":{"allow":["GET"]}}],"collection":[{"href":"https:\/\/www.acluaz.org\/es\/wp-json\/wp\/v2\/pages"}],"about":[{"href":"https:\/\/www.acluaz.org\/es\/wp-json\/wp\/v2\/types\/page"}],"replies":[{"embeddable":true,"href":"https:\/\/www.acluaz.org\/es\/wp-json\/wp\/v2\/comments?post=2043"}],"version-history":[{"count":0,"href":"https:\/\/www.acluaz.org\/es\/wp-json\/wp\/v2\/pages\/2043\/revisions"}],"wp:attachment":[{"href":"https:\/\/www.acluaz.org\/es\/wp-json\/wp\/v2\/media?parent=2043"}],"curies":[{"name":"wp","href":"https:\/\/api.w.org\/{rel}","templated":true}]}}