{"id":2035,"date":"2016-08-01T14:45:00","date_gmt":"2016-08-01T18:45:00","guid":{"rendered":"https:\/\/www.acluaz.org\/solicite-ayuda\/"},"modified":"2016-08-01T14:45:00","modified_gmt":"2016-08-01T18:45:00","slug":"solicite-ayuda","status":"publish","type":"page","link":"https:\/\/www.acluaz.org\/es\/solicite-ayuda\/","title":{"rendered":"SOLICITE AYUDA"},"content":{"rendered":"<p>Please read this page before you ask for help.<br \/>\n<!--more--><\/p>\n<p><strong>LEA ESTA P\u00c1GINA ANTES DE SOLICITAR AYUDA.<\/strong><\/p>\n<p>La ACLU de Arizona recibe cientos de solicitudes de ayuda de personas cada mes y s\u00f3lo puede atender algunas.<\/p>\n<p>Visite nuestra p\u00e1gina de <a href=\"https:\/\/www.acluaz.org\/es\/node\/883\" target=\"_blank\">Recursos<\/a> para ver otras organizaciones que pudieran ayudarlo.<\/p>\n<p><strong>TODAS<\/strong> las quejas deben ser por escrito, ya sea mediante nuestro formulario de queja en l\u00ednea o enviadas por correo postal.<\/p>\n<p>No aceptaremos quejas por tel\u00e9fono, correo electr\u00f3nico o en persona.<\/p>\n<p><strong>Si env\u00eda un formulario de queja, esto no significa que la ACLU de Arizona haya aceptado ayudarlo.<\/strong><\/p>\n<p>No brindaremos asesoramiento legal por tel\u00e9fono, correo electr\u00f3nico o en persona.<\/p>\n<p>Puede tomar hasta <strong><u>8 semanas o m\u00e1s<\/u><\/strong> para atender su queja y enviarle una carta. No tomaremos llamadas telef\u00f3nicas acerca de su queja. Si necesitamos m\u00e1s informaci\u00f3n nos pondremos en contacto con usted.<\/p>\n<p><strong>La ACLU de Arizona no proporcionar\u00e1 servicios inmediatos o de emergencia<\/strong>. Si tiene una fecha l\u00edmite o una fecha de audiencia pr\u00f3xima, busque asistencia legal en otro lado. Vea nuestra p\u00e1gina de <a href=\"https:\/\/www.acluaz.org\/es\/node\/883\" target=\"_blank\">Recursos<\/a>.<\/p>\n<p><strong><em>LO QUE HACEMOS<\/em><\/strong><\/p>\n<p>Por lo general, la ACLU de Arizona toma casos en contra de <strong>agencias gubernamentales <\/strong>donde la ley, la pol\u00edtica o la pr\u00e1ctica afectan los derechos constitucionales, es decir, las libertades civiles y los derechos civiles. Queremos hacer cambios positivos para un n\u00famero grande o considerable de personas que tienen el mismo problema o uno similar.<\/p>\n<p>\u00bfQu\u00e9 son los \"derechos civiles\" y las \"libertades civiles\"?<\/p>\n<p>Las <strong>libertades civiles<\/strong> y los <strong>derechos civiles<\/strong> son derechos y libertades personales que est\u00e1n garantizados en la Carta de Derechos y la Constituci\u00f3n, incluyendo los derechos b\u00e1sicos a no ser discriminados por motivos de raza, orientaci\u00f3n sexual, identidad de g\u00e9nero, discapacidad, edad, religi\u00f3n, etc.<\/p>\n<p>La mayor parte de nuestro trabajo de protecci\u00f3n de los derechos civiles y las libertades civiles es <u>en contra de agencias gubernamentales y <strong>no<\/strong> en contra de organizaciones privadas o individuos<\/u>.<\/p>\n<p><em><strong>ALGUNOS EJEMPLOS DE DERECHOS Y LIBERTADES CIVILES QUE PROTEGEMOS INCLUYEN:<\/strong><\/em><\/p>\n<ul>\n<li>Libertad de expresi\u00f3n y de prensa<\/li>\n<li>Libertad de religi\u00f3n<\/li>\n<li>Derecho al voto<\/li>\n<li>Protecci\u00f3n igualitaria<\/li>\n<li>Derechos de los inmigrantes<\/li>\n<li>Derechos de lesbianas, gays, bisexuales, transg\u00e9neros, y <span style=\"font-size:11.0pt\"><span style=\"font-family:&quot;Calibri&quot;,sans-serif\">gente que no se conforma&nbsp;a las expectaciones heteronomativas<\/span><\/span>; (LGBTQ por sus siglas en ingl\u00e9s), y otros<\/li>\n<li>Igualdad en la educaci\u00f3n<\/li>\n<\/ul>\n<p><strong><em>TENGA EN CUENTA:<\/em><\/strong><\/p>\n<p><strong>La ACLU de Arizona no es similar a la asistencia legal<\/strong>. No proporcionamos asistencia legal general a personas de bajos ingresos.<\/p>\n<p><strong>La ACLU de Arizona no interfiere con el trabajo de otros abogados.<\/strong> Si tiene un abogado, el abogado debe contactarnos.<\/p>\n<p>Los <strong>presos o detenidos<\/strong> con una queja sobre sus condiciones <strong>deben seguir todos los procedimientos para presentar una queja antes de contactarnos<\/strong>. Env\u00edenos copias, NO ORIGINALES, de la presentaci\u00f3n de decisiones y quejas.<\/p>\n<p><strong>Sin costo<\/strong>: si podemos ayudarlo, no cobramos una tarifa.<\/p>\n<p><strong><em>TIPOS DE CASOS EN LOS QUE LA ACLU DE ARIZONA NO AYUDA:<\/em><\/strong><\/p>\n<p>Para encontrar organizaciones y agencias que puedan ayudarlo, visite nuestra p\u00e1gina de <a href=\"https:\/\/www.acluaz.org\/es\/node\/883\" target=\"_blank\">Recursos<\/a>.<\/p>\n<ul>\n<li>Disputas basadas en hechos: cuando las dos partes no est\u00e1n de acuerdo (\"\u00e9l dijo; ella dijo\") sobre cu\u00e1les son los hechos.<\/li>\n<li>Disputas con individuos u organizaciones privadas.<\/li>\n<li>Empleo: generalmente no ayudamos cuando los empleados son despedidos o tratados injustamente en el trabajo, especialmente si el empleador es una empresa privada. Es posible que podamos ayudar a las personas LGBTQ que enfrentan discriminaci\u00f3n en el trabajo.<\/li>\n<li>Ley familiar\/custodia de menores\/manutenci\u00f3n de menores\/divorcio.<\/li>\n<li>Disputas entre el Arrendador e Inquilino o con la Asociaci\u00f3n de Propietarios.<\/li>\n<li>Denegaci\u00f3n de beneficios del gobierno tales como compensaci\u00f3n laboral, seguro de desempleo, seguro social o cupones de alimentos.<\/li>\n<li>Quejas contra jueces, abogados o agentes de libertad condicional.<\/li>\n<li>Casos penales.<\/li>\n<li>Desaf\u00edos legales a condenas o sentencias de prisi\u00f3n.<\/li>\n<li>Casos que son demasiado antiguos (generalmente m\u00e1s de 2 a\u00f1os).<\/li>\n<li>Casos fuera de Arizona: encuentre afiliadas de la ACLU en otros estados visitando el sitio www.aclu.org<\/li>\n<\/ul>\n<p><em><strong>PARA SOLICITAR AYUDA:<\/strong><\/em><\/p>\n<p><strong>He le\u00eddo y comprendido la informaci\u00f3n anterior.<\/strong><\/p>\n<p><strong>Imprima aqu\u00ed un <a href=\"https:\/\/www.acluaz.org\/app\/uploads\/drupal\/sites\/default\/files\/final_new_spanish_complaint_form_packet_3.28.18.pdf\" target=\"_blank\">formulario de quejas para enviarlo a nosotros por correo<\/a>.<\/strong><\/p>\n<p><strong>Complete y env\u00ede el <a href=\"https:\/\/www.acluaz.org\/es\/node\/1118\" target=\"_blank\">formulario de queja en l\u00ednea<\/a>.<\/strong><\/p>\n<p><strong>Puede tomar hasta 8 semanas para que usted reciba nuestra respuesta.<\/strong><\/p>\n<p>Si su situaci\u00f3n es <strong>imperiosa o urgente<\/strong>, consulte nuestra p\u00e1gina de <a href=\"https:\/\/www.acluaz.org\/es\/node\/883\" target=\"_blank\">Recursos<\/a> para conocer otras organizaciones que puedan ayudarlo.<\/p>\n<p><strong>PLAZOS (Estatutos de limitaci\u00f3n)<\/strong>: todas las quejas de tipo legal tienen fechas l\u00edmites. La ACLU de Arizona no le informar\u00e1 qu\u00e9 fechas l\u00edmite de tiempo se aplican a su situaci\u00f3n. Es posible que usted necesite consultar a un abogado de inmediato para averiguar qu\u00e9 fechas l\u00edmite se aplican a su caso.<\/p>\n<p><strong>Visite nuestra <a href=\"https:\/\/www.acluaz.org\/es\/node\/883\" target=\"_blank\">p\u00e1gina de Recursos<\/a> para conocer otras organizaciones que puedan ayudarlo<\/strong>.<\/p>\n","protected":false},"excerpt":{"rendered":"<p>Please read this page before you ask for help.<\/p>\n","protected":false},"author":0,"featured_media":0,"parent":0,"menu_order":0,"comment_status":"closed","ping_status":"closed","template":"","meta":{"_acf_changed":false,"_relevanssi_hide_post":"","_relevanssi_hide_content":"","_relevanssi_pin_for_all":"","_relevanssi_pin_keywords":"","_relevanssi_unpin_keywords":"","_relevanssi_related_keywords":"","_relevanssi_related_include_ids":"","_relevanssi_related_exclude_ids":"","_relevanssi_related_no_append":"","_relevanssi_related_not_related":"","_relevanssi_related_posts":"","_relevanssi_noindex_reason":"","footnotes":""},"class_list":["post-2035","page","type-page","status-publish","hentry"],"acf":{"layout":"default","header-group":{"header-description":"Please read this page before you ask for help. \n","show-subnav":false,"hide-from-subnav":false},"components":[{"acf_fc_layout":"text","text":{"text":"<strong>LEA ESTA P\u00c1GINA ANTES DE SOLICITAR AYUDA.<\/strong>\n\nLa ACLU de Arizona recibe cientos de solicitudes de ayuda de personas cada mes y s\u00f3lo puede atender algunas.\n\nVisite nuestra p\u00e1gina de <a href=\"https:\/\/www.acluaz.org\/es\/node\/883\" target=\"_blank\">Recursos<\/a> para ver otras organizaciones que pudieran ayudarlo.\n\n<strong>TODAS<\/strong> las quejas deben ser por escrito, ya sea mediante nuestro formulario de queja en l\u00ednea o enviadas por correo postal.\n\nNo aceptaremos quejas por tel\u00e9fono, correo electr\u00f3nico o en persona.\n\n<strong>Si env\u00eda un formulario de queja, esto no significa que la ACLU de Arizona haya aceptado ayudarlo.<\/strong>\n\nNo brindaremos asesoramiento legal por tel\u00e9fono, correo electr\u00f3nico o en persona.\n\nPuede tomar hasta <strong>8 semanas o m\u00e1s<\/strong> para atender su queja y enviarle una carta. No tomaremos llamadas telef\u00f3nicas acerca de su queja. Si necesitamos m\u00e1s informaci\u00f3n nos pondremos en contacto con usted.\n\n<strong>La ACLU de Arizona no proporcionar\u00e1 servicios inmediatos o de emergencia<\/strong>. Si tiene una fecha l\u00edmite o una fecha de audiencia pr\u00f3xima, busque asistencia legal en otro lado. Vea nuestra p\u00e1gina de <a href=\"https:\/\/www.acluaz.org\/es\/node\/883\" target=\"_blank\">Recursos<\/a>.\n\n<strong><em>LO QUE HACEMOS<\/em><\/strong>\n\nPor lo general, la ACLU de Arizona toma casos en contra de <strong>agencias gubernamentales <\/strong>donde la ley, la pol\u00edtica o la pr\u00e1ctica afectan los derechos constitucionales, es decir, las libertades civiles y los derechos civiles. Queremos hacer cambios positivos para un n\u00famero grande o considerable de personas que tienen el mismo problema o uno similar.\n\n\u00bfQu\u00e9 son los \"derechos civiles\" y las \"libertades civiles\"?\n\nLas <strong>libertades civiles<\/strong> y los <strong>derechos civiles<\/strong> son derechos y libertades personales que est\u00e1n garantizados en la Carta de Derechos y la Constituci\u00f3n, incluyendo los derechos b\u00e1sicos a no ser discriminados por motivos de raza, orientaci\u00f3n sexual, identidad de g\u00e9nero, discapacidad, edad, religi\u00f3n, etc.\n\nLa mayor parte de nuestro trabajo de protecci\u00f3n de los derechos civiles y las libertades civiles es en contra de agencias gubernamentales y <strong>no<\/strong> en contra de organizaciones privadas o individuos.\n\n<em><strong>ALGUNOS EJEMPLOS DE DERECHOS Y LIBERTADES CIVILES QUE PROTEGEMOS INCLUYEN:<\/strong><\/em>\n\n<ul><li>Libertad de expresi\u00f3n y de prensa<\/li><li>Libertad de religi\u00f3n<\/li><li>Derecho al voto<\/li><li>Protecci\u00f3n igualitaria<\/li><li>Derechos de los inmigrantes<\/li><li>Derechos de lesbianas, gays, bisexuales, transg\u00e9neros, y gente que no se conforma a las expectaciones heteronomativas; (LGBTQ por sus siglas en ingl\u00e9s), y otros<\/li><li>Igualdad en la educaci\u00f3n<\/li><\/ul>\n\n<strong><em>TENGA EN CUENTA:<\/em><\/strong>\n\n<strong>La ACLU de Arizona no es similar a la asistencia legal<\/strong>. No proporcionamos asistencia legal general a personas de bajos ingresos.\n\n<strong>La ACLU de Arizona no interfiere con el trabajo de otros abogados.<\/strong> Si tiene un abogado, el abogado debe contactarnos.\n\nLos <strong>presos o detenidos<\/strong> con una queja sobre sus condiciones <strong>deben seguir todos los procedimientos para presentar una queja antes de contactarnos<\/strong>. Env\u00edenos copias, NO ORIGINALES, de la presentaci\u00f3n de decisiones y quejas.\n\n<strong>Sin costo<\/strong>: si podemos ayudarlo, no cobramos una tarifa.\n\n<strong><em>TIPOS DE CASOS EN LOS QUE LA ACLU DE ARIZONA NO AYUDA:<\/em><\/strong>\n\nPara encontrar organizaciones y agencias que puedan ayudarlo, visite nuestra p\u00e1gina de <a href=\"https:\/\/www.acluaz.org\/es\/node\/883\" target=\"_blank\">Recursos<\/a>.\n\n<ul><li>Disputas basadas en hechos: cuando las dos partes no est\u00e1n de acuerdo (\"\u00e9l dijo; ella dijo\") sobre cu\u00e1les son los hechos.<\/li><li>Disputas con individuos u organizaciones privadas.<\/li><li>Empleo: generalmente no ayudamos cuando los empleados son despedidos o tratados injustamente en el trabajo, especialmente si el empleador es una empresa privada. Es posible que podamos ayudar a las personas LGBTQ que enfrentan discriminaci\u00f3n en el trabajo.<\/li><li>Ley familiar\/custodia de menores\/manutenci\u00f3n de menores\/divorcio.<\/li><li>Disputas entre el Arrendador e Inquilino o con la Asociaci\u00f3n de Propietarios.<\/li><li>Denegaci\u00f3n de beneficios del gobierno tales como compensaci\u00f3n laboral, seguro de desempleo, seguro social o cupones de alimentos.<\/li><li>Quejas contra jueces, abogados o agentes de libertad condicional.<\/li><li>Casos penales.<\/li><li>Desaf\u00edos legales a condenas o sentencias de prisi\u00f3n.<\/li><li>Casos que son demasiado antiguos (generalmente m\u00e1s de 2 a\u00f1os).<\/li><li>Casos fuera de Arizona: encuentre afiliadas de la ACLU en otros estados visitando el sitio www.aclu.org<\/li><\/ul>\n\n<em><strong>PARA SOLICITAR AYUDA:<\/strong><\/em>\n\n<strong>He le\u00eddo y comprendido la informaci\u00f3n anterior.<\/strong>\n\n<strong>Imprima aqu\u00ed un <a href=\"https:\/\/www.acluaz.org\/app\/uploads\/drupal\/sites\/default\/files\/final_new_spanish_complaint_form_packet_3.28.18.pdf\" target=\"_blank\">formulario de quejas para enviarlo a nosotros por correo<\/a>.<\/strong>\n\n<strong>Complete y env\u00ede el <a href=\"https:\/\/www.acluaz.org\/es\/node\/1118\" target=\"_blank\">formulario de queja en l\u00ednea<\/a>.<\/strong>\n\n<strong>Puede tomar hasta 8 semanas para que usted reciba nuestra respuesta.<\/strong>\n\nSi su situaci\u00f3n es <strong>imperiosa o urgente<\/strong>, consulte nuestra p\u00e1gina de <a href=\"https:\/\/www.acluaz.org\/es\/node\/883\" target=\"_blank\">Recursos<\/a> para conocer otras organizaciones que puedan ayudarlo.\n\n<strong>PLAZOS (Estatutos de limitaci\u00f3n)<\/strong>: todas las quejas de tipo legal tienen fechas l\u00edmites. La ACLU de Arizona no le informar\u00e1 qu\u00e9 fechas l\u00edmite de tiempo se aplican a su situaci\u00f3n. Es posible que usted necesite consultar a un abogado de inmediato para averiguar qu\u00e9 fechas l\u00edmite se aplican a su caso.\n\n<strong>Visite nuestra <a href=\"https:\/\/www.acluaz.org\/es\/node\/883\" target=\"_blank\">p\u00e1gina de Recursos<\/a> para conocer otras organizaciones que puedan ayudarlo<\/strong>."}}],"section":null,"issues":null,"related_content":[],"documents":null},"yoast_head":"<!-- This site is optimized with the Yoast SEO plugin v24.9 - https:\/\/yoast.com\/wordpress\/plugins\/seo\/ -->\n<title>SOLICITE AYUDA - ACLU of Arizona<\/title>\n<meta name=\"robots\" content=\"index, follow, max-snippet:-1, max-image-preview:large, max-video-preview:-1\" \/>\n<link rel=\"canonical\" href=\"http:\/\/www.acluaz.org\/es\/solicite-ayuda\/\" \/>\n<meta property=\"og:locale\" content=\"es_ES\" \/>\n<meta property=\"og:type\" content=\"article\" \/>\n<meta property=\"og:title\" content=\"SOLICITE AYUDA - ACLU of Arizona\" \/>\n<meta property=\"og:description\" content=\"Please read this page before you ask for help.\" \/>\n<meta property=\"og:url\" content=\"https:\/\/www.acluaz.org\/es\/solicite-ayuda\/\" \/>\n<meta property=\"og:site_name\" content=\"ACLU of Arizona\" \/>\n<meta property=\"og:image\" content=\"https:\/\/www.acluaz.org\/app\/themes\/aclu-parent\/img\/default_fb_share.jpg\" \/>\n<meta name=\"twitter:card\" content=\"summary_large_image\" \/>\n<script type=\"application\/ld+json\" class=\"yoast-schema-graph\">{\"@context\":\"https:\/\/schema.org\",\"@graph\":[{\"@type\":\"WebPage\",\"@id\":\"http:\/\/www.acluaz.org\/es\/solicite-ayuda\/\",\"url\":\"http:\/\/www.acluaz.org\/es\/solicite-ayuda\/\",\"name\":\"SOLICITE AYUDA - ACLU of Arizona\",\"isPartOf\":{\"@id\":\"https:\/\/www.acluaz.org\/#website\"},\"datePublished\":\"2016-08-01T18:45:00+00:00\",\"inLanguage\":\"es-ES\",\"potentialAction\":[{\"@type\":\"ReadAction\",\"target\":[\"http:\/\/www.acluaz.org\/es\/solicite-ayuda\/\"]}]},{\"@type\":\"WebSite\",\"@id\":\"https:\/\/www.acluaz.org\/#website\",\"url\":\"https:\/\/www.acluaz.org\/\",\"name\":\"ACLU of Arizona\",\"description\":\"\",\"publisher\":{\"@id\":\"https:\/\/www.acluaz.org\/#organization\"},\"potentialAction\":[{\"@type\":\"SearchAction\",\"target\":{\"@type\":\"EntryPoint\",\"urlTemplate\":\"https:\/\/www.acluaz.org\/?s={search_term_string}\"},\"query-input\":{\"@type\":\"PropertyValueSpecification\",\"valueRequired\":true,\"valueName\":\"search_term_string\"}}],\"inLanguage\":\"es-ES\"},{\"@type\":\"Organization\",\"@id\":\"https:\/\/www.acluaz.org\/#organization\",\"name\":\"ACLU of Arizona\",\"url\":\"https:\/\/www.acluaz.org\/\",\"logo\":{\"@type\":\"ImageObject\",\"inLanguage\":\"es-ES\",\"@id\":\"https:\/\/www.acluaz.org\/#\/schema\/logo\/image\/\",\"url\":\"https:\/\/www.acluaz.org\/app\/uploads\/2025\/09\/ACLU_Arizona_Moblie-Web_Color_RGB.png\",\"contentUrl\":\"https:\/\/www.acluaz.org\/app\/uploads\/2025\/09\/ACLU_Arizona_Moblie-Web_Color_RGB.png\",\"width\":2084,\"height\":2084,\"caption\":\"ACLU of Arizona\"},\"image\":{\"@id\":\"https:\/\/www.acluaz.org\/#\/schema\/logo\/image\/\"}}]}<\/script>\n<!-- \/ Yoast SEO plugin. -->","yoast_head_json":{"title":"SOLICITE AYUDA - ACLU of Arizona","robots":{"index":"index","follow":"follow","max-snippet":"max-snippet:-1","max-image-preview":"max-image-preview:large","max-video-preview":"max-video-preview:-1"},"canonical":"http:\/\/www.acluaz.org\/es\/solicite-ayuda\/","og_locale":"es_ES","og_type":"article","og_title":"SOLICITE AYUDA - ACLU of Arizona","og_description":"Please read this page before you ask for help.","og_url":"https:\/\/www.acluaz.org\/es\/solicite-ayuda\/","og_site_name":"ACLU of Arizona","og_image":[{"url":"https:\/\/www.acluaz.org\/app\/themes\/aclu-parent\/img\/default_fb_share.jpg","type":"","width":"","height":""}],"twitter_card":"summary_large_image","schema":{"@context":"https:\/\/schema.org","@graph":[{"@type":"WebPage","@id":"http:\/\/www.acluaz.org\/es\/solicite-ayuda\/","url":"http:\/\/www.acluaz.org\/es\/solicite-ayuda\/","name":"SOLICITE AYUDA - ACLU of Arizona","isPartOf":{"@id":"https:\/\/www.acluaz.org\/#website"},"datePublished":"2016-08-01T18:45:00+00:00","inLanguage":"es-ES","potentialAction":[{"@type":"ReadAction","target":["http:\/\/www.acluaz.org\/es\/solicite-ayuda\/"]}]},{"@type":"WebSite","@id":"https:\/\/www.acluaz.org\/#website","url":"https:\/\/www.acluaz.org\/","name":"ACLU of Arizona","description":"","publisher":{"@id":"https:\/\/www.acluaz.org\/#organization"},"potentialAction":[{"@type":"SearchAction","target":{"@type":"EntryPoint","urlTemplate":"https:\/\/www.acluaz.org\/?s={search_term_string}"},"query-input":{"@type":"PropertyValueSpecification","valueRequired":true,"valueName":"search_term_string"}}],"inLanguage":"es-ES"},{"@type":"Organization","@id":"https:\/\/www.acluaz.org\/#organization","name":"ACLU of Arizona","url":"https:\/\/www.acluaz.org\/","logo":{"@type":"ImageObject","inLanguage":"es-ES","@id":"https:\/\/www.acluaz.org\/#\/schema\/logo\/image\/","url":"https:\/\/www.acluaz.org\/app\/uploads\/2025\/09\/ACLU_Arizona_Moblie-Web_Color_RGB.png","contentUrl":"https:\/\/www.acluaz.org\/app\/uploads\/2025\/09\/ACLU_Arizona_Moblie-Web_Color_RGB.png","width":2084,"height":2084,"caption":"ACLU of Arizona"},"image":{"@id":"https:\/\/www.acluaz.org\/#\/schema\/logo\/image\/"}}]}},"distributor_meta":false,"distributor_terms":false,"distributor_media":false,"distributor_original_site_name":"ACLU of Arizona","distributor_original_site_url":"https:\/\/www.acluaz.org\/es\/","push-errors":false,"_links":{"self":[{"href":"https:\/\/www.acluaz.org\/es\/wp-json\/wp\/v2\/pages\/2035","targetHints":{"allow":["GET"]}}],"collection":[{"href":"https:\/\/www.acluaz.org\/es\/wp-json\/wp\/v2\/pages"}],"about":[{"href":"https:\/\/www.acluaz.org\/es\/wp-json\/wp\/v2\/types\/page"}],"replies":[{"embeddable":true,"href":"https:\/\/www.acluaz.org\/es\/wp-json\/wp\/v2\/comments?post=2035"}],"version-history":[{"count":0,"href":"https:\/\/www.acluaz.org\/es\/wp-json\/wp\/v2\/pages\/2035\/revisions"}],"wp:attachment":[{"href":"https:\/\/www.acluaz.org\/es\/wp-json\/wp\/v2\/media?parent=2035"}],"curies":[{"name":"wp","href":"https:\/\/api.w.org\/{rel}","templated":true}]}}