{"id":1917,"date":"2016-07-26T17:45:00","date_gmt":"2016-07-26T21:45:00","guid":{"rendered":"https:\/\/www.acluaz.org\/contact-us\/"},"modified":"2016-07-26T17:45:00","modified_gmt":"2016-07-26T21:45:00","slug":"contact-us","status":"publish","type":"page","link":"https:\/\/www.acluaz.org\/es\/contact-us\/","title":{"rendered":"Contact Us"},"content":{"rendered":"<div><strong>Tel\u00e9fono:<\/strong>&nbsp;&nbsp;(602) 650-1854&nbsp;<\/div>\n<div>&nbsp;<\/div>\n<div><strong>Correo Electr\u00f3nico:<\/strong>&nbsp; info@acluaz.org<\/div>\n<div>&nbsp;<\/div>\n<div><strong>Direcci\u00f3n de Envio*<\/strong><\/div>\n<div>La Uni\u00f3n Americana de Libertades Civiles de Arizona<\/div>\n<div>CORREOS. 17148 cuadro<\/div>\n<div>Phoenix, AZ 85011<\/div>\n<div>&nbsp;<\/div>\n<p><em>* La ACLU de Arizona no tiene un cargo p\u00fablico para visitas sin cita previa.<\/em><\/p>\n<p>La ACLU no revisa las solicitudes de asistencia legal en persona, por tel\u00e9fono o por correo electr\u00f3nico. Para presentar una queja a la consideraci\u00f3n que debe rellenar nuestro <a href=\"https:\/\/intake.acluaz.org\/\">formulario de queja.<\/a><\/p>\n<p><a href=\"https:\/\/intake.acluaz.org\/\"><strong><u>\u2192 Haga clic aqu\u00ed para presentar una reclamaci\u00f3n, en el ACLU CONSIDERAR \u2190<\/u><\/strong><\/a><\/p>\n<p><strong>TENGA EN CUENTA:<\/strong><\/p>\n<ul>\n<li>La ACLU-AZ no es un servicio jur\u00eddico general y es incapaz de responder a las preguntas legales, art\u00edculos de revisi\u00f3n, llevar a cabo la investigaci\u00f3n jur\u00eddica, proporcionar informaci\u00f3n acerca de los plazos legales que podr\u00edan aplicarse a su situaci\u00f3n o proporcionarle otro tipo de asistencia a menos que aceptemos su caso.&nbsp;&nbsp;<\/li>\n<li><strong>Todas las solicitudes de asistente legal o consultas legales deben presentarse completando nuestro formulario de queja.<\/strong><\/li>\n<li>Por favor, visite la secci\u00f3n \"<strong>Get Help<\/strong>\" de nuestra p\u00e1gina web para obtener informaci\u00f3n sobre el tipo de asistencia legal proporcionada a trav\u00e9s de la ACLU y la forma de presentar una solicitud de ayuda.<\/li>\n<li><strong>El Correro electronico y la informacion \"formulario de contacto\" se van a utilizar para las preguntas o commentarios generales.<\/strong><\/li>\n<\/ul>\n","protected":false},"excerpt":{"rendered":"<p>Tel\u00e9fono:&nbsp;&nbsp;(602) 650-1854&nbsp; &nbsp; Correo Electr\u00f3nico:&nbsp; info@acluaz.org &nbsp; Direcci\u00f3n de Envio* La Uni\u00f3n Americana de Libertades Civiles de Arizona CORREOS. 17148 cuadro Phoenix, AZ 85011 &nbsp; * La ACLU de Arizona no tiene un cargo p\u00fablico para visitas sin cita previa. La ACLU no revisa las solicitudes de asistencia legal en persona, por tel\u00e9fono o por [&hellip;]<\/p>\n","protected":false},"author":0,"featured_media":0,"parent":0,"menu_order":0,"comment_status":"closed","ping_status":"closed","template":"","meta":{"_acf_changed":false,"_relevanssi_hide_post":"","_relevanssi_hide_content":"","_relevanssi_pin_for_all":"","_relevanssi_pin_keywords":"","_relevanssi_unpin_keywords":"","_relevanssi_related_keywords":"","_relevanssi_related_include_ids":"","_relevanssi_related_exclude_ids":"","_relevanssi_related_no_append":"","_relevanssi_related_not_related":"","_relevanssi_related_posts":"","_relevanssi_noindex_reason":"","footnotes":""},"class_list":["post-1917","page","type-page","status-publish","hentry"],"acf":{"layout":"default","header-group":{"header-description":"","show-subnav":false,"hide-from-subnav":false},"components":[{"acf_fc_layout":"notice","notice":{"":null,"title":"","text":"","color-scheme":"white"}},{"acf_fc_layout":"heading","heading":{"":null,"text":"","anchor":"","sub-heading":"","type":"h2","heading-style":"standard"}},{"acf_fc_layout":"text","text":{"text":""}},{"acf_fc_layout":"heading","heading":{"":null,"text":"","anchor":"","sub-heading":"","type":"h2","heading-style":"standard"}},{"acf_fc_layout":"text","text":{"text":""}},{"acf_fc_layout":"heading","heading":{"":null,"text":"","anchor":"","sub-heading":"","type":"h2","heading-style":"standard"}},{"acf_fc_layout":"text","text":{"text":""}},{"acf_fc_layout":"buttons","buttons":{"primary":{"text":"","link":""},"secondary":{"text":"","link":""}}}],"section":null,"issues":"","related_content":"","documents":null},"yoast_head":"<!-- This site is optimized with the Yoast SEO plugin v24.9 - https:\/\/yoast.com\/wordpress\/plugins\/seo\/ -->\n<title>Contact Us - ACLU of Arizona<\/title>\n<meta name=\"robots\" content=\"index, follow, max-snippet:-1, max-image-preview:large, max-video-preview:-1\" \/>\n<link rel=\"canonical\" href=\"http:\/\/www.acluaz.org\/es\/contact-us\/\" \/>\n<meta property=\"og:locale\" content=\"es_ES\" \/>\n<meta property=\"og:type\" content=\"article\" \/>\n<meta property=\"og:title\" content=\"Contact Us - ACLU of Arizona\" \/>\n<meta property=\"og:description\" content=\"Tel\u00e9fono:&nbsp;&nbsp;(602) 650-1854&nbsp; &nbsp; Correo Electr\u00f3nico:&nbsp; info@acluaz.org &nbsp; Direcci\u00f3n de Envio* La Uni\u00f3n Americana de Libertades Civiles de Arizona CORREOS. 17148 cuadro Phoenix, AZ 85011 &nbsp; * La ACLU de Arizona no tiene un cargo p\u00fablico para visitas sin cita previa. La ACLU no revisa las solicitudes de asistencia legal en persona, por tel\u00e9fono o por [&hellip;]\" \/>\n<meta property=\"og:url\" content=\"https:\/\/www.acluaz.org\/es\/contact-us\/\" \/>\n<meta property=\"og:site_name\" content=\"ACLU of Arizona\" \/>\n<meta property=\"og:image\" content=\"https:\/\/www.acluaz.org\/app\/themes\/aclu-parent\/img\/default_fb_share.jpg\" \/>\n<meta name=\"twitter:card\" content=\"summary_large_image\" \/>\n<script type=\"application\/ld+json\" class=\"yoast-schema-graph\">{\"@context\":\"https:\/\/schema.org\",\"@graph\":[{\"@type\":\"WebPage\",\"@id\":\"http:\/\/www.acluaz.org\/es\/contact-us\/\",\"url\":\"http:\/\/www.acluaz.org\/es\/contact-us\/\",\"name\":\"Contact Us - ACLU of Arizona\",\"isPartOf\":{\"@id\":\"https:\/\/www.acluaz.org\/#website\"},\"datePublished\":\"2016-07-26T21:45:00+00:00\",\"inLanguage\":\"es-ES\",\"potentialAction\":[{\"@type\":\"ReadAction\",\"target\":[\"http:\/\/www.acluaz.org\/es\/contact-us\/\"]}]},{\"@type\":\"WebSite\",\"@id\":\"https:\/\/www.acluaz.org\/#website\",\"url\":\"https:\/\/www.acluaz.org\/\",\"name\":\"ACLU of Arizona\",\"description\":\"\",\"publisher\":{\"@id\":\"https:\/\/www.acluaz.org\/#organization\"},\"potentialAction\":[{\"@type\":\"SearchAction\",\"target\":{\"@type\":\"EntryPoint\",\"urlTemplate\":\"https:\/\/www.acluaz.org\/?s={search_term_string}\"},\"query-input\":{\"@type\":\"PropertyValueSpecification\",\"valueRequired\":true,\"valueName\":\"search_term_string\"}}],\"inLanguage\":\"es-ES\"},{\"@type\":\"Organization\",\"@id\":\"https:\/\/www.acluaz.org\/#organization\",\"name\":\"ACLU of Arizona\",\"url\":\"https:\/\/www.acluaz.org\/\",\"logo\":{\"@type\":\"ImageObject\",\"inLanguage\":\"es-ES\",\"@id\":\"https:\/\/www.acluaz.org\/#\/schema\/logo\/image\/\",\"url\":\"https:\/\/www.acluaz.org\/app\/uploads\/2025\/09\/ACLU_Arizona_Moblie-Web_Color_RGB.png\",\"contentUrl\":\"https:\/\/www.acluaz.org\/app\/uploads\/2025\/09\/ACLU_Arizona_Moblie-Web_Color_RGB.png\",\"width\":2084,\"height\":2084,\"caption\":\"ACLU of Arizona\"},\"image\":{\"@id\":\"https:\/\/www.acluaz.org\/#\/schema\/logo\/image\/\"}}]}<\/script>\n<!-- \/ Yoast SEO plugin. -->","yoast_head_json":{"title":"Contact Us - ACLU of Arizona","robots":{"index":"index","follow":"follow","max-snippet":"max-snippet:-1","max-image-preview":"max-image-preview:large","max-video-preview":"max-video-preview:-1"},"canonical":"http:\/\/www.acluaz.org\/es\/contact-us\/","og_locale":"es_ES","og_type":"article","og_title":"Contact Us - ACLU of Arizona","og_description":"Tel\u00e9fono:&nbsp;&nbsp;(602) 650-1854&nbsp; &nbsp; Correo Electr\u00f3nico:&nbsp; info@acluaz.org &nbsp; Direcci\u00f3n de Envio* La Uni\u00f3n Americana de Libertades Civiles de Arizona CORREOS. 17148 cuadro Phoenix, AZ 85011 &nbsp; * La ACLU de Arizona no tiene un cargo p\u00fablico para visitas sin cita previa. La ACLU no revisa las solicitudes de asistencia legal en persona, por tel\u00e9fono o por [&hellip;]","og_url":"https:\/\/www.acluaz.org\/es\/contact-us\/","og_site_name":"ACLU of Arizona","og_image":[{"url":"https:\/\/www.acluaz.org\/app\/themes\/aclu-parent\/img\/default_fb_share.jpg","type":"","width":"","height":""}],"twitter_card":"summary_large_image","schema":{"@context":"https:\/\/schema.org","@graph":[{"@type":"WebPage","@id":"http:\/\/www.acluaz.org\/es\/contact-us\/","url":"http:\/\/www.acluaz.org\/es\/contact-us\/","name":"Contact Us - ACLU of Arizona","isPartOf":{"@id":"https:\/\/www.acluaz.org\/#website"},"datePublished":"2016-07-26T21:45:00+00:00","inLanguage":"es-ES","potentialAction":[{"@type":"ReadAction","target":["http:\/\/www.acluaz.org\/es\/contact-us\/"]}]},{"@type":"WebSite","@id":"https:\/\/www.acluaz.org\/#website","url":"https:\/\/www.acluaz.org\/","name":"ACLU of Arizona","description":"","publisher":{"@id":"https:\/\/www.acluaz.org\/#organization"},"potentialAction":[{"@type":"SearchAction","target":{"@type":"EntryPoint","urlTemplate":"https:\/\/www.acluaz.org\/?s={search_term_string}"},"query-input":{"@type":"PropertyValueSpecification","valueRequired":true,"valueName":"search_term_string"}}],"inLanguage":"es-ES"},{"@type":"Organization","@id":"https:\/\/www.acluaz.org\/#organization","name":"ACLU of Arizona","url":"https:\/\/www.acluaz.org\/","logo":{"@type":"ImageObject","inLanguage":"es-ES","@id":"https:\/\/www.acluaz.org\/#\/schema\/logo\/image\/","url":"https:\/\/www.acluaz.org\/app\/uploads\/2025\/09\/ACLU_Arizona_Moblie-Web_Color_RGB.png","contentUrl":"https:\/\/www.acluaz.org\/app\/uploads\/2025\/09\/ACLU_Arizona_Moblie-Web_Color_RGB.png","width":2084,"height":2084,"caption":"ACLU of Arizona"},"image":{"@id":"https:\/\/www.acluaz.org\/#\/schema\/logo\/image\/"}}]}},"distributor_meta":false,"distributor_terms":false,"distributor_media":false,"distributor_original_site_name":"ACLU of Arizona","distributor_original_site_url":"https:\/\/www.acluaz.org\/es\/","push-errors":false,"_links":{"self":[{"href":"https:\/\/www.acluaz.org\/es\/wp-json\/wp\/v2\/pages\/1917","targetHints":{"allow":["GET"]}}],"collection":[{"href":"https:\/\/www.acluaz.org\/es\/wp-json\/wp\/v2\/pages"}],"about":[{"href":"https:\/\/www.acluaz.org\/es\/wp-json\/wp\/v2\/types\/page"}],"replies":[{"embeddable":true,"href":"https:\/\/www.acluaz.org\/es\/wp-json\/wp\/v2\/comments?post=1917"}],"version-history":[{"count":0,"href":"https:\/\/www.acluaz.org\/es\/wp-json\/wp\/v2\/pages\/1917\/revisions"}],"wp:attachment":[{"href":"https:\/\/www.acluaz.org\/es\/wp-json\/wp\/v2\/media?parent=1917"}],"curies":[{"name":"wp","href":"https:\/\/api.w.org\/{rel}","templated":true}]}}