{"id":1862,"date":"2014-06-11T20:00:00","date_gmt":"2014-06-12T00:00:00","guid":{"rendered":"https:\/\/www.acluaz.org\/changing-mcso\/"},"modified":"2014-06-11T20:00:00","modified_gmt":"2014-06-12T00:00:00","slug":"changing-mcso","status":"publish","type":"page","link":"https:\/\/www.acluaz.org\/es\/changing-mcso\/","title":{"rendered":"Changing MCSO"},"content":{"rendered":"<p class=\"alt\"><strong>Acera&nbsp;<\/strong><\/p>\n<p class=\"Heading11\">En Ortega Melendres v Arpaio, un caso que se inici\u00f3 en 2008, la ACLU de Arizona y otras organizaciones de derechos civiles representan a&nbsp; varios individuos y la organizaci\u00f3n, Somos Am\u00e9rica en una demanda colectiva contra el alguacil del condado de Maricopa, Joe Arpaio, la Oficina del Sheriff del Condado de Maricopa (MCSO por sus siglas en ingl\u00e9s) y el condado de Maricopa sobre discriminaci\u00f3n racial contra los latinos.<\/p>\n<p>La demanda acus\u00f3 que Sheriff Arpaio y el MCSO ilegalmente instituyeron un patr\u00f3n y pr\u00e1ctica durante las barridas de inmigraci\u00f3n y los retenes de tr\u00e1fico en cual las investigaciones y detenciones fueron motivadas por raza y origen \u00e9tnico de conductores y pasajeros.<\/p>\n<p>El 24 de mayo de 2013, el juez G. Murray Snow dict\u00f3 una orden de 142 p\u00e1ginas, encontrando que las pol\u00edticas y pr\u00e1cticas de Arpaio y de su oficina son discriminatorias y violan los derechos fundamentales protegidos por la Constituci\u00f3n de los EE.UU, el T\u00edtulo IV de la Ley de Derechos Civiles de 1964 y la Constituci\u00f3n de Arizona.<\/p>\n<p>En su orden, el juez Snow estableci\u00f3 requisitos de largo alcance para prevenir el continuo perfil racial por el alguacil Arpaio y el MCSO incluyendo la designaci\u00f3n de un monitor independiente y un consejo consultivo de la comunidad para supervisar el cumplimiento de MCSO con la orden.<\/p>\n<p>La ACLU de Arizona ha sido nombrado representante de los demandantes durante el per\u00edodo de reforma, que durar\u00e1 al menos tres a\u00f1os, y est\u00e1 trabajando con el monitor&nbsp; y el consejo de la comunidad para asegurar que los cambios se lleven a cabo dentro de la MCSO. &nbsp;<\/p>\n<p class=\"alt\"><strong>Monitor Independiente<\/strong><\/p>\n<p>Despu\u00e9s de determinar que el Alguacil Joe Arpaio y la Oficina del Alguacil del Condado Maricopa tuvieron un patr\u00f3n y pr\u00e1ctica a nivel agencia de utilizar la raza\u2014y no la criminalidad\u2014para tomar como objetivo a personas para hacer una investigaci\u00f3n y detenci\u00f3n, y para hacer paradas e incautaciones ilegales, en violaci\u00f3n de los derechos protegidos por la Constituci\u00f3n de EE.UU., el juez federal G. Murray Snow design\u00f3 a un monitor externo, el jefe de polic\u00eda (retirado) Robert S. Warshaw y a su equipo para evaluar y reportar sobre la implementaci\u00f3n de la orden correctiva de parte del MCSO.<\/p>\n<p><a href=\"http:\/\/cambiandomcso.org\/wp-content\/uploads\/2014\/06\/12.09.2013-Exhibit-A-Robert-Warshaw-Proposal-with-Resume.pdf\">Pulse aqu\u00ed&nbsp;<\/a>para leer la orden del juez Snow designando al ex jefe de polic\u00eda Warshaw como monitor del MCSO.<\/p>\n<p>Warshaw es un ex jefe de la polic\u00eda de Rochester, Nueva York, que tiene experiencia significativa como monitor de agencias policiales designado judicialmente, y fue nominado para el cargo por la ACLU.&nbsp;<a href=\"http:\/\/cambiandomcso.org\/wp-content\/uploads\/2014\/06\/01.17.2014-Order-Appointing-Monitor.pdf\">Pulse aqu\u00ed<\/a>&nbsp;para leer la propuesta de monitoreo del ex jefe de polic\u00eda Warshaw presentada al tribunal.<\/p>\n<p>El ex jefe de polic\u00eda Warshaw fue designado en enero de 2014 y ser\u00e1 responsable de garantizar que el MCSO cumpla con todas las reformas que el juez Snow orden\u00f3 implementar a la oficina del alguacil. El ex jefe de polic\u00eda Warshaw realizar\u00e1 regularmente reuniones p\u00fablicas y distribuir\u00e1 informes sobre el progreso del MCSO. El aviso de estas reuniones y de estos informes ser\u00e1 publicado en este sitio de Internet.<\/p>\n<p><strong>El p\u00fablico puede ponerse en contacto con el equipo del Jefe Warshaw directamente:<\/strong><\/p>\n<ul>\n<li><strong>Email: monitormcso@gmail.com<\/strong><\/li>\n<li><strong>Tel\u00e9fono: 602-812-7513<\/strong><\/li>\n<li><strong>Correo:<\/strong><br \/>MCSO Monitoring Team<br \/>P.O. Box 11721<br \/>Chandler AZ 85248-0007<\/li>\n<\/ul>\n<p class=\"alt\"><strong>Consejo Consultivo de la Comunidad<\/strong><\/p>\n<p>En mayo 2014, la ACLU nombr\u00f3 a tres individuos que servir\u00e1n en el Consejo Consultivo de la Comunidad que un juez federal creo para fomentar la confianza del p\u00fablico en el MCSO y su proceso de reforma. El consejo trabajar\u00e1 con la comunidad y con el monitor asignado por el tribunal para reunir preocupaciones y proporcionar retroalimentaci\u00f3n acerca de las pol\u00edticas y pr\u00e1cticas del MCSO. El consejo de tres miembros incluye a:<\/p>\n<ul>\n<li>\n<p>Ron Gomez<\/p>\n<\/li>\n<li>\n<p>Sylvia Herrera, Ph.D.<\/p>\n<\/li>\n<li>\n<p>Ayensa Millan<\/p>\n<\/li>\n<li>\n<p>Raul Pi\u00f1a<\/p>\n<\/li>\n<li>\n<p>Carlos Velasco&nbsp;<\/p>\n<\/li>\n<\/ul>\n<p>En mayo de 2013, el Juez del Tribunal de Distrito de EE.UU., G. Murray Snow emiti\u00f3 un fallo sobre una demanda colectiva de la ACLU,&nbsp;<em>Ortega Melendres vs. Arpaio<\/em>, en nombre de latinos en el Condado Maricopa. El juez Snow determin\u00f3 que el MCSO hab\u00eda violado la Decimocuarta Enmienda de la Constituci\u00f3n de EE.UU. al tomar como objetivo a los latinos para hacer paradas de tr\u00e1fico y que hab\u00eda violado la Cuarta Enmienda al detener a latinos si una justificaci\u00f3n legal v\u00e1lida.<\/p>\n<p>Posteriormente, el juez Snow emiti\u00f3 un interdicto permanente como un remedio por las violaciones constitucionales. Este mandamiento judicial incluye muchos cambios a las pol\u00edticas y pr\u00e1cticas del MCSO, designa a un monitor independiente para supervisar el cumplimiento del MCSO y crea un Consejo Consultivo de la Comunidad, el cual se reunir\u00e1 tres veces al a\u00f1o durante todo el tiempo que la orden est\u00e9 en efecto.<\/p>\n<p>De acuerdo al interdicto enmendado del juez Snow, el Consejo Consultivo de la Comunidad:<\/p>\n<ul>\n<li>Har\u00e1 m\u00e1s f\u00e1cil un di\u00e1logo regular con el monitor, Robert Warshaw, y su equipo, y con los l\u00edderes de las comunidades latinas del Condado Maricopa.<\/li>\n<li>Proporcionar\u00e1 recomendaciones acerca de las pol\u00edticas y pr\u00e1cticas relacionadas al cumplimiento de la agencia con el remedio del tribunal.<\/li>\n<li>Comunicar\u00e1 y\/o recoger\u00e1 preocupaciones de la comunidad acerca de las pr\u00e1cticas del MCSO que puedan violar las disposiciones del interdicto.<\/li>\n<li>Transmitir\u00e1 preocupaciones de la comunidad al monitor para su investigaci\u00f3n y\/o acci\u00f3n.<\/li>\n<\/ul>\n<p>El monitor coordinar\u00e1 las reuniones del Consejo Consultivo de la Comunidad.<\/p>\n<p>Para ser un miembro voluntario del Consejo de Consultvo de la Comunidad, <a href=\"https:\/\/www.acluaz.org\/app\/uploads\/drupal\/sites\/default\/files\/wysiwyg\/cab_job_description_-_final_002.pdf\" target=\"_blank\">pulse aqui<\/a>.&nbsp;<\/p>\n<p><a href=\"https:\/\/www.acluaz.org\/app\/uploads\/drupal\/sites\/default\/files\/cab-members.pdf\" target=\"_blank\">Pulse aqu\u00ed<\/a> para leer el documento entregado por la ACLU, el cual notifica al tribunal acerca del Consejo Consultivo de la Comunidad. <a href=\"https:\/\/www.acluaz.org\/app\/uploads\/drupal\/sites\/default\/files\/plaintiffs_notice_of_cab_members.pdf\" target=\"_blank\">Este documento<\/a> incluye las biograf\u00edas ampliadas de los miembros del consejo.<\/p>\n<p class=\"alt\"><strong>Presente una Queja<\/strong><\/p>\n<p>Usted puede presentar una queja acerca de la Oficina del Sheriff del Condado de Maricopa (MCSO)&nbsp;<a href=\"https:\/\/action.aclu.org\/secure\/az-complaint-form?ms=web_160324_aff_AZ_\" target=\"_blank\">aqu\u00ed<\/a>. Esta queja ser\u00e1 revisada por la ACLU de Arizona y se le informara al equipo del monitor Chief Warshaw y el Consejo Comunitario.<\/p>\n<p><strong>El p\u00fablico puede ponerse en contacto con el equipo del Jefe Warshaw directamente:<\/strong><\/p>\n<ul>\n<li><strong>Email: monitormcso@gmail.com<\/strong><\/li>\n<li><strong>Tel\u00e9fono: 602-812-7513<\/strong><\/li>\n<li><strong>Correo:<\/strong><br \/>MCSO Monitoring Team<br \/>P.O. Box 11721<br \/>Chandler AZ 85248-0007<\/li>\n<\/ul>\n<p>Si presenta una queja por parte de este formulario no es una solicitud, ni una oferta por la ACLU de Arizona (ACLU-AZ) para que lo represente. No podemos prometer que la informaci\u00f3n que proporcione conducir\u00e1 a ninguna acci\u00f3n espec\u00edfica por parte de ACLU-AZ o cualquier otra parte.<\/p>\n<p>Si usted llena este formulario, usted acepta que ACLU-AZ ni la ACLU Nacional pueden utilizar la informaci\u00f3n que usted nos da, siempre y cuando no se incluye su nombre, direcci\u00f3n, correo electr\u00f3nico o n\u00famero de tel\u00e9fono,para uno o m\u00e1s de los siguientes prop\u00f3sitos: (1) testimonio legislativo; (2) los litigios; (3) poner en contacto una agencia municipal, estatal o federal; o (4) contar su historia al p\u00fablico, incluyendo a los medios de comunicaci\u00f3n. Si ACLU-AZ o la ACLU Nacional quiere identificarlo,nos pondremos en contacto con usted antes de hacerlo.<\/p>\n<p>La ACLU mantendr\u00e1 su nombre, direcci\u00f3n, n\u00famero de tel\u00e9fono y correo electr\u00f3nico confidencial, a menos que usted nos da permiso para usar o menos que se nos ordena darle informaci\u00f3n a la corte (vamos a tratar de mantener su informaci\u00f3n privada).<\/p>\n<p>Para m\u00e1s informaci\u00f3n sobre el programa de proceso de quejas de la Oficina del Sheriff del Condado de Maricopa, <a href=\"https:\/\/www.acluaz.org\/mcso-complaint-process-program\" target=\"_blank\">pulse aqu\u00ed<\/a>.&nbsp;<\/p>\n","protected":false},"excerpt":{"rendered":"<p>Acera&nbsp; En Ortega Melendres v Arpaio, un caso que se inici\u00f3 en 2008, la ACLU de Arizona y otras organizaciones de derechos civiles representan a&nbsp; varios individuos y la organizaci\u00f3n, Somos Am\u00e9rica en una demanda colectiva contra el alguacil del condado de Maricopa, Joe Arpaio, la Oficina del Sheriff del Condado de Maricopa (MCSO por [&hellip;]<\/p>\n","protected":false},"author":0,"featured_media":0,"parent":0,"menu_order":0,"comment_status":"closed","ping_status":"closed","template":"","meta":{"_acf_changed":false,"_relevanssi_hide_post":"","_relevanssi_hide_content":"","_relevanssi_pin_for_all":"","_relevanssi_pin_keywords":"","_relevanssi_unpin_keywords":"","_relevanssi_related_keywords":"","_relevanssi_related_include_ids":"","_relevanssi_related_exclude_ids":"","_relevanssi_related_no_append":"","_relevanssi_related_not_related":"","_relevanssi_related_posts":"","_relevanssi_noindex_reason":"","footnotes":""},"class_list":["post-1862","page","type-page","status-publish","hentry"],"acf":{"layout":"default","header-group":{"header-description":"","show-subnav":false,"hide-from-subnav":false},"components":[{"acf_fc_layout":"text","text":{"text":"<strong>Acera <\/strong>\n\nEn Ortega Melendres v Arpaio, un caso que se inici\u00f3 en 2008, la ACLU de Arizona y otras organizaciones de derechos civiles representan a  varios individuos y la organizaci\u00f3n, Somos Am\u00e9rica en una demanda colectiva contra el alguacil del condado de Maricopa, Joe Arpaio, la Oficina del Sheriff del Condado de Maricopa (MCSO por sus siglas en ingl\u00e9s) y el condado de Maricopa sobre discriminaci\u00f3n racial contra los latinos.\n\nLa demanda acus\u00f3 que Sheriff Arpaio y el MCSO ilegalmente instituyeron un patr\u00f3n y pr\u00e1ctica durante las barridas de inmigraci\u00f3n y los retenes de tr\u00e1fico en cual las investigaciones y detenciones fueron motivadas por raza y origen \u00e9tnico de conductores y pasajeros.\n\nEl 24 de mayo de 2013, el juez G. Murray Snow dict\u00f3 una orden de 142 p\u00e1ginas, encontrando que las pol\u00edticas y pr\u00e1cticas de Arpaio y de su oficina son discriminatorias y violan los derechos fundamentales protegidos por la Constituci\u00f3n de los EE.UU, el T\u00edtulo IV de la Ley de Derechos Civiles de 1964 y la Constituci\u00f3n de Arizona.\n\nEn su orden, el juez Snow estableci\u00f3 requisitos de largo alcance para prevenir el continuo perfil racial por el alguacil Arpaio y el MCSO incluyendo la designaci\u00f3n de un monitor independiente y un consejo consultivo de la comunidad para supervisar el cumplimiento de MCSO con la orden.\n\nLa ACLU de Arizona ha sido nombrado representante de los demandantes durante el per\u00edodo de reforma, que durar\u00e1 al menos tres a\u00f1os, y est\u00e1 trabajando con el monitor  y el consejo de la comunidad para asegurar que los cambios se lleven a cabo dentro de la MCSO.  \n\n<strong>Monitor Independiente<\/strong>\n\nDespu\u00e9s de determinar que el Alguacil Joe Arpaio y la Oficina del Alguacil del Condado Maricopa tuvieron un patr\u00f3n y pr\u00e1ctica a nivel agencia de utilizar la raza\u2014y no la criminalidad\u2014para tomar como objetivo a personas para hacer una investigaci\u00f3n y detenci\u00f3n, y para hacer paradas e incautaciones ilegales, en violaci\u00f3n de los derechos protegidos por la Constituci\u00f3n de EE.UU., el juez federal G. Murray Snow design\u00f3 a un monitor externo, el jefe de polic\u00eda (retirado) Robert S. Warshaw y a su equipo para evaluar y reportar sobre la implementaci\u00f3n de la orden correctiva de parte del MCSO.\n\n<a href=\"http:\/\/cambiandomcso.org\/wp-content\/uploads\/2014\/06\/12.09.2013-Exhibit-A-Robert-Warshaw-Proposal-with-Resume.pdf\">Pulse aqu\u00ed <\/a>para leer la orden del juez Snow designando al ex jefe de polic\u00eda Warshaw como monitor del MCSO.\n\nWarshaw es un ex jefe de la polic\u00eda de Rochester, Nueva York, que tiene experiencia significativa como monitor de agencias policiales designado judicialmente, y fue nominado para el cargo por la ACLU. <a href=\"http:\/\/cambiandomcso.org\/wp-content\/uploads\/2014\/06\/01.17.2014-Order-Appointing-Monitor.pdf\">Pulse aqu\u00ed<\/a> para leer la propuesta de monitoreo del ex jefe de polic\u00eda Warshaw presentada al tribunal.\n\nEl ex jefe de polic\u00eda Warshaw fue designado en enero de 2014 y ser\u00e1 responsable de garantizar que el MCSO cumpla con todas las reformas que el juez Snow orden\u00f3 implementar a la oficina del alguacil. El ex jefe de polic\u00eda Warshaw realizar\u00e1 regularmente reuniones p\u00fablicas y distribuir\u00e1 informes sobre el progreso del MCSO. El aviso de estas reuniones y de estos informes ser\u00e1 publicado en este sitio de Internet.\n\n<strong>El p\u00fablico puede ponerse en contacto con el equipo del Jefe Warshaw directamente:<\/strong>\n\n<ul><li><strong>Email: monitormcso@gmail.com<\/strong><\/li><li><strong>Tel\u00e9fono: 602-812-7513<\/strong><\/li><li><strong>Correo:<\/strong><br>MCSO Monitoring Team<br>P.O. Box 11721<br>Chandler AZ 85248-0007<\/li><\/ul>\n\n<strong>Consejo Consultivo de la Comunidad<\/strong>\n\nEn mayo 2014, la ACLU nombr\u00f3 a tres individuos que servir\u00e1n en el Consejo Consultivo de la Comunidad que un juez federal creo para fomentar la confianza del p\u00fablico en el MCSO y su proceso de reforma. El consejo trabajar\u00e1 con la comunidad y con el monitor asignado por el tribunal para reunir preocupaciones y proporcionar retroalimentaci\u00f3n acerca de las pol\u00edticas y pr\u00e1cticas del MCSO. El consejo de tres miembros incluye a:\n\n<ul><li>Ron Gomez<\/li><li>Sylvia Herrera, Ph.D.<\/li><li>Ayensa Millan<\/li><li>Raul Pi\u00f1a<\/li><li>Carlos Velasco <\/li><\/ul>\n\nEn mayo de 2013, el Juez del Tribunal de Distrito de EE.UU., G. Murray Snow emiti\u00f3 un fallo sobre una demanda colectiva de la ACLU, <em>Ortega Melendres vs. Arpaio<\/em>, en nombre de latinos en el Condado Maricopa. El juez Snow determin\u00f3 que el MCSO hab\u00eda violado la Decimocuarta Enmienda de la Constituci\u00f3n de EE.UU. al tomar como objetivo a los latinos para hacer paradas de tr\u00e1fico y que hab\u00eda violado la Cuarta Enmienda al detener a latinos si una justificaci\u00f3n legal v\u00e1lida.\n\nPosteriormente, el juez Snow emiti\u00f3 un interdicto permanente como un remedio por las violaciones constitucionales. Este mandamiento judicial incluye muchos cambios a las pol\u00edticas y pr\u00e1cticas del MCSO, designa a un monitor independiente para supervisar el cumplimiento del MCSO y crea un Consejo Consultivo de la Comunidad, el cual se reunir\u00e1 tres veces al a\u00f1o durante todo el tiempo que la orden est\u00e9 en efecto.\n\nDe acuerdo al interdicto enmendado del juez Snow, el Consejo Consultivo de la Comunidad:\n\n<ul><li>Har\u00e1 m\u00e1s f\u00e1cil un di\u00e1logo regular con el monitor, Robert Warshaw, y su equipo, y con los l\u00edderes de las comunidades latinas del Condado Maricopa.<\/li><li>Proporcionar\u00e1 recomendaciones acerca de las pol\u00edticas y pr\u00e1cticas relacionadas al cumplimiento de la agencia con el remedio del tribunal.<\/li><li>Comunicar\u00e1 y\/o recoger\u00e1 preocupaciones de la comunidad acerca de las pr\u00e1cticas del MCSO que puedan violar las disposiciones del interdicto.<\/li><li>Transmitir\u00e1 preocupaciones de la comunidad al monitor para su investigaci\u00f3n y\/o acci\u00f3n.<\/li><\/ul>\n\nEl monitor coordinar\u00e1 las reuniones del Consejo Consultivo de la Comunidad.\n\nPara ser un miembro voluntario del Consejo de Consultvo de la Comunidad, <a href=\"https:\/\/www.acluaz.org\/app\/uploads\/drupal\/sites\/default\/files\/wysiwyg\/cab_job_description_-_final_002.pdf\" target=\"_blank\">pulse aqui<\/a>. \n\n<a href=\"https:\/\/www.acluaz.org\/app\/uploads\/drupal\/sites\/default\/files\/cab-members.pdf\" target=\"_blank\">Pulse aqu\u00ed<\/a> para leer el documento entregado por la ACLU, el cual notifica al tribunal acerca del Consejo Consultivo de la Comunidad. <a href=\"https:\/\/www.acluaz.org\/app\/uploads\/drupal\/sites\/default\/files\/plaintiffs_notice_of_cab_members.pdf\" target=\"_blank\">Este documento<\/a> incluye las biograf\u00edas ampliadas de los miembros del consejo.\n\n<strong>Presente una Queja<\/strong>\n\nUsted puede presentar una queja acerca de la Oficina del Sheriff del Condado de Maricopa (MCSO) <a href=\"https:\/\/action.aclu.org\/secure\/az-complaint-form?ms=web_160324_aff_AZ_\" target=\"_blank\">aqu\u00ed<\/a>. Esta queja ser\u00e1 revisada por la ACLU de Arizona y se le informara al equipo del monitor Chief Warshaw y el Consejo Comunitario.\n\n<strong>El p\u00fablico puede ponerse en contacto con el equipo del Jefe Warshaw directamente:<\/strong>\n\n<ul><li><strong>Email: monitormcso@gmail.com<\/strong><\/li><li><strong>Tel\u00e9fono: 602-812-7513<\/strong><\/li><li><strong>Correo:<\/strong><br>MCSO Monitoring Team<br>P.O. Box 11721<br>Chandler AZ 85248-0007<\/li><\/ul>\n\nSi presenta una queja por parte de este formulario no es una solicitud, ni una oferta por la ACLU de Arizona (ACLU-AZ) para que lo represente. No podemos prometer que la informaci\u00f3n que proporcione conducir\u00e1 a ninguna acci\u00f3n espec\u00edfica por parte de ACLU-AZ o cualquier otra parte.\n\nSi usted llena este formulario, usted acepta que ACLU-AZ ni la ACLU Nacional pueden utilizar la informaci\u00f3n que usted nos da, siempre y cuando no se incluye su nombre, direcci\u00f3n, correo electr\u00f3nico o n\u00famero de tel\u00e9fono,para uno o m\u00e1s de los siguientes prop\u00f3sitos: (1) testimonio legislativo; (2) los litigios; (3) poner en contacto una agencia municipal, estatal o federal; o (4) contar su historia al p\u00fablico, incluyendo a los medios de comunicaci\u00f3n. Si ACLU-AZ o la ACLU Nacional quiere identificarlo,nos pondremos en contacto con usted antes de hacerlo.\n\nLa ACLU mantendr\u00e1 su nombre, direcci\u00f3n, n\u00famero de tel\u00e9fono y correo electr\u00f3nico confidencial, a menos que usted nos da permiso para usar o menos que se nos ordena darle informaci\u00f3n a la corte (vamos a tratar de mantener su informaci\u00f3n privada).\n\nPara m\u00e1s informaci\u00f3n sobre el programa de proceso de quejas de la Oficina del Sheriff del Condado de Maricopa, <a href=\"https:\/\/www.acluaz.org\/mcso-complaint-process-program\/\" target=\"_blank\">pulse aqu\u00ed<\/a>. "}}],"section":null,"issues":"","related_content":[4079],"documents":null},"yoast_head":"<!-- This site is optimized with the Yoast SEO plugin v24.9 - https:\/\/yoast.com\/wordpress\/plugins\/seo\/ -->\n<title>Changing MCSO - ACLU of Arizona<\/title>\n<meta name=\"robots\" content=\"index, follow, max-snippet:-1, max-image-preview:large, max-video-preview:-1\" \/>\n<link rel=\"canonical\" href=\"https:\/\/www.acluaz.org\/es\/changing-mcso\/\" \/>\n<meta property=\"og:locale\" content=\"es_ES\" \/>\n<meta property=\"og:type\" content=\"article\" \/>\n<meta property=\"og:title\" content=\"Changing MCSO - ACLU of Arizona\" \/>\n<meta property=\"og:description\" content=\"Acera&nbsp; En Ortega Melendres v Arpaio, un caso que se inici\u00f3 en 2008, la ACLU de Arizona y otras organizaciones de derechos civiles representan a&nbsp; varios individuos y la organizaci\u00f3n, Somos Am\u00e9rica en una demanda colectiva contra el alguacil del condado de Maricopa, Joe Arpaio, la Oficina del Sheriff del Condado de Maricopa (MCSO por [&hellip;]\" \/>\n<meta property=\"og:url\" content=\"https:\/\/www.acluaz.org\/es\/changing-mcso\/\" \/>\n<meta property=\"og:site_name\" content=\"ACLU of Arizona\" \/>\n<meta property=\"og:image\" content=\"https:\/\/www.acluaz.org\/app\/themes\/aclu-parent\/img\/default_fb_share.jpg\" \/>\n<meta name=\"twitter:card\" content=\"summary_large_image\" \/>\n<script type=\"application\/ld+json\" class=\"yoast-schema-graph\">{\"@context\":\"https:\/\/schema.org\",\"@graph\":[{\"@type\":\"WebPage\",\"@id\":\"https:\/\/www.acluaz.org\/es\/changing-mcso\/\",\"url\":\"https:\/\/www.acluaz.org\/es\/changing-mcso\/\",\"name\":\"Changing MCSO - ACLU of Arizona\",\"isPartOf\":{\"@id\":\"https:\/\/www.acluaz.org\/#website\"},\"datePublished\":\"2014-06-12T00:00:00+00:00\",\"inLanguage\":\"es-ES\",\"potentialAction\":[{\"@type\":\"ReadAction\",\"target\":[\"https:\/\/www.acluaz.org\/es\/changing-mcso\/\"]}]},{\"@type\":\"WebSite\",\"@id\":\"https:\/\/www.acluaz.org\/#website\",\"url\":\"https:\/\/www.acluaz.org\/\",\"name\":\"ACLU of Arizona\",\"description\":\"\",\"publisher\":{\"@id\":\"https:\/\/www.acluaz.org\/#organization\"},\"potentialAction\":[{\"@type\":\"SearchAction\",\"target\":{\"@type\":\"EntryPoint\",\"urlTemplate\":\"https:\/\/www.acluaz.org\/?s={search_term_string}\"},\"query-input\":{\"@type\":\"PropertyValueSpecification\",\"valueRequired\":true,\"valueName\":\"search_term_string\"}}],\"inLanguage\":\"es-ES\"},{\"@type\":\"Organization\",\"@id\":\"https:\/\/www.acluaz.org\/#organization\",\"name\":\"ACLU of Arizona\",\"url\":\"https:\/\/www.acluaz.org\/\",\"logo\":{\"@type\":\"ImageObject\",\"inLanguage\":\"es-ES\",\"@id\":\"https:\/\/www.acluaz.org\/#\/schema\/logo\/image\/\",\"url\":\"https:\/\/www.acluaz.org\/app\/uploads\/2025\/09\/ACLU_Arizona_Moblie-Web_Color_RGB.png\",\"contentUrl\":\"https:\/\/www.acluaz.org\/app\/uploads\/2025\/09\/ACLU_Arizona_Moblie-Web_Color_RGB.png\",\"width\":2084,\"height\":2084,\"caption\":\"ACLU of Arizona\"},\"image\":{\"@id\":\"https:\/\/www.acluaz.org\/#\/schema\/logo\/image\/\"}}]}<\/script>\n<!-- \/ Yoast SEO plugin. -->","yoast_head_json":{"title":"Changing MCSO - ACLU of Arizona","robots":{"index":"index","follow":"follow","max-snippet":"max-snippet:-1","max-image-preview":"max-image-preview:large","max-video-preview":"max-video-preview:-1"},"canonical":"https:\/\/www.acluaz.org\/es\/changing-mcso\/","og_locale":"es_ES","og_type":"article","og_title":"Changing MCSO - ACLU of Arizona","og_description":"Acera&nbsp; En Ortega Melendres v Arpaio, un caso que se inici\u00f3 en 2008, la ACLU de Arizona y otras organizaciones de derechos civiles representan a&nbsp; varios individuos y la organizaci\u00f3n, Somos Am\u00e9rica en una demanda colectiva contra el alguacil del condado de Maricopa, Joe Arpaio, la Oficina del Sheriff del Condado de Maricopa (MCSO por [&hellip;]","og_url":"https:\/\/www.acluaz.org\/es\/changing-mcso\/","og_site_name":"ACLU of Arizona","og_image":[{"url":"https:\/\/www.acluaz.org\/app\/themes\/aclu-parent\/img\/default_fb_share.jpg","type":"","width":"","height":""}],"twitter_card":"summary_large_image","schema":{"@context":"https:\/\/schema.org","@graph":[{"@type":"WebPage","@id":"https:\/\/www.acluaz.org\/es\/changing-mcso\/","url":"https:\/\/www.acluaz.org\/es\/changing-mcso\/","name":"Changing MCSO - ACLU of Arizona","isPartOf":{"@id":"https:\/\/www.acluaz.org\/#website"},"datePublished":"2014-06-12T00:00:00+00:00","inLanguage":"es-ES","potentialAction":[{"@type":"ReadAction","target":["https:\/\/www.acluaz.org\/es\/changing-mcso\/"]}]},{"@type":"WebSite","@id":"https:\/\/www.acluaz.org\/#website","url":"https:\/\/www.acluaz.org\/","name":"ACLU of Arizona","description":"","publisher":{"@id":"https:\/\/www.acluaz.org\/#organization"},"potentialAction":[{"@type":"SearchAction","target":{"@type":"EntryPoint","urlTemplate":"https:\/\/www.acluaz.org\/?s={search_term_string}"},"query-input":{"@type":"PropertyValueSpecification","valueRequired":true,"valueName":"search_term_string"}}],"inLanguage":"es-ES"},{"@type":"Organization","@id":"https:\/\/www.acluaz.org\/#organization","name":"ACLU of Arizona","url":"https:\/\/www.acluaz.org\/","logo":{"@type":"ImageObject","inLanguage":"es-ES","@id":"https:\/\/www.acluaz.org\/#\/schema\/logo\/image\/","url":"https:\/\/www.acluaz.org\/app\/uploads\/2025\/09\/ACLU_Arizona_Moblie-Web_Color_RGB.png","contentUrl":"https:\/\/www.acluaz.org\/app\/uploads\/2025\/09\/ACLU_Arizona_Moblie-Web_Color_RGB.png","width":2084,"height":2084,"caption":"ACLU of Arizona"},"image":{"@id":"https:\/\/www.acluaz.org\/#\/schema\/logo\/image\/"}}]}},"distributor_meta":false,"distributor_terms":false,"distributor_media":false,"distributor_original_site_name":"ACLU of Arizona","distributor_original_site_url":"https:\/\/www.acluaz.org\/es\/","push-errors":false,"_links":{"self":[{"href":"https:\/\/www.acluaz.org\/es\/wp-json\/wp\/v2\/pages\/1862","targetHints":{"allow":["GET"]}}],"collection":[{"href":"https:\/\/www.acluaz.org\/es\/wp-json\/wp\/v2\/pages"}],"about":[{"href":"https:\/\/www.acluaz.org\/es\/wp-json\/wp\/v2\/types\/page"}],"replies":[{"embeddable":true,"href":"https:\/\/www.acluaz.org\/es\/wp-json\/wp\/v2\/comments?post=1862"}],"version-history":[{"count":0,"href":"https:\/\/www.acluaz.org\/es\/wp-json\/wp\/v2\/pages\/1862\/revisions"}],"acf:post":[{"embeddable":true,"href":"https:\/\/www.acluaz.org\/es\/wp-json\/wp\/v2\/press_release\/4079"}],"wp:attachment":[{"href":"https:\/\/www.acluaz.org\/es\/wp-json\/wp\/v2\/media?parent=1862"}],"curies":[{"name":"wp","href":"https:\/\/api.w.org\/{rel}","templated":true}]}}